{"id":11815,"date":"2023-09-20T17:12:29","date_gmt":"2023-09-20T17:12:29","guid":{"rendered":"https:\/\/natussensory.com\/service-und-unterstuetzung\/service-programs\/flexselect-subscription\/"},"modified":"2025-09-18T13:49:54","modified_gmt":"2025-09-18T13:49:54","slug":"flexselect-abonnement-programm","status":"publish","type":"page","link":"https:\/\/natussensory.com\/de\/service-programme\/flexselect-abonnement-programm\/","title":{"rendered":"Natus FlexSelect Abonnement-Programm"},"content":{"rendered":"","protected":false},"excerpt":{"rendered":"","protected":false},"author":4,"featured_media":0,"parent":11793,"menu_order":0,"comment_status":"closed","ping_status":"closed","template":"","meta":{"_acf_changed":false,"inline_featured_image":false,"footnotes":""},"categories":[],"tags":[],"class_list":["post-11815","page","type-page","status-publish","hentry"],"acf":{"content_blocks":[{"acf_fc_layout":"spacer","_acfe_flexible_toggle":"","spacer":{"module_options":{"":null,"module_id":"n651f7fa9462fc","module_class":"","module_background_type":"color","module_background_color":"#473089","module_background_image":false,"module_background_video":"","activate_custom_padding":false,"padding_top_desktop":0,"padding_top_tablet":"","padding_top_mobile":"","padding_bottom_desktop":"","padding_bottom_tablet":"","padding_bottom_mobile":"","activate_custom_margin":false,"margin_top_desktop":"","margin_top_tablet":"","margin_top_mobile":"","margin_bottom_desktop":"","margin_bottom_tablet":"","margin_bottom_mobile":"","disable_on":[],"content_alignment_desktop":"left","content_alignment_tablet":"left","content_alignment_mobile":"left"},"height":"160"}},{"acf_fc_layout":"simple_content","_acfe_flexible_toggle":"","content_full_width_landing":{"module_options":{"":null,"module_id":"n68cc0d49e5548","module_class":"","module_background_type":"color","module_background_color":"#d4e9f9","module_background_image":false,"module_background_video":"","activate_custom_padding":false,"padding_top_desktop":"100","padding_top_tablet":"100","padding_top_mobile":"100","padding_bottom_desktop":"70","padding_bottom_tablet":"50","padding_bottom_mobile":"50","activate_custom_margin":false,"margin_top_desktop":"","margin_top_tablet":"","margin_top_mobile":"","margin_bottom_desktop":"","margin_bottom_tablet":"","margin_bottom_mobile":"","disable_on":[],"content_alignment_desktop":"left","content_alignment_tablet":"left","content_alignment_mobile":"left"},"activate_custom_container_width":false,"container_width":"","content":"<h1><\/h1>\n<h1><\/h1>\n<h1 style=\"text-align: center;\">Natus FlexSelect Abonnement-Programm<\/h1>\n<p>&nbsp;<\/p>\n"}},{"acf_fc_layout":"simple_content","_acfe_flexible_toggle":"","content_full_width_landing":{"module_options":{"":null,"module_id":"n651f7fa965955","module_class":"","module_background_type":"color","module_background_color":"","module_background_image":false,"module_background_video":"","activate_custom_padding":true,"padding_top_desktop":"100","padding_top_tablet":"100","padding_top_mobile":"100","padding_bottom_desktop":"70","padding_bottom_tablet":"50","padding_bottom_mobile":"50","activate_custom_margin":false,"margin_top_desktop":"","margin_top_tablet":"","margin_top_mobile":"","margin_bottom_desktop":"","margin_bottom_tablet":"","margin_bottom_mobile":"","disable_on":[],"content_alignment_desktop":"left","content_alignment_tablet":"left","content_alignment_mobile":"left"},"activate_custom_container_width":false,"container_width":"","content":"<h2>Neue M\u00f6glichkeiten der Zusammenarbeit mit Natus Sensory bei der Versorgung von Patienten<span style=\"color: #008b96;\"><br \/>\n<\/span><\/h2>\n<p>Jede medizinische Einrichtung sollte in der Lage sein, ihren Behandlungsstandard zu verbessern, ohne sich Sorgen um ihr Budget zu machen. Mit den neuen Natus FlexSelect-Abonnements erhalten medizinische Einrichtungen jeglicher Gr\u00f6\u00dfe die M\u00f6glichkeit, ihre Angebotsbreite durch den Einsatz der modernsten Natus-Ger\u00e4te sowie unserer branchenf\u00fchrenden Softwareanwendungen, Kundendienstleistungen und Weiterbildungsangebote zu erweitern. All dies steht als praktisches, kosteneffektives Abonnement zur Verf\u00fcgung.<\/p>\n"}},{"acf_fc_layout":"video_modal","_acfe_flexible_toggle":"","video_modal":{"module_options":{"":null,"module_id":"n6514674bd6c05","module_class":"","module_background_type":"color","module_background_color":"","module_background_image":false,"module_background_video":"","activate_custom_padding":true,"padding_top_desktop":"50","padding_top_tablet":"0","padding_top_mobile":"0","padding_bottom_desktop":"90","padding_bottom_tablet":"0","padding_bottom_mobile":"0","activate_custom_margin":false,"margin_top_desktop":"","margin_top_tablet":"","margin_top_mobile":"","margin_bottom_desktop":"","margin_bottom_tablet":"","margin_bottom_mobile":"","disable_on":[],"content_alignment_desktop":"left","content_alignment_tablet":"left","content_alignment_mobile":"left"},"thumbnail":{"ID":6018,"id":6018,"title":"AFUQ7ejzaSo-HD","filename":"AFUQ7ejzaSo-HD.jpg","filesize":49115,"url":"https:\/\/natussensory.com\/wp-content\/uploads\/AFUQ7ejzaSo-HD.jpg","link":"https:\/\/natussensory.com\/de\/service-programme\/flexselect-abonnement-programm\/afuq7ejzaso-hd-2\/","alt":"People holding a glove","author":"4","description":"","caption":"","name":"afuq7ejzaso-hd-2","status":"inherit","uploaded_to":11815,"date":"2023-09-21 00:44:43","modified":"2024-07-26 16:56:58","menu_order":0,"mime_type":"image\/jpeg","type":"image","subtype":"jpeg","icon":"https:\/\/natussensory.com\/wp-includes\/images\/media\/default.png","width":1280,"height":720,"sizes":{"thumbnail":"https:\/\/natussensory.com\/wp-content\/uploads\/AFUQ7ejzaSo-HD.jpg","thumbnail-width":128,"thumbnail-height":72,"medium":"https:\/\/natussensory.com\/wp-content\/uploads\/AFUQ7ejzaSo-HD.jpg","medium-width":1280,"medium-height":720,"medium_large":"https:\/\/natussensory.com\/wp-content\/uploads\/AFUQ7ejzaSo-HD-768x432.jpg","medium_large-width":768,"medium_large-height":432,"large":"https:\/\/natussensory.com\/wp-content\/uploads\/AFUQ7ejzaSo-HD.jpg","large-width":1280,"large-height":720,"1536x1536":"https:\/\/natussensory.com\/wp-content\/uploads\/AFUQ7ejzaSo-HD.jpg","1536x1536-width":1280,"1536x1536-height":720,"2048x2048":"https:\/\/natussensory.com\/wp-content\/uploads\/AFUQ7ejzaSo-HD.jpg","2048x2048-width":1280,"2048x2048-height":720}},"thumbnail_size":"auto","source":"youtube","youtube_video_id":"Ba0fIqp0jCM","vimeo_video_id":""}},{"acf_fc_layout":"simple_content","_acfe_flexible_toggle":"","content_full_width_landing":{"module_options":{"":null,"module_id":"n6514674c2dd99","module_class":"","module_background_type":"color","module_background_color":"","module_background_image":false,"module_background_video":"","activate_custom_padding":true,"padding_top_desktop":"0","padding_top_tablet":"0","padding_top_mobile":"0","padding_bottom_desktop":"40","padding_bottom_tablet":"10","padding_bottom_mobile":"10","activate_custom_margin":false,"margin_top_desktop":"","margin_top_tablet":"","margin_top_mobile":"","margin_bottom_desktop":"","margin_bottom_tablet":"","margin_bottom_mobile":"","disable_on":[],"content_alignment_desktop":"left","content_alignment_tablet":"left","content_alignment_mobile":"left"},"activate_custom_container_width":false,"container_width":"","content":"<h4>Erleben Sie den wahren Nutzen der L\u00f6sungen von Natus Sensory<\/h4>\n<p>Natus Sensory bietet FlexSelect-Abonnementpl\u00e4ne f\u00fcr unser gesamtes Portfolio von branchenf\u00fchrenden Produkten. Natus Sensory kann Sie \u2013 unabh\u00e4ngig von Ihren Zielen f\u00fcr die Erweiterung Ihrer Einrichtung \u2013 bei einem nahtlosen \u00dcbergang und mit einem best\u00e4ndig hohen Leistungsniveau f\u00fcr alle Natus-L\u00f6sungen unterst\u00fctzen. So k\u00f6nnen Sie kontinuierlich das bestm\u00f6gliche Versorgungsniveau bieten, ohne Ihr Kapitalbudget zu belasten.<\/p>\n<p style=\"text-align: left;\"><img loading=\"lazy\" decoding=\"async\" class=\"wp-image-11683 aligncenter\" src=\"https:\/\/natussensory.com\/wp-content\/uploads\/FlexSelect_Illustration_DE.png\" alt=\"\" width=\"553\" height=\"555\" \/><\/p>\n"}},{"acf_fc_layout":"content_multiple_columns","_acfe_flexible_toggle":"","content_multiple_columns":{"module_options":{"":null,"module_id":"n650b9abcbd55a","module_class":"","module_background_type":"color","module_background_color":"","module_background_image":false,"module_background_video":"","activate_custom_padding":true,"padding_top_desktop":"0","padding_top_tablet":"0","padding_top_mobile":"0","padding_bottom_desktop":"30","padding_bottom_tablet":"10","padding_bottom_mobile":"10","activate_custom_margin":false,"margin_top_desktop":"","margin_top_tablet":"","margin_top_mobile":"","margin_bottom_desktop":"","margin_bottom_tablet":"","margin_bottom_mobile":"","disable_on":[],"content_alignment_desktop":"left","content_alignment_tablet":"left","content_alignment_mobile":"left"},"columns_per_rows_desktop":"2","columns_per_rows_tablet":"1","columns_per_rows_mobile":"1","columns":[{"column_background":"#ffffff","column_size":"one-third","column_alignment":"align-left","activate_top_right_border_radius":true,"content_type":[{"acf_fc_layout":"simple_content","content":"<p><strong>Ger\u00e4tetechnik<\/strong><br \/>\nAlle Vorteile und Funktionen der neuesten und fortschrittlichsten Natus Sensory-Technologie mit neuen Ger\u00e4ten alle f\u00fcnf Jahre.<\/p>\n"}]},{"column_background":"#ffffff","column_size":"one-third","column_alignment":"align-left","activate_top_right_border_radius":true,"content_type":[{"acf_fc_layout":"simple_content","content":"<p><strong>Software<\/strong><\/p>\n<p>Die neuesten Versionen von Natus Sensory-Software mit intelligenten Sicherheitsfunktionen und optimaler Effizienz der Arbeitsabl\u00e4ufe.<\/p>\n<p>&nbsp;<\/p>\n"}]},{"column_background":"#ffffff","column_size":"one-third","column_alignment":"align-left","activate_top_right_border_radius":true,"content_type":[{"acf_fc_layout":"simple_content","content":"<p><strong>Service<\/strong><\/p>\n<p>Genie\u00dfen Sie ein H\u00f6chstma\u00df an Hardware- und Software-Support durch geschulte und engagierte Natus Sensory-Techniker, um sichere und neueste L\u00f6sungen zu erhalten und hinderliche Ausfallzeiten zu minimieren.<\/p>\n"}]},{"column_background":"#ffffff","column_size":"one-third","column_alignment":"align-left","activate_top_right_border_radius":false,"content_type":[{"acf_fc_layout":"simple_content","content":"<p><strong>Schulungen<\/strong><br \/>\nErhalten Sie fachkundige klinische Schulungsmaterialien, Produktschulungen und Tipps f\u00fcr bew\u00e4hrte Verfahren, eSeminar-Kurse und branchenspezifische Networking-M\u00f6glichkeiten.<\/p>\n"}]}]}},{"acf_fc_layout":"content_multiple_columns","_acfe_flexible_toggle":"","content_multiple_columns":{"module_options":{"":null,"module_id":"n650b9abcc2b2a","module_class":"","module_background_type":"color","module_background_color":"","module_background_image":false,"module_background_video":"","activate_custom_padding":true,"padding_top_desktop":"40","padding_top_tablet":"0","padding_top_mobile":"0","padding_bottom_desktop":"40","padding_bottom_tablet":"0","padding_bottom_mobile":"0","activate_custom_margin":false,"margin_top_desktop":"","margin_top_tablet":"","margin_top_mobile":"","margin_bottom_desktop":"","margin_bottom_tablet":"","margin_bottom_mobile":"","disable_on":[],"content_alignment_desktop":"left","content_alignment_tablet":"left","content_alignment_mobile":"left"},"columns_per_rows_desktop":"2","columns_per_rows_tablet":"1","columns_per_rows_mobile":"1","columns":[{"column_background":"#f1f1f1","column_size":"one-third","column_alignment":"align-left","activate_top_right_border_radius":false,"content_type":[{"acf_fc_layout":"simple_content","content":"<h4 style=\"text-align: left;\">Vorteile des Natus FlexSelect-Abonnements<span style=\"color: #008080;\"><br \/>\n<\/span><\/h4>\n<ul style=\"text-align: left;\">\n<li><strong>Bereitstellung eines H\u00f6chstma\u00dfes an Versorgung<\/strong> und Erweiterung Ihres Serviceangebots mit den branchenf\u00fchrenden medizinischen L\u00f6sungen von Natus Sensory.<\/li>\n<\/ul>\n<p>&nbsp;<\/p>\n<ul style=\"text-align: left;\">\n<li><strong>Kontinuierliche Verbesserung der Arbeitseffizienz<\/strong>\u00a0und Verf\u00fcgbarkeit von sicherer und durchg\u00e4ngiger Konnektivit\u00e4t mit vollem Zugriff auf die bew\u00e4hrte Natus-Software, einschlie\u00dflich zeitnaher Updates und Upgrades*<\/li>\n<\/ul>\n<p>&nbsp;<\/p>\n<ul style=\"text-align: left;\">\n<li><strong>Minimierung der Ausfallzeiten von Ger\u00e4ten, Vermeidung von unerwarteten Service- und Reparaturkosten<\/strong> sowie Bereitstellung eines optimalen Supportniveaus durch engagierte Natus Sensory-Techniker<\/li>\n<\/ul>\n<p>&nbsp;<\/p>\n<ul style=\"text-align: left;\">\n<li><strong>Erweiterung Ihrer F\u00e4higkeiten und Ger\u00e4tekenntnisse<\/strong>\u00a0durch Weiterbildung und umfassende Produktschulungen f\u00fcr Ihr gesamtes Team<\/li>\n<\/ul>\n<p>&nbsp;<\/p>\n<ul style=\"text-align: left;\">\n<li><strong>Verbesserung des Budgetmanagements<\/strong>\u00a0durch einfache und planbare viertelj\u00e4hrliche Abonnementzahlungen\u00a0zu einem Bruchteil der Kosten einer Kapitalausgabe<\/li>\n<\/ul>\n<p>&nbsp;<\/p>\n<h6 style=\"text-align: left;\">*Software-Upgrades, sofern zutreffend, w\u00e4hrend der Laufzeit sind ggf. im Abonnement eingeschlossen<\/h6>\n"}]},{"column_background":"#f1f1f1","column_size":"one-third","column_alignment":"align-left","activate_top_right_border_radius":false,"content_type":[{"acf_fc_layout":"simple_content","content":"<p><img loading=\"lazy\" decoding=\"async\" class=\"alignleft wp-image-11964 size-full\" src=\"https:\/\/natussensory.com\/wp-content\/uploads\/Natus_FlexSelect-Breakdown-DE.png\" alt=\"\" width=\"544\" height=\"766\" \/><\/p>\n"}]}]}},{"acf_fc_layout":"contact","_acfe_flexible_toggle":"","contact_form_landing":{"module_options":{"":null,"module_id":"n6514674f65d42","module_class":"","module_background_type":"color","module_background_color":"","module_background_image":false,"module_background_video":"","activate_custom_padding":false,"padding_top_desktop":0,"padding_top_tablet":"","padding_top_mobile":"","padding_bottom_desktop":"","padding_bottom_tablet":"","padding_bottom_mobile":"","activate_custom_margin":false,"margin_top_desktop":"","margin_top_tablet":"","margin_top_mobile":"","margin_bottom_desktop":"","margin_bottom_tablet":"","margin_bottom_mobile":"","disable_on":[],"content_alignment_desktop":"left","content_alignment_tablet":"left","content_alignment_mobile":"left"},"":null,"activate_intro":true,"intro_text":"Mehr Erfahren","intro_text_color":"#005e63","intro_link":null,"activate_description":true,"description_title":"Kontakt","description_copy":"Um mehr \u00fcber Produkte von Natus Sensory zu erfahren oder ein FlexSelect-Abonnement gem\u00e4\u00df den Anforderungen Ihrer medizinischen Einrichtung zu besprechen, wenden Sie sich an Ihren \u00f6rtlichen Vertriebspartner oder Verkaufsvertreter. Alternativ k\u00f6nnen Sie auch das nachfolgende Formular ausf\u00fcllen, worauf sich ein Vertreter mit Ihnen in Verbindung setzen wird.<br \/>\r\n<br \/>\r\n","embed_code":"<script charset=\"utf-8\" type=\"text\/javascript\" src=\"\/\/js.hsforms.net\/forms\/embed\/v2.js\"><\/script>\r\n<script>\r\n  hbspt.forms.create({\r\n    region: \"na1\",\r\n    portalId: \"3002890\",\r\n    formId: \"b4bc8240-2146-47ab-aaba-43a5fdd12f46\"\r\n  });\r\n<\/script>"}},{"acf_fc_layout":"simple_content","_acfe_flexible_toggle":"","content_full_width_landing":{"module_options":{"":null,"module_id":"n651f835d7169d","module_class":"","module_background_type":"color","module_background_color":"","module_background_image":false,"module_background_video":"","activate_custom_padding":false,"padding_top_desktop":0,"padding_top_tablet":"","padding_top_mobile":"","padding_bottom_desktop":"","padding_bottom_tablet":"","padding_bottom_mobile":"","activate_custom_margin":false,"margin_top_desktop":"","margin_top_tablet":"","margin_top_mobile":"","margin_bottom_desktop":"","margin_bottom_tablet":"","margin_bottom_mobile":"","disable_on":[],"content_alignment_desktop":"left","content_alignment_tablet":"left","content_alignment_mobile":"left"},"activate_custom_container_width":false,"container_width":"","content":"<p><span style=\"font-size: 11px;\">035330A<\/span><\/p>\n"}}]},"_links":{"self":[{"href":"https:\/\/natussensory.com\/de\/wp-json\/wp\/v2\/pages\/11815","targetHints":{"allow":["GET"]}}],"collection":[{"href":"https:\/\/natussensory.com\/de\/wp-json\/wp\/v2\/pages"}],"about":[{"href":"https:\/\/natussensory.com\/de\/wp-json\/wp\/v2\/types\/page"}],"author":[{"embeddable":true,"href":"https:\/\/natussensory.com\/de\/wp-json\/wp\/v2\/users\/4"}],"replies":[{"embeddable":true,"href":"https:\/\/natussensory.com\/de\/wp-json\/wp\/v2\/comments?post=11815"}],"version-history":[{"count":10,"href":"https:\/\/natussensory.com\/de\/wp-json\/wp\/v2\/pages\/11815\/revisions"}],"predecessor-version":[{"id":27066,"href":"https:\/\/natussensory.com\/de\/wp-json\/wp\/v2\/pages\/11815\/revisions\/27066"}],"up":[{"embeddable":true,"href":"https:\/\/natussensory.com\/de\/wp-json\/wp\/v2\/pages\/11793"}],"wp:attachment":[{"href":"https:\/\/natussensory.com\/de\/wp-json\/wp\/v2\/media?parent=11815"}],"wp:term":[{"taxonomy":"category","embeddable":true,"href":"https:\/\/natussensory.com\/de\/wp-json\/wp\/v2\/categories?post=11815"},{"taxonomy":"post_tag","embeddable":true,"href":"https:\/\/natussensory.com\/de\/wp-json\/wp\/v2\/tags?post=11815"}],"curies":[{"name":"wp","href":"https:\/\/api.w.org\/{rel}","templated":true}]}}