{"id":11797,"date":"2023-08-07T16:46:00","date_gmt":"2023-08-07T16:46:00","guid":{"rendered":"https:\/\/natussensory.com\/service-und-unterstuetzung\/natus-trust-center\/"},"modified":"2025-09-18T13:29:58","modified_gmt":"2025-09-18T13:29:58","slug":"trust-center","status":"publish","type":"page","link":"https:\/\/natussensory.com\/de\/support\/trust-center\/","title":{"rendered":"Trust Center"},"content":{"rendered":"","protected":false},"excerpt":{"rendered":"","protected":false},"author":1,"featured_media":0,"parent":8364,"menu_order":0,"comment_status":"closed","ping_status":"closed","template":"","meta":{"_acf_changed":false,"inline_featured_image":false,"footnotes":""},"categories":[],"tags":[],"class_list":["post-11797","page","type-page","status-publish","hentry"],"acf":{"content_blocks":[{"acf_fc_layout":"spacer","_acfe_flexible_toggle":"","spacer":{"module_options":{"":null,"module_id":"n6514b0ebcb99d","module_class":"","module_background_type":"color","module_background_color":"#473089","module_background_image":false,"module_background_video":"","activate_custom_padding":false,"padding_top_desktop":0,"padding_top_tablet":"","padding_top_mobile":"","padding_bottom_desktop":"","padding_bottom_tablet":"","padding_bottom_mobile":"","activate_custom_margin":false,"margin_top_desktop":"","margin_top_tablet":"","margin_top_mobile":"","margin_bottom_desktop":"","margin_bottom_tablet":"","margin_bottom_mobile":"","disable_on":[],"content_alignment_desktop":"left","content_alignment_tablet":"left","content_alignment_mobile":"left"},"height":"160"}},{"acf_fc_layout":"simple_content","_acfe_flexible_toggle":"","content_full_width_landing":{"module_options":{"":null,"module_id":"n6514b0ebd5a4d","module_class":"","module_background_type":"color","module_background_color":"","module_background_image":false,"module_background_video":"","activate_custom_padding":true,"padding_top_desktop":"100","padding_top_tablet":"0","padding_top_mobile":"0","padding_bottom_desktop":"20","padding_bottom_tablet":"0","padding_bottom_mobile":"0","activate_custom_margin":false,"margin_top_desktop":"","margin_top_tablet":"","margin_top_mobile":"","margin_bottom_desktop":"","margin_bottom_tablet":"","margin_bottom_mobile":"","disable_on":[],"content_alignment_desktop":"left","content_alignment_tablet":"left","content_alignment_mobile":"left"},"activate_custom_container_width":false,"container_width":"","content":"<h1><img loading=\"lazy\" decoding=\"async\" class=\"alignleft wp-image-6248\" src=\"https:\/\/natussensory.com\/wp-content\/uploads\/Security-Icon.png\" alt=\"\" width=\"97\" height=\"135\" \/><\/h1>\n<h1>Natus Sensory Product Security Program<\/h1>\n<h5>Entwickeln Sie die Produktsicherheit f\u00fcr sich entwickelnde Bedrohungen weiter.<\/h5>\n"}},{"acf_fc_layout":"divider","_acfe_flexible_toggle":"","divider":{"module_options":{"":null,"module_id":"n6514b0ebd0694","module_class":"","module_background_type":"color","module_background_color":"","module_background_image":false,"module_background_video":"","activate_custom_padding":false,"padding_top_desktop":0,"padding_top_tablet":"","padding_top_mobile":"","padding_bottom_desktop":"","padding_bottom_tablet":"","padding_bottom_mobile":"","activate_custom_margin":false,"margin_top_desktop":"","margin_top_tablet":"","margin_top_mobile":"","margin_bottom_desktop":"","margin_bottom_tablet":"","margin_bottom_mobile":"","disable_on":[],"content_alignment_desktop":"left","content_alignment_tablet":"left","content_alignment_mobile":"left"},"color":"#d4e9f9","height":"12"}},{"acf_fc_layout":"simple_content","_acfe_flexible_toggle":"","content_full_width_landing":{"module_options":{"":null,"module_id":"n6520a3f6c29b1","module_class":"","module_background_type":"color","module_background_color":"","module_background_image":false,"module_background_video":"","activate_custom_padding":true,"padding_top_desktop":"60","padding_top_tablet":"0","padding_top_mobile":"0","padding_bottom_desktop":"60","padding_bottom_tablet":"0","padding_bottom_mobile":"0","activate_custom_margin":false,"margin_top_desktop":"","margin_top_tablet":"","margin_top_mobile":"","margin_bottom_desktop":"","margin_bottom_tablet":"","margin_bottom_mobile":"","disable_on":[],"content_alignment_desktop":"left","content_alignment_tablet":"left","content_alignment_mobile":"left"},"activate_custom_container_width":false,"container_width":"","content":"<h4>Bei Natus Sensory nehmen wir unsere Verantwortung f\u00fcr die Patientensicherheit und die digitale Sicherheit ernst.<\/h4>\n<h5>Wir sind davon \u00fcberzeugt, dass ein starkes und robustes Produktsicherheitsprogramm f\u00fcr die Cybersicherheit unerl\u00e4sslich ist, um zu gew\u00e4hrleisten, dass unsere Medizinprodukte w\u00e4hrend ihres gesamten Lebenszyklus sicher und wirksam sind.<\/h5>\n"}},{"acf_fc_layout":"content_multiple_columns","_acfe_flexible_toggle":"","content_multiple_columns":{"module_options":{"":null,"module_id":"n6520a3f6c8085","module_class":"","module_background_type":"color","module_background_color":"","module_background_image":false,"module_background_video":"","activate_custom_padding":false,"padding_top_desktop":0,"padding_top_tablet":"","padding_top_mobile":"","padding_bottom_desktop":"","padding_bottom_tablet":"","padding_bottom_mobile":"","activate_custom_margin":false,"margin_top_desktop":"","margin_top_tablet":"","margin_top_mobile":"","margin_bottom_desktop":"","margin_bottom_tablet":"","margin_bottom_mobile":"","disable_on":[],"content_alignment_desktop":"left","content_alignment_tablet":"left","content_alignment_mobile":"left"},"columns_per_rows_desktop":"3","columns_per_rows_tablet":"2","columns_per_rows_mobile":"2","columns":[{"column_background":"#ffffff","column_size":"one-third","column_alignment":"align-left","activate_top_right_border_radius":true,"content_type":[{"acf_fc_layout":"simple_content","content":"<p><img loading=\"lazy\" decoding=\"async\" class=\"alignleft wp-image-12241\" src=\"https:\/\/natussensory.com\/wp-content\/uploads\/Product-Security-Feature-Image_800x450.png\" alt=\"\" width=\"680\" height=\"383\" srcset=\"https:\/\/natussensory.com\/wp-content\/uploads\/Product-Security-Feature-Image_800x450.png 800w, https:\/\/natussensory.com\/wp-content\/uploads\/Product-Security-Feature-Image_800x450-768x432.png 768w\" sizes=\"auto, (max-width: 680px) 100vw, 680px\" \/><\/p>\n"}]},{"column_background":"","column_size":"two-thirds","column_alignment":"align-left","activate_top_right_border_radius":false,"content_type":[{"acf_fc_layout":"simple_content","content":"<h5><strong>Wir sind uns der potenziellen Risiken bewusst, die Cybersecurity-Bedrohungen f\u00fcr unsere Ger\u00e4te darstellen k\u00f6nnen, und wissen, dass sich diese Bedrohungen st\u00e4ndig weiterentwickeln.<\/strong><\/h5>\n<p>Natus Sensory ist bestrebt, sein Produktsicherheitsprogramm kontinuierlich weiterzuentwickeln, um mit der sich st\u00e4ndig ver\u00e4ndernden Bedrohungslandschaft Schritt zu halten.<\/p>\n"}]}]}},{"acf_fc_layout":"left_image_right_content_single_cta","_acfe_flexible_toggle":"","left_image_right_content_single_cta_landing":{"module_options":{"":null,"module_id":"n6520a3f6cfc63","module_class":"","module_background_type":"color","module_background_color":"","module_background_image":false,"module_background_video":"","activate_custom_padding":false,"padding_top_desktop":0,"padding_top_tablet":"","padding_top_mobile":"","padding_bottom_desktop":"","padding_bottom_tablet":"","padding_bottom_mobile":"","activate_custom_margin":false,"margin_top_desktop":"","margin_top_tablet":"","margin_top_mobile":"","margin_bottom_desktop":"","margin_bottom_tablet":"","margin_bottom_mobile":"","disable_on":[],"content_alignment_desktop":"left","content_alignment_tablet":"left","content_alignment_mobile":"left"},"image":{"ID":12248,"id":12248,"title":"IT Product Feature 2_800x450","filename":"IT-Product-Feature-2_800x450.png","filesize":501068,"url":"https:\/\/natussensory.com\/wp-content\/uploads\/IT-Product-Feature-2_800x450.png","link":"https:\/\/natussensory.com\/de\/support\/trust-center\/it-product-feature-2_800x450-2\/","alt":"IT Security","author":"4","description":"","caption":"","name":"it-product-feature-2_800x450-2","status":"inherit","uploaded_to":11797,"date":"2023-10-06 23:45:18","modified":"2024-07-30 16:35:57","menu_order":0,"mime_type":"image\/png","type":"image","subtype":"png","icon":"https:\/\/natussensory.com\/wp-includes\/images\/media\/default.png","width":800,"height":450,"sizes":{"thumbnail":"https:\/\/natussensory.com\/wp-content\/uploads\/IT-Product-Feature-2_800x450.png","thumbnail-width":128,"thumbnail-height":72,"medium":"https:\/\/natussensory.com\/wp-content\/uploads\/IT-Product-Feature-2_800x450.png","medium-width":800,"medium-height":450,"medium_large":"https:\/\/natussensory.com\/wp-content\/uploads\/IT-Product-Feature-2_800x450-768x432.png","medium_large-width":768,"medium_large-height":432,"large":"https:\/\/natussensory.com\/wp-content\/uploads\/IT-Product-Feature-2_800x450.png","large-width":800,"large-height":450,"1536x1536":"https:\/\/natussensory.com\/wp-content\/uploads\/IT-Product-Feature-2_800x450.png","1536x1536-width":800,"1536x1536-height":450,"2048x2048":"https:\/\/natussensory.com\/wp-content\/uploads\/IT-Product-Feature-2_800x450.png","2048x2048-width":800,"2048x2048-height":450}},"label":"","title":"","description":"<h5><strong>Unsere Herangehenweise basiert auf einem risikobasierten Rahmen, der es uns erm\u00f6glicht, potenzielle Risiken auf der Grundlage ihrer Wahrscheinlichkeit und ihrer Auswirkungen zu identifizieren und zu priorisieren.\u00a0<\/strong><\/h5>\n<p>Dieser Rahmen leitet unsere Entwicklungs- und Testprozesse, und wir \u00fcberwachen und bewerten unsere Produkte w\u00e4hrend ihres gesamten Lebenszyklus kontinuierlich, um sicherzustellen, dass sie sicher bleiben. Unser Programm soll sicherstellen, dass die Sicherheit von der Konzeptphase unserer Produkte bis hin zur Entsorgung am Ende ihrer Lebensdauer ber\u00fccksichtigt wird.<\/p>\n","link":null}},{"acf_fc_layout":"left_image_right_content_single_cta","_acfe_flexible_toggle":"","left_image_right_content_single_cta_landing":{"module_options":{"":null,"module_id":"n6520a3f6deedf","module_class":"","module_background_type":"color","module_background_color":"","module_background_image":false,"module_background_video":"","activate_custom_padding":false,"padding_top_desktop":0,"padding_top_tablet":"","padding_top_mobile":"","padding_bottom_desktop":"","padding_bottom_tablet":"","padding_bottom_mobile":"","activate_custom_margin":false,"margin_top_desktop":"","margin_top_tablet":"","margin_top_mobile":"","margin_bottom_desktop":"","margin_bottom_tablet":"","margin_bottom_mobile":"","disable_on":[],"content_alignment_desktop":"left","content_alignment_tablet":"left","content_alignment_mobile":"left"},"image":{"ID":12253,"id":12253,"title":"IT Professional_Product Feature 800x450","filename":"IT-Professional_Product-Feature-800x450-1.png","filesize":474440,"url":"https:\/\/natussensory.com\/wp-content\/uploads\/IT-Professional_Product-Feature-800x450-1.png","link":"https:\/\/natussensory.com\/de\/support\/trust-center\/it-professional_product-feature-800x450-2\/","alt":"IT Professional","author":"4","description":"","caption":"","name":"it-professional_product-feature-800x450-2","status":"inherit","uploaded_to":11797,"date":"2023-10-06 23:51:55","modified":"2024-07-30 16:34:35","menu_order":0,"mime_type":"image\/png","type":"image","subtype":"png","icon":"https:\/\/natussensory.com\/wp-includes\/images\/media\/default.png","width":800,"height":450,"sizes":{"thumbnail":"https:\/\/natussensory.com\/wp-content\/uploads\/IT-Professional_Product-Feature-800x450-1.png","thumbnail-width":128,"thumbnail-height":72,"medium":"https:\/\/natussensory.com\/wp-content\/uploads\/IT-Professional_Product-Feature-800x450-1.png","medium-width":800,"medium-height":450,"medium_large":"https:\/\/natussensory.com\/wp-content\/uploads\/IT-Professional_Product-Feature-800x450-1-768x432.png","medium_large-width":768,"medium_large-height":432,"large":"https:\/\/natussensory.com\/wp-content\/uploads\/IT-Professional_Product-Feature-800x450-1.png","large-width":800,"large-height":450,"1536x1536":"https:\/\/natussensory.com\/wp-content\/uploads\/IT-Professional_Product-Feature-800x450-1.png","1536x1536-width":800,"1536x1536-height":450,"2048x2048":"https:\/\/natussensory.com\/wp-content\/uploads\/IT-Professional_Product-Feature-800x450-1.png","2048x2048-width":800,"2048x2048-height":450}},"label":"","title":"","description":"<p><strong>Natus Sensory implementiert weiterhin angemessene administrative, technische und physische Sicherheitsvorkehrungen<\/strong>, um zum Schutz vor Sicherheitsvorf\u00e4llen und Datenschutzverletzungen im Zusammenhang mit Natus-Produkten beizutragen, vorausgesetzt, diese Produkte werden in \u00dcbereinstimmung mit der zugeh\u00f6rigen Gebrauchsanweisung und den f\u00fcr die vorgesehene Einsatzumgebung geltenden Whitepapers zur Produktsicherheit verwendet. Da sich Systeme und Bedrohungen jedoch weiterentwickeln, kann kein System gegen alle Schwachstellen gesch\u00fctzt werden, und wir betrachten unsere Kunden als den wichtigsten Partner bei der Aufrechterhaltung von Sicherheits- und Datenschutzma\u00dfnahmen. Sollten Sie irgendwelche Bedenken haben, bitten wir Sie, uns diese mitzuteilen, damit wir Sie untersuchen k\u00f6nnen. Gegebenenfalls gehen wir das Problem durch Produkt\u00e4nderungen, Produktsicherheitsbulletins, Produktsicherheitshinweise und\/oder verantwortungsvolle Offenlegungen gegen\u00fcber Kunden und Aufsichtsbeh\u00f6rden an<\/p>\n<p>&nbsp;<\/p>\n<p>Natus ist st\u00e4ndig bestrebt, durch Praktiken wie die folgenden die Sicherheit w\u00e4hrend des gesamten Produktlebenszyklus zu verbessern:<\/p>\n<ul>\n<li>Sicherheit durch design und sicherheitsnachr\u00fcstung<\/li>\n<li>Risikomanagement der produktsicherheit<\/li>\n<li>Den datentypen entsprechende sicherheitskontrollen<\/li>\n<li>Sichere industriestandards f\u00fcr codierung und systemh\u00e4rtung<\/li>\n<li>Robustheitstests, Schwachstellenscans und tests durch dritte<\/li>\n<li>Reaktion auf Vorf\u00e4lle und schwachstellenmanagement<\/li>\n<li>Rechtzeitige updates und patch-management<\/li>\n<li>Transparente kundenkommunikation<\/li>\n<\/ul>\n<p>&nbsp;<\/p>\n<p><strong>Unser Engagement f\u00fcr den Aufbau eines starken und robusten Produktsicherheitsprogramms f\u00fcr Cybersicherheit ist ein wesentlicher Bestandteil unserer Mission, Patienten sichere und wirksame medizinische Ger\u00e4te bereitzustellen.<\/strong><\/p>\n","link":null}},{"acf_fc_layout":"tabs","_acfe_flexible_toggle":"","tabs_desktop_accordions_mobile":{"module_options":{"":null,"module_id":"n6514b0ebdaf8d","module_class":"","module_background_type":"color","module_background_color":"","module_background_image":false,"module_background_video":"","activate_custom_padding":false,"padding_top_desktop":0,"padding_top_tablet":"","padding_top_mobile":"","padding_bottom_desktop":"","padding_bottom_tablet":"","padding_bottom_mobile":"","activate_custom_margin":false,"margin_top_desktop":"","margin_top_tablet":"","margin_top_mobile":"","margin_bottom_desktop":"","margin_bottom_tablet":"","margin_bottom_mobile":"","disable_on":[],"content_alignment_desktop":"left","content_alignment_tablet":"left","content_alignment_mobile":"left"},"title":"Sicherheitsbulletins und Bekanntmachungen ","tabs":[{"tab_title":"Politiken","tab_column":[{"column_title":"","links":[{"link":{"type":"post","value":"21931","url":"https:\/\/natussensory.com\/de\/richtlinie-zur-koordinierten-offenlegung-von-schwachstellen\/","name":"Richtlinie zur Offenlegung von Schwachstellen","title":"Richtlinie zur koordinierten Offenlegung von Schwachstellen","target":"_blank"}}]}]},{"tab_title":"SICHERHEITSBULLETINS ","tab_column":[{"column_title":"","links":[{"link":{"type":"post","value":"22861","url":"https:\/\/natussensory.com\/support\/trust-center\/holding-statement-for-the-vulnerability-disclosure\/","name":"Holding Statement for Vulnerability Disclosure","title":"Holding Statement (for the Vulnerability Disclosure - 3\/25\/25 HIMSA)","target":""}}]}]}]}}]},"_links":{"self":[{"href":"https:\/\/natussensory.com\/de\/wp-json\/wp\/v2\/pages\/11797","targetHints":{"allow":["GET"]}}],"collection":[{"href":"https:\/\/natussensory.com\/de\/wp-json\/wp\/v2\/pages"}],"about":[{"href":"https:\/\/natussensory.com\/de\/wp-json\/wp\/v2\/types\/page"}],"author":[{"embeddable":true,"href":"https:\/\/natussensory.com\/de\/wp-json\/wp\/v2\/users\/1"}],"replies":[{"embeddable":true,"href":"https:\/\/natussensory.com\/de\/wp-json\/wp\/v2\/comments?post=11797"}],"version-history":[{"count":10,"href":"https:\/\/natussensory.com\/de\/wp-json\/wp\/v2\/pages\/11797\/revisions"}],"predecessor-version":[{"id":27055,"href":"https:\/\/natussensory.com\/de\/wp-json\/wp\/v2\/pages\/11797\/revisions\/27055"}],"up":[{"embeddable":true,"href":"https:\/\/natussensory.com\/de\/wp-json\/wp\/v2\/pages\/8364"}],"wp:attachment":[{"href":"https:\/\/natussensory.com\/de\/wp-json\/wp\/v2\/media?parent=11797"}],"wp:term":[{"taxonomy":"category","embeddable":true,"href":"https:\/\/natussensory.com\/de\/wp-json\/wp\/v2\/categories?post=11797"},{"taxonomy":"post_tag","embeddable":true,"href":"https:\/\/natussensory.com\/de\/wp-json\/wp\/v2\/tags?post=11797"}],"curies":[{"name":"wp","href":"https:\/\/api.w.org\/{rel}","templated":true}]}}