{"id":11779,"date":"2023-08-07T16:43:54","date_gmt":"2023-08-07T16:43:54","guid":{"rendered":"https:\/\/natussensory.com\/service-und-unterstuetzung\/customer-support\/"},"modified":"2025-09-24T08:09:49","modified_gmt":"2025-09-24T08:09:49","slug":"kundendienst","status":"publish","type":"page","link":"https:\/\/natussensory.com\/de\/support\/kundendienst\/","title":{"rendered":"Kundendienst"},"content":{"rendered":"","protected":false},"excerpt":{"rendered":"","protected":false},"author":1,"featured_media":0,"parent":8364,"menu_order":0,"comment_status":"closed","ping_status":"closed","template":"templates\/page-customer-support.php","meta":{"_acf_changed":false,"inline_featured_image":false,"footnotes":""},"categories":[],"tags":[],"class_list":["post-11779","page","type-page","status-publish","hentry"],"acf":{"content_blocks":[{"acf_fc_layout":"spacer","_acfe_flexible_toggle":"","spacer":{"module_options":{"":null,"module_id":"n6514b734b603c","module_class":"","module_background_type":"color","module_background_color":"#473089","module_background_image":false,"module_background_video":"","activate_custom_padding":false,"padding_top_desktop":"0","padding_top_tablet":"0","padding_top_mobile":"0","padding_bottom_desktop":"0","padding_bottom_tablet":"0","padding_bottom_mobile":"0","activate_custom_margin":false,"margin_top_desktop":"0","margin_top_tablet":"0","margin_top_mobile":"0","margin_bottom_desktop":"0","margin_bottom_tablet":"0","margin_bottom_mobile":"0","disable_on":[],"content_alignment_desktop":"left","content_alignment_tablet":"left","content_alignment_mobile":"left"},"height":"160"}},{"acf_fc_layout":"simple_content","_acfe_flexible_toggle":"","content_full_width_landing":{"module_options":{"":null,"module_id":"n68ad7d1836288","module_class":"","module_background_type":"image","module_background_color":"","module_background_image":"https:\/\/natussensory.com\/wp-content\/uploads\/Homepage-banner.jpg","module_background_video":"","activate_custom_padding":true,"padding_top_desktop":"40","padding_top_tablet":"0","padding_top_mobile":"0","padding_bottom_desktop":"0","padding_bottom_tablet":"0","padding_bottom_mobile":"0","activate_custom_margin":false,"margin_top_desktop":"","margin_top_tablet":"","margin_top_mobile":"","margin_bottom_desktop":"","margin_bottom_tablet":"","margin_bottom_mobile":"","disable_on":[],"content_alignment_desktop":"left","content_alignment_tablet":"left","content_alignment_mobile":"left"},"activate_custom_container_width":false,"container_width":"","content":"<p>&nbsp;<\/p>\n<h2><\/h2>\n<h1 style=\"text-align: center;\">Kundendienst<\/h1>\n<p>&nbsp;<\/p>\n<p>&nbsp;<\/p>\n"}},{"acf_fc_layout":"hero","_acfe_flexible_toggle":"","text_block_with_quick_navs":{"module_options":{"":null,"module_id":"n6514b734bbd5d","module_class":"","module_background_type":"color","module_background_color":"","module_background_image":false,"module_background_video":"","activate_custom_padding":false,"padding_top_desktop":0,"padding_top_tablet":"","padding_top_mobile":"","padding_bottom_desktop":"","padding_bottom_tablet":"","padding_bottom_mobile":"","activate_custom_margin":false,"margin_top_desktop":"","margin_top_tablet":"","margin_top_mobile":"","margin_bottom_desktop":"","margin_bottom_tablet":"","margin_bottom_mobile":"","disable_on":[],"content_alignment_desktop":"left","content_alignment_tablet":"left","content_alignment_mobile":"left"},"text_block":"<p>Natus Sensory ist sich bewusst, dass die Leistungsf\u00e4higkeit unserer Kundendienstorganisation genauso wichtig f\u00fcr unsere Kunden ist wie die Leistungsmerkmale unserer Produkte. Aus diesem Grund sind wir stets f\u00fcr Sie \u2013 unsere gesch\u00e4tzten Kunden \u2013 da. Wenden Sie sich bitte an uns, wenn Sie ein Angebot f\u00fcr oder zus\u00e4tzliche Informationen \u00fcber unsere Produkte ben\u00f6tigen. Rufen Sie uns an, verwenden Sie dieses Online-Formular oder senden Sie uns unter Nutzung der nachstehenden Kontaktinformationen eine E-Mail, ein Fax oder einen Brief. Wir freuen uns darauf, Sie unterst\u00fctzen zu d\u00fcrfen.<\/p>\n<p>&nbsp;<\/p>\n<h5>Unsere Dienstleitung f\u00fcr Kunden<\/h5>\n<p>Bei Natus Sensory sind hervorragender Kundendienst und Support nicht nur Worte, sondern stehen in unserem gesamten Unternehmen im Mittelpunkt. Wir arbeiten mit unseren Kunden zusammen, um langfristige Gesch\u00e4ftsbeziehungen zu entwickeln und die Produkte, Zubeh\u00f6rteile und Dienstleistungen bereitzustellen, die unsere Kunden ben\u00f6tigen.<\/p>\n","quick_nav_links":[{"link":null},{"link":null}]}},{"acf_fc_layout":"accordions","_acfe_flexible_layout_title":"Contact Numbers","_acfe_flexible_toggle":"","accordions_2_columns":{"module_options":{"":null,"module_id":"n6514b734c7822","module_class":"","module_background_type":"color","module_background_color":"","module_background_image":false,"module_background_video":"","activate_custom_padding":false,"padding_top_desktop":0,"padding_top_tablet":"","padding_top_mobile":"","padding_bottom_desktop":"","padding_bottom_tablet":"","padding_bottom_mobile":"","activate_custom_margin":false,"margin_top_desktop":"","margin_top_tablet":"","margin_top_mobile":"","margin_bottom_desktop":"","margin_bottom_tablet":"","margin_bottom_mobile":"","disable_on":[],"content_alignment_desktop":"left","content_alignment_tablet":"left","content_alignment_mobile":"left"},"title":"Kontaktinformationen des Natus-Kundendienstes ","accordions":[{"accordion_title":"Contact Numbers","accordion_rows":[{"accordion_row_title":"Sensory","accordion_row":[{"title":"","description":"<p><strong>Sensory<\/strong><br \/>\nwie z.B. H\u00f6rpr\u00fcfung, Audiologie, Gleichgewichtsdiagnostik, Newborn Hearing Screening, Phototherapie<\/p>\n<p>&nbsp;<\/p>\n<p>Natus Medical GmbH<br \/>\nRobert-Koch-Str. 1<br \/>\n82152 Planegg, Germany<\/p>\n<p>Telefon: +49 251 203 983 0<br \/>\nFax: +49 251 203 983 999<\/p>\n<p>Kundendienst:\u00a0<a class=\"mailto\" href=\"mailto:hbinfo.de@natus.com\" data-extlink=\"\">hbinfo.de@natus.com<\/a><\/p>\n"}]}]}]}},{"acf_fc_layout":"product_manuals_eifus","_acfe_flexible_layout_title":"Technical Service","_acfe_flexible_toggle":"","left_image_right_content_single_cta_landing":{"module_options":{"":null,"module_id":"n6514b734cfb2f","module_class":"","module_background_type":"color","module_background_color":"","module_background_image":false,"module_background_video":"","activate_custom_padding":false,"padding_top_desktop":"0","padding_top_tablet":"0","padding_top_mobile":"0","padding_bottom_desktop":"0","padding_bottom_tablet":"0","padding_bottom_mobile":"0","activate_custom_margin":false,"margin_top_desktop":"0","margin_top_tablet":"0","margin_top_mobile":"0","margin_bottom_desktop":"0","margin_bottom_tablet":"0","margin_bottom_mobile":"0","disable_on":[],"content_alignment_desktop":"left","content_alignment_tablet":"left","content_alignment_mobile":"left"},"image":{"ID":5442,"id":5442,"title":"Technical Service-800x450","filename":"Technical-Service-800x450-1.jpg","filesize":265319,"url":"https:\/\/natussensory.com\/wp-content\/uploads\/Technical-Service-800x450-1.jpg","link":"https:\/\/natussensory.com\/de\/support\/kundendienst\/technical-service-800x450-2\/","alt":"Customer service representative","author":"4","description":"","caption":"","name":"technical-service-800x450-2","status":"inherit","uploaded_to":11779,"date":"2023-09-19 20:55:53","modified":"2024-07-26 17:06:35","menu_order":0,"mime_type":"image\/jpeg","type":"image","subtype":"jpeg","icon":"https:\/\/natussensory.com\/wp-includes\/images\/media\/default.png","width":800,"height":450,"sizes":{"thumbnail":"https:\/\/natussensory.com\/wp-content\/uploads\/Technical-Service-800x450-1.jpg","thumbnail-width":128,"thumbnail-height":72,"medium":"https:\/\/natussensory.com\/wp-content\/uploads\/Technical-Service-800x450-1.jpg","medium-width":800,"medium-height":450,"medium_large":"https:\/\/natussensory.com\/wp-content\/uploads\/Technical-Service-800x450-1-768x432.jpg","medium_large-width":768,"medium_large-height":432,"large":"https:\/\/natussensory.com\/wp-content\/uploads\/Technical-Service-800x450-1.jpg","large-width":800,"large-height":450,"1536x1536":"https:\/\/natussensory.com\/wp-content\/uploads\/Technical-Service-800x450-1.jpg","1536x1536-width":800,"1536x1536-height":450,"2048x2048":"https:\/\/natussensory.com\/wp-content\/uploads\/Technical-Service-800x450-1.jpg","2048x2048-width":800,"2048x2048-height":450}},"label":"Technischer Service","title":"Ben\u00f6tigen Sie Unterst\u00fctzung vom Technischen Service? ","description":"<p>Wenn Sie Unterst\u00fctzung bei der Reparatur, Wartung oder Kalibrierung Ihres Ger\u00e4ts oder Helpdesk-Support f\u00fcr Ihr Natus-Produkt ben\u00f6tigen, wenden Sie sich an unseren technischen Service.<\/p>\n","link":{"type":"post","value":"11789","url":"https:\/\/natussensory.com\/de\/support\/technischer-service\/","name":"Technischer Service","title":"Kontakt Zum Technischen Service ","target":""}}},{"acf_fc_layout":"product_manuals_eifus","_acfe_flexible_toggle":"","left_image_right_content_single_cta_landing":{"module_options":{"":null,"module_id":"n6514b734d708e","module_class":"","module_background_type":"color","module_background_color":"","module_background_image":false,"module_background_video":"","activate_custom_padding":false,"padding_top_desktop":0,"padding_top_tablet":"","padding_top_mobile":"","padding_bottom_desktop":"","padding_bottom_tablet":"","padding_bottom_mobile":"","activate_custom_margin":false,"margin_top_desktop":"","margin_top_tablet":"","margin_top_mobile":"","margin_bottom_desktop":"","margin_bottom_tablet":"","margin_bottom_mobile":"","disable_on":[],"content_alignment_desktop":"left","content_alignment_tablet":"left","content_alignment_mobile":"left"},"image":{"ID":4337,"id":4337,"title":"Doctor on a tablet 800x450","filename":"Doctor-on-a-tablet-800x450-1.png","filesize":433489,"url":"https:\/\/natussensory.com\/wp-content\/uploads\/Doctor-on-a-tablet-800x450-1.png","link":"https:\/\/natussensory.com\/de\/support\/doctor-on-a-tablet-800x450-2\/","alt":"Doctor on a tablet","author":"4","description":"","caption":"","name":"doctor-on-a-tablet-800x450-2","status":"inherit","uploaded_to":8364,"date":"2023-09-14 19:11:09","modified":"2024-07-29 20:27:08","menu_order":0,"mime_type":"image\/png","type":"image","subtype":"png","icon":"https:\/\/natussensory.com\/wp-includes\/images\/media\/default.png","width":800,"height":450,"sizes":{"thumbnail":"https:\/\/natussensory.com\/wp-content\/uploads\/Doctor-on-a-tablet-800x450-1.png","thumbnail-width":128,"thumbnail-height":72,"medium":"https:\/\/natussensory.com\/wp-content\/uploads\/Doctor-on-a-tablet-800x450-1.png","medium-width":800,"medium-height":450,"medium_large":"https:\/\/natussensory.com\/wp-content\/uploads\/Doctor-on-a-tablet-800x450-1-768x432.png","medium_large-width":768,"medium_large-height":432,"large":"https:\/\/natussensory.com\/wp-content\/uploads\/Doctor-on-a-tablet-800x450-1.png","large-width":800,"large-height":450,"1536x1536":"https:\/\/natussensory.com\/wp-content\/uploads\/Doctor-on-a-tablet-800x450-1.png","1536x1536-width":800,"1536x1536-height":450,"2048x2048":"https:\/\/natussensory.com\/wp-content\/uploads\/Doctor-on-a-tablet-800x450-1.png","2048x2048-width":800,"2048x2048-height":450}},"label":"Downloads","title":"Produkt-Wissenszentrum","description":"<p>Suchen Sie nach Produkthandb\u00fcchern oder elektronischen Gebrauchsanweisungen f\u00fcr Ihr Natus-Produkt? Besuchen Sie unser Produkt-Wissenszentrum.<\/p>\n<p>&nbsp;<\/p>\n<p><a href=\"https:\/\/natus.bynder.com\/web\/6b2b59adbe92f133\/archived-product-manuals-\/\">Um fr\u00fchere Versionen der eIFUs f\u00fcr Produkte einzusehen, klicken Sie hier. <\/a><\/p>\n","link":{"type":"url","value":"https:\/\/natus.bynder.com\/web\/3109238f80bad185\/product-knowledge-center\/","url":"https:\/\/natus.bynder.com\/web\/3109238f80bad185\/product-knowledge-center\/","name":"https:\/\/natus.bynder.com\/web\/3109238f80bad185\/product-knowledge-center\/","title":"Zugangsinformationen","target":"_blank"}}},{"acf_fc_layout":"contact_form","_acfe_flexible_toggle":"","contact_form_landing":{"module_options":{"":null,"module_id":"n6514b734e78d5","module_class":"","module_background_type":"color","module_background_color":"","module_background_image":false,"module_background_video":"","activate_custom_padding":false,"padding_top_desktop":0,"padding_top_tablet":"","padding_top_mobile":"","padding_bottom_desktop":"","padding_bottom_tablet":"","padding_bottom_mobile":"","activate_custom_margin":false,"margin_top_desktop":"","margin_top_tablet":"","margin_top_mobile":"","margin_bottom_desktop":"","margin_bottom_tablet":"","margin_bottom_mobile":"","disable_on":[],"content_alignment_desktop":"left","content_alignment_tablet":"left","content_alignment_mobile":"left"},"":null,"activate_intro":true,"intro_text":"Kontakt zum Kundendienst","intro_text_color":"","intro_link":null,"activate_description":true,"description_title":"D\u00fcrfen wir Ihnen helfen?","description_copy":"Bitte f\u00fcllen Sie das nachstehende Formular aus. Ein Natus-Mitarbeiter wird sich mit Ihnen in Verbindung setzen.","embed_code":"<script charset=\"utf-8\" type=\"text\/javascript\" src=\"\/\/js.hsforms.net\/forms\/embed\/v2.js\"><\/script>\r\n<script>\r\n  hbspt.forms.create({\r\n    region: \"na1\",\r\n    portalId: \"3002890\",\r\n    formId: \"908f7c1d-382e-4165-b6f4-a0c5aa2a23f3\"\r\n  });\r\n<\/script>"}}],"activate_custom_page_js":false},"_links":{"self":[{"href":"https:\/\/natussensory.com\/de\/wp-json\/wp\/v2\/pages\/11779","targetHints":{"allow":["GET"]}}],"collection":[{"href":"https:\/\/natussensory.com\/de\/wp-json\/wp\/v2\/pages"}],"about":[{"href":"https:\/\/natussensory.com\/de\/wp-json\/wp\/v2\/types\/page"}],"author":[{"embeddable":true,"href":"https:\/\/natussensory.com\/de\/wp-json\/wp\/v2\/users\/1"}],"replies":[{"embeddable":true,"href":"https:\/\/natussensory.com\/de\/wp-json\/wp\/v2\/comments?post=11779"}],"version-history":[{"count":10,"href":"https:\/\/natussensory.com\/de\/wp-json\/wp\/v2\/pages\/11779\/revisions"}],"predecessor-version":[{"id":27110,"href":"https:\/\/natussensory.com\/de\/wp-json\/wp\/v2\/pages\/11779\/revisions\/27110"}],"up":[{"embeddable":true,"href":"https:\/\/natussensory.com\/de\/wp-json\/wp\/v2\/pages\/8364"}],"wp:attachment":[{"href":"https:\/\/natussensory.com\/de\/wp-json\/wp\/v2\/media?parent=11779"}],"wp:term":[{"taxonomy":"category","embeddable":true,"href":"https:\/\/natussensory.com\/de\/wp-json\/wp\/v2\/categories?post=11779"},{"taxonomy":"post_tag","embeddable":true,"href":"https:\/\/natussensory.com\/de\/wp-json\/wp\/v2\/tags?post=11779"}],"curies":[{"name":"wp","href":"https:\/\/api.w.org\/{rel}","templated":true}]}}