{"id":11756,"date":"2023-09-25T10:57:57","date_gmt":"2023-09-25T10:57:57","guid":{"rendered":"https:\/\/natussensory.com\/sensory\/biliband-eye-protector\/"},"modified":"2025-10-22T11:42:31","modified_gmt":"2025-10-22T11:42:31","slug":"biliband","status":"publish","type":"page","link":"https:\/\/natussensory.com\/de\/produkte\/biliband\/","title":{"rendered":"Biliband\u00ae &#8211; Augenschutz f\u00fcr Neugeborenen-Phototherapie"},"content":{"rendered":"","protected":false},"excerpt":{"rendered":"","protected":false},"author":4,"featured_media":0,"parent":11016,"menu_order":0,"comment_status":"closed","ping_status":"closed","template":"templates\/page-sensory-solutions-product-landing.php","meta":{"_acf_changed":false,"inline_featured_image":false,"footnotes":""},"categories":[309],"tags":[],"class_list":["post-11756","page","type-page","status-publish","hentry","category-behandlung-von-gelbsucht"],"acf":{"content_blocks":[{"acf_fc_layout":"spacer","_acfe_flexible_toggle":"","spacer":{"module_options":{"":null,"module_id":"n65153b709b35e","module_class":"","module_background_type":"color","module_background_color":"#473089","module_background_image":false,"module_background_video":"","activate_custom_padding":false,"padding_top_desktop":"0","padding_top_tablet":"0","padding_top_mobile":"0","padding_bottom_desktop":"0","padding_bottom_tablet":"0","padding_bottom_mobile":"0","activate_custom_margin":false,"margin_top_desktop":"0","margin_top_tablet":"0","margin_top_mobile":"0","margin_bottom_desktop":"0","margin_bottom_tablet":"0","margin_bottom_mobile":"0","disable_on":[],"content_alignment_desktop":"left","content_alignment_tablet":"left","content_alignment_mobile":"left"},"height":"160"}},{"acf_fc_layout":"intro_with_sticky_image","_acfe_flexible_toggle":"","left_content_right_image_sticky":{"module_options":{"":null,"module_id":"n65153b70a412a","module_class":"","module_background_type":"color","module_background_color":"","module_background_image":false,"module_background_video":"","activate_custom_padding":false,"padding_top_desktop":"0","padding_top_tablet":"0","padding_top_mobile":"0","padding_bottom_desktop":"0","padding_bottom_tablet":"0","padding_bottom_mobile":"0","activate_custom_margin":false,"margin_top_desktop":"0","margin_top_tablet":"0","margin_top_mobile":"0","margin_bottom_desktop":"0","margin_bottom_tablet":"0","margin_bottom_mobile":"0","disable_on":[],"content_alignment_desktop":"left","content_alignment_tablet":"left","content_alignment_mobile":"left"},"":null,"title":"Biliband<sup>\u00ae<\/sup> Augenschutz f\u00fcr Neugeborenen-Phototherapie","subheader":"<h4>\u00dcberragender Schutz der Augen bei der Phototherapie von Neugeborenen<\/h4>\n<p>Sch\u00fctzen Sie die Augen Ihrer jungen Patienten, ohne zu verhindern, dass das Phototherapielicht den Kopf des Babys erreicht. Einfache Anwendung dank dem einzigartigen Y-f\u00f6rmigen Design von Natus und der Sicherheit, zu wissen, dass dieser Augenschutz auch wirklich an Ort und Stelle bleibt, egal wie sehr sich das Neugeborene bewegt.<\/p>\n","icons":false,"quick_navigation":[{"quick_link":{"type":"url","value":"#contact","url":"#contact","name":"#contact","title":"angebot anfragen","target":""}},{"quick_link":{"type":"url","value":"#info","url":"#info","name":"#info","title":"Mehr Details erkunden","target":""}}],"description":"","message_label":" ","message_title":"Suchen Sie einen Produktservice oder technische Unterst\u00fctzung?","message_link":{"type":"post","value":"883","url":"https:\/\/natussensory.com\/support\/","name":"Service &#038; Support","title":"  Service und Unterst\u00fctzung","target":""},"right_sticky_image":{"ID":6919,"id":6919,"title":"Biliband_product_thumbnail","filename":"Biliband_product_thumbnail.jpg","filesize":111921,"url":"https:\/\/natussensory.com\/wp-content\/uploads\/Biliband_product_thumbnail.jpg","link":"https:\/\/natussensory.com\/de\/produkte\/biliband\/biliband_product_thumbnail-2\/","alt":"Newborn wearing Biliband Eye Protector during neonatal phototherapy treatment.","author":"4","description":"","caption":"","name":"biliband_product_thumbnail-2","status":"inherit","uploaded_to":11756,"date":"2023-09-25 11:10:55","modified":"2025-05-20 14:17:46","menu_order":0,"mime_type":"image\/jpeg","type":"image","subtype":"jpeg","icon":"https:\/\/natussensory.com\/wp-includes\/images\/media\/default.png","width":500,"height":333,"sizes":{"thumbnail":"https:\/\/natussensory.com\/wp-content\/uploads\/Biliband_product_thumbnail.jpg","thumbnail-width":128,"thumbnail-height":85,"medium":"https:\/\/natussensory.com\/wp-content\/uploads\/Biliband_product_thumbnail.jpg","medium-width":500,"medium-height":333,"medium_large":"https:\/\/natussensory.com\/wp-content\/uploads\/Biliband_product_thumbnail.jpg","medium_large-width":500,"medium_large-height":333,"large":"https:\/\/natussensory.com\/wp-content\/uploads\/Biliband_product_thumbnail.jpg","large-width":500,"large-height":333,"1536x1536":"https:\/\/natussensory.com\/wp-content\/uploads\/Biliband_product_thumbnail.jpg","1536x1536-width":500,"1536x1536-height":333,"2048x2048":"https:\/\/natussensory.com\/wp-content\/uploads\/Biliband_product_thumbnail.jpg","2048x2048-width":500,"2048x2048-height":333}}}},{"acf_fc_layout":"product_details_right_image_and_left_content","_acfe_flexible_toggle":"","right_image_left_content_single_cta_landing":{"module_options":{"":null,"module_id":"n65153b70b0f1c","module_class":"","module_background_type":"color","module_background_color":"","module_background_image":false,"module_background_video":"","activate_custom_padding":false,"padding_top_desktop":"0","padding_top_tablet":"0","padding_top_mobile":"0","padding_bottom_desktop":"0","padding_bottom_tablet":"0","padding_bottom_mobile":"0","activate_custom_margin":false,"margin_top_desktop":"0","margin_top_tablet":"0","margin_top_mobile":"0","margin_bottom_desktop":"0","margin_bottom_tablet":"0","margin_bottom_mobile":"0","disable_on":[],"content_alignment_desktop":"left","content_alignment_tablet":"left","content_alignment_mobile":"left"},"":null,"label":"","title":"Wichtige Vorteile ","description":"<ul>\n<li>Einzigartige Y-f\u00f6rmige Ausf\u00fchrung bleibt sicher positioniert<\/li>\n<li>Anpassung an beliebige Kopfformen durch\u00a0elastisches Kopfband und Befestigungsvorrichtung zum Einhaken<\/li>\n<li>Bietet Schutz vor dem bei der Phototherapie verwendeten Licht<\/li>\n<li>Das spezielle Material der Augenschutzblenden h\u00e4lt sch\u00e4dliches Licht von den Augen fern, w\u00e4hrend die Ausf\u00fchrung des Kopfbandes daf\u00fcr sorgt, dass das Phototherapielicht den Kopf des Babys erreicht<\/li>\n<li>Sicher und komfortabel<\/li>\n<\/ul>\n","link":null,"image":{"ID":6924,"id":6924,"title":"Biliband_baby_spot","filename":"Biliband_baby_spot.jpg","filesize":262913,"url":"https:\/\/natussensory.com\/wp-content\/uploads\/Biliband_baby_spot.jpg","link":"https:\/\/natussensory.com\/de\/produkte\/biliband\/biliband_baby_spot-2\/","alt":"Infant wearing Biliband Eye Protector for neonatal phototherapy treatment.","author":"4","description":"","caption":"","name":"biliband_baby_spot-2","status":"inherit","uploaded_to":11756,"date":"2023-09-25 11:12:28","modified":"2025-05-20 14:19:17","menu_order":0,"mime_type":"image\/jpeg","type":"image","subtype":"jpeg","icon":"https:\/\/natussensory.com\/wp-includes\/images\/media\/default.png","width":800,"height":450,"sizes":{"thumbnail":"https:\/\/natussensory.com\/wp-content\/uploads\/Biliband_baby_spot.jpg","thumbnail-width":128,"thumbnail-height":72,"medium":"https:\/\/natussensory.com\/wp-content\/uploads\/Biliband_baby_spot.jpg","medium-width":800,"medium-height":450,"medium_large":"https:\/\/natussensory.com\/wp-content\/uploads\/Biliband_baby_spot-768x432.jpg","medium_large-width":768,"medium_large-height":432,"large":"https:\/\/natussensory.com\/wp-content\/uploads\/Biliband_baby_spot.jpg","large-width":800,"large-height":450,"1536x1536":"https:\/\/natussensory.com\/wp-content\/uploads\/Biliband_baby_spot.jpg","1536x1536-width":800,"1536x1536-height":450,"2048x2048":"https:\/\/natussensory.com\/wp-content\/uploads\/Biliband_baby_spot.jpg","2048x2048-width":800,"2048x2048-height":450}}}},{"acf_fc_layout":"testimonial","_acfe_flexible_toggle":"","testimonial_full_width_landing":{"module_options":{"":null,"module_id":"n65153b70b9375","module_class":"","module_background_type":"color","module_background_color":"","module_background_image":false,"module_background_video":"","activate_custom_padding":false,"padding_top_desktop":"0","padding_top_tablet":"0","padding_top_mobile":"0","padding_bottom_desktop":"0","padding_bottom_tablet":"0","padding_bottom_mobile":"0","activate_custom_margin":false,"margin_top_desktop":"0","margin_top_tablet":"0","margin_top_mobile":"0","margin_bottom_desktop":"0","margin_bottom_tablet":"0","margin_bottom_mobile":"0","disable_on":[],"content_alignment_desktop":"left","content_alignment_tablet":"left","content_alignment_mobile":"left"},"inner_background":"#008c9a","icon_color":"#ffffff","testimonial":"\"Auf jeden Fall eine Verbesserung f\u00fcr uns. Die Billibands bleiben an Ort und Stelle und lassen sich leicht anbringen.\"","name":"Regional Medical Center in Orangeburg, South Carolina, USA","title":""}},{"acf_fc_layout":"simple_content","_acfe_flexible_toggle":"","content_full_width_landing":{"module_options":{"":null,"module_id":"n65153b70c130b","module_class":"","module_background_type":"color","module_background_color":"","module_background_image":false,"module_background_video":"","activate_custom_padding":false,"padding_top_desktop":"0","padding_top_tablet":"0","padding_top_mobile":"0","padding_bottom_desktop":"0","padding_bottom_tablet":"0","padding_bottom_mobile":"0","activate_custom_margin":false,"margin_top_desktop":"0","margin_top_tablet":"0","margin_top_mobile":"0","margin_bottom_desktop":"0","margin_bottom_tablet":"0","margin_bottom_mobile":"0","disable_on":[],"content_alignment_desktop":"left","content_alignment_tablet":"left","content_alignment_mobile":"left"},"activate_custom_container_width":false,"container_width":"","content":"<h4>Gr\u00f6\u00dfenauswahltabelle<\/h4>\n<p>Verf\u00fcgbar in mehreren Gr\u00f6\u00dfen<\/p>\n<table style=\"width: 100%;\" border=\"1\" cellspacing=\"0\" cellpadding=\"0\">\n<tbody>\n<tr>\n<td><strong>Gr\u00f6\u00dfe<\/strong><\/td>\n<td><strong>Kopfumfang<\/strong><\/td>\n<td><strong>Teilenummer<\/strong><\/td>\n<td><strong>Verpackung<\/strong><\/td>\n<\/tr>\n<tr>\n<td>Regul\u00e4r<\/td>\n<td>30-38 cm<\/td>\n<td>900642<\/td>\n<td>20 St\u00fcck\/Pkg<\/td>\n<\/tr>\n<tr>\n<td>Fr\u00fchgeborene<\/td>\n<td>24-33 cm<\/td>\n<td>900643<\/td>\n<td>20 St\u00fcck\/Pkg<\/td>\n<\/tr>\n<tr>\n<td>Mikro<\/td>\n<td>20-28 cm<\/td>\n<td>900644<\/td>\n<td>20 St\u00fcck\/Pkg<\/td>\n<\/tr>\n<\/tbody>\n<\/table>\n"}},{"acf_fc_layout":"related_products","_acfe_flexible_layout_title":"Resources and Support","_acfe_flexible_toggle":"","tiles_3_columns_landing":{"module_options":{"":null,"module_id":"info","module_class":"","module_background_type":"color","module_background_color":"","module_background_image":false,"module_background_video":"","activate_custom_padding":false,"padding_top_desktop":"0","padding_top_tablet":"0","padding_top_mobile":"0","padding_bottom_desktop":"0","padding_bottom_tablet":"0","padding_bottom_mobile":"0","activate_custom_margin":false,"margin_top_desktop":"0","margin_top_tablet":"0","margin_top_mobile":"0","margin_bottom_desktop":"0","margin_bottom_tablet":"0","margin_bottom_mobile":"0","disable_on":[],"content_alignment_desktop":"left","content_alignment_tablet":"left","content_alignment_mobile":"left"},"intro_text":"Ressourcen und Support","intro_text_color":"","intro_link":null,"tiles":[{"label":"Ressourcen","label_background_color":"#154284","image":false,"title":"Brosch\u00fcre, Flyers, Datenblatt und mehr","link":{"type":"url","value":"https:\/\/natus.bynder.com\/web\/4bc59889b2539e04\/resource-library-biliband-eye-protector\/","url":"https:\/\/natus.bynder.com\/web\/4bc59889b2539e04\/resource-library-biliband-eye-protector\/","name":"https:\/\/natus.bynder.com\/web\/4bc59889b2539e04\/resource-library-biliband-eye-protector\/","title":"Biliband Ressourcen","target":"_blank"}},{"label":"Support","label_background_color":"#154284","image":false,"title":"Benutzerhandbuch und Guides (eIFUs)","link":{"type":"post","value":"883","url":"https:\/\/natussensory.com\/support\/","name":"Service &#038; Support","title":"Service und Unterst\u00fctzung","target":""}}]}},{"acf_fc_layout":"related_products","_acfe_flexible_toggle":"","tiles_3_columns_landing":{"module_options":{"":null,"module_id":"n6514140274759","module_class":"","module_background_type":"color","module_background_color":"","module_background_image":false,"module_background_video":"","activate_custom_padding":false,"padding_top_desktop":"0","padding_top_tablet":"0","padding_top_mobile":"0","padding_bottom_desktop":"0","padding_bottom_tablet":"0","padding_bottom_mobile":"0","activate_custom_margin":false,"margin_top_desktop":"0","margin_top_tablet":"0","margin_top_mobile":"0","margin_bottom_desktop":"0","margin_bottom_tablet":"0","margin_bottom_mobile":"0","disable_on":[],"content_alignment_desktop":"left","content_alignment_tablet":"left","content_alignment_mobile":"left"},"intro_text":"Verwandte Produkte","intro_text_color":"#005e63","intro_link":{"type":"post","value":"1518","url":"https:\/\/natussensory.com\/products\/","name":"Products","title":"Alle Produkte anzeigen","target":""},"tiles":[{"label":"neoBLUE Compact","label_background_color":"#154284","image":{"ID":6987,"id":6987,"title":"neoBLUE-compact_linkspot","filename":"neoBLUE-compact_linkspot.jpg","filesize":138856,"url":"https:\/\/natussensory.com\/wp-content\/uploads\/neoBLUE-compact_linkspot.jpg","link":"https:\/\/natussensory.com\/de\/produkte\/neoblue-radiometer\/neoblue-compact_linkspot-2\/","alt":"neoBLUE-compact","author":"4","description":"","caption":"","name":"neoblue-compact_linkspot-2","status":"inherit","uploaded_to":11784,"date":"2023-09-25 14:51:00","modified":"2025-08-06 14:42:57","menu_order":0,"mime_type":"image\/png","type":"image","subtype":"png","icon":"https:\/\/natussensory.com\/wp-includes\/images\/media\/default.png","width":600,"height":300,"sizes":{"thumbnail":"https:\/\/natussensory.com\/wp-content\/uploads\/neoBLUE-compact_linkspot.jpg","thumbnail-width":128,"thumbnail-height":64,"medium":"https:\/\/natussensory.com\/wp-content\/uploads\/neoBLUE-compact_linkspot.jpg","medium-width":600,"medium-height":300,"medium_large":"https:\/\/natussensory.com\/wp-content\/uploads\/neoBLUE-compact_linkspot.jpg","medium_large-width":600,"medium_large-height":300,"large":"https:\/\/natussensory.com\/wp-content\/uploads\/neoBLUE-compact_linkspot.jpg","large-width":600,"large-height":300,"1536x1536":"https:\/\/natussensory.com\/wp-content\/uploads\/neoBLUE-compact_linkspot.jpg","1536x1536-width":600,"1536x1536-height":300,"2048x2048":"https:\/\/natussensory.com\/wp-content\/uploads\/neoBLUE-compact_linkspot.jpg","2048x2048-width":600,"2048x2048-height":300}},"title":"Compact LED-Phototherapiesystem f\u00fcr Gelbsucht bei Neugeborenen","link":{"type":"post","value":"6903","url":"https:\/\/natussensory.com\/products\/neoblue-compact\/","name":"neoBLUE\u00ae Compact LED Phototherapy for Jaundice","title":"Mehr Erfahren","target":""}},{"label":"neoBLUE Blanket","label_background_color":"#154284","image":{"ID":6982,"id":6982,"title":"neoBLUE-blanket_linkspot","filename":"neoblue-blanket_linkspot.jpg","filesize":125125,"url":"https:\/\/natussensory.com\/wp-content\/uploads\/neoblue-blanket_linkspot.jpg","link":"https:\/\/natussensory.com\/de\/produkte\/neoblue-radiometer\/neoblue-blanket_linkspot-2\/","alt":"neoblue-blanket","author":"4","description":"","caption":"","name":"neoblue-blanket_linkspot-2","status":"inherit","uploaded_to":11784,"date":"2023-09-25 14:50:58","modified":"2025-08-06 14:40:12","menu_order":0,"mime_type":"image\/png","type":"image","subtype":"png","icon":"https:\/\/natussensory.com\/wp-includes\/images\/media\/default.png","width":600,"height":300,"sizes":{"thumbnail":"https:\/\/natussensory.com\/wp-content\/uploads\/neoblue-blanket_linkspot.jpg","thumbnail-width":128,"thumbnail-height":64,"medium":"https:\/\/natussensory.com\/wp-content\/uploads\/neoblue-blanket_linkspot.jpg","medium-width":600,"medium-height":300,"medium_large":"https:\/\/natussensory.com\/wp-content\/uploads\/neoblue-blanket_linkspot.jpg","medium_large-width":600,"medium_large-height":300,"large":"https:\/\/natussensory.com\/wp-content\/uploads\/neoblue-blanket_linkspot.jpg","large-width":600,"large-height":300,"1536x1536":"https:\/\/natussensory.com\/wp-content\/uploads\/neoblue-blanket_linkspot.jpg","1536x1536-width":600,"1536x1536-height":300,"2048x2048":"https:\/\/natussensory.com\/wp-content\/uploads\/neoblue-blanket_linkspot.jpg","2048x2048-width":600,"2048x2048-height":300}},"title":"Speziell f\u00fcr \u00c4rzte, Pflegepersonal und Eltern konzipiert.","link":{"type":"post","value":"6928","url":"https:\/\/natussensory.com\/products\/neoblue-blanket\/","name":"neoBLUE\u00ae blanket &#8211; LED Phototherapy System","title":"Mehr Erfahren","target":""}},{"label":"neoBLUE LED-Phototherapiesystem","label_background_color":"#154284","image":{"ID":6972,"id":6972,"title":"neoBLUE-LED_linkspot","filename":"neoBLUE-LED_linkspot.jpg","filesize":133488,"url":"https:\/\/natussensory.com\/wp-content\/uploads\/neoBLUE-LED_linkspot.jpg","link":"https:\/\/natussensory.com\/de\/produkte\/neoblue-radiometer\/neoblue-led_linkspot-2\/","alt":"neoBLUE-LED","author":"4","description":"","caption":"","name":"neoblue-led_linkspot-2","status":"inherit","uploaded_to":11784,"date":"2023-09-25 14:50:54","modified":"2025-08-06 14:46:06","menu_order":0,"mime_type":"image\/png","type":"image","subtype":"png","icon":"https:\/\/natussensory.com\/wp-includes\/images\/media\/default.png","width":600,"height":300,"sizes":{"thumbnail":"https:\/\/natussensory.com\/wp-content\/uploads\/neoBLUE-LED_linkspot.jpg","thumbnail-width":128,"thumbnail-height":64,"medium":"https:\/\/natussensory.com\/wp-content\/uploads\/neoBLUE-LED_linkspot.jpg","medium-width":600,"medium-height":300,"medium_large":"https:\/\/natussensory.com\/wp-content\/uploads\/neoBLUE-LED_linkspot.jpg","medium_large-width":600,"medium_large-height":300,"large":"https:\/\/natussensory.com\/wp-content\/uploads\/neoBLUE-LED_linkspot.jpg","large-width":600,"large-height":300,"1536x1536":"https:\/\/natussensory.com\/wp-content\/uploads\/neoBLUE-LED_linkspot.jpg","1536x1536-width":600,"1536x1536-height":300,"2048x2048":"https:\/\/natussensory.com\/wp-content\/uploads\/neoBLUE-LED_linkspot.jpg","2048x2048-width":600,"2048x2048-height":300}},"title":"LED-Phototherapiesystem","link":{"type":"post","value":"11732","url":"https:\/\/natussensory.com\/de\/produkte\/neoblue-led-phototherapiesystem\/","name":"neoBLUE\u00ae &#8211; LED-Phototherapiesystem","title":"Mehr Erfahren","target":""}}]}},{"acf_fc_layout":"contact_form","_acfe_flexible_toggle":"","contact_form_landing":{"module_options":{"":null,"module_id":"contact","module_class":"","module_background_type":"color","module_background_color":"","module_background_image":false,"module_background_video":"","activate_custom_padding":false,"padding_top_desktop":0,"padding_top_tablet":"","padding_top_mobile":"","padding_bottom_desktop":"","padding_bottom_tablet":"","padding_bottom_mobile":"","activate_custom_margin":false,"margin_top_desktop":"","margin_top_tablet":"","margin_top_mobile":"","margin_bottom_desktop":"","margin_bottom_tablet":"","margin_bottom_mobile":"","disable_on":[],"content_alignment_desktop":"left","content_alignment_tablet":"left","content_alignment_mobile":"left"},"":null,"activate_intro":false,"intro_text":"","intro_text_color":"","intro_link":null,"activate_description":true,"description_title":"Kontakt","description_copy":"","embed_code":"<script charset=\"utf-8\" type=\"text\/javascript\" src=\"\/\/js.hsforms.net\/forms\/embed\/v2.js\"><\/script>\r\n<script>\r\n  hbspt.forms.create({\r\n    region: \"na1\",\r\n    portalId: \"3002890\",\r\n    formId: \"b490240a-1846-4671-a69f-cb88d0becd41\"\r\n  });\r\n<\/script>"}},{"acf_fc_layout":"simple_content","_acfe_flexible_layout_title":"Part number","_acfe_flexible_toggle":"","content_full_width_landing":{"module_options":{"":null,"module_id":"n65153b714426d","module_class":"","module_background_type":"color","module_background_color":"","module_background_image":false,"module_background_video":"","activate_custom_padding":false,"padding_top_desktop":0,"padding_top_tablet":"","padding_top_mobile":"","padding_bottom_desktop":"","padding_bottom_tablet":"","padding_bottom_mobile":"","activate_custom_margin":false,"margin_top_desktop":"","margin_top_tablet":"","margin_top_mobile":"","margin_bottom_desktop":"","margin_bottom_tablet":"","margin_bottom_mobile":"","disable_on":[],"content_alignment_desktop":"left","content_alignment_tablet":"left","content_alignment_mobile":"left"},"activate_custom_container_width":false,"container_width":"","content":"<p><span style=\"font-size: 11px;\">003988 RevF<\/span><\/p>\n"}}]},"_links":{"self":[{"href":"https:\/\/natussensory.com\/de\/wp-json\/wp\/v2\/pages\/11756","targetHints":{"allow":["GET"]}}],"collection":[{"href":"https:\/\/natussensory.com\/de\/wp-json\/wp\/v2\/pages"}],"about":[{"href":"https:\/\/natussensory.com\/de\/wp-json\/wp\/v2\/types\/page"}],"author":[{"embeddable":true,"href":"https:\/\/natussensory.com\/de\/wp-json\/wp\/v2\/users\/4"}],"replies":[{"embeddable":true,"href":"https:\/\/natussensory.com\/de\/wp-json\/wp\/v2\/comments?post=11756"}],"version-history":[{"count":7,"href":"https:\/\/natussensory.com\/de\/wp-json\/wp\/v2\/pages\/11756\/revisions"}],"predecessor-version":[{"id":27614,"href":"https:\/\/natussensory.com\/de\/wp-json\/wp\/v2\/pages\/11756\/revisions\/27614"}],"up":[{"embeddable":true,"href":"https:\/\/natussensory.com\/de\/wp-json\/wp\/v2\/pages\/11016"}],"wp:attachment":[{"href":"https:\/\/natussensory.com\/de\/wp-json\/wp\/v2\/media?parent=11756"}],"wp:term":[{"taxonomy":"category","embeddable":true,"href":"https:\/\/natussensory.com\/de\/wp-json\/wp\/v2\/categories?post=11756"},{"taxonomy":"post_tag","embeddable":true,"href":"https:\/\/natussensory.com\/de\/wp-json\/wp\/v2\/tags?post=11756"}],"curies":[{"name":"wp","href":"https:\/\/api.w.org\/{rel}","templated":true}]}}