{"id":11745,"date":"2023-09-25T13:24:40","date_gmt":"2023-09-25T13:24:40","guid":{"rendered":"https:\/\/natussensory.com\/sensory\/neoblue-blanket\/"},"modified":"2025-10-22T13:52:29","modified_gmt":"2025-10-22T13:52:29","slug":"neoblue-blanket","status":"publish","type":"page","link":"https:\/\/natussensory.com\/de\/produkte\/neoblue-blanket\/","title":{"rendered":"neoBLUE\u00ae blanket &#8211; Phototherapiesystem"},"content":{"rendered":"","protected":false},"excerpt":{"rendered":"","protected":false},"author":4,"featured_media":0,"parent":11016,"menu_order":0,"comment_status":"closed","ping_status":"closed","template":"templates\/page-sensory-solutions-product-landing.php","meta":{"_acf_changed":false,"inline_featured_image":false,"footnotes":""},"categories":[309],"tags":[],"class_list":["post-11745","page","type-page","status-publish","hentry","category-behandlung-von-gelbsucht"],"acf":{"content_blocks":[{"acf_fc_layout":"spacer","_acfe_flexible_toggle":"","spacer":{"module_options":{"":null,"module_id":"n65153c0f70e78","module_class":"","module_background_type":"color","module_background_color":"#473089","module_background_image":false,"module_background_video":"","activate_custom_padding":false,"padding_top_desktop":"0","padding_top_tablet":"0","padding_top_mobile":"0","padding_bottom_desktop":"0","padding_bottom_tablet":"0","padding_bottom_mobile":"0","activate_custom_margin":false,"margin_top_desktop":"0","margin_top_tablet":"0","margin_top_mobile":"0","margin_bottom_desktop":"0","margin_bottom_tablet":"0","margin_bottom_mobile":"0","disable_on":[],"content_alignment_desktop":"left","content_alignment_tablet":"left","content_alignment_mobile":"left"},"height":"160"}},{"acf_fc_layout":"intro_with_sticky_image","_acfe_flexible_toggle":"","left_content_right_image_sticky":{"module_options":{"":null,"module_id":"n65153c0f78eea","module_class":"","module_background_type":"color","module_background_color":"","module_background_image":false,"module_background_video":"","activate_custom_padding":false,"padding_top_desktop":"0","padding_top_tablet":"0","padding_top_mobile":"0","padding_bottom_desktop":"0","padding_bottom_tablet":"0","padding_bottom_mobile":"0","activate_custom_margin":false,"margin_top_desktop":"0","margin_top_tablet":"0","margin_top_mobile":"0","margin_bottom_desktop":"0","margin_bottom_tablet":"0","margin_bottom_mobile":"0","disable_on":[],"content_alignment_desktop":"left","content_alignment_tablet":"left","content_alignment_mobile":"left"},"":null,"title":"neoBLUE<sup>\u00ae<\/sup> blanket-LED-Phototherapiesystem","subheader":"<p>Das\u00a0neoBLUE<sup>\u00ae<\/sup>\u00a0blanket-LED-Phototherapiesystem wurde speziell f\u00fcr \u00c4rzte, Pflegepersonal und Eltern konzipiert. Damit erhalten Neugeborene mit Gelbsucht einen optimalen Start ins Leben.<\/p>\n<p>&nbsp;<\/p>\n<h4>Intensive Phototherapie, die eine familiengerechte Versorgung und die Entwicklung des Neugeborenen unterst\u00fctzt.<\/h4>\n<p>Die n\u00e4chste Generation des neoBLUE blanket macht die Behandlung von Gelbsucht zu einer einfachen, routinem\u00e4\u00dfigen Gesundheitsf\u00fcrsorge unter Verwendung einer umgehenden, intensiven Blaulicht-LED-Phototherapie in einer Vielzahl von Einstellungen. Da die Behandlung auch beim Stillen und bei engem Hautkontakt fortgesetzt werden kann, wird die Kontinuit\u00e4t der Betreuung nicht unterbrochen. Mit dem neoBLUE blanket stehen Familien im Mittelpunkt der Neugeborenenpflege.<\/p>\n","icons":false,"quick_navigation":[{"quick_link":{"type":"url","value":"#contact","url":"#contact","name":"#contact","title":"angebot anfragen","target":""}},{"quick_link":{"type":"url","value":"#info","url":"#info","name":"#info","title":"Mehr Details erkunden","target":""}}],"description":"","message_label":" ","message_title":"Suchen Sie einen Produktservice oder technische Unterst\u00fctzung?","message_link":{"type":"post","value":"883","url":"https:\/\/natussensory.com\/support\/","name":"Service &#038; Support","title":"  Service und Unterst\u00fctzung","target":""},"right_sticky_image":{"ID":6948,"id":6948,"title":"neoBLUE-compact_product thumbnail","filename":"neoBLUE-compact_product-thumbnail-1.png","filesize":120862,"url":"https:\/\/natussensory.com\/wp-content\/uploads\/neoBLUE-compact_product-thumbnail-1.png","link":"https:\/\/natussensory.com\/de\/produkte\/neoblue-blanket\/neoblue-compact_product-thumbnail-2-2\/","alt":"Intensive blue LED phototherapy with neoBLUE blanket for neonatal jaundice treatment.","author":"4","description":"","caption":"","name":"neoblue-compact_product-thumbnail-2-2","status":"inherit","uploaded_to":11745,"date":"2023-09-25 13:59:43","modified":"2025-05-20 14:30:03","menu_order":0,"mime_type":"image\/png","type":"image","subtype":"png","icon":"https:\/\/natussensory.com\/wp-includes\/images\/media\/default.png","width":500,"height":388,"sizes":{"thumbnail":"https:\/\/natussensory.com\/wp-content\/uploads\/neoBLUE-compact_product-thumbnail-1.png","thumbnail-width":124,"thumbnail-height":96,"medium":"https:\/\/natussensory.com\/wp-content\/uploads\/neoBLUE-compact_product-thumbnail-1.png","medium-width":500,"medium-height":388,"medium_large":"https:\/\/natussensory.com\/wp-content\/uploads\/neoBLUE-compact_product-thumbnail-1.png","medium_large-width":500,"medium_large-height":388,"large":"https:\/\/natussensory.com\/wp-content\/uploads\/neoBLUE-compact_product-thumbnail-1.png","large-width":500,"large-height":388,"1536x1536":"https:\/\/natussensory.com\/wp-content\/uploads\/neoBLUE-compact_product-thumbnail-1.png","1536x1536-width":500,"1536x1536-height":388,"2048x2048":"https:\/\/natussensory.com\/wp-content\/uploads\/neoBLUE-compact_product-thumbnail-1.png","2048x2048-width":500,"2048x2048-height":388}}}},{"acf_fc_layout":"product_details_right_image_and_left_content","_acfe_flexible_toggle":"","right_image_left_content_single_cta_landing":{"module_options":{"":null,"module_id":"n65153c0f84a70","module_class":"","module_background_type":"color","module_background_color":"","module_background_image":false,"module_background_video":"","activate_custom_padding":false,"padding_top_desktop":"0","padding_top_tablet":"0","padding_top_mobile":"0","padding_bottom_desktop":"0","padding_bottom_tablet":"0","padding_bottom_mobile":"0","activate_custom_margin":false,"margin_top_desktop":"0","margin_top_tablet":"0","margin_top_mobile":"0","margin_bottom_desktop":"0","margin_bottom_tablet":"0","margin_bottom_mobile":"0","disable_on":[],"content_alignment_desktop":"left","content_alignment_tablet":"left","content_alignment_mobile":"left"},"":null,"label":"","title":"Sicherheit durch Design ","description":"<p>Bei der Neugeborenenpflege hat Sicherheit stets oberste Priorit\u00e4t. Das neoBLUE blanket-LED-Phototherapiesystem bietet intensive und gleichzeitig sichere LED-Phototherapie mit reduziertem Risiko von Hautverletzungen und Wasserverlust.<\/p>\n<p>&nbsp;<\/p>\n<h4>Flexibles Design<\/h4>\n<p>Das mobile und leichte neoBLUE blanket ist ideal f\u00fcr den Einsatz in der NICU (neonatologische Intensivstation), in Mutter\/Kind-Pflegestationen au\u00dferhalb der Intensivstation und zuhause geeignet. Das Ger\u00e4t passt in bestehende Geh\u00e4use wie Wiegen, Babybetten, W\u00e4rmestrahler und Inkubatoren. Durch die M\u00f6glichkeit f\u00fcr den Einsatz als eigenst\u00e4ndiges Ger\u00e4t oder in Kombination mit neoBLUE \u00dcberkopf-Phototherapiesystemen bietet diese Decke die f\u00fcr Therapien mit hoher Intensit\u00e4t erforderliche Flexibilit\u00e4t.<sup>1<\/sup><\/p>\n","link":null,"image":{"ID":6936,"id":6936,"title":"neoBLUE-blanket_mother-and-baby_spot","filename":"neoBLUE-blanket_mother-and-baby_spot.jpg","filesize":290338,"url":"https:\/\/natussensory.com\/wp-content\/uploads\/neoBLUE-blanket_mother-and-baby_spot.jpg","link":"https:\/\/natussensory.com\/de\/produkte\/neoblue-blanket\/neoblue-blanket_mother-and-baby_spot-2\/","alt":"Mother using neoBLUE blanket LED Phototherapy System for neonatal jaundice treatment.","author":"4","description":"","caption":"","name":"neoblue-blanket_mother-and-baby_spot-2","status":"inherit","uploaded_to":11745,"date":"2023-09-25 13:21:09","modified":"2025-05-20 14:31:21","menu_order":0,"mime_type":"image\/jpeg","type":"image","subtype":"jpeg","icon":"https:\/\/natussensory.com\/wp-includes\/images\/media\/default.png","width":800,"height":450,"sizes":{"thumbnail":"https:\/\/natussensory.com\/wp-content\/uploads\/neoBLUE-blanket_mother-and-baby_spot.jpg","thumbnail-width":128,"thumbnail-height":72,"medium":"https:\/\/natussensory.com\/wp-content\/uploads\/neoBLUE-blanket_mother-and-baby_spot.jpg","medium-width":800,"medium-height":450,"medium_large":"https:\/\/natussensory.com\/wp-content\/uploads\/neoBLUE-blanket_mother-and-baby_spot-768x432.jpg","medium_large-width":768,"medium_large-height":432,"large":"https:\/\/natussensory.com\/wp-content\/uploads\/neoBLUE-blanket_mother-and-baby_spot.jpg","large-width":800,"large-height":450,"1536x1536":"https:\/\/natussensory.com\/wp-content\/uploads\/neoBLUE-blanket_mother-and-baby_spot.jpg","1536x1536-width":800,"1536x1536-height":450,"2048x2048":"https:\/\/natussensory.com\/wp-content\/uploads\/neoBLUE-blanket_mother-and-baby_spot.jpg","2048x2048-width":800,"2048x2048-height":450}}}},{"acf_fc_layout":"product_details_left_image_and_right_content","_acfe_flexible_toggle":"","left_image_right_content_single_cta_landing":{"module_options":{"":null,"module_id":"n65153c0f8c49d","module_class":"","module_background_type":"color","module_background_color":"","module_background_image":false,"module_background_video":"","activate_custom_padding":false,"padding_top_desktop":"0","padding_top_tablet":"0","padding_top_mobile":"0","padding_bottom_desktop":"0","padding_bottom_tablet":"0","padding_bottom_mobile":"0","activate_custom_margin":false,"margin_top_desktop":"0","margin_top_tablet":"0","margin_top_mobile":"0","margin_bottom_desktop":"0","margin_bottom_tablet":"0","margin_bottom_mobile":"0","disable_on":[],"content_alignment_desktop":"left","content_alignment_tablet":"left","content_alignment_mobile":"left"},"image":{"ID":6941,"id":6941,"title":"neoBLUE-blanket_baby_spot","filename":"neoBLUE-blanket_baby_spot.jpg","filesize":278518,"url":"https:\/\/natussensory.com\/wp-content\/uploads\/neoBLUE-blanket_baby_spot.jpg","link":"https:\/\/natussensory.com\/de\/produkte\/neoblue-blanket\/neoblue-blanket_baby_spot-2\/","alt":"Infant receiving neonatal jaundice treatment with neoBLUE blanket Intensive LED Phototherapy System.","author":"4","description":"","caption":"","name":"neoblue-blanket_baby_spot-2","status":"inherit","uploaded_to":11745,"date":"2023-09-25 13:21:12","modified":"2025-05-20 14:32:38","menu_order":0,"mime_type":"image\/jpeg","type":"image","subtype":"jpeg","icon":"https:\/\/natussensory.com\/wp-includes\/images\/media\/default.png","width":800,"height":450,"sizes":{"thumbnail":"https:\/\/natussensory.com\/wp-content\/uploads\/neoBLUE-blanket_baby_spot.jpg","thumbnail-width":128,"thumbnail-height":72,"medium":"https:\/\/natussensory.com\/wp-content\/uploads\/neoBLUE-blanket_baby_spot.jpg","medium-width":800,"medium-height":450,"medium_large":"https:\/\/natussensory.com\/wp-content\/uploads\/neoBLUE-blanket_baby_spot-768x432.jpg","medium_large-width":768,"medium_large-height":432,"large":"https:\/\/natussensory.com\/wp-content\/uploads\/neoBLUE-blanket_baby_spot.jpg","large-width":800,"large-height":450,"1536x1536":"https:\/\/natussensory.com\/wp-content\/uploads\/neoBLUE-blanket_baby_spot.jpg","1536x1536-width":800,"1536x1536-height":450,"2048x2048":"https:\/\/natussensory.com\/wp-content\/uploads\/neoBLUE-blanket_baby_spot.jpg","2048x2048-width":800,"2048x2048-height":450}},"label":"","title":"Komfortables Design","description":"<p>Die weiche neoBLUE blanket-Auflage entspricht der K\u00f6rperform des Babys und ist in unterschiedlichen Gr\u00f6\u00dfen erh\u00e4ltlich. Die bequeme Matratze und das lange, leichte Kabel erm\u00f6glichen das Halten des Neugeborenen w\u00e4hrend der Therapie, st\u00e4rken die Bindung von Mutter und Baby und tragen zum allgemeinen Wohlbefinden des Neugeborenen bei.<\/p>\n<ul>\n<li>Das gerundete, ovale Design passt sich der K\u00f6rperform des Neugeborenen an.<\/li>\n<li>Gro\u00dfe und kleine Deckengr\u00f6\u00dfen sind erh\u00e4ltlich.<\/li>\n<li>Matratze bietet komfortable Polsterung unter dem Neugeborenen.<\/li>\n<li>Einweg-Matratzenabdeckungen sorgen f\u00fcr eine saubere, weiche Oberfl\u00e4che f\u00fcr das Neugeborene.<\/li>\n<li>Das Neugeborene kann gewickelt werden, w\u00e4hrend das neoBlue blanket eingesetzt wird.<\/li>\n<li>Das Baby kann im Arm gehalten oder gestillt werden, ohne die Phototherapie unterbrechen zu m\u00fcssen, was den Kontakt zwischen Eltern und dem Neugeborenen f\u00f6rdert.<\/li>\n<\/ul>\n","link":null}},{"acf_fc_layout":"simple_content","_acfe_flexible_toggle":"","content_full_width_landing":{"module_options":{"":null,"module_id":"n65153c0f965c2","module_class":"","module_background_type":"color","module_background_color":"","module_background_image":false,"module_background_video":"","activate_custom_padding":false,"padding_top_desktop":"0","padding_top_tablet":"0","padding_top_mobile":"0","padding_bottom_desktop":"0","padding_bottom_tablet":"0","padding_bottom_mobile":"0","activate_custom_margin":false,"margin_top_desktop":"0","margin_top_tablet":"0","margin_top_mobile":"0","margin_bottom_desktop":"0","margin_bottom_tablet":"0","margin_bottom_mobile":"0","disable_on":[],"content_alignment_desktop":"left","content_alignment_tablet":"left","content_alignment_mobile":"left"},"activate_custom_container_width":false,"container_width":"","content":"<h4>Pflege zuhause f\u00fcr Neugeborene mit Gelbsucht<\/h4>\n<p>Das neoBLUE blanket erm\u00f6glicht den einfachen und sicheren Einsatz au\u00dferhalb der Krankenhausumgebung als wirksame und intensive Form der LED-Phototherapie f\u00fcr heimbasierte Phototherapieprogramme. Dadurch k\u00f6nnen kostspielige Unterbrechungen des routinem\u00e4\u00dfigen Familienlebens vermieden werden.<\/p>\n<p>&nbsp;<\/p>\n<h4>Entspricht den AAP-Richtlinien f\u00fcr intensive Phototherapie<sup>1\u00a0<\/sup><\/h4>\n<p><strong>Intensit\u00e4t:\u00a0<\/strong>Verabreicht intensive Phototherapie: &gt; 30 \u03bcW\/cm<sup>2<\/sup>\u00a0\/nm<\/p>\n<p><strong>Spektrum:<\/strong>\u00a0Die neoBLUE-LED gibt blaues Licht im Spektrum von 450-475 nm ab, das der Wellenl\u00e4nge der Spitzenabsorption (458 nm) entspricht, bei der Bilirubin abgebaut wird.<sup>2\u00a0<\/sup><\/p>\n<p><strong>Oberfl\u00e4chenbereichsabdeckung:<\/strong>\u00a0Die Decke erm\u00f6glicht Phototherapie \u00fcber einen gro\u00dfen Oberfl\u00e4chenbereich.<\/p>\n"}},{"acf_fc_layout":"related_products","_acfe_flexible_layout_title":"Resources and Support","_acfe_flexible_toggle":"","tiles_3_columns_landing":{"module_options":{"":null,"module_id":"info","module_class":"","module_background_type":"color","module_background_color":"","module_background_image":false,"module_background_video":"","activate_custom_padding":false,"padding_top_desktop":"0","padding_top_tablet":"0","padding_top_mobile":"0","padding_bottom_desktop":"0","padding_bottom_tablet":"0","padding_bottom_mobile":"0","activate_custom_margin":false,"margin_top_desktop":"0","margin_top_tablet":"0","margin_top_mobile":"0","margin_bottom_desktop":"0","margin_bottom_tablet":"0","margin_bottom_mobile":"0","disable_on":[],"content_alignment_desktop":"left","content_alignment_tablet":"left","content_alignment_mobile":"left"},"intro_text":"Ressourcen und Support","intro_text_color":"","intro_link":null,"tiles":[{"label":"Ressourcen","label_background_color":"#154284","image":false,"title":"Brosch\u00fcre, Flyers, Datenblatt und mehr","link":{"type":"url","value":"https:\/\/natus.bynder.com\/web\/3b67b53bb5bc70de\/resource-library-neoblue-blanket\/","url":"https:\/\/natus.bynder.com\/web\/3b67b53bb5bc70de\/resource-library-neoblue-blanket\/","name":"https:\/\/natus.bynder.com\/web\/3b67b53bb5bc70de\/resource-library-neoblue-blanket\/","title":"neoBLUE Blanket Ressourcen","target":"_blank"}},{"label":"Support","label_background_color":"#154284","image":false,"title":"Benutzerhandbuch und Guides (eIFUs)","link":{"type":"post","value":"883","url":"https:\/\/natussensory.com\/support\/","name":"Service &#038; Support","title":"Service und Unterst\u00fctzung","target":""}}]}},{"acf_fc_layout":"related_products","_acfe_flexible_toggle":"","tiles_3_columns_landing":{"module_options":{"":null,"module_id":"n6514140274759","module_class":"","module_background_type":"color","module_background_color":"","module_background_image":false,"module_background_video":"","activate_custom_padding":false,"padding_top_desktop":"0","padding_top_tablet":"0","padding_top_mobile":"0","padding_bottom_desktop":"0","padding_bottom_tablet":"0","padding_bottom_mobile":"0","activate_custom_margin":false,"margin_top_desktop":"0","margin_top_tablet":"0","margin_top_mobile":"0","margin_bottom_desktop":"0","margin_bottom_tablet":"0","margin_bottom_mobile":"0","disable_on":[],"content_alignment_desktop":"left","content_alignment_tablet":"left","content_alignment_mobile":"left"},"intro_text":"Verwandte Produkte","intro_text_color":"#005e63","intro_link":{"type":"post","value":"1518","url":"https:\/\/natussensory.com\/products\/","name":"Products","title":"Alle Produkte anzeigen","target":""},"tiles":[{"label":"neoBLUE Compact","label_background_color":"#154284","image":{"ID":6987,"id":6987,"title":"neoBLUE-compact_linkspot","filename":"neoBLUE-compact_linkspot.jpg","filesize":138856,"url":"https:\/\/natussensory.com\/wp-content\/uploads\/neoBLUE-compact_linkspot.jpg","link":"https:\/\/natussensory.com\/de\/produkte\/neoblue-radiometer\/neoblue-compact_linkspot-2\/","alt":"neoBLUE-compact","author":"4","description":"","caption":"","name":"neoblue-compact_linkspot-2","status":"inherit","uploaded_to":11784,"date":"2023-09-25 14:51:00","modified":"2025-08-06 14:42:57","menu_order":0,"mime_type":"image\/png","type":"image","subtype":"png","icon":"https:\/\/natussensory.com\/wp-includes\/images\/media\/default.png","width":600,"height":300,"sizes":{"thumbnail":"https:\/\/natussensory.com\/wp-content\/uploads\/neoBLUE-compact_linkspot.jpg","thumbnail-width":128,"thumbnail-height":64,"medium":"https:\/\/natussensory.com\/wp-content\/uploads\/neoBLUE-compact_linkspot.jpg","medium-width":600,"medium-height":300,"medium_large":"https:\/\/natussensory.com\/wp-content\/uploads\/neoBLUE-compact_linkspot.jpg","medium_large-width":600,"medium_large-height":300,"large":"https:\/\/natussensory.com\/wp-content\/uploads\/neoBLUE-compact_linkspot.jpg","large-width":600,"large-height":300,"1536x1536":"https:\/\/natussensory.com\/wp-content\/uploads\/neoBLUE-compact_linkspot.jpg","1536x1536-width":600,"1536x1536-height":300,"2048x2048":"https:\/\/natussensory.com\/wp-content\/uploads\/neoBLUE-compact_linkspot.jpg","2048x2048-width":600,"2048x2048-height":300}},"title":"Compact LED-Phototherapiesystem f\u00fcr Gelbsucht bei Neugeborenen","link":{"type":"post","value":"6903","url":"https:\/\/natussensory.com\/products\/neoblue-compact\/","name":"neoBLUE\u00ae Compact LED Phototherapy for Jaundice","title":"Mehr Erfahren","target":""}},{"label":"Biliband","label_background_color":"#154284","image":{"ID":6977,"id":6977,"title":"Biliband_linkspot","filename":"Biliband_linkspot.jpg","filesize":109199,"url":"https:\/\/natussensory.com\/wp-content\/uploads\/Biliband_linkspot.jpg","link":"https:\/\/natussensory.com\/de\/produkte\/neoblue-radiometer\/biliband_linkspot-2\/","alt":"Biliband","author":"4","description":"","caption":"","name":"biliband_linkspot-2","status":"inherit","uploaded_to":11784,"date":"2023-09-25 14:50:56","modified":"2025-08-06 14:33:38","menu_order":0,"mime_type":"image\/jpeg","type":"image","subtype":"jpeg","icon":"https:\/\/natussensory.com\/wp-includes\/images\/media\/default.png","width":600,"height":300,"sizes":{"thumbnail":"https:\/\/natussensory.com\/wp-content\/uploads\/Biliband_linkspot.jpg","thumbnail-width":128,"thumbnail-height":64,"medium":"https:\/\/natussensory.com\/wp-content\/uploads\/Biliband_linkspot.jpg","medium-width":600,"medium-height":300,"medium_large":"https:\/\/natussensory.com\/wp-content\/uploads\/Biliband_linkspot.jpg","medium_large-width":600,"medium_large-height":300,"large":"https:\/\/natussensory.com\/wp-content\/uploads\/Biliband_linkspot.jpg","large-width":600,"large-height":300,"1536x1536":"https:\/\/natussensory.com\/wp-content\/uploads\/Biliband_linkspot.jpg","1536x1536-width":600,"1536x1536-height":300,"2048x2048":"https:\/\/natussensory.com\/wp-content\/uploads\/Biliband_linkspot.jpg","2048x2048-width":600,"2048x2048-height":300}},"title":"Augenschutz f\u00fcr Neugeborenen-Phototherapie","link":{"type":"post","value":"6915","url":"https:\/\/natussensory.com\/products\/biliband-eye-protector\/","name":"Biliband\u00ae Eye Protector for Newborn Phototherapy","title":"Mehr Erfahren","target":""}},{"label":"neoBLUE LED-Phototherapiesystem","label_background_color":"#154284","image":{"ID":6972,"id":6972,"title":"neoBLUE-LED_linkspot","filename":"neoBLUE-LED_linkspot.jpg","filesize":133488,"url":"https:\/\/natussensory.com\/wp-content\/uploads\/neoBLUE-LED_linkspot.jpg","link":"https:\/\/natussensory.com\/de\/produkte\/neoblue-radiometer\/neoblue-led_linkspot-2\/","alt":"neoBLUE-LED","author":"4","description":"","caption":"","name":"neoblue-led_linkspot-2","status":"inherit","uploaded_to":11784,"date":"2023-09-25 14:50:54","modified":"2025-08-06 14:46:06","menu_order":0,"mime_type":"image\/png","type":"image","subtype":"png","icon":"https:\/\/natussensory.com\/wp-includes\/images\/media\/default.png","width":600,"height":300,"sizes":{"thumbnail":"https:\/\/natussensory.com\/wp-content\/uploads\/neoBLUE-LED_linkspot.jpg","thumbnail-width":128,"thumbnail-height":64,"medium":"https:\/\/natussensory.com\/wp-content\/uploads\/neoBLUE-LED_linkspot.jpg","medium-width":600,"medium-height":300,"medium_large":"https:\/\/natussensory.com\/wp-content\/uploads\/neoBLUE-LED_linkspot.jpg","medium_large-width":600,"medium_large-height":300,"large":"https:\/\/natussensory.com\/wp-content\/uploads\/neoBLUE-LED_linkspot.jpg","large-width":600,"large-height":300,"1536x1536":"https:\/\/natussensory.com\/wp-content\/uploads\/neoBLUE-LED_linkspot.jpg","1536x1536-width":600,"1536x1536-height":300,"2048x2048":"https:\/\/natussensory.com\/wp-content\/uploads\/neoBLUE-LED_linkspot.jpg","2048x2048-width":600,"2048x2048-height":300}},"title":"LED-Phototherapiesystem","link":{"type":"post","value":"11732","url":"https:\/\/natussensory.com\/de\/produkte\/neoblue-led-phototherapiesystem\/","name":"neoBLUE\u00ae &#8211; LED-Phototherapiesystem","title":"Mehr Erfahren","target":""}}]}},{"acf_fc_layout":"contact_form","_acfe_flexible_toggle":"","contact_form_landing":{"module_options":{"":null,"module_id":"contact","module_class":"","module_background_type":"color","module_background_color":"","module_background_image":false,"module_background_video":"","activate_custom_padding":false,"padding_top_desktop":0,"padding_top_tablet":"","padding_top_mobile":"","padding_bottom_desktop":"","padding_bottom_tablet":"","padding_bottom_mobile":"","activate_custom_margin":false,"margin_top_desktop":"","margin_top_tablet":"","margin_top_mobile":"","margin_bottom_desktop":"","margin_bottom_tablet":"","margin_bottom_mobile":"","disable_on":[],"content_alignment_desktop":"left","content_alignment_tablet":"left","content_alignment_mobile":"left"},"":null,"activate_intro":false,"intro_text":"","intro_text_color":"","intro_link":null,"activate_description":true,"description_title":"Kontakt","description_copy":"","embed_code":"<script charset=\"utf-8\" type=\"text\/javascript\" src=\"\/\/js.hsforms.net\/forms\/embed\/v2.js\"><\/script>\r\n<script>\r\n  hbspt.forms.create({\r\n    region: \"na1\",\r\n    portalId: \"3002890\",\r\n    formId: \"b490240a-1846-4671-a69f-cb88d0becd41\"\r\n  });\r\n<\/script>"}},{"acf_fc_layout":"simple_content","_acfe_flexible_layout_title":"Part number","_acfe_flexible_toggle":"","content_full_width_landing":{"module_options":{"":null,"module_id":"n65153c1012cfb","module_class":"","module_background_type":"color","module_background_color":"","module_background_image":false,"module_background_video":"","activate_custom_padding":false,"padding_top_desktop":0,"padding_top_tablet":"","padding_top_mobile":"","padding_bottom_desktop":"","padding_bottom_tablet":"","padding_bottom_mobile":"","activate_custom_margin":false,"margin_top_desktop":"","margin_top_tablet":"","margin_top_mobile":"","margin_bottom_desktop":"","margin_bottom_tablet":"","margin_bottom_mobile":"","disable_on":[],"content_alignment_desktop":"left","content_alignment_tablet":"left","content_alignment_mobile":"left"},"activate_custom_container_width":false,"container_width":"","content":"<p><span style=\"font-size: 11px;\">1. Subcommittee on Hyperbilirubinemia. American Academy of Pediatrics clinical practice guideline: Management of hyperbilirubinemia in the newborn infant 35 or more weeks of gestation. Pediatrics. 2004; 114(1):297-316.<br \/>\n2. Vreman HJ, et al. Light-emitting diodes: a novel light source for phototherapy. Pediatric Research. 1998; 44(5):804-809.<\/span><\/p>\n<p><span style=\"font-size: 11px;\">007838 RevG<\/span><\/p>\n"}}]},"_links":{"self":[{"href":"https:\/\/natussensory.com\/de\/wp-json\/wp\/v2\/pages\/11745","targetHints":{"allow":["GET"]}}],"collection":[{"href":"https:\/\/natussensory.com\/de\/wp-json\/wp\/v2\/pages"}],"about":[{"href":"https:\/\/natussensory.com\/de\/wp-json\/wp\/v2\/types\/page"}],"author":[{"embeddable":true,"href":"https:\/\/natussensory.com\/de\/wp-json\/wp\/v2\/users\/4"}],"replies":[{"embeddable":true,"href":"https:\/\/natussensory.com\/de\/wp-json\/wp\/v2\/comments?post=11745"}],"version-history":[{"count":8,"href":"https:\/\/natussensory.com\/de\/wp-json\/wp\/v2\/pages\/11745\/revisions"}],"predecessor-version":[{"id":27703,"href":"https:\/\/natussensory.com\/de\/wp-json\/wp\/v2\/pages\/11745\/revisions\/27703"}],"up":[{"embeddable":true,"href":"https:\/\/natussensory.com\/de\/wp-json\/wp\/v2\/pages\/11016"}],"wp:attachment":[{"href":"https:\/\/natussensory.com\/de\/wp-json\/wp\/v2\/media?parent=11745"}],"wp:term":[{"taxonomy":"category","embeddable":true,"href":"https:\/\/natussensory.com\/de\/wp-json\/wp\/v2\/categories?post=11745"},{"taxonomy":"post_tag","embeddable":true,"href":"https:\/\/natussensory.com\/de\/wp-json\/wp\/v2\/tags?post=11745"}],"curies":[{"name":"wp","href":"https:\/\/api.w.org\/{rel}","templated":true}]}}