{"id":11737,"date":"2023-09-25T10:42:36","date_gmt":"2023-09-25T10:42:36","guid":{"rendered":"https:\/\/natussensory.com\/sensory\/neoblue-compact\/"},"modified":"2025-10-22T13:55:00","modified_gmt":"2025-10-22T13:55:00","slug":"neoblue-compact","status":"publish","type":"page","link":"https:\/\/natussensory.com\/de\/produkte\/neoblue-compact\/","title":{"rendered":"neoBLUE\u00ae compact &#8211; Phototherapiesystem"},"content":{"rendered":"","protected":false},"excerpt":{"rendered":"","protected":false},"author":4,"featured_media":0,"parent":11016,"menu_order":0,"comment_status":"closed","ping_status":"closed","template":"templates\/page-sensory-solutions-product-landing.php","meta":{"_acf_changed":false,"inline_featured_image":false,"footnotes":""},"categories":[309],"tags":[],"class_list":["post-11737","page","type-page","status-publish","hentry","category-behandlung-von-gelbsucht"],"acf":{"content_blocks":[{"acf_fc_layout":"spacer","_acfe_flexible_toggle":"","spacer":{"module_options":{"":null,"module_id":"n65153ad2c2c5c","module_class":"","module_background_type":"color","module_background_color":"#473089","module_background_image":false,"module_background_video":"","activate_custom_padding":false,"padding_top_desktop":"0","padding_top_tablet":"0","padding_top_mobile":"0","padding_bottom_desktop":"0","padding_bottom_tablet":"0","padding_bottom_mobile":"0","activate_custom_margin":false,"margin_top_desktop":"0","margin_top_tablet":"0","margin_top_mobile":"0","margin_bottom_desktop":"0","margin_bottom_tablet":"0","margin_bottom_mobile":"0","disable_on":[],"content_alignment_desktop":"left","content_alignment_tablet":"left","content_alignment_mobile":"left"},"height":"160"}},{"acf_fc_layout":"intro_with_sticky_image","_acfe_flexible_toggle":"","left_content_right_image_sticky":{"module_options":{"":null,"module_id":"n65153ad2ca988","module_class":"","module_background_type":"color","module_background_color":"","module_background_image":false,"module_background_video":"","activate_custom_padding":false,"padding_top_desktop":"0","padding_top_tablet":"0","padding_top_mobile":"0","padding_bottom_desktop":"0","padding_bottom_tablet":"0","padding_bottom_mobile":"0","activate_custom_margin":false,"margin_top_desktop":"0","margin_top_tablet":"0","margin_top_mobile":"0","margin_bottom_desktop":"0","margin_bottom_tablet":"0","margin_bottom_mobile":"0","disable_on":[],"content_alignment_desktop":"left","content_alignment_tablet":"left","content_alignment_mobile":"left"},"":null,"title":"neoBLUE<sup>\u00ae<\/sup> compact LED-Phototherapiesystem f\u00fcr Gelbsucht bei Neugeborenen","subheader":"<p>Das neoBLUE\u00ae compact LED-Phototherapiesystem bietet genau das richtige Licht in der richtigen Konfiguration. Das System mit elegantem Design kann unabh\u00e4ngig oder ohne Werkzeug an einen St\u00e4nder montiert eingesetzt werden. Die kompakte Gr\u00f6\u00dfe dieses Systems erm\u00f6glicht die erforderliche Oberfl\u00e4chenbereichsabdeckung f\u00fcr die Haut des Neugeborenen bei der LED-Therapie.<\/p>\n<p>&nbsp;<\/p>\n<p>W\u00e4hlen Sie die Funktion, die f\u00fcr Ihren jungen Patienten genau richtig ist. Der Arzt kann zwischen blauem Behandlungslicht und wei\u00dfem Untersuchungslicht umschalten. Bei Bedarf kann das kompakte System einfach aus dem Weg geschwenkt werden, um das Neugeborene zu versorgen. Zwei durch einfachen Tastendruck einstellbare Intensit\u00e4tsstufen werden unterschiedlichen Behandlungsanforderungen und -umgebungen gerecht. Verfolgen Sie die gesamten Behandlungsstunden pro Patient direkt am System.<\/p>\n","icons":false,"quick_navigation":[{"quick_link":{"type":"url","value":"#contact","url":"#contact","name":"#contact","title":"angebot anfragen","target":""}},{"quick_link":{"type":"url","value":"#info","url":"#info","name":"#info","title":"Mehr Details erkunden","target":""}}],"description":"","message_label":" ","message_title":"Suchen Sie einen Produktservice oder technische Unterst\u00fctzung?","message_link":{"type":"post","value":"883","url":"https:\/\/natussensory.com\/support\/","name":"Service &#038; Support","title":"  Service und Unterst\u00fctzung","target":""},"right_sticky_image":{"ID":6906,"id":6906,"title":"neoBLUE-compact_product thumbnail","filename":"neoBLUE-compact_product-thumbnail.png","filesize":110560,"url":"https:\/\/natussensory.com\/wp-content\/uploads\/neoBLUE-compact_product-thumbnail.png","link":"https:\/\/natussensory.com\/de\/produkte\/neoblue-compact\/neoblue-compact_product-thumbnail-2\/","alt":"neoBLUE System device providing intensive blue LED phototherapy for neonatal jaundice treatment with versatile phototherapy configurations","author":"4","description":"","caption":"","name":"neoblue-compact_product-thumbnail-2","status":"inherit","uploaded_to":11737,"date":"2023-09-25 10:39:03","modified":"2025-05-20 14:39:56","menu_order":0,"mime_type":"image\/png","type":"image","subtype":"png","icon":"https:\/\/natussensory.com\/wp-includes\/images\/media\/default.png","width":500,"height":311,"sizes":{"thumbnail":"https:\/\/natussensory.com\/wp-content\/uploads\/neoBLUE-compact_product-thumbnail.png","thumbnail-width":128,"thumbnail-height":80,"medium":"https:\/\/natussensory.com\/wp-content\/uploads\/neoBLUE-compact_product-thumbnail.png","medium-width":500,"medium-height":311,"medium_large":"https:\/\/natussensory.com\/wp-content\/uploads\/neoBLUE-compact_product-thumbnail.png","medium_large-width":500,"medium_large-height":311,"large":"https:\/\/natussensory.com\/wp-content\/uploads\/neoBLUE-compact_product-thumbnail.png","large-width":500,"large-height":311,"1536x1536":"https:\/\/natussensory.com\/wp-content\/uploads\/neoBLUE-compact_product-thumbnail.png","1536x1536-width":500,"1536x1536-height":311,"2048x2048":"https:\/\/natussensory.com\/wp-content\/uploads\/neoBLUE-compact_product-thumbnail.png","2048x2048-width":500,"2048x2048-height":311}}}},{"acf_fc_layout":"product_details_right_image_and_left_content","_acfe_flexible_toggle":"","right_image_left_content_single_cta_landing":{"module_options":{"":null,"module_id":"n65153ad2d5e6e","module_class":"","module_background_type":"color","module_background_color":"","module_background_image":false,"module_background_video":"","activate_custom_padding":false,"padding_top_desktop":"0","padding_top_tablet":"0","padding_top_mobile":"0","padding_bottom_desktop":"0","padding_bottom_tablet":"0","padding_bottom_mobile":"0","activate_custom_margin":false,"margin_top_desktop":"0","margin_top_tablet":"0","margin_top_mobile":"0","margin_bottom_desktop":"0","margin_bottom_tablet":"0","margin_bottom_mobile":"0","disable_on":[],"content_alignment_desktop":"left","content_alignment_tablet":"left","content_alignment_mobile":"left"},"":null,"label":"","title":"Entwickelt mit Fokus auf der Familie ","description":"<p><strong>Sicherheit durch Design\u00a0<\/strong><\/p>\n<p>Bei der Neugeborenenpflege hat Sicherheit stets oberste Priorit\u00e4t.\u00a0Das neoBLUE compact-LED-Phototherapiesystem bietet intensive und gleichzeitig sichere LED-Phototherapie mit reduziertem Risiko von Hautverletzungen und Wasserverlust.<\/p>\n<p>&nbsp;<\/p>\n<p><strong>Flexibles Design \u00a0<\/strong><\/p>\n<p>Einsatz in verschiedenen Konfigurationen sowohl bei Phototherapie-Sitzungen als auch Untersuchungen. Diese platzsparende L\u00f6sung bietet in einem kleinen, kompakten System sowohl Effizienz als auch Funktion.<\/p>\n<p>&nbsp;<\/p>\n<p><strong>Intelligentes Design<\/strong><\/p>\n<p>Die Drehgelenke und der Schwanenhals des Arms bieten zahlreiche Einstellungsm\u00f6glichkeiten mit driftfreier Positionierung. Leuchtkasten und Arm k\u00f6nnen vom Arzt einfach ohne Werkzeug am Bett befestigt und entfernt werden. Gebrauch f\u00fcr Neugeborene in einem Babybett, offenen Bett, Inkubator oder W\u00e4rmestrahler.<\/p>\n","link":null,"image":{"ID":6911,"id":6911,"title":"neoBLUE-compact_product_spot","filename":"neoBLUE-compact_product_spot.jpg","filesize":237285,"url":"https:\/\/natussensory.com\/wp-content\/uploads\/neoBLUE-compact_product_spot.jpg","link":"https:\/\/natussensory.com\/de\/produkte\/neoblue-compact\/neoblue-compact_product_spot-2\/","alt":"Infant receiving intensive blue LED phototherapy from the neoBLUE System for neonatal jaundice treatment with versatile phototherapy configurations.","author":"4","description":"","caption":"","name":"neoblue-compact_product_spot-2","status":"inherit","uploaded_to":11737,"date":"2023-09-25 10:39:57","modified":"2025-05-20 14:41:17","menu_order":0,"mime_type":"image\/jpeg","type":"image","subtype":"jpeg","icon":"https:\/\/natussensory.com\/wp-includes\/images\/media\/default.png","width":800,"height":450,"sizes":{"thumbnail":"https:\/\/natussensory.com\/wp-content\/uploads\/neoBLUE-compact_product_spot.jpg","thumbnail-width":128,"thumbnail-height":72,"medium":"https:\/\/natussensory.com\/wp-content\/uploads\/neoBLUE-compact_product_spot.jpg","medium-width":800,"medium-height":450,"medium_large":"https:\/\/natussensory.com\/wp-content\/uploads\/neoBLUE-compact_product_spot-768x432.jpg","medium_large-width":768,"medium_large-height":432,"large":"https:\/\/natussensory.com\/wp-content\/uploads\/neoBLUE-compact_product_spot.jpg","large-width":800,"large-height":450,"1536x1536":"https:\/\/natussensory.com\/wp-content\/uploads\/neoBLUE-compact_product_spot.jpg","1536x1536-width":800,"1536x1536-height":450,"2048x2048":"https:\/\/natussensory.com\/wp-content\/uploads\/neoBLUE-compact_product_spot.jpg","2048x2048-width":800,"2048x2048-height":450}}}},{"acf_fc_layout":"simple_content","_acfe_flexible_toggle":"","content_full_width_landing":{"module_options":{"":null,"module_id":"n65153ad2dd4f9","module_class":"","module_background_type":"color","module_background_color":"","module_background_image":false,"module_background_video":"","activate_custom_padding":false,"padding_top_desktop":"0","padding_top_tablet":"0","padding_top_mobile":"0","padding_bottom_desktop":"0","padding_bottom_tablet":"0","padding_bottom_mobile":"0","activate_custom_margin":false,"margin_top_desktop":"0","margin_top_tablet":"0","margin_top_mobile":"0","margin_bottom_desktop":"0","margin_bottom_tablet":"0","margin_bottom_mobile":"0","disable_on":[],"content_alignment_desktop":"left","content_alignment_tablet":"left","content_alignment_mobile":"left"},"activate_custom_container_width":false,"container_width":"","content":"<h4>Entspricht den AAP-Richtlinien f\u00fcr intensive Phototherapie.<sup>1<\/sup><\/h4>\n<p><strong>Intensit\u00e4t:<\/strong>\u00a0Umschaltm\u00f6glichkeit zwischen zwei Intensit\u00e4tsstufen \u2013 standardm\u00e4\u00dfige (15 \u00b5W\/cm\u00b2\/nm) und intensive (35 \u00b5W\/cm\u00b2\/nm) Phototherapie<\/p>\n<p><strong>Spektrum:<\/strong>\u00a0Die neoBLUE-LED gibt blaues Licht im Spektrum von 450-470 nm ab, das der Wellenl\u00e4nge der Spitzenabsorption (458 nm) entspricht, bei der Bilirubin abgebaut wird.<sup>2<\/sup><\/p>\n<p><strong>Oberfl\u00e4chenbereichsabdeckung:\u00a0<\/strong>Erm\u00f6glicht die Behandlung eines gro\u00dfen Bereichs der Haut von Neugeborenen<\/p>\n"}},{"acf_fc_layout":"related_products","_acfe_flexible_layout_title":"Resources and Support","_acfe_flexible_toggle":"","tiles_3_columns_landing":{"module_options":{"":null,"module_id":"info","module_class":"","module_background_type":"color","module_background_color":"","module_background_image":false,"module_background_video":"","activate_custom_padding":false,"padding_top_desktop":"0","padding_top_tablet":"0","padding_top_mobile":"0","padding_bottom_desktop":"0","padding_bottom_tablet":"0","padding_bottom_mobile":"0","activate_custom_margin":false,"margin_top_desktop":"0","margin_top_tablet":"0","margin_top_mobile":"0","margin_bottom_desktop":"0","margin_bottom_tablet":"0","margin_bottom_mobile":"0","disable_on":[],"content_alignment_desktop":"left","content_alignment_tablet":"left","content_alignment_mobile":"left"},"intro_text":"Ressourcen und Support","intro_text_color":"","intro_link":null,"tiles":[{"label":"Ressourcen","label_background_color":"#154284","image":false,"title":"Brosch\u00fcre, Flyers, Datenblatt und mehr","link":{"type":"url","value":"https:\/\/natus.bynder.com\/web\/42b6b310d4b220bb\/resource-library-neoblue-compact\/","url":"https:\/\/natus.bynder.com\/web\/42b6b310d4b220bb\/resource-library-neoblue-compact\/","name":"https:\/\/natus.bynder.com\/web\/42b6b310d4b220bb\/resource-library-neoblue-compact\/","title":"neoBLUE Compact Ressourcen","target":"_blank"}},{"label":"Support","label_background_color":"#154284","image":false,"title":"Benutzerhandbuch und Guides (eIFUs)","link":{"type":"post","value":"883","url":"https:\/\/natussensory.com\/support\/","name":"Service &#038; Support","title":"Service und Unterst\u00fctzung","target":""}}]}},{"acf_fc_layout":"related_products","_acfe_flexible_toggle":"","tiles_3_columns_landing":{"module_options":{"":null,"module_id":"n6514140274759","module_class":"","module_background_type":"color","module_background_color":"","module_background_image":false,"module_background_video":"","activate_custom_padding":false,"padding_top_desktop":"0","padding_top_tablet":"0","padding_top_mobile":"0","padding_bottom_desktop":"0","padding_bottom_tablet":"0","padding_bottom_mobile":"0","activate_custom_margin":false,"margin_top_desktop":"0","margin_top_tablet":"0","margin_top_mobile":"0","margin_bottom_desktop":"0","margin_bottom_tablet":"0","margin_bottom_mobile":"0","disable_on":[],"content_alignment_desktop":"left","content_alignment_tablet":"left","content_alignment_mobile":"left"},"intro_text":"Verwandte Produkte","intro_text_color":"#005e63","intro_link":{"type":"post","value":"1518","url":"https:\/\/natussensory.com\/products\/","name":"Products","title":"Alle Produkte anzeigen","target":""},"tiles":[{"label":"neoBLUE LED ","label_background_color":"#154284","image":{"ID":6972,"id":6972,"title":"neoBLUE-LED_linkspot","filename":"neoBLUE-LED_linkspot.jpg","filesize":133488,"url":"https:\/\/natussensory.com\/wp-content\/uploads\/neoBLUE-LED_linkspot.jpg","link":"https:\/\/natussensory.com\/de\/produkte\/neoblue-radiometer\/neoblue-led_linkspot-2\/","alt":"neoBLUE-LED","author":"4","description":"","caption":"","name":"neoblue-led_linkspot-2","status":"inherit","uploaded_to":11784,"date":"2023-09-25 14:50:54","modified":"2025-08-06 14:46:06","menu_order":0,"mime_type":"image\/png","type":"image","subtype":"png","icon":"https:\/\/natussensory.com\/wp-includes\/images\/media\/default.png","width":600,"height":300,"sizes":{"thumbnail":"https:\/\/natussensory.com\/wp-content\/uploads\/neoBLUE-LED_linkspot.jpg","thumbnail-width":128,"thumbnail-height":64,"medium":"https:\/\/natussensory.com\/wp-content\/uploads\/neoBLUE-LED_linkspot.jpg","medium-width":600,"medium-height":300,"medium_large":"https:\/\/natussensory.com\/wp-content\/uploads\/neoBLUE-LED_linkspot.jpg","medium_large-width":600,"medium_large-height":300,"large":"https:\/\/natussensory.com\/wp-content\/uploads\/neoBLUE-LED_linkspot.jpg","large-width":600,"large-height":300,"1536x1536":"https:\/\/natussensory.com\/wp-content\/uploads\/neoBLUE-LED_linkspot.jpg","1536x1536-width":600,"1536x1536-height":300,"2048x2048":"https:\/\/natussensory.com\/wp-content\/uploads\/neoBLUE-LED_linkspot.jpg","2048x2048-width":600,"2048x2048-height":300}},"title":"LED-Phototherapiesystem","link":{"type":"post","value":"6889","url":"https:\/\/natussensory.com\/products\/neoblue-led-phototherapy-system\/","name":"neoBLUE\u00ae LED Phototherapy System","title":"Mehr Erfahren","target":""}},{"label":"neoBLUE Blanket","label_background_color":"#154284","image":{"ID":6982,"id":6982,"title":"neoBLUE-blanket_linkspot","filename":"neoblue-blanket_linkspot.jpg","filesize":125125,"url":"https:\/\/natussensory.com\/wp-content\/uploads\/neoblue-blanket_linkspot.jpg","link":"https:\/\/natussensory.com\/de\/produkte\/neoblue-radiometer\/neoblue-blanket_linkspot-2\/","alt":"neoblue-blanket","author":"4","description":"","caption":"","name":"neoblue-blanket_linkspot-2","status":"inherit","uploaded_to":11784,"date":"2023-09-25 14:50:58","modified":"2025-08-06 14:40:12","menu_order":0,"mime_type":"image\/png","type":"image","subtype":"png","icon":"https:\/\/natussensory.com\/wp-includes\/images\/media\/default.png","width":600,"height":300,"sizes":{"thumbnail":"https:\/\/natussensory.com\/wp-content\/uploads\/neoblue-blanket_linkspot.jpg","thumbnail-width":128,"thumbnail-height":64,"medium":"https:\/\/natussensory.com\/wp-content\/uploads\/neoblue-blanket_linkspot.jpg","medium-width":600,"medium-height":300,"medium_large":"https:\/\/natussensory.com\/wp-content\/uploads\/neoblue-blanket_linkspot.jpg","medium_large-width":600,"medium_large-height":300,"large":"https:\/\/natussensory.com\/wp-content\/uploads\/neoblue-blanket_linkspot.jpg","large-width":600,"large-height":300,"1536x1536":"https:\/\/natussensory.com\/wp-content\/uploads\/neoblue-blanket_linkspot.jpg","1536x1536-width":600,"1536x1536-height":300,"2048x2048":"https:\/\/natussensory.com\/wp-content\/uploads\/neoblue-blanket_linkspot.jpg","2048x2048-width":600,"2048x2048-height":300}},"title":"Speziell f\u00fcr \u00c4rzte, Pflegepersonal und Eltern konzipiert.","link":{"type":"post","value":"6928","url":"https:\/\/natussensory.com\/products\/neoblue-blanket\/","name":"neoBLUE\u00ae blanket &#8211; LED Phototherapy System","title":"Mehr Erfahren","target":""}},{"label":"Biliband","label_background_color":"#154284","image":{"ID":6977,"id":6977,"title":"Biliband_linkspot","filename":"Biliband_linkspot.jpg","filesize":109199,"url":"https:\/\/natussensory.com\/wp-content\/uploads\/Biliband_linkspot.jpg","link":"https:\/\/natussensory.com\/de\/produkte\/neoblue-radiometer\/biliband_linkspot-2\/","alt":"Biliband","author":"4","description":"","caption":"","name":"biliband_linkspot-2","status":"inherit","uploaded_to":11784,"date":"2023-09-25 14:50:56","modified":"2025-08-06 14:33:38","menu_order":0,"mime_type":"image\/jpeg","type":"image","subtype":"jpeg","icon":"https:\/\/natussensory.com\/wp-includes\/images\/media\/default.png","width":600,"height":300,"sizes":{"thumbnail":"https:\/\/natussensory.com\/wp-content\/uploads\/Biliband_linkspot.jpg","thumbnail-width":128,"thumbnail-height":64,"medium":"https:\/\/natussensory.com\/wp-content\/uploads\/Biliband_linkspot.jpg","medium-width":600,"medium-height":300,"medium_large":"https:\/\/natussensory.com\/wp-content\/uploads\/Biliband_linkspot.jpg","medium_large-width":600,"medium_large-height":300,"large":"https:\/\/natussensory.com\/wp-content\/uploads\/Biliband_linkspot.jpg","large-width":600,"large-height":300,"1536x1536":"https:\/\/natussensory.com\/wp-content\/uploads\/Biliband_linkspot.jpg","1536x1536-width":600,"1536x1536-height":300,"2048x2048":"https:\/\/natussensory.com\/wp-content\/uploads\/Biliband_linkspot.jpg","2048x2048-width":600,"2048x2048-height":300}},"title":"Augenschutz f\u00fcr Neugeborenen-Phototherapie","link":{"type":"post","value":"6953","url":"https:\/\/natussensory.com\/products\/neoblue-radiometer-newborn-jaundice-treatment\/","name":"neoBLUE\u00ae &#8211; Radiometer &#8211; Jaundice Treatment","title":"Learn more","target":""}}]}},{"acf_fc_layout":"contact_form","_acfe_flexible_toggle":"","contact_form_landing":{"module_options":{"":null,"module_id":"contact","module_class":"","module_background_type":"color","module_background_color":"","module_background_image":false,"module_background_video":"","activate_custom_padding":false,"padding_top_desktop":0,"padding_top_tablet":"","padding_top_mobile":"","padding_bottom_desktop":"","padding_bottom_tablet":"","padding_bottom_mobile":"","activate_custom_margin":false,"margin_top_desktop":"","margin_top_tablet":"","margin_top_mobile":"","margin_bottom_desktop":"","margin_bottom_tablet":"","margin_bottom_mobile":"","disable_on":[],"content_alignment_desktop":"left","content_alignment_tablet":"left","content_alignment_mobile":"left"},"":null,"activate_intro":false,"intro_text":"","intro_text_color":"","intro_link":null,"activate_description":true,"description_title":"Kontakt","description_copy":"","embed_code":"<script charset=\"utf-8\" type=\"text\/javascript\" src=\"\/\/js.hsforms.net\/forms\/embed\/v2.js\"><\/script>\r\n<script>\r\n  hbspt.forms.create({\r\n    region: \"na1\",\r\n    portalId: \"3002890\",\r\n    formId: \"b490240a-1846-4671-a69f-cb88d0becd41\"\r\n  });\r\n<\/script>"}},{"acf_fc_layout":"simple_content","_acfe_flexible_layout_title":"Part number","_acfe_flexible_toggle":"","content_full_width_landing":{"module_options":{"":null,"module_id":"n65153ad357798","module_class":"","module_background_type":"color","module_background_color":"","module_background_image":false,"module_background_video":"","activate_custom_padding":false,"padding_top_desktop":0,"padding_top_tablet":"","padding_top_mobile":"","padding_bottom_desktop":"","padding_bottom_tablet":"","padding_bottom_mobile":"","activate_custom_margin":false,"margin_top_desktop":"","margin_top_tablet":"","margin_top_mobile":"","margin_bottom_desktop":"","margin_bottom_tablet":"","margin_bottom_mobile":"","disable_on":[],"content_alignment_desktop":"left","content_alignment_tablet":"left","content_alignment_mobile":"left"},"activate_custom_container_width":false,"container_width":"","content":"<p><span style=\"font-size: 11px;\">1: Vreman HJ, et al. Light-emitting diodes: a novel light source for phototherapy. Pediatric Research. 1998; 44(5):804-809<br \/>\n2: Subcommittee on Hyperbilirubinemia. American Academy of Pediatrics clinical practice guideline: Management of hyperbilirubinemia in the newborn infant 35 or more weeks of gestation. Pediatrics. 2004; 114(1):297-316.<\/span><\/p>\n<p>&nbsp;<\/p>\n<p><span style=\"font-size: 11px;\">034971 RevC<\/span><\/p>\n"}}]},"_links":{"self":[{"href":"https:\/\/natussensory.com\/de\/wp-json\/wp\/v2\/pages\/11737","targetHints":{"allow":["GET"]}}],"collection":[{"href":"https:\/\/natussensory.com\/de\/wp-json\/wp\/v2\/pages"}],"about":[{"href":"https:\/\/natussensory.com\/de\/wp-json\/wp\/v2\/types\/page"}],"author":[{"embeddable":true,"href":"https:\/\/natussensory.com\/de\/wp-json\/wp\/v2\/users\/4"}],"replies":[{"embeddable":true,"href":"https:\/\/natussensory.com\/de\/wp-json\/wp\/v2\/comments?post=11737"}],"version-history":[{"count":7,"href":"https:\/\/natussensory.com\/de\/wp-json\/wp\/v2\/pages\/11737\/revisions"}],"predecessor-version":[{"id":27708,"href":"https:\/\/natussensory.com\/de\/wp-json\/wp\/v2\/pages\/11737\/revisions\/27708"}],"up":[{"embeddable":true,"href":"https:\/\/natussensory.com\/de\/wp-json\/wp\/v2\/pages\/11016"}],"wp:attachment":[{"href":"https:\/\/natussensory.com\/de\/wp-json\/wp\/v2\/media?parent=11737"}],"wp:term":[{"taxonomy":"category","embeddable":true,"href":"https:\/\/natussensory.com\/de\/wp-json\/wp\/v2\/categories?post=11737"},{"taxonomy":"post_tag","embeddable":true,"href":"https:\/\/natussensory.com\/de\/wp-json\/wp\/v2\/tags?post=11737"}],"curies":[{"name":"wp","href":"https:\/\/api.w.org\/{rel}","templated":true}]}}