{"id":11732,"date":"2023-09-25T09:25:28","date_gmt":"2023-09-25T09:25:28","guid":{"rendered":"https:\/\/natussensory.com\/sensory\/neoblue-led-phototherapy-system\/"},"modified":"2025-10-22T13:56:56","modified_gmt":"2025-10-22T13:56:56","slug":"neoblue-led-phototherapiesystem","status":"publish","type":"page","link":"https:\/\/natussensory.com\/de\/produkte\/neoblue-led-phototherapiesystem\/","title":{"rendered":"neoBLUE\u00ae &#8211; LED-Phototherapiesystem"},"content":{"rendered":"","protected":false},"excerpt":{"rendered":"","protected":false},"author":4,"featured_media":0,"parent":11016,"menu_order":0,"comment_status":"closed","ping_status":"closed","template":"templates\/page-sensory-solutions-product-landing.php","meta":{"_acf_changed":false,"inline_featured_image":false,"footnotes":""},"categories":[309],"tags":[],"class_list":["post-11732","page","type-page","status-publish","hentry","category-behandlung-von-gelbsucht"],"acf":{"content_blocks":[{"acf_fc_layout":"spacer","_acfe_flexible_toggle":"","spacer":{"module_options":{"":null,"module_id":"n65153a12a2f27","module_class":"","module_background_type":"color","module_background_color":"#473089","module_background_image":false,"module_background_video":"","activate_custom_padding":false,"padding_top_desktop":"0","padding_top_tablet":"0","padding_top_mobile":"0","padding_bottom_desktop":"0","padding_bottom_tablet":"0","padding_bottom_mobile":"0","activate_custom_margin":false,"margin_top_desktop":"0","margin_top_tablet":"0","margin_top_mobile":"0","margin_bottom_desktop":"0","margin_bottom_tablet":"0","margin_bottom_mobile":"0","disable_on":[],"content_alignment_desktop":"left","content_alignment_tablet":"left","content_alignment_mobile":"left"},"height":"160"}},{"acf_fc_layout":"intro_with_sticky_image","_acfe_flexible_toggle":"","left_content_right_image_sticky":{"module_options":{"":null,"module_id":"n65153a12aae55","module_class":"","module_background_type":"color","module_background_color":"","module_background_image":false,"module_background_video":"","activate_custom_padding":false,"padding_top_desktop":"0","padding_top_tablet":"0","padding_top_mobile":"0","padding_bottom_desktop":"0","padding_bottom_tablet":"0","padding_bottom_mobile":"0","activate_custom_margin":false,"margin_top_desktop":"0","margin_top_tablet":"0","margin_top_mobile":"0","margin_bottom_desktop":"0","margin_bottom_tablet":"0","margin_bottom_mobile":"0","disable_on":[],"content_alignment_desktop":"left","content_alignment_tablet":"left","content_alignment_mobile":"left"},"":null,"title":"neoBLUE<sup>\u00ae<\/sup>-LED-Phototherapiesystem","subheader":"<h4>Heilendes Licht und effektive Ergebnisse: genau die richtige Behandlung, damit Neugeborene bald nach Hause k\u00f6nnen<\/h4>\n<p>Das neoBLUE LED-Phototherapiesystem emittiert blaues LED-Licht hoher Intensit\u00e4t zur effektiven Behandlung von Gelbsucht bei Neugeborenen. Dadurch werden die Bilirubinwerte im Blut Ihrer jungen Patienten auf sichere Weise gesenkt. Ganz auf Effizienz und Pr\u00e4zision ausgelegt. Mit unserer einzigartigen roten Zielleuchte geh\u00f6ren Ratespiele beim Positionieren der Vergangenheit an. Dadurch wird eine pr\u00e4zise Lichtzentrierung direkt \u00fcber dem Neugeborenen gew\u00e4hrleistet.<\/p>\n<p>&nbsp;<\/p>\n<p>Reduzieren Sie den kostspieligen und zeitaufwendigen Austausch von Gl\u00fchlampen durch eine Lebensdauer von Tausenden von Betriebsstunden. Realistische Praxistests haben gezeigt, dass neoBLUE-LEDs mehr als 50.000 Stunden Phototherapie mit hoher Intensit\u00e4t abgeben k\u00f6nnen.<\/p>\n","icons":false,"quick_navigation":[{"quick_link":{"type":"url","value":"#contact","url":"#contact","name":"#contact","title":"angebot anfragen","target":""}},{"quick_link":{"type":"url","value":"#info","url":"#info","name":"#info","title":"Mehr Details erkunden","target":""}}],"description":"","message_label":" ","message_title":"Suchen Sie einen Produktservice oder technische Unterst\u00fctzung?","message_link":{"type":"post","value":"883","url":"https:\/\/natussensory.com\/support\/","name":"Service &#038; Support","title":"  Service und Unterst\u00fctzung","target":""},"right_sticky_image":{"ID":6893,"id":6893,"title":"neoBLUE-LED_product thumbnail","filename":"neoBLUE-LED_product-thumbnail.png","filesize":96706,"url":"https:\/\/natussensory.com\/wp-content\/uploads\/neoBLUE-LED_product-thumbnail.png","link":"https:\/\/natussensory.com\/de\/produkte\/neoblue-led-phototherapiesystem\/neoblue-led_product-thumbnail-2\/","alt":"neoBLUE System overhead phototherapy unit for neonatal jaundice treatment using intensive blue LED phototherapy.","author":"4","description":"","caption":"","name":"neoblue-led_product-thumbnail-2","status":"inherit","uploaded_to":11732,"date":"2023-09-25 10:23:19","modified":"2025-05-21 09:14:56","menu_order":0,"mime_type":"image\/png","type":"image","subtype":"png","icon":"https:\/\/natussensory.com\/wp-includes\/images\/media\/default.png","width":500,"height":850,"sizes":{"thumbnail":"https:\/\/natussensory.com\/wp-content\/uploads\/neoBLUE-LED_product-thumbnail.png","thumbnail-width":56,"thumbnail-height":96,"medium":"https:\/\/natussensory.com\/wp-content\/uploads\/neoBLUE-LED_product-thumbnail.png","medium-width":500,"medium-height":850,"medium_large":"https:\/\/natussensory.com\/wp-content\/uploads\/neoBLUE-LED_product-thumbnail.png","medium_large-width":500,"medium_large-height":850,"large":"https:\/\/natussensory.com\/wp-content\/uploads\/neoBLUE-LED_product-thumbnail.png","large-width":500,"large-height":850,"1536x1536":"https:\/\/natussensory.com\/wp-content\/uploads\/neoBLUE-LED_product-thumbnail.png","1536x1536-width":500,"1536x1536-height":850,"2048x2048":"https:\/\/natussensory.com\/wp-content\/uploads\/neoBLUE-LED_product-thumbnail.png","2048x2048-width":500,"2048x2048-height":850}}}},{"acf_fc_layout":"product_details_right_image_and_left_content","_acfe_flexible_toggle":"","right_image_left_content_single_cta_landing":{"module_options":{"":null,"module_id":"n65153a12b7425","module_class":"","module_background_type":"color","module_background_color":"","module_background_image":false,"module_background_video":"","activate_custom_padding":false,"padding_top_desktop":"0","padding_top_tablet":"0","padding_top_mobile":"0","padding_bottom_desktop":"0","padding_bottom_tablet":"0","padding_bottom_mobile":"0","activate_custom_margin":false,"margin_top_desktop":"0","margin_top_tablet":"0","margin_top_mobile":"0","margin_bottom_desktop":"0","margin_bottom_tablet":"0","margin_bottom_mobile":"0","disable_on":[],"content_alignment_desktop":"left","content_alignment_tablet":"left","content_alignment_mobile":"left"},"":null,"label":"","title":"Sicherheit durch Design","description":"<p>Bei der Neugeborenenpflege hat Sicherheit stets oberste Priorit\u00e4t. Das neoBLUE LED-Phototherapiesystem sorgt f\u00fcr intensive, aber sichere LED-Phototherapie mit reduziertem Risiko von Hautverletzungen und Wasserverlust. neoBLUE LEDs emittieren kein signifikantes Licht im ultravioletten (UV-) oder Infrarot-(IR)-Spektrum.<\/p>\n<p>Mit einer einfachen Schalterbet\u00e4tigung k\u00f6nnen Sie von Standard-Phototherapie (15 \u03bcW\/cm<sup>2<\/sup>\u00a0\/nm) auf intensive Phototherapie (35 \u03bcW\/cm<sup>2<\/sup>\u00a0\/nm) umschalten.<\/p>\n","link":null,"image":{"ID":6898,"id":6898,"title":"neoBLUE-LED_product_spot","filename":"neoBLUE-LED_product_spot.png","filesize":153376,"url":"https:\/\/natussensory.com\/wp-content\/uploads\/neoBLUE-LED_product_spot.png","link":"https:\/\/natussensory.com\/de\/produkte\/neoblue-led-phototherapiesystem\/neoblue-led_product_spot-2\/","alt":"neoBLUE System LED panel showing overhead phototherapy design for intensive neonatal jaundice treatment.","author":"4","description":"","caption":"","name":"neoblue-led_product_spot-2","status":"inherit","uploaded_to":11732,"date":"2023-09-25 10:23:42","modified":"2025-05-21 09:15:31","menu_order":0,"mime_type":"image\/png","type":"image","subtype":"png","icon":"https:\/\/natussensory.com\/wp-includes\/images\/media\/default.png","width":800,"height":450,"sizes":{"thumbnail":"https:\/\/natussensory.com\/wp-content\/uploads\/neoBLUE-LED_product_spot.png","thumbnail-width":128,"thumbnail-height":72,"medium":"https:\/\/natussensory.com\/wp-content\/uploads\/neoBLUE-LED_product_spot.png","medium-width":800,"medium-height":450,"medium_large":"https:\/\/natussensory.com\/wp-content\/uploads\/neoBLUE-LED_product_spot-768x432.png","medium_large-width":768,"medium_large-height":432,"large":"https:\/\/natussensory.com\/wp-content\/uploads\/neoBLUE-LED_product_spot.png","large-width":800,"large-height":450,"1536x1536":"https:\/\/natussensory.com\/wp-content\/uploads\/neoBLUE-LED_product_spot.png","1536x1536-width":800,"1536x1536-height":450,"2048x2048":"https:\/\/natussensory.com\/wp-content\/uploads\/neoBLUE-LED_product_spot.png","2048x2048-width":800,"2048x2048-height":450}}}},{"acf_fc_layout":"simple_content","_acfe_flexible_toggle":"","content_full_width_landing":{"module_options":{"":null,"module_id":"n65153a12be9e2","module_class":"","module_background_type":"color","module_background_color":"","module_background_image":false,"module_background_video":"","activate_custom_padding":false,"padding_top_desktop":"0","padding_top_tablet":"0","padding_top_mobile":"0","padding_bottom_desktop":"0","padding_bottom_tablet":"0","padding_bottom_mobile":"0","activate_custom_margin":false,"margin_top_desktop":"0","margin_top_tablet":"0","margin_top_mobile":"0","margin_bottom_desktop":"0","margin_bottom_tablet":"0","margin_bottom_mobile":"0","disable_on":[],"content_alignment_desktop":"left","content_alignment_tablet":"left","content_alignment_mobile":"left"},"activate_custom_container_width":false,"container_width":"","content":"<h4>Entspricht den AAP-Richtlinien f\u00fcr intensive Phototherapie.<sup>1<\/sup><\/h4>\n<p><strong>Intensit\u00e4t:<\/strong>\u00a0Umschaltm\u00f6glichkeit zwischen zwei Intensit\u00e4tsstufen \u2013 standardm\u00e4\u00dfige (15 \u00b5W\/cm\u00b2\/nm) und intensive (35 \u00b5W\/cm\u00b2\/nm) Phototherapie<\/p>\n<p><strong>Spektrum:<\/strong>\u00a0Verf\u00fcgt \u00fcber blaue Leuchtdioden (LEDs)\u00a0zur Abgabe von Blaulicht im Spektrum von 450\u2013475 nm entsprechend der Wellenl\u00e4nge der maximalen Absorption (458 nm), bei der Bilirubin am wirksamsten abgebaut wird.<sup>2<\/sup><\/p>\n<p><strong>Oberfl\u00e4chenbereichsabdeckung:\u00a0<\/strong>Bietet \u00dcberkopf-Lichttherapie f\u00fcr Neugeborene von Kopf bis Fu\u00df<\/p>\n"}},{"acf_fc_layout":"related_products","_acfe_flexible_layout_title":"Resources and Support","_acfe_flexible_toggle":"","tiles_3_columns_landing":{"module_options":{"":null,"module_id":"info","module_class":"","module_background_type":"color","module_background_color":"","module_background_image":false,"module_background_video":"","activate_custom_padding":false,"padding_top_desktop":"0","padding_top_tablet":"0","padding_top_mobile":"0","padding_bottom_desktop":"0","padding_bottom_tablet":"0","padding_bottom_mobile":"0","activate_custom_margin":false,"margin_top_desktop":"0","margin_top_tablet":"0","margin_top_mobile":"0","margin_bottom_desktop":"0","margin_bottom_tablet":"0","margin_bottom_mobile":"0","disable_on":[],"content_alignment_desktop":"left","content_alignment_tablet":"left","content_alignment_mobile":"left"},"intro_text":"Ressourcen und Support","intro_text_color":"","intro_link":null,"tiles":[{"label":"Ressourcen","label_background_color":"#154284","image":false,"title":"Brosch\u00fcre, Flyers, Datenblatt und mehr","link":{"type":"url","value":"https:\/\/natus.bynder.com\/web\/5bb265f7f6b0a631\/resource-library-neoblue-led-phototherapy-system\/","url":"https:\/\/natus.bynder.com\/web\/5bb265f7f6b0a631\/resource-library-neoblue-led-phototherapy-system\/","name":"https:\/\/natus.bynder.com\/web\/5bb265f7f6b0a631\/resource-library-neoblue-led-phototherapy-system\/","title":"neoBLUE LED Ressourcen","target":"_blank"}},{"label":"Support","label_background_color":"#154284","image":false,"title":"Benutzerhandbuch und Guides (eIFUs)","link":{"type":"post","value":"883","url":"https:\/\/natussensory.com\/support\/","name":"Service &#038; Support","title":"Service und Unterst\u00fctzung","target":""}}]}},{"acf_fc_layout":"related_products","_acfe_flexible_toggle":"","tiles_3_columns_landing":{"module_options":{"":null,"module_id":"n6514140274759","module_class":"","module_background_type":"color","module_background_color":"","module_background_image":false,"module_background_video":"","activate_custom_padding":false,"padding_top_desktop":"0","padding_top_tablet":"0","padding_top_mobile":"0","padding_bottom_desktop":"0","padding_bottom_tablet":"0","padding_bottom_mobile":"0","activate_custom_margin":false,"margin_top_desktop":"0","margin_top_tablet":"0","margin_top_mobile":"0","margin_bottom_desktop":"0","margin_bottom_tablet":"0","margin_bottom_mobile":"0","disable_on":[],"content_alignment_desktop":"left","content_alignment_tablet":"left","content_alignment_mobile":"left"},"intro_text":"Verwandte Produkte","intro_text_color":"#005e63","intro_link":{"type":"post","value":"1518","url":"https:\/\/natussensory.com\/products\/","name":"Products","title":"Alle Produkte anzeigen","target":""},"tiles":[{"label":"neoBLUE Compact","label_background_color":"#154284","image":{"ID":6987,"id":6987,"title":"neoBLUE-compact_linkspot","filename":"neoBLUE-compact_linkspot.jpg","filesize":138856,"url":"https:\/\/natussensory.com\/wp-content\/uploads\/neoBLUE-compact_linkspot.jpg","link":"https:\/\/natussensory.com\/de\/produkte\/neoblue-radiometer\/neoblue-compact_linkspot-2\/","alt":"neoBLUE-compact","author":"4","description":"","caption":"","name":"neoblue-compact_linkspot-2","status":"inherit","uploaded_to":11784,"date":"2023-09-25 14:51:00","modified":"2025-08-06 14:42:57","menu_order":0,"mime_type":"image\/png","type":"image","subtype":"png","icon":"https:\/\/natussensory.com\/wp-includes\/images\/media\/default.png","width":600,"height":300,"sizes":{"thumbnail":"https:\/\/natussensory.com\/wp-content\/uploads\/neoBLUE-compact_linkspot.jpg","thumbnail-width":128,"thumbnail-height":64,"medium":"https:\/\/natussensory.com\/wp-content\/uploads\/neoBLUE-compact_linkspot.jpg","medium-width":600,"medium-height":300,"medium_large":"https:\/\/natussensory.com\/wp-content\/uploads\/neoBLUE-compact_linkspot.jpg","medium_large-width":600,"medium_large-height":300,"large":"https:\/\/natussensory.com\/wp-content\/uploads\/neoBLUE-compact_linkspot.jpg","large-width":600,"large-height":300,"1536x1536":"https:\/\/natussensory.com\/wp-content\/uploads\/neoBLUE-compact_linkspot.jpg","1536x1536-width":600,"1536x1536-height":300,"2048x2048":"https:\/\/natussensory.com\/wp-content\/uploads\/neoBLUE-compact_linkspot.jpg","2048x2048-width":600,"2048x2048-height":300}},"title":"Compact LED-Phototherapiesystem f\u00fcr Gelbsucht bei Neugeborenen","link":{"type":"post","value":"6903","url":"https:\/\/natussensory.com\/products\/neoblue-compact\/","name":"neoBLUE\u00ae Compact LED Phototherapy for Jaundice","title":"Mehr Erfahren","target":""}},{"label":"neoBLUE Blanket","label_background_color":"#154284","image":{"ID":6982,"id":6982,"title":"neoBLUE-blanket_linkspot","filename":"neoblue-blanket_linkspot.jpg","filesize":125125,"url":"https:\/\/natussensory.com\/wp-content\/uploads\/neoblue-blanket_linkspot.jpg","link":"https:\/\/natussensory.com\/de\/produkte\/neoblue-radiometer\/neoblue-blanket_linkspot-2\/","alt":"neoblue-blanket","author":"4","description":"","caption":"","name":"neoblue-blanket_linkspot-2","status":"inherit","uploaded_to":11784,"date":"2023-09-25 14:50:58","modified":"2025-08-06 14:40:12","menu_order":0,"mime_type":"image\/png","type":"image","subtype":"png","icon":"https:\/\/natussensory.com\/wp-includes\/images\/media\/default.png","width":600,"height":300,"sizes":{"thumbnail":"https:\/\/natussensory.com\/wp-content\/uploads\/neoblue-blanket_linkspot.jpg","thumbnail-width":128,"thumbnail-height":64,"medium":"https:\/\/natussensory.com\/wp-content\/uploads\/neoblue-blanket_linkspot.jpg","medium-width":600,"medium-height":300,"medium_large":"https:\/\/natussensory.com\/wp-content\/uploads\/neoblue-blanket_linkspot.jpg","medium_large-width":600,"medium_large-height":300,"large":"https:\/\/natussensory.com\/wp-content\/uploads\/neoblue-blanket_linkspot.jpg","large-width":600,"large-height":300,"1536x1536":"https:\/\/natussensory.com\/wp-content\/uploads\/neoblue-blanket_linkspot.jpg","1536x1536-width":600,"1536x1536-height":300,"2048x2048":"https:\/\/natussensory.com\/wp-content\/uploads\/neoblue-blanket_linkspot.jpg","2048x2048-width":600,"2048x2048-height":300}},"title":"Speziell f\u00fcr \u00c4rzte, Pflegepersonal und Eltern konzipiert.","link":{"type":"post","value":"6928","url":"https:\/\/natussensory.com\/products\/neoblue-blanket\/","name":"neoBLUE\u00ae blanket &#8211; LED Phototherapy System","title":"Mehr Erfahren","target":""}},{"label":"Biliband","label_background_color":"#154284","image":{"ID":6977,"id":6977,"title":"Biliband_linkspot","filename":"Biliband_linkspot.jpg","filesize":109199,"url":"https:\/\/natussensory.com\/wp-content\/uploads\/Biliband_linkspot.jpg","link":"https:\/\/natussensory.com\/de\/produkte\/neoblue-radiometer\/biliband_linkspot-2\/","alt":"Biliband","author":"4","description":"","caption":"","name":"biliband_linkspot-2","status":"inherit","uploaded_to":11784,"date":"2023-09-25 14:50:56","modified":"2025-08-06 14:33:38","menu_order":0,"mime_type":"image\/jpeg","type":"image","subtype":"jpeg","icon":"https:\/\/natussensory.com\/wp-includes\/images\/media\/default.png","width":600,"height":300,"sizes":{"thumbnail":"https:\/\/natussensory.com\/wp-content\/uploads\/Biliband_linkspot.jpg","thumbnail-width":128,"thumbnail-height":64,"medium":"https:\/\/natussensory.com\/wp-content\/uploads\/Biliband_linkspot.jpg","medium-width":600,"medium-height":300,"medium_large":"https:\/\/natussensory.com\/wp-content\/uploads\/Biliband_linkspot.jpg","medium_large-width":600,"medium_large-height":300,"large":"https:\/\/natussensory.com\/wp-content\/uploads\/Biliband_linkspot.jpg","large-width":600,"large-height":300,"1536x1536":"https:\/\/natussensory.com\/wp-content\/uploads\/Biliband_linkspot.jpg","1536x1536-width":600,"1536x1536-height":300,"2048x2048":"https:\/\/natussensory.com\/wp-content\/uploads\/Biliband_linkspot.jpg","2048x2048-width":600,"2048x2048-height":300}},"title":"Augenschutz f\u00fcr Neugeborenen-Phototherapie","link":{"type":"post","value":"6953","url":"https:\/\/natussensory.com\/products\/neoblue-radiometer-newborn-jaundice-treatment\/","name":"neoBLUE\u00ae &#8211; Radiometer &#8211; Jaundice Treatment","title":"Learn more","target":""}}]}},{"acf_fc_layout":"contact_form","_acfe_flexible_toggle":"","contact_form_landing":{"module_options":{"":null,"module_id":"contact","module_class":"","module_background_type":"color","module_background_color":"","module_background_image":false,"module_background_video":"","activate_custom_padding":false,"padding_top_desktop":0,"padding_top_tablet":"","padding_top_mobile":"","padding_bottom_desktop":"","padding_bottom_tablet":"","padding_bottom_mobile":"","activate_custom_margin":false,"margin_top_desktop":"","margin_top_tablet":"","margin_top_mobile":"","margin_bottom_desktop":"","margin_bottom_tablet":"","margin_bottom_mobile":"","disable_on":[],"content_alignment_desktop":"left","content_alignment_tablet":"left","content_alignment_mobile":"left"},"":null,"activate_intro":false,"intro_text":"","intro_text_color":"","intro_link":null,"activate_description":true,"description_title":"Kontakt","description_copy":"","embed_code":"<script charset=\"utf-8\" type=\"text\/javascript\" src=\"\/\/js.hsforms.net\/forms\/embed\/v2.js\"><\/script>\r\n<script>\r\n  hbspt.forms.create({\r\n    region: \"na1\",\r\n    portalId: \"3002890\",\r\n    formId: \"b490240a-1846-4671-a69f-cb88d0becd41\"\r\n  });\r\n<\/script>"}},{"acf_fc_layout":"simple_content","_acfe_flexible_layout_title":"Part number","_acfe_flexible_toggle":"","content_full_width_landing":{"module_options":{"":null,"module_id":"n65153a1330623","module_class":"","module_background_type":"color","module_background_color":"","module_background_image":false,"module_background_video":"","activate_custom_padding":false,"padding_top_desktop":0,"padding_top_tablet":"","padding_top_mobile":"","padding_bottom_desktop":"","padding_bottom_tablet":"","padding_bottom_mobile":"","activate_custom_margin":false,"margin_top_desktop":"","margin_top_tablet":"","margin_top_mobile":"","margin_bottom_desktop":"","margin_bottom_tablet":"","margin_bottom_mobile":"","disable_on":[],"content_alignment_desktop":"left","content_alignment_tablet":"left","content_alignment_mobile":"left"},"activate_custom_container_width":false,"container_width":"","content":"<p><span style=\"font-size: 11px;\">1 Subcommittee on Hyperbilirubinemia. American Academy of Pediatrics clinical practice guideline: Management of hyperbilirubinemia in the newborn infant 35 or more weeks of gestation. Pediatrics. 2004; 114(1):297-316.<br \/>\n2 Vreman HJ, et al. Light-emitting diodes: a novel light source for phototherapy. Pediatric Research. 1998; 44(5):804-809.<\/span><\/p>\n<p>&nbsp;<\/p>\n<p><span style=\"font-size: 11px;\">003967 RevH<\/span><\/p>\n"}}]},"_links":{"self":[{"href":"https:\/\/natussensory.com\/de\/wp-json\/wp\/v2\/pages\/11732","targetHints":{"allow":["GET"]}}],"collection":[{"href":"https:\/\/natussensory.com\/de\/wp-json\/wp\/v2\/pages"}],"about":[{"href":"https:\/\/natussensory.com\/de\/wp-json\/wp\/v2\/types\/page"}],"author":[{"embeddable":true,"href":"https:\/\/natussensory.com\/de\/wp-json\/wp\/v2\/users\/4"}],"replies":[{"embeddable":true,"href":"https:\/\/natussensory.com\/de\/wp-json\/wp\/v2\/comments?post=11732"}],"version-history":[{"count":6,"href":"https:\/\/natussensory.com\/de\/wp-json\/wp\/v2\/pages\/11732\/revisions"}],"predecessor-version":[{"id":27711,"href":"https:\/\/natussensory.com\/de\/wp-json\/wp\/v2\/pages\/11732\/revisions\/27711"}],"up":[{"embeddable":true,"href":"https:\/\/natussensory.com\/de\/wp-json\/wp\/v2\/pages\/11016"}],"wp:attachment":[{"href":"https:\/\/natussensory.com\/de\/wp-json\/wp\/v2\/media?parent=11732"}],"wp:term":[{"taxonomy":"category","embeddable":true,"href":"https:\/\/natussensory.com\/de\/wp-json\/wp\/v2\/categories?post=11732"},{"taxonomy":"post_tag","embeddable":true,"href":"https:\/\/natussensory.com\/de\/wp-json\/wp\/v2\/tags?post=11732"}],"curies":[{"name":"wp","href":"https:\/\/api.w.org\/{rel}","templated":true}]}}