{"id":11711,"date":"2023-09-22T08:58:14","date_gmt":"2023-09-22T08:58:14","guid":{"rendered":"https:\/\/natussensory.com\/sensory\/datalink-for-retcam-envision\/"},"modified":"2025-10-23T09:19:34","modified_gmt":"2025-10-23T09:19:34","slug":"datalink-fur-retcam-envision","status":"publish","type":"page","link":"https:\/\/natussensory.com\/de\/produkte\/datalink-fur-retcam-envision\/","title":{"rendered":"DataLink for RetCam\u00ae Envision &#8211; Remote-Retinographie"},"content":{"rendered":"","protected":false},"excerpt":{"rendered":"","protected":false},"author":4,"featured_media":0,"parent":11016,"menu_order":0,"comment_status":"closed","ping_status":"closed","template":"templates\/page-sensory-solutions-product-landing.php","meta":{"_acf_changed":false,"inline_featured_image":false,"footnotes":""},"categories":[308],"tags":[],"class_list":["post-11711","page","type-page","status-publish","hentry","category-ophthalmische-bildgebung"],"acf":{"content_blocks":[{"acf_fc_layout":"spacer","_acfe_flexible_toggle":"","spacer":{"module_options":{"":null,"module_id":"n651532302a501","module_class":"","module_background_type":"color","module_background_color":"#473089","module_background_image":false,"module_background_video":"","activate_custom_padding":false,"padding_top_desktop":"0","padding_top_tablet":"0","padding_top_mobile":"0","padding_bottom_desktop":"0","padding_bottom_tablet":"0","padding_bottom_mobile":"0","activate_custom_margin":false,"margin_top_desktop":"0","margin_top_tablet":"0","margin_top_mobile":"0","margin_bottom_desktop":"0","margin_bottom_tablet":"0","margin_bottom_mobile":"0","disable_on":[],"content_alignment_desktop":"left","content_alignment_tablet":"left","content_alignment_mobile":"left"},"height":"160"}},{"acf_fc_layout":"intro_with_sticky_image","_acfe_flexible_toggle":"","left_content_right_image_sticky":{"module_options":{"":null,"module_id":"n6515323031f76","module_class":"","module_background_type":"color","module_background_color":"","module_background_image":false,"module_background_video":"","activate_custom_padding":false,"padding_top_desktop":"0","padding_top_tablet":"0","padding_top_mobile":"0","padding_bottom_desktop":"0","padding_bottom_tablet":"0","padding_bottom_mobile":"0","activate_custom_margin":false,"margin_top_desktop":"0","margin_top_tablet":"0","margin_top_mobile":"0","margin_bottom_desktop":"0","margin_bottom_tablet":"0","margin_bottom_mobile":"0","disable_on":[],"content_alignment_desktop":"left","content_alignment_tablet":"left","content_alignment_mobile":"left"},"":null,"title":"DataLink f\u00fcr RetCam<sup>\u00ae<\/sup> Envision zur Remote-\u00dcberpr\u00fcfung","subheader":"<h4>Innovatives Hilfsmittel bietet nahtlose Integration<\/h4>\n<p>DataLink f\u00fcr RetCam Envision ist eine neue innovative Cloud-basierte Plattform zur Verwaltung der Bilder und Daten von p\u00e4diatrischen Augenuntersuchungen. DataLink wird zusammen mit RetCam Envision verwendet, um Funktionen f\u00fcr die Remote-\u00dcberpr\u00fcfung, erweiterte Interpretation, Kommunikation und Berichterstellung bereitzustellen. Nutzen Sie diese sichere und praktische zentralisierte L\u00f6sung, um Ihre klinischen Arbeitsabl\u00e4ufe zu optimieren.<\/p>\n<p>&nbsp;<\/p>\n<p><span style=\"font-size: 11px;\">Produkte sind m\u00f6glicherweise nicht in allen L\u00e4ndern erh\u00e4ltlich. Wenden Sie sich f\u00fcr l\u00e4nderspezifische Informationen bitte an Natus.<\/span><\/p>\n","icons":false,"quick_navigation":[{"quick_link":{"type":"url","value":"#contact","url":"#contact","name":"#contact","title":"angebot anfragen","target":""}},{"quick_link":{"type":"url","value":"#info","url":"#info","name":"#info","title":"Mehr Details erkunden","target":""}}],"description":"","message_label":" ","message_title":"Suchen Sie einen Produktservice oder technische Unterst\u00fctzung?","message_link":{"type":"post","value":"883","url":"https:\/\/natussensory.com\/support\/","name":"Service &#038; Support","title":" Service und Unterst\u00fctzung","target":""},"right_sticky_image":{"ID":6480,"id":6480,"title":"DataLink_product thumbnail","filename":"DataLink_product-thumbnail-1.png","filesize":138097,"url":"https:\/\/natussensory.com\/wp-content\/uploads\/DataLink_product-thumbnail-1.png","link":"https:\/\/natussensory.com\/de\/produkte\/datalink-fur-retcam-envision\/datalink_product-thumbnail-2\/","alt":"Retinal image and electronic medical record interface using Datalink for RetCam Envision, facilitating integrated eye screening documentation.","author":"4","description":"","caption":"","name":"datalink_product-thumbnail-2","status":"inherit","uploaded_to":11711,"date":"2023-09-22 09:25:06","modified":"2025-05-07 08:08:37","menu_order":0,"mime_type":"image\/png","type":"image","subtype":"png","icon":"https:\/\/natussensory.com\/wp-includes\/images\/media\/default.png","width":500,"height":354,"sizes":{"thumbnail":"https:\/\/natussensory.com\/wp-content\/uploads\/DataLink_product-thumbnail-1.png","thumbnail-width":128,"thumbnail-height":91,"medium":"https:\/\/natussensory.com\/wp-content\/uploads\/DataLink_product-thumbnail-1.png","medium-width":500,"medium-height":354,"medium_large":"https:\/\/natussensory.com\/wp-content\/uploads\/DataLink_product-thumbnail-1.png","medium_large-width":500,"medium_large-height":354,"large":"https:\/\/natussensory.com\/wp-content\/uploads\/DataLink_product-thumbnail-1.png","large-width":500,"large-height":354,"1536x1536":"https:\/\/natussensory.com\/wp-content\/uploads\/DataLink_product-thumbnail-1.png","1536x1536-width":500,"1536x1536-height":354,"2048x2048":"https:\/\/natussensory.com\/wp-content\/uploads\/DataLink_product-thumbnail-1.png","2048x2048-width":500,"2048x2048-height":354}}}},{"acf_fc_layout":"simple_content","_acfe_flexible_toggle":"","content_full_width_landing":{"module_options":{"":null,"module_id":"n651532303d50f","module_class":"","module_background_type":"color","module_background_color":"","module_background_image":false,"module_background_video":"","activate_custom_padding":false,"padding_top_desktop":"0","padding_top_tablet":"0","padding_top_mobile":"0","padding_bottom_desktop":"0","padding_bottom_tablet":"0","padding_bottom_mobile":"0","activate_custom_margin":false,"margin_top_desktop":"0","margin_top_tablet":"0","margin_top_mobile":"0","margin_bottom_desktop":"0","margin_bottom_tablet":"0","margin_bottom_mobile":"0","disable_on":[],"content_alignment_desktop":"left","content_alignment_tablet":"left","content_alignment_mobile":"left"},"activate_custom_container_width":false,"container_width":"","content":"<h2>P\u00e4diatrische Augenbildgebung der n\u00e4chsten Generation \u2013 vernetzt!<\/h2>\n<p><img loading=\"lazy\" decoding=\"async\" class=\"aligncenter size-full wp-image-11718\" src=\"https:\/\/natussensory.com\/wp-content\/uploads\/DataLink-DE.png\" alt=\"\" width=\"670\" height=\"478\" \/><\/p>\n<p>&nbsp;<\/p>\n"}},{"acf_fc_layout":"product_details_right_image_and_left_content","_acfe_flexible_toggle":"","right_image_left_content_single_cta_landing":{"module_options":{"":null,"module_id":"n65153230444a4","module_class":"","module_background_type":"color","module_background_color":"","module_background_image":false,"module_background_video":"","activate_custom_padding":false,"padding_top_desktop":"0","padding_top_tablet":"0","padding_top_mobile":"0","padding_bottom_desktop":"0","padding_bottom_tablet":"0","padding_bottom_mobile":"0","activate_custom_margin":false,"margin_top_desktop":"0","margin_top_tablet":"0","margin_top_mobile":"0","margin_bottom_desktop":"0","margin_bottom_tablet":"0","margin_bottom_mobile":"0","disable_on":[],"content_alignment_desktop":"left","content_alignment_tablet":"left","content_alignment_mobile":"left"},"":null,"label":"","title":"Erweiterte Remote-\u00dcberpr\u00fcfung zu einem f\u00fcr Sie und Ihren Patienten geeigneten Zeitpunkt ","description":"<p>Nutzen Sie die Vorteile einer zentralisierten internetbasierten Plattform f\u00fcr den Zugriff auf zeitkritische Patientendaten und die Kommentierung von Bildern ohne Verz\u00f6gerung. Geben Sie diagnostische Ergebnisse auf einfache Weise in die benutzerfreundliche Berichtsvorlage ein und erm\u00f6glichen Sie die gemeinsame Verwendung der Berichtsdaten durch elektronische Patientenakten der Bildgebungseinrichtung. Erweitern Sie Ihre Reichweite auf das gesamte Untersuchungsverfahren.<\/p>\n","link":null,"image":{"ID":6490,"id":6490,"title":"DataLink_clinicians_spot","filename":"DataLink_clinicians_spot2.jpg","filesize":282980,"url":"https:\/\/natussensory.com\/wp-content\/uploads\/DataLink_clinicians_spot2.jpg","link":"https:\/\/natussensory.com\/de\/produkte\/datalink-fur-retcam-envision\/datalink_clinicians_spot-2\/","alt":"Healthcare professional using DataLink for RetCam Envision on a clinical workstation while a doctor observes, showcasing digital workflow integration for ophthalmic imaging and reporting.","author":"4","description":"","caption":"","name":"datalink_clinicians_spot-2","status":"inherit","uploaded_to":11711,"date":"2023-09-22 09:26:01","modified":"2025-05-07 08:10:43","menu_order":0,"mime_type":"image\/png","type":"image","subtype":"png","icon":"https:\/\/natussensory.com\/wp-includes\/images\/media\/default.png","width":800,"height":450,"sizes":{"thumbnail":"https:\/\/natussensory.com\/wp-content\/uploads\/DataLink_clinicians_spot2.jpg","thumbnail-width":128,"thumbnail-height":72,"medium":"https:\/\/natussensory.com\/wp-content\/uploads\/DataLink_clinicians_spot2.jpg","medium-width":800,"medium-height":450,"medium_large":"https:\/\/natussensory.com\/wp-content\/uploads\/DataLink_clinicians_spot-768x432.png","medium_large-width":768,"medium_large-height":432,"large":"https:\/\/natussensory.com\/wp-content\/uploads\/DataLink_clinicians_spot2.jpg","large-width":800,"large-height":450,"1536x1536":"https:\/\/natussensory.com\/wp-content\/uploads\/DataLink_clinicians_spot2.jpg","1536x1536-width":800,"1536x1536-height":450,"2048x2048":"https:\/\/natussensory.com\/wp-content\/uploads\/DataLink_clinicians_spot2.jpg","2048x2048-width":800,"2048x2048-height":450}}}},{"acf_fc_layout":"product_details_left_image_and_right_content","_acfe_flexible_toggle":"","left_image_right_content_single_cta_landing":{"module_options":{"":null,"module_id":"n651532304d080","module_class":"","module_background_type":"color","module_background_color":"","module_background_image":false,"module_background_video":"","activate_custom_padding":false,"padding_top_desktop":"0","padding_top_tablet":"0","padding_top_mobile":"0","padding_bottom_desktop":"0","padding_bottom_tablet":"0","padding_bottom_mobile":"0","activate_custom_margin":false,"margin_top_desktop":"0","margin_top_tablet":"0","margin_top_mobile":"0","margin_bottom_desktop":"0","margin_bottom_tablet":"0","margin_bottom_mobile":"0","disable_on":[],"content_alignment_desktop":"left","content_alignment_tablet":"left","content_alignment_mobile":"left"},"image":{"ID":6273,"id":6273,"title":"Retcam-Envision_DataLink_spot","filename":"Retcam-Envision_DataLink_spot.jpg","filesize":150028,"url":"https:\/\/natussensory.com\/wp-content\/uploads\/Retcam-Envision_DataLink_spot.jpg","link":"https:\/\/natussensory.com\/de\/produkte\/retcam-envision\/retcam-envision_datalink_spot-2\/","alt":"Physician using a laptop to review retinal imaging and screening data via DataLink and RetCam Envision, enabling cloud-based remote diagnostics and reporting.","author":"4","description":"","caption":"","name":"retcam-envision_datalink_spot-2","status":"inherit","uploaded_to":11696,"date":"2023-09-21 20:36:35","modified":"2025-05-22 13:23:56","menu_order":0,"mime_type":"image\/jpeg","type":"image","subtype":"jpeg","icon":"https:\/\/natussensory.com\/wp-includes\/images\/media\/default.png","width":800,"height":450,"sizes":{"thumbnail":"https:\/\/natussensory.com\/wp-content\/uploads\/Retcam-Envision_DataLink_spot.jpg","thumbnail-width":128,"thumbnail-height":72,"medium":"https:\/\/natussensory.com\/wp-content\/uploads\/Retcam-Envision_DataLink_spot.jpg","medium-width":800,"medium-height":450,"medium_large":"https:\/\/natussensory.com\/wp-content\/uploads\/Retcam-Envision_DataLink_spot-768x432.jpg","medium_large-width":768,"medium_large-height":432,"large":"https:\/\/natussensory.com\/wp-content\/uploads\/Retcam-Envision_DataLink_spot.jpg","large-width":800,"large-height":450,"1536x1536":"https:\/\/natussensory.com\/wp-content\/uploads\/Retcam-Envision_DataLink_spot.jpg","1536x1536-width":800,"1536x1536-height":450,"2048x2048":"https:\/\/natussensory.com\/wp-content\/uploads\/Retcam-Envision_DataLink_spot.jpg","2048x2048-width":800,"2048x2048-height":450}},"label":"","title":"Integriertes Datenmanagement in der Google Cloud Platform","description":"<p>DataLink erm\u00f6glicht Ihnen die sichere \u00dcberwachung von Bildgebungsuntersuchungen im Laufe des gesamten Screenings. Die erfassten Bilder werden mithilfe einer vollst\u00e4ndig verwaltbaren digitalen Arbeitsumgebung auf sichere Weise \u00fcbertragen, angezeigt und gespeichert. Sie k\u00f6nnen je nach Notwendigkeit Berichte vereinfachen, benutzerdefinierte Ansichten ausw\u00e4hlen und Daten abrufen. Nutzen Sie die Vorteile von nahtloser Integration und standardisiertem Datenaustausch.<\/p>\n","link":null}},{"acf_fc_layout":"simple_content","_acfe_flexible_toggle":"","content_full_width_landing":{"module_options":{"":null,"module_id":"n6515323055bfb","module_class":"","module_background_type":"color","module_background_color":"","module_background_image":false,"module_background_video":"","activate_custom_padding":false,"padding_top_desktop":"0","padding_top_tablet":"0","padding_top_mobile":"0","padding_bottom_desktop":"0","padding_bottom_tablet":"0","padding_bottom_mobile":"0","activate_custom_margin":false,"margin_top_desktop":"0","margin_top_tablet":"0","margin_top_mobile":"0","margin_bottom_desktop":"0","margin_bottom_tablet":"0","margin_bottom_mobile":"0","disable_on":[],"content_alignment_desktop":"left","content_alignment_tablet":"left","content_alignment_mobile":"left"},"activate_custom_container_width":false,"container_width":"","content":"<h4>Verwalten Sie Patienten mithilfe eines optimierten klinischen Arbeitsablaufs auf zeitnahe und effektive Weise<\/h4>\n<p>Integrieren Sie die Datenverwaltung und erm\u00f6glichen Sie eine hochentwickelte Fern\u00fcberwachung an einem zentralen Standort, ohne dass ein Patiententransfer erforderlich ist. Der Ophthalmologe erh\u00e4lt einfachen Zugriff auf Bilder zur Auswertung und Berichterstellung. Ihr RetCam Envision System erh\u00e4lt die Untersuchungsdaten automatisch von einer Modalit\u00e4tsarbeitsliste, wodurch der Arbeitsablauf vereinfacht wird. DataLink bietet Ihnen neue M\u00f6glichkeiten der Zusammenarbeit bei der Versorgung von Patienten.<\/p>\n"}},{"acf_fc_layout":"related_products","_acfe_flexible_layout_title":"Resources and Support","_acfe_flexible_toggle":"","tiles_3_columns_landing":{"module_options":{"":null,"module_id":"info","module_class":"","module_background_type":"color","module_background_color":"","module_background_image":false,"module_background_video":"","activate_custom_padding":false,"padding_top_desktop":"0","padding_top_tablet":"0","padding_top_mobile":"0","padding_bottom_desktop":"0","padding_bottom_tablet":"0","padding_bottom_mobile":"0","activate_custom_margin":false,"margin_top_desktop":"0","margin_top_tablet":"0","margin_top_mobile":"0","margin_bottom_desktop":"0","margin_bottom_tablet":"0","margin_bottom_mobile":"0","disable_on":[],"content_alignment_desktop":"left","content_alignment_tablet":"left","content_alignment_mobile":"left"},"intro_text":"Ressourcen und Support","intro_text_color":"","intro_link":null,"tiles":[{"label":"Ressourcen","label_background_color":"#154284","image":false,"title":"Brosch\u00fcre, Flyers, Datenblatt und mehr","link":{"type":"url","value":"https:\/\/natus.bynder.com\/web\/38a8136fcd90493e\/resource-library-retcam-envision\/","url":"https:\/\/natus.bynder.com\/web\/38a8136fcd90493e\/resource-library-retcam-envision\/","name":"https:\/\/natus.bynder.com\/web\/38a8136fcd90493e\/resource-library-retcam-envision\/","title":"Retcam Ressourcen","target":"_blank"}},{"label":"Support","label_background_color":"#154284","image":false,"title":"Benutzerhandbuch und Guides (eIFUs)","link":{"type":"post","value":"883","url":"https:\/\/natussensory.com\/support\/","name":"Service &#038; Support","title":"Service und Unterst\u00fctzung","target":""}}]}},{"acf_fc_layout":"related_products","_acfe_flexible_toggle":"","tiles_3_columns_landing":{"module_options":{"":null,"module_id":"n651532306d5d4","module_class":"","module_background_type":"color","module_background_color":"","module_background_image":false,"module_background_video":"","activate_custom_padding":false,"padding_top_desktop":"0","padding_top_tablet":"0","padding_top_mobile":"0","padding_bottom_desktop":"0","padding_bottom_tablet":"0","padding_bottom_mobile":"0","activate_custom_margin":false,"margin_top_desktop":"0","margin_top_tablet":"0","margin_top_mobile":"0","margin_bottom_desktop":"0","margin_bottom_tablet":"0","margin_bottom_mobile":"0","disable_on":[],"content_alignment_desktop":"left","content_alignment_tablet":"left","content_alignment_mobile":"left"},"intro_text":"Verwandte Produkte","intro_text_color":"","intro_link":null,"tiles":[{"label":"RetCam Envision","label_background_color":"#154284","image":{"ID":6474,"id":6474,"title":"RetCam Envision_linkspot","filename":"RetCam-Envision_linkspot2.jpg","filesize":113519,"url":"https:\/\/natussensory.com\/wp-content\/uploads\/RetCam-Envision_linkspot2.jpg","link":"https:\/\/natussensory.com\/de\/produkte\/datalink-fur-retcam-envision\/retcam-envision_linkspot-2\/","alt":"","author":"4","description":"","caption":"","name":"retcam-envision_linkspot-2","status":"inherit","uploaded_to":11711,"date":"2023-09-22 08:55:27","modified":"2023-09-22 08:55:27","menu_order":0,"mime_type":"image\/jpeg","type":"image","subtype":"jpeg","icon":"https:\/\/natussensory.com\/wp-includes\/images\/media\/default.png","width":600,"height":300,"sizes":{"thumbnail":"https:\/\/natussensory.com\/wp-content\/uploads\/RetCam-Envision_linkspot2.jpg","thumbnail-width":128,"thumbnail-height":64,"medium":"https:\/\/natussensory.com\/wp-content\/uploads\/RetCam-Envision_linkspot2.jpg","medium-width":600,"medium-height":300,"medium_large":"https:\/\/natussensory.com\/wp-content\/uploads\/RetCam-Envision_linkspot2.jpg","medium_large-width":600,"medium_large-height":300,"large":"https:\/\/natussensory.com\/wp-content\/uploads\/RetCam-Envision_linkspot2.jpg","large-width":600,"large-height":300,"1536x1536":"https:\/\/natussensory.com\/wp-content\/uploads\/RetCam-Envision_linkspot2.jpg","1536x1536-width":600,"1536x1536-height":300,"2048x2048":"https:\/\/natussensory.com\/wp-content\/uploads\/RetCam-Envision_linkspot2.jpg","2048x2048-width":600,"2048x2048-height":300}},"title":"Augenmedizinisches Bildgebungssystem","link":{"type":"post","value":"6257","url":"https:\/\/natussensory.com\/products\/retcam-envision\/","name":"RetCam\u00ae &#8211; Envision ophthalmic imaging system","title":"Mehr Erfahren","target":""}},{"label":"DataLink","label_background_color":"#00aaa7","image":false,"title":"Sie verwenden DataLink f\u00fcr RetCam Envision bereits? ","link":{"type":"url","value":"https:\/\/natus.ambrahealth.com\/","url":"https:\/\/natus.ambrahealth.com\/","name":"https:\/\/natus.ambrahealth.com\/","title":"Klicken Sie hier, um sich a\u2026","target":"_blank"}}]}},{"acf_fc_layout":"contact_form","_acfe_flexible_toggle":"","contact_form_landing":{"module_options":{"":null,"module_id":"contact","module_class":"","module_background_type":"color","module_background_color":"","module_background_image":false,"module_background_video":"","activate_custom_padding":false,"padding_top_desktop":"0","padding_top_tablet":"0","padding_top_mobile":"0","padding_bottom_desktop":"0","padding_bottom_tablet":"0","padding_bottom_mobile":"0","activate_custom_margin":false,"margin_top_desktop":"0","margin_top_tablet":"0","margin_top_mobile":"0","margin_bottom_desktop":"0","margin_bottom_tablet":"0","margin_bottom_mobile":"0","disable_on":[],"content_alignment_desktop":"left","content_alignment_tablet":"left","content_alignment_mobile":"left"},"":null,"activate_intro":false,"intro_text":"","intro_text_color":"","intro_link":null,"activate_description":true,"description_title":"Kontakt","description_copy":"","embed_code":"<script charset=\"utf-8\" type=\"text\/javascript\" src=\"\/\/js.hsforms.net\/forms\/embed\/v2.js\"><\/script>\r\n<script>\r\n  hbspt.forms.create({\r\n    region: \"na1\",\r\n    portalId: \"3002890\",\r\n    formId: \"b490240a-1846-4671-a69f-cb88d0becd41\"\r\n  });\r\n<\/script>"}},{"acf_fc_layout":"simple_content","_acfe_flexible_layout_title":"Part Number","_acfe_flexible_toggle":"","content_full_width_landing":{"module_options":{"":null,"module_id":"n6515323081d9b","module_class":"","module_background_type":"color","module_background_color":"","module_background_image":false,"module_background_video":"","activate_custom_padding":false,"padding_top_desktop":"0","padding_top_tablet":"0","padding_top_mobile":"0","padding_bottom_desktop":"0","padding_bottom_tablet":"0","padding_bottom_mobile":"0","activate_custom_margin":false,"margin_top_desktop":"0","margin_top_tablet":"0","margin_top_mobile":"0","margin_bottom_desktop":"0","margin_bottom_tablet":"0","margin_bottom_mobile":"0","disable_on":[],"content_alignment_desktop":"left","content_alignment_tablet":"left","content_alignment_mobile":"left"},"activate_custom_container_width":false,"container_width":"","content":"<p><span style=\"font-size: 11px;\">036869 RevA<\/span><\/p>\n"}}]},"_links":{"self":[{"href":"https:\/\/natussensory.com\/de\/wp-json\/wp\/v2\/pages\/11711","targetHints":{"allow":["GET"]}}],"collection":[{"href":"https:\/\/natussensory.com\/de\/wp-json\/wp\/v2\/pages"}],"about":[{"href":"https:\/\/natussensory.com\/de\/wp-json\/wp\/v2\/types\/page"}],"author":[{"embeddable":true,"href":"https:\/\/natussensory.com\/de\/wp-json\/wp\/v2\/users\/4"}],"replies":[{"embeddable":true,"href":"https:\/\/natussensory.com\/de\/wp-json\/wp\/v2\/comments?post=11711"}],"version-history":[{"count":9,"href":"https:\/\/natussensory.com\/de\/wp-json\/wp\/v2\/pages\/11711\/revisions"}],"predecessor-version":[{"id":27772,"href":"https:\/\/natussensory.com\/de\/wp-json\/wp\/v2\/pages\/11711\/revisions\/27772"}],"up":[{"embeddable":true,"href":"https:\/\/natussensory.com\/de\/wp-json\/wp\/v2\/pages\/11016"}],"wp:attachment":[{"href":"https:\/\/natussensory.com\/de\/wp-json\/wp\/v2\/media?parent=11711"}],"wp:term":[{"taxonomy":"category","embeddable":true,"href":"https:\/\/natussensory.com\/de\/wp-json\/wp\/v2\/categories?post=11711"},{"taxonomy":"post_tag","embeddable":true,"href":"https:\/\/natussensory.com\/de\/wp-json\/wp\/v2\/tags?post=11711"}],"curies":[{"name":"wp","href":"https:\/\/api.w.org\/{rel}","templated":true}]}}