{"id":11689,"date":"2023-09-20T11:07:26","date_gmt":"2023-09-20T11:07:26","guid":{"rendered":"https:\/\/natussensory.com\/sensory\/ics-aircal\/"},"modified":"2025-10-22T12:17:02","modified_gmt":"2025-10-22T12:17:02","slug":"ics-aircal","status":"publish","type":"page","link":"https:\/\/natussensory.com\/de\/produkte\/ics-aircal\/","title":{"rendered":"ICS\u00ae Aircal &#8211; Kalorischer Irrigator"},"content":{"rendered":"","protected":false},"excerpt":{"rendered":"","protected":false},"author":4,"featured_media":0,"parent":11016,"menu_order":0,"comment_status":"closed","ping_status":"closed","template":"templates\/page-sensory-solutions-product-landing.php","meta":{"_acf_changed":false,"inline_featured_image":false,"footnotes":""},"categories":[306],"tags":[],"class_list":["post-11689","page","type-page","status-publish","hentry","category-vestibularis-diagnostik"],"acf":{"content_blocks":[{"acf_fc_layout":"spacer","_acfe_flexible_toggle":"","spacer":{"module_options":{"":null,"module_id":"n6515300f377ca","module_class":"","module_background_type":"color","module_background_color":"#473089","module_background_image":false,"module_background_video":"","activate_custom_padding":false,"padding_top_desktop":"0","padding_top_tablet":"0","padding_top_mobile":"0","padding_bottom_desktop":"0","padding_bottom_tablet":"0","padding_bottom_mobile":"0","activate_custom_margin":false,"margin_top_desktop":"0","margin_top_tablet":"0","margin_top_mobile":"0","margin_bottom_desktop":"0","margin_bottom_tablet":"0","margin_bottom_mobile":"0","disable_on":[],"content_alignment_desktop":"left","content_alignment_tablet":"left","content_alignment_mobile":"left"},"height":"160"}},{"acf_fc_layout":"intro_with_sticky_image","_acfe_flexible_toggle":"","left_content_right_image_sticky":{"module_options":{"":null,"module_id":"n6515300f3f908","module_class":"","module_background_type":"color","module_background_color":"","module_background_image":false,"module_background_video":"","activate_custom_padding":false,"padding_top_desktop":"0","padding_top_tablet":"0","padding_top_mobile":"0","padding_bottom_desktop":"0","padding_bottom_tablet":"0","padding_bottom_mobile":"0","activate_custom_margin":false,"margin_top_desktop":"0","margin_top_tablet":"0","margin_top_mobile":"0","margin_bottom_desktop":"0","margin_bottom_tablet":"0","margin_bottom_mobile":"0","disable_on":[],"content_alignment_desktop":"left","content_alignment_tablet":"left","content_alignment_mobile":"left"},"":null,"title":"ICS<sup>\u00ae<\/sup> Aircal - luftkalorische Pr\u00fcfung","subheader":"<p>Mit dem ICS Aircal steht Ihnen ein modernes Instrument f\u00fcr die kalorische \u00dcberpr\u00fcfung auf Gold-Standard-Niveau zur Verf\u00fcgung. Es vereint die praktischen Vorteile und den Patientenkomfort der Luftkalorik mit der Genauigkeit von Wassersp\u00fclungen. Da kein Wasser aufgefangen werden muss, ist der gesamte Sp\u00fclvorgang f\u00fcr den Arzt einfacher und f\u00fcr den Patienten angenehmer.<\/p>\n<p>&nbsp;<\/p>\n<p>F\u00fchren Sie mit dem Luftkaloristat ICS Aircal eine zuverl\u00e4ssige kalorische Pr\u00fcfung durch.<\/p>\n","icons":false,"quick_navigation":[{"quick_link":{"type":"url","value":"#contact","url":"#contact","name":"#contact","title":"angebot anfragen","target":""}},{"quick_link":{"type":"url","value":"#info","url":"#info","name":"#info","title":"Mehr Details erkunden","target":""}}],"description":"","message_label":" ","message_title":"Suchen Sie einen Produktservice oder technische Unterst\u00fctzung?","message_link":{"type":"post","value":"883","url":"https:\/\/natussensory.com\/support\/","name":"Service &#038; Support","title":"  Service und Unterst\u00fctzung","target":""},"right_sticky_image":{"ID":5662,"id":5662,"title":"Aircal_product thumbnail","filename":"Aircal_product-thumbnail.png","filesize":130518,"url":"https:\/\/natussensory.com\/wp-content\/uploads\/Aircal_product-thumbnail.png","link":"https:\/\/natussensory.com\/de\/produkte\/ics-aircal\/aircal_product-thumbnail-2\/","alt":"Natus ICS AirCal caloric irrigation device with attached handpiece, used for vestibular testing and balance assessment.","author":"4","description":"Calloric Irrigator","caption":"","name":"aircal_product-thumbnail-2","status":"inherit","uploaded_to":11689,"date":"2023-09-20 11:54:50","modified":"2025-05-27 08:13:34","menu_order":0,"mime_type":"image\/png","type":"image","subtype":"png","icon":"https:\/\/natussensory.com\/wp-includes\/images\/media\/default.png","width":500,"height":338,"sizes":{"thumbnail":"https:\/\/natussensory.com\/wp-content\/uploads\/Aircal_product-thumbnail.png","thumbnail-width":128,"thumbnail-height":87,"medium":"https:\/\/natussensory.com\/wp-content\/uploads\/Aircal_product-thumbnail.png","medium-width":500,"medium-height":338,"medium_large":"https:\/\/natussensory.com\/wp-content\/uploads\/Aircal_product-thumbnail.png","medium_large-width":500,"medium_large-height":338,"large":"https:\/\/natussensory.com\/wp-content\/uploads\/Aircal_product-thumbnail.png","large-width":500,"large-height":338,"1536x1536":"https:\/\/natussensory.com\/wp-content\/uploads\/Aircal_product-thumbnail.png","1536x1536-width":500,"1536x1536-height":338,"2048x2048":"https:\/\/natussensory.com\/wp-content\/uploads\/Aircal_product-thumbnail.png","2048x2048-width":500,"2048x2048-height":338}}}},{"acf_fc_layout":"simple_content","_acfe_flexible_toggle":"","content_full_width_landing":{"module_options":{"":null,"module_id":"n6515300f4bd3e","module_class":"","module_background_type":"color","module_background_color":"","module_background_image":false,"module_background_video":"","activate_custom_padding":false,"padding_top_desktop":"0","padding_top_tablet":"0","padding_top_mobile":"0","padding_bottom_desktop":"0","padding_bottom_tablet":"0","padding_bottom_mobile":"0","activate_custom_margin":false,"margin_top_desktop":"0","margin_top_tablet":"0","margin_top_mobile":"0","margin_bottom_desktop":"0","margin_bottom_tablet":"0","margin_bottom_mobile":"0","disable_on":[],"content_alignment_desktop":"left","content_alignment_tablet":"left","content_alignment_mobile":"left"},"activate_custom_container_width":false,"container_width":"","content":"<h2>Zuverl\u00e4ssige luftkalorische Pr\u00fcfung<\/h2>\n<p><img loading=\"lazy\" decoding=\"async\" class=\"aligncenter size-full wp-image-5665\" src=\"https:\/\/natussensory.com\/wp-content\/uploads\/Aircal_banner.jpg\" alt=\"\" width=\"1733\" height=\"800\" srcset=\"https:\/\/natussensory.com\/wp-content\/uploads\/Aircal_banner.jpg 1733w, https:\/\/natussensory.com\/wp-content\/uploads\/Aircal_banner-768x355.jpg 768w, https:\/\/natussensory.com\/wp-content\/uploads\/Aircal_banner-1536x709.jpg 1536w\" sizes=\"auto, (max-width: 1733px) 100vw, 1733px\" \/><\/p>\n"}},{"acf_fc_layout":"product_details_right_image_and_left_content","_acfe_flexible_toggle":"","right_image_left_content_single_cta_landing":{"module_options":{"":null,"module_id":"n6515300f53708","module_class":"","module_background_type":"color","module_background_color":"","module_background_image":false,"module_background_video":"","activate_custom_padding":false,"padding_top_desktop":"0","padding_top_tablet":"0","padding_top_mobile":"0","padding_bottom_desktop":"0","padding_bottom_tablet":"0","padding_bottom_mobile":"0","activate_custom_margin":false,"margin_top_desktop":"0","margin_top_tablet":"0","margin_top_mobile":"0","margin_bottom_desktop":"0","margin_bottom_tablet":"0","margin_bottom_mobile":"0","disable_on":[],"content_alignment_desktop":"left","content_alignment_tablet":"left","content_alignment_mobile":"left"},"":null,"label":"","title":"Luftkalorische Pr\u00fcfung mit ICS Aircal \u2013 genaue Pr\u00fcfung ohne Wasser","description":"<p>Als Kernelement von VNG\/ENG- Tests erfordert die kalorische Pr\u00fcfung, dass die an die beiden Ohren abgegebenen Reize genau gleich sind. Die Forschung best\u00e4tigt, dass durch die Verwendung von Lufttemperaturen zwischen 24\u00b0C und 50\u00b0C eine vergleichbare Reaktion hervorgerufen wird, ebenso wie durch die Sp\u00fclung mit Wasser.<\/p>\n<p>&nbsp;<\/p>\n<p>ICS Aircal erw\u00e4rmt und k\u00fchlt die Luft in einem Temperaturbereich von 12\u00b0C bis 50\u00b0C und steuert die Temperatur der an den Patienten abgegebenen Luft exakt, indem es sie an der Spitze des Zufuhrschlauchs kontrolliert.<\/p>\n<p>&nbsp;<\/p>\n<p>Dank des speziell konzipierten Sp\u00fclkopfes kann der pr\u00fcfende Arzt das Trommelfell sehen und die Reizabgabe genau steuern. Dieses neue Design sorgt f\u00fcr eine flachere Lernkurve bei \u00c4rzten, die zuvor einen Wasserkaloristat verwendet haben.<\/p>\n","link":null,"image":{"ID":5682,"id":5682,"title":"Aircal_probe_spot","filename":"Aircal_probe_spot.png","filesize":146648,"url":"https:\/\/natussensory.com\/wp-content\/uploads\/Aircal_probe_spot.png","link":"https:\/\/natussensory.com\/de\/produkte\/ics-aircal\/aircal_probe_spot-2\/","alt":"Front, side, and rear views of the Natus ICS Aircal handpiece used for controlled air caloric stimulation in vestibular assessments.","author":"4","description":"","caption":"","name":"aircal_probe_spot-2","status":"inherit","uploaded_to":11689,"date":"2023-09-20 11:56:18","modified":"2025-05-27 08:14:56","menu_order":0,"mime_type":"image\/png","type":"image","subtype":"png","icon":"https:\/\/natussensory.com\/wp-includes\/images\/media\/default.png","width":800,"height":450,"sizes":{"thumbnail":"https:\/\/natussensory.com\/wp-content\/uploads\/Aircal_probe_spot.png","thumbnail-width":128,"thumbnail-height":72,"medium":"https:\/\/natussensory.com\/wp-content\/uploads\/Aircal_probe_spot.png","medium-width":800,"medium-height":450,"medium_large":"https:\/\/natussensory.com\/wp-content\/uploads\/Aircal_probe_spot-768x432.png","medium_large-width":768,"medium_large-height":432,"large":"https:\/\/natussensory.com\/wp-content\/uploads\/Aircal_probe_spot.png","large-width":800,"large-height":450,"1536x1536":"https:\/\/natussensory.com\/wp-content\/uploads\/Aircal_probe_spot.png","1536x1536-width":800,"1536x1536-height":450,"2048x2048":"https:\/\/natussensory.com\/wp-content\/uploads\/Aircal_probe_spot.png","2048x2048-width":800,"2048x2048-height":450}}}},{"acf_fc_layout":"product_details_left_image_and_right_content","_acfe_flexible_toggle":"","left_image_right_content_single_cta_landing":{"module_options":{"":null,"module_id":"n6515300f5cd67","module_class":"","module_background_type":"color","module_background_color":"","module_background_image":false,"module_background_video":"","activate_custom_padding":false,"padding_top_desktop":"0","padding_top_tablet":"0","padding_top_mobile":"0","padding_bottom_desktop":"0","padding_bottom_tablet":"0","padding_bottom_mobile":"0","activate_custom_margin":false,"margin_top_desktop":"0","margin_top_tablet":"0","margin_top_mobile":"0","margin_bottom_desktop":"0","margin_bottom_tablet":"0","margin_bottom_mobile":"0","disable_on":[],"content_alignment_desktop":"left","content_alignment_tablet":"left","content_alignment_mobile":"left"},"image":{"ID":5677,"id":5677,"title":"Aircal_air-caloric-testing_spot","filename":"Aircal_air-caloric-testing_spot.jpg","filesize":136419,"url":"https:\/\/natussensory.com\/wp-content\/uploads\/Aircal_air-caloric-testing_spot.jpg","link":"https:\/\/natussensory.com\/de\/produkte\/ics-aircal\/aircal_air-caloric-testing_spot-2\/","alt":"Clinician performing caloric irrigation with the Natus ICS Aircal on a reclining male patient wearing VNG goggles, with test results displayed on a connected laptop.","author":"4","description":"","caption":"","name":"aircal_air-caloric-testing_spot-2","status":"inherit","uploaded_to":11689,"date":"2023-09-20 11:56:16","modified":"2025-05-27 08:15:08","menu_order":0,"mime_type":"image\/jpeg","type":"image","subtype":"jpeg","icon":"https:\/\/natussensory.com\/wp-includes\/images\/media\/default.png","width":800,"height":450,"sizes":{"thumbnail":"https:\/\/natussensory.com\/wp-content\/uploads\/Aircal_air-caloric-testing_spot.jpg","thumbnail-width":128,"thumbnail-height":72,"medium":"https:\/\/natussensory.com\/wp-content\/uploads\/Aircal_air-caloric-testing_spot.jpg","medium-width":800,"medium-height":450,"medium_large":"https:\/\/natussensory.com\/wp-content\/uploads\/Aircal_air-caloric-testing_spot-768x432.jpg","medium_large-width":768,"medium_large-height":432,"large":"https:\/\/natussensory.com\/wp-content\/uploads\/Aircal_air-caloric-testing_spot.jpg","large-width":800,"large-height":450,"1536x1536":"https:\/\/natussensory.com\/wp-content\/uploads\/Aircal_air-caloric-testing_spot.jpg","1536x1536-width":800,"1536x1536-height":450,"2048x2048":"https:\/\/natussensory.com\/wp-content\/uploads\/Aircal_air-caloric-testing_spot.jpg","2048x2048-width":800,"2048x2048-height":450}},"label":"","title":"Effiziente und genaue luftkalorische Pr\u00fcfung mit ICS Aircal","description":"<p>ICS Aircal bietet einzigartige Funktionen, die die Effizienz des Workflow steigern und gleichzeitig eine genaue Pr\u00fcfung gew\u00e4hrleisten, darunter:<\/p>\n<ul>\n<li>Die intuitive digitale Anzeige mit gro\u00dfen Tasten erm\u00f6glicht eine bequeme Bedienung des Ger\u00e4ts im Dunkeln.<\/li>\n<li>Die LED-Anzeige ist leicht abgewinkelt und zeigt Werte in gro\u00dfen, hellen Zahlen an, die von verschiedenen Positionen im Raum ablesbar sind.<\/li>\n<li>F\u00fcr einen effizienten Arbeitsablauf kann die Sp\u00fclfunktion des ICS Aircal in die VNG-\/ENG-Systeme von Natus integriert werden. Die kombinierte Verwendung erm\u00f6glicht es Ihnen, beim Patienten zu bleiben, w\u00e4hrend Sie die Reihe kalorischer \u00dcberpr\u00fcfungen durchf\u00fchren.<\/li>\n<\/ul>\n","link":null}},{"acf_fc_layout":"product_details_right_image_and_left_content","_acfe_flexible_toggle":"","right_image_left_content_single_cta_landing":{"module_options":{"":null,"module_id":"n6515300f6a9be","module_class":"","module_background_type":"color","module_background_color":"","module_background_image":false,"module_background_video":"","activate_custom_padding":false,"padding_top_desktop":"0","padding_top_tablet":"0","padding_top_mobile":"0","padding_bottom_desktop":"0","padding_bottom_tablet":"0","padding_bottom_mobile":"0","activate_custom_margin":false,"margin_top_desktop":"0","margin_top_tablet":"0","margin_top_mobile":"0","margin_bottom_desktop":"0","margin_bottom_tablet":"0","margin_bottom_mobile":"0","disable_on":[],"content_alignment_desktop":"left","content_alignment_tablet":"left","content_alignment_mobile":"left"},"":null,"label":"","title":"Entdecken Sie eine flexible, besonders leise und tragbare luftkalorische Testl\u00f6sung","description":"<p>Das ICS Aircal ist ein Luftkaloristat, das flexibel, besonders leise und tragbar ist. Temperatur, Luftstrom und Dauer k\u00f6nnen an Ihre Anforderungen \u00a0angepasst werden.<\/p>\n<p>&nbsp;<\/p>\n<p>Zudem kann die Lautst\u00e4rke des Signaltons eingestellt werden, der \u00fcber das Erreichen der Reizdauer informiert. ICS Aircal ist ger\u00e4uscharm, platzsparend und leicht (8 kg) und kann bequem transportiert werden.<\/p>\n<p>&nbsp;<\/p>\n<p>F\u00fchren Sie mit ICS Aircal noch heute eine effiziente kalorische Pr\u00fcfung durch.<\/p>\n","link":null,"image":{"ID":5672,"id":5672,"title":"Aircal_product_spot","filename":"Aircal_product_spot.png","filesize":327020,"url":"https:\/\/natussensory.com\/wp-content\/uploads\/Aircal_product_spot.png","link":"https:\/\/natussensory.com\/de\/produkte\/ics-aircal\/aircal_product_spot-2\/","alt":"Natus ICS Aircal caloric irrigation device with attached handpiece and digital touchscreen interface for vestibular testing.","author":"4","description":"","caption":"","name":"aircal_product_spot-2","status":"inherit","uploaded_to":11689,"date":"2023-09-20 11:56:13","modified":"2025-05-27 08:15:21","menu_order":0,"mime_type":"image\/png","type":"image","subtype":"png","icon":"https:\/\/natussensory.com\/wp-includes\/images\/media\/default.png","width":800,"height":450,"sizes":{"thumbnail":"https:\/\/natussensory.com\/wp-content\/uploads\/Aircal_product_spot.png","thumbnail-width":128,"thumbnail-height":72,"medium":"https:\/\/natussensory.com\/wp-content\/uploads\/Aircal_product_spot.png","medium-width":800,"medium-height":450,"medium_large":"https:\/\/natussensory.com\/wp-content\/uploads\/Aircal_product_spot-768x432.png","medium_large-width":768,"medium_large-height":432,"large":"https:\/\/natussensory.com\/wp-content\/uploads\/Aircal_product_spot.png","large-width":800,"large-height":450,"1536x1536":"https:\/\/natussensory.com\/wp-content\/uploads\/Aircal_product_spot.png","1536x1536-width":800,"1536x1536-height":450,"2048x2048":"https:\/\/natussensory.com\/wp-content\/uploads\/Aircal_product_spot.png","2048x2048-width":800,"2048x2048-height":450}}}},{"acf_fc_layout":"related_products","_acfe_flexible_layout_title":"Resources and Support","_acfe_flexible_toggle":"","tiles_3_columns_landing":{"module_options":{"":null,"module_id":"info","module_class":"","module_background_type":"color","module_background_color":"","module_background_image":false,"module_background_video":"","activate_custom_padding":false,"padding_top_desktop":"0","padding_top_tablet":"0","padding_top_mobile":"0","padding_bottom_desktop":"0","padding_bottom_tablet":"0","padding_bottom_mobile":"0","activate_custom_margin":false,"margin_top_desktop":"0","margin_top_tablet":"0","margin_top_mobile":"0","margin_bottom_desktop":"0","margin_bottom_tablet":"0","margin_bottom_mobile":"0","disable_on":[],"content_alignment_desktop":"left","content_alignment_tablet":"left","content_alignment_mobile":"left"},"intro_text":"Ressourcen und Support","intro_text_color":"","intro_link":null,"tiles":[{"label":"Ressourcen","label_background_color":"#154284","image":false,"title":"Brosch\u00fcre, Flyers, Datenblatt und mehr","link":{"type":"url","value":"https:\/\/natus.bynder.com\/web\/6ef81347e20ef78a\/resource-library-ics-aircal\/","url":"https:\/\/natus.bynder.com\/web\/6ef81347e20ef78a\/resource-library-ics-aircal\/","name":"https:\/\/natus.bynder.com\/web\/6ef81347e20ef78a\/resource-library-ics-aircal\/","title":"ICS Aircal Ressourcen","target":"_blank"}},{"label":"Support","label_background_color":"#154284","image":false,"title":"Benutzerhandbuch und Guides (eIFUs)","link":{"type":"post","value":"883","url":"https:\/\/natussensory.com\/support\/","name":"Service &#038; Support","title":"Service und Unterst\u00fctzung","target":""}}]}},{"acf_fc_layout":"related_products","_acfe_flexible_toggle":"","tiles_3_columns_landing":{"module_options":{"":null,"module_id":"n65152ea331bb9","module_class":"","module_background_type":"color","module_background_color":"","module_background_image":false,"module_background_video":"","activate_custom_padding":false,"padding_top_desktop":"0","padding_top_tablet":"0","padding_top_mobile":"0","padding_bottom_desktop":"0","padding_bottom_tablet":"0","padding_bottom_mobile":"0","activate_custom_margin":false,"margin_top_desktop":"0","margin_top_tablet":"0","margin_top_mobile":"0","margin_bottom_desktop":"0","margin_bottom_tablet":"0","margin_bottom_mobile":"0","disable_on":[],"content_alignment_desktop":"left","content_alignment_tablet":"left","content_alignment_mobile":"left"},"intro_text":"Verwandte Produkte","intro_text_color":"#005e63","intro_link":{"type":"post","value":"1518","url":"https:\/\/natussensory.com\/products\/","name":"Products","title":"Alle Produkte anzeigen","target":""},"tiles":[{"label":"ICS Impulse","label_background_color":"#154284","image":{"ID":8987,"id":8987,"title":"Impulse_linkspot","filename":"Impulse_linkspot.jpg","filesize":74043,"url":"https:\/\/natussensory.com\/wp-content\/uploads\/Impulse_linkspot.jpg","link":"https:\/\/natussensory.com\/de\/produkte\/ics-impulse\/impulse_linkspot-2\/","alt":"Natus Sensory ICS Impulse.","author":"4","description":"","caption":"","name":"impulse_linkspot-2","status":"inherit","uploaded_to":11622,"date":"2023-10-01 19:50:03","modified":"2025-05-06 13:12:14","menu_order":0,"mime_type":"image\/jpeg","type":"image","subtype":"jpeg","icon":"https:\/\/natussensory.com\/wp-includes\/images\/media\/default.png","width":600,"height":300,"sizes":{"thumbnail":"https:\/\/natussensory.com\/wp-content\/uploads\/Impulse_linkspot.jpg","thumbnail-width":128,"thumbnail-height":64,"medium":"https:\/\/natussensory.com\/wp-content\/uploads\/Impulse_linkspot.jpg","medium-width":600,"medium-height":300,"medium_large":"https:\/\/natussensory.com\/wp-content\/uploads\/Impulse_linkspot.jpg","medium_large-width":600,"medium_large-height":300,"large":"https:\/\/natussensory.com\/wp-content\/uploads\/Impulse_linkspot.jpg","large-width":600,"large-height":300,"1536x1536":"https:\/\/natussensory.com\/wp-content\/uploads\/Impulse_linkspot.jpg","1536x1536-width":600,"1536x1536-height":300,"2048x2048":"https:\/\/natussensory.com\/wp-content\/uploads\/Impulse_linkspot.jpg","2048x2048-width":600,"2048x2048-height":300}},"title":"Vestibul\u00e4re Diagnostik","link":{"type":"post","value":"1918","url":"https:\/\/natussensory.com\/products\/ics-impulse\/","name":"ICS\u00ae Impulse &#8211; Vestibular Testing","title":"Mehr Erfahren","target":""}}]}},{"acf_fc_layout":"contact_form","_acfe_flexible_toggle":"","contact_form_landing":{"module_options":{"":null,"module_id":"contact","module_class":"","module_background_type":"color","module_background_color":"","module_background_image":false,"module_background_video":"","activate_custom_padding":false,"padding_top_desktop":0,"padding_top_tablet":"","padding_top_mobile":"","padding_bottom_desktop":"","padding_bottom_tablet":"","padding_bottom_mobile":"","activate_custom_margin":false,"margin_top_desktop":"","margin_top_tablet":"","margin_top_mobile":"","margin_bottom_desktop":"","margin_bottom_tablet":"","margin_bottom_mobile":"","disable_on":[],"content_alignment_desktop":"left","content_alignment_tablet":"left","content_alignment_mobile":"left"},"":null,"activate_intro":false,"intro_text":"","intro_text_color":"","intro_link":null,"activate_description":true,"description_title":"Kontakt","description_copy":"","embed_code":"<script charset=\"utf-8\" type=\"text\/javascript\" src=\"\/\/js.hsforms.net\/forms\/embed\/v2.js\"><\/script>\r\n<script>\r\n  hbspt.forms.create({\r\n    region: \"na1\",\r\n    portalId: \"3002890\",\r\n    formId: \"578aa75f-0ddf-4c60-a2dc-5d90fb8d1387\"\r\n  });\r\n<\/script>"}},{"acf_fc_layout":"simple_content","_acfe_flexible_layout_title":"Part number","_acfe_flexible_toggle":"","content_full_width_landing":{"module_options":{"":null,"module_id":"n6515300fdaa3d","module_class":"","module_background_type":"color","module_background_color":"","module_background_image":false,"module_background_video":"","activate_custom_padding":false,"padding_top_desktop":0,"padding_top_tablet":"","padding_top_mobile":"","padding_bottom_desktop":"","padding_bottom_tablet":"","padding_bottom_mobile":"","activate_custom_margin":false,"margin_top_desktop":"","margin_top_tablet":"","margin_top_mobile":"","margin_bottom_desktop":"","margin_bottom_tablet":"","margin_bottom_mobile":"","disable_on":[],"content_alignment_desktop":"left","content_alignment_tablet":"left","content_alignment_mobile":"left"},"activate_custom_container_width":false,"container_width":"","content":"<p><span style=\"font-size: 11px;\">7-36-7290-DE_01<\/span><\/p>\n"}}]},"_links":{"self":[{"href":"https:\/\/natussensory.com\/de\/wp-json\/wp\/v2\/pages\/11689","targetHints":{"allow":["GET"]}}],"collection":[{"href":"https:\/\/natussensory.com\/de\/wp-json\/wp\/v2\/pages"}],"about":[{"href":"https:\/\/natussensory.com\/de\/wp-json\/wp\/v2\/types\/page"}],"author":[{"embeddable":true,"href":"https:\/\/natussensory.com\/de\/wp-json\/wp\/v2\/users\/4"}],"replies":[{"embeddable":true,"href":"https:\/\/natussensory.com\/de\/wp-json\/wp\/v2\/comments?post=11689"}],"version-history":[{"count":9,"href":"https:\/\/natussensory.com\/de\/wp-json\/wp\/v2\/pages\/11689\/revisions"}],"predecessor-version":[{"id":27652,"href":"https:\/\/natussensory.com\/de\/wp-json\/wp\/v2\/pages\/11689\/revisions\/27652"}],"up":[{"embeddable":true,"href":"https:\/\/natussensory.com\/de\/wp-json\/wp\/v2\/pages\/11016"}],"wp:attachment":[{"href":"https:\/\/natussensory.com\/de\/wp-json\/wp\/v2\/media?parent=11689"}],"wp:term":[{"taxonomy":"category","embeddable":true,"href":"https:\/\/natussensory.com\/de\/wp-json\/wp\/v2\/categories?post=11689"},{"taxonomy":"post_tag","embeddable":true,"href":"https:\/\/natussensory.com\/de\/wp-json\/wp\/v2\/tags?post=11689"}],"curies":[{"name":"wp","href":"https:\/\/api.w.org\/{rel}","templated":true}]}}