{"id":11561,"date":"2023-10-05T08:33:30","date_gmt":"2023-10-05T08:33:30","guid":{"rendered":"https:\/\/natussensory.com\/sensory\/algo-supplies\/"},"modified":"2025-10-23T10:48:49","modified_gmt":"2025-10-23T10:48:49","slug":"algo-zubehor","status":"publish","type":"page","link":"https:\/\/natussensory.com\/de\/produkte\/algo-zubehor\/","title":{"rendered":"Zubeh\u00f6r f\u00fcr ALGO\u00ae H\u00f6rscreener"},"content":{"rendered":"","protected":false},"excerpt":{"rendered":"","protected":false},"author":4,"featured_media":0,"parent":11016,"menu_order":0,"comment_status":"closed","ping_status":"closed","template":"templates\/page-sensory-solutions-product-landing.php","meta":{"_acf_changed":false,"inline_featured_image":false,"footnotes":""},"categories":[307],"tags":[],"class_list":["post-11561","page","type-page","status-publish","hentry","category-hoerscreening"],"acf":{"content_blocks":[{"acf_fc_layout":"spacer","_acfe_flexible_toggle":"","spacer":{"module_options":{"":null,"module_id":"n6514b32fd84ee","module_class":"","module_background_type":"color","module_background_color":"#473089","module_background_image":false,"module_background_video":"","activate_custom_padding":false,"padding_top_desktop":"0","padding_top_tablet":"0","padding_top_mobile":"0","padding_bottom_desktop":"0","padding_bottom_tablet":"0","padding_bottom_mobile":"0","activate_custom_margin":false,"margin_top_desktop":"0","margin_top_tablet":"0","margin_top_mobile":"0","margin_bottom_desktop":"0","margin_bottom_tablet":"0","margin_bottom_mobile":"0","disable_on":[],"content_alignment_desktop":"left","content_alignment_tablet":"left","content_alignment_mobile":"left"},"height":"161"}},{"acf_fc_layout":"intro_with_sticky_image","_acfe_flexible_toggle":"","left_content_right_image_sticky":{"module_options":{"":null,"module_id":"n6514b32fe2df8","module_class":"","module_background_type":"color","module_background_color":"","module_background_image":false,"module_background_video":"","activate_custom_padding":false,"padding_top_desktop":"0","padding_top_tablet":"0","padding_top_mobile":"0","padding_bottom_desktop":"0","padding_bottom_tablet":"0","padding_bottom_mobile":"0","activate_custom_margin":false,"margin_top_desktop":"0","margin_top_tablet":"0","margin_top_mobile":"0","margin_bottom_desktop":"0","margin_bottom_tablet":"0","margin_bottom_mobile":"0","disable_on":[],"content_alignment_desktop":"left","content_alignment_tablet":"left","content_alignment_mobile":"left"},"":null,"title":"Zubeh\u00f6r f\u00fcr ALGO\u00ae H\u00f6rscreener","subheader":"<p>ALGO Flexicoupler<sup>\u00ae<\/sup>\u00a0Ohrh\u00f6rer und Jelly Tab<sup>\u00ae<\/sup>\u00a0Sensoren\u00a0sorgen f\u00fcr schnelle und pr\u00e4zise Screening-Ergebnisse.<\/p>\n<p>&nbsp;<\/p>\n<p><span style=\"font-size: 11px;\">Produkte sind m\u00f6glicherweise nicht in allen L\u00e4ndern erh\u00e4ltlich. Wenden Sie sich f\u00fcr l\u00e4nderspezifische Informationen bitte an Natus.<\/span><\/p>\n","icons":false,"quick_navigation":[{"quick_link":{"type":"url","value":"#contact","url":"#contact","name":"#contact","title":"Kontaktieren Sie Ihren Natus-Vertreter","target":""}},{"quick_link":{"type":"url","value":"#info","url":"#info","name":"#info","title":"Mehr Details erkunden","target":""}}],"description":"","message_label":"Service und Unterst\u00fctzung","message_title":"Suchen Sie einen Produktservice oder technische Unterst\u00fctzung?","message_link":{"type":"post","value":"883","url":"https:\/\/natussensory.com\/support\/","name":"Service &#038; Support","title":"Natus Service und Unterst\u00fctzung","target":""},"right_sticky_image":{"ID":11499,"id":11499,"title":"Algo-Supplies_product thumbnail","filename":"Algo-Supplies_product-thumbnail.png","filesize":191814,"url":"https:\/\/natussensory.com\/wp-content\/uploads\/Algo-Supplies_product-thumbnail.png","link":"https:\/\/natussensory.com\/de\/produkte\/algo-zubehor\/algo-supplies_product-thumbnail-2\/","alt":"Hydrogel Adhesive Sensors and accessories from ALGO supplies for newborn hearing screeners.","author":"4","description":"","caption":"","name":"algo-supplies_product-thumbnail-2","status":"inherit","uploaded_to":11561,"date":"2023-10-05 08:38:46","modified":"2025-05-20 12:29:31","menu_order":0,"mime_type":"image\/png","type":"image","subtype":"png","icon":"https:\/\/natussensory.com\/wp-includes\/images\/media\/default.png","width":500,"height":448,"sizes":{"thumbnail":"https:\/\/natussensory.com\/wp-content\/uploads\/Algo-Supplies_product-thumbnail.png","thumbnail-width":107,"thumbnail-height":96,"medium":"https:\/\/natussensory.com\/wp-content\/uploads\/Algo-Supplies_product-thumbnail.png","medium-width":500,"medium-height":448,"medium_large":"https:\/\/natussensory.com\/wp-content\/uploads\/Algo-Supplies_product-thumbnail.png","medium_large-width":500,"medium_large-height":448,"large":"https:\/\/natussensory.com\/wp-content\/uploads\/Algo-Supplies_product-thumbnail.png","large-width":500,"large-height":448,"1536x1536":"https:\/\/natussensory.com\/wp-content\/uploads\/Algo-Supplies_product-thumbnail.png","1536x1536-width":500,"1536x1536-height":448,"2048x2048":"https:\/\/natussensory.com\/wp-content\/uploads\/Algo-Supplies_product-thumbnail.png","2048x2048-width":500,"2048x2048-height":448}}}},{"acf_fc_layout":"simple_content","_acfe_flexible_toggle":"","content_full_width_landing":{"module_options":{"":null,"module_id":"n6514b32fef0ef","module_class":"","module_background_type":"color","module_background_color":"","module_background_image":false,"module_background_video":"","activate_custom_padding":false,"padding_top_desktop":"0","padding_top_tablet":"0","padding_top_mobile":"0","padding_bottom_desktop":"0","padding_bottom_tablet":"0","padding_bottom_mobile":"0","activate_custom_margin":false,"margin_top_desktop":"0","margin_top_tablet":"0","margin_top_mobile":"0","margin_bottom_desktop":"0","margin_bottom_tablet":"0","margin_bottom_mobile":"0","disable_on":[],"content_alignment_desktop":"left","content_alignment_tablet":"left","content_alignment_mobile":"left"},"activate_custom_container_width":false,"container_width":"","content":"<h4>Genauigkeitsgarantie f\u00fcr das ALGO-H\u00f6rscreening<\/h4>\n<p>Die urheberrechtlich gesch\u00fctzten akustischen Eigenschaften der Flexicoupler-Ohrh\u00f6rer sind der Schl\u00fcssel f\u00fcr die Genauigkeit des ALGO-H\u00f6rscreenings<sup>1<\/sup>. \u00a0Diese Ohrh\u00f6rer werden unter Beachtung strenger Qualit\u00e4ts- und technischer Standards hergestellt. Die patentierte ALGO-Verbindung zwischen Kabel und Ohrh\u00f6rer sorgt f\u00fcr eine einheitliche Klangabgabe an das Ohr des Babys.<\/p>\n<p>&nbsp;<\/p>\n<p>Bei Verwendung mit\u00a0<a href=\"https:\/\/natussensory.com\/de\/sensory\/algo-7i\/\">ALGO 7i<\/a>\u00a0bieten Flexicoupler-Ohrh\u00f6rer und Jelly Tab Sensoren eine garantierte Genauigkeit des H\u00f6rscreenings und optimale Leistungsmerkmale.<\/p>\n"}},{"acf_fc_layout":"product_details_right_image_and_left_content","_acfe_flexible_toggle":"","right_image_left_content_single_cta_landing":{"module_options":{"":null,"module_id":"n651e77921c0db","module_class":"","module_background_type":"color","module_background_color":"","module_background_image":false,"module_background_video":"","activate_custom_padding":false,"padding_top_desktop":"0","padding_top_tablet":"0","padding_top_mobile":"0","padding_bottom_desktop":"0","padding_bottom_tablet":"0","padding_bottom_mobile":"0","activate_custom_margin":false,"margin_top_desktop":"0","margin_top_tablet":"0","margin_top_mobile":"0","margin_bottom_desktop":"0","margin_bottom_tablet":"0","margin_bottom_mobile":"0","disable_on":[],"content_alignment_desktop":"left","content_alignment_tablet":"left","content_alignment_mobile":"left"},"":null,"label":"","title":"Wir setzen den Branchenstandard ","description":"<p><strong>ALGO Flexicoupler-Ohrh\u00f6rer\u00a0<\/strong><\/p>\n<ul>\n<li>Urheberrechtlich gesch\u00fctzte akustische Eigenschaften sind der Schl\u00fcssel f\u00fcr die Genauigkeit des H\u00f6rscreenings und optimale Leistung<\/li>\n<li>Schonender Haftstoff erm\u00f6glicht sicheres und komfortables Einsetzen<\/li>\n<li>Herstellung unter Beachtung strenger Qualit\u00e4ts- und technischer Standards<\/li>\n<li>Die patentierte ALGO-Verbindung zwischen Kabel und Ohrh\u00f6rer sorgt f\u00fcr eine einheitliche Klangabgabe an das Ohr des Neugeborenen<\/li>\n<\/ul>\n<p>&nbsp;<\/p>\n<p><strong>ALGO Jelly Tab Sensoren\u00a0<\/strong><\/p>\n<ul>\n<li>Schonender Hydrogel-Haftstoff erm\u00f6glicht sicheres Einsetzen und einfaches Herausnehmen<\/li>\n<li>Violette Laschen sorgen f\u00fcr einen pr\u00e4zisen Anschluss des Sensorkabels am Sensor<\/li>\n<\/ul>\n<p>&nbsp;<\/p>\n<p><span style=\"font-size: 11px;\">1. Klinische Daten liegen Natus vor.<\/span><\/p>\n","link":null,"image":{"ID":8925,"id":8925,"title":"Algo5-supplies_baby_spot","filename":"Algo5-supplies_baby_spot.jpg","filesize":213459,"url":"https:\/\/natussensory.com\/wp-content\/uploads\/Algo5-supplies_baby_spot.jpg","link":"https:\/\/natussensory.com\/de\/produkte\/algo-zubehor\/algo5-supplies_baby_spot-2\/","alt":"Newborn with ALGO supplies including Hydrogel Adhesive Sensors and Proprietary Acoustic Earphones during hearing screening.","author":"4","description":"","caption":"","name":"algo5-supplies_baby_spot-2","status":"inherit","uploaded_to":11561,"date":"2023-10-01 15:02:40","modified":"2025-05-22 08:07:49","menu_order":0,"mime_type":"image\/jpeg","type":"image","subtype":"jpeg","icon":"https:\/\/natussensory.com\/wp-includes\/images\/media\/default.png","width":800,"height":450,"sizes":{"thumbnail":"https:\/\/natussensory.com\/wp-content\/uploads\/Algo5-supplies_baby_spot.jpg","thumbnail-width":128,"thumbnail-height":72,"medium":"https:\/\/natussensory.com\/wp-content\/uploads\/Algo5-supplies_baby_spot.jpg","medium-width":800,"medium-height":450,"medium_large":"https:\/\/natussensory.com\/wp-content\/uploads\/Algo5-supplies_baby_spot-768x432.jpg","medium_large-width":768,"medium_large-height":432,"large":"https:\/\/natussensory.com\/wp-content\/uploads\/Algo5-supplies_baby_spot.jpg","large-width":800,"large-height":450,"1536x1536":"https:\/\/natussensory.com\/wp-content\/uploads\/Algo5-supplies_baby_spot.jpg","1536x1536-width":800,"1536x1536-height":450,"2048x2048":"https:\/\/natussensory.com\/wp-content\/uploads\/Algo5-supplies_baby_spot.jpg","2048x2048-width":800,"2048x2048-height":450}}}},{"acf_fc_layout":"related_products","_acfe_flexible_layout_title":"Resources and Support","_acfe_flexible_toggle":"","tiles_3_columns_landing":{"module_options":{"":null,"module_id":"n6514389e9cd0e","module_class":"","module_background_type":"color","module_background_color":"","module_background_image":false,"module_background_video":"","activate_custom_padding":false,"padding_top_desktop":0,"padding_top_tablet":"","padding_top_mobile":"","padding_bottom_desktop":"","padding_bottom_tablet":"","padding_bottom_mobile":"","activate_custom_margin":false,"margin_top_desktop":"","margin_top_tablet":"","margin_top_mobile":"","margin_bottom_desktop":"","margin_bottom_tablet":"","margin_bottom_mobile":"","disable_on":[],"content_alignment_desktop":"left","content_alignment_tablet":"left","content_alignment_mobile":"left"},"intro_text":"Ressourcen und Support","intro_text_color":"","intro_link":null,"tiles":[{"label":"Ressourcen","label_background_color":"#154284","image":false,"title":"Brosch\u00fcre, Flyers, Datenblatt und mehr","link":{"type":"url","value":"https:\/\/natus.bynder.com\/web\/16cd99a187b74cdd\/resource-library-algo-7i\/","url":"https:\/\/natus.bynder.com\/web\/16cd99a187b74cdd\/resource-library-algo-7i\/","name":"https:\/\/natus.bynder.com\/web\/16cd99a187b74cdd\/resource-library-algo-7i\/","title":"ALGO Ressourcen","target":"_blank"}},{"label":"Support","label_background_color":"#154284","image":false,"title":"Benutzerhandbuch und Guides (eIFUs)","link":{"type":"post","value":"883","url":"https:\/\/natussensory.com\/support\/","name":"Service &#038; Support","title":"Service und Unterst\u00fctzung","target":""}}]}},{"acf_fc_layout":"related_products","_acfe_flexible_toggle":"","tiles_3_columns_landing":{"module_options":{"":null,"module_id":"n6514af3363d37","module_class":"","module_background_type":"color","module_background_color":"","module_background_image":false,"module_background_video":"","activate_custom_padding":false,"padding_top_desktop":0,"padding_top_tablet":"","padding_top_mobile":"","padding_bottom_desktop":"","padding_bottom_tablet":"","padding_bottom_mobile":"","activate_custom_margin":false,"margin_top_desktop":"","margin_top_tablet":"","margin_top_mobile":"","margin_bottom_desktop":"","margin_bottom_tablet":"","margin_bottom_mobile":"","disable_on":[],"content_alignment_desktop":"left","content_alignment_tablet":"left","content_alignment_mobile":"left"},"intro_text":"Verwandte Produkte","intro_text_color":"#005e63","intro_link":{"type":"post","value":"1518","url":"https:\/\/natussensory.com\/products\/","name":"Products","title":"Alle Produkte anzeigen","target":""},"tiles":[{"label":"ALGO 7i","label_background_color":"#154284","image":{"ID":8898,"id":8898,"title":"ALGO-7i_linkspot","filename":"ALGO-7i_linkspot.jpg","filesize":30220,"url":"https:\/\/natussensory.com\/wp-content\/uploads\/ALGO-7i_linkspot.jpg","link":"https:\/\/natussensory.com\/de\/produkte\/algo-7i\/algo-7i_linkspot-2\/","alt":"Algo7i","author":"4","description":"","caption":"","name":"algo-7i_linkspot-2","status":"inherit","uploaded_to":11548,"date":"2023-10-01 14:24:18","modified":"2025-08-06 14:10:09","menu_order":0,"mime_type":"image\/jpeg","type":"image","subtype":"jpeg","icon":"https:\/\/natussensory.com\/wp-includes\/images\/media\/default.png","width":600,"height":300,"sizes":{"thumbnail":"https:\/\/natussensory.com\/wp-content\/uploads\/ALGO-7i_linkspot.jpg","thumbnail-width":128,"thumbnail-height":64,"medium":"https:\/\/natussensory.com\/wp-content\/uploads\/ALGO-7i_linkspot.jpg","medium-width":600,"medium-height":300,"medium_large":"https:\/\/natussensory.com\/wp-content\/uploads\/ALGO-7i_linkspot.jpg","medium_large-width":600,"medium_large-height":300,"large":"https:\/\/natussensory.com\/wp-content\/uploads\/ALGO-7i_linkspot.jpg","large-width":600,"large-height":300,"1536x1536":"https:\/\/natussensory.com\/wp-content\/uploads\/ALGO-7i_linkspot.jpg","1536x1536-width":600,"1536x1536-height":300,"2048x2048":"https:\/\/natussensory.com\/wp-content\/uploads\/ALGO-7i_linkspot.jpg","2048x2048-width":600,"2048x2048-height":300}},"title":"Automated Auditory Brainstem Response (AABR\u00ae)-H\u00f6rscreening","link":{"type":"post","value":"4205","url":"https:\/\/natussensory.com\/products\/algo-7i\/","name":"ALGO\u00ae 7i Newborn Hearing Screener","title":"Mehr Erfahren","target":""}},{"label":"Accuscreen","label_background_color":"#154284","image":{"ID":8888,"id":8888,"title":"Accuscreen_linkspot","filename":"Accuscreen_linkspot.jpg","filesize":34234,"url":"https:\/\/natussensory.com\/wp-content\/uploads\/Accuscreen_linkspot.jpg","link":"https:\/\/natussensory.com\/de\/produkte\/algo-7i\/accuscreen_linkspot-2\/","alt":"Accuscreen","author":"4","description":"","caption":"","name":"accuscreen_linkspot-2","status":"inherit","uploaded_to":11548,"date":"2023-10-01 14:24:14","modified":"2025-08-06 14:23:23","menu_order":0,"mime_type":"image\/jpeg","type":"image","subtype":"jpeg","icon":"https:\/\/natussensory.com\/wp-includes\/images\/media\/default.png","width":600,"height":300,"sizes":{"thumbnail":"https:\/\/natussensory.com\/wp-content\/uploads\/Accuscreen_linkspot.jpg","thumbnail-width":128,"thumbnail-height":64,"medium":"https:\/\/natussensory.com\/wp-content\/uploads\/Accuscreen_linkspot.jpg","medium-width":600,"medium-height":300,"medium_large":"https:\/\/natussensory.com\/wp-content\/uploads\/Accuscreen_linkspot.jpg","medium_large-width":600,"medium_large-height":300,"large":"https:\/\/natussensory.com\/wp-content\/uploads\/Accuscreen_linkspot.jpg","large-width":600,"large-height":300,"1536x1536":"https:\/\/natussensory.com\/wp-content\/uploads\/Accuscreen_linkspot.jpg","1536x1536-width":600,"1536x1536-height":300,"2048x2048":"https:\/\/natussensory.com\/wp-content\/uploads\/Accuscreen_linkspot.jpg","2048x2048-width":600,"2048x2048-height":300}},"title":"Automated Auditory Brainstem Response (AABR\u00ae)-H\u00f6rscreening","link":{"type":"post","value":"4633","url":"https:\/\/natussensory.com\/products\/madsen-accuscreen\/","name":"Madsen\u00ae Accuscreen\u00ae &#8211; Newborn Hearing Screener","title":"Mehr Erfahren","target":""}}]}},{"acf_fc_layout":"contact_form","_acfe_flexible_toggle":"","contact_form_landing":{"module_options":{"":null,"module_id":"contact","module_class":"","module_background_type":"color","module_background_color":"","module_background_image":false,"module_background_video":"","activate_custom_padding":false,"padding_top_desktop":0,"padding_top_tablet":"","padding_top_mobile":"","padding_bottom_desktop":"","padding_bottom_tablet":"","padding_bottom_mobile":"","activate_custom_margin":false,"margin_top_desktop":"","margin_top_tablet":"","margin_top_mobile":"","margin_bottom_desktop":"","margin_bottom_tablet":"","margin_bottom_mobile":"","disable_on":[],"content_alignment_desktop":"left","content_alignment_tablet":"left","content_alignment_mobile":"left"},"":null,"activate_intro":false,"intro_text":"","intro_text_color":"","intro_link":null,"activate_description":true,"description_title":"Kontakt","description_copy":"","embed_code":"<script charset=\"utf-8\" type=\"text\/javascript\" src=\"\/\/js.hsforms.net\/forms\/embed\/v2.js\"><\/script>\r\n<script>\r\n  hbspt.forms.create({\r\n    region: \"na1\",\r\n    portalId: \"3002890\",\r\n    formId: \"1e06faba-b077-41fc-bd9b-3df94616ea90\"\r\n  });\r\n<\/script>"}},{"acf_fc_layout":"simple_content","_acfe_flexible_layout_title":"Part number","_acfe_flexible_toggle":"","content_full_width_landing":{"module_options":{"":null,"module_id":"n6514b3303f2fe","module_class":"","module_background_type":"color","module_background_color":"","module_background_image":false,"module_background_video":"","activate_custom_padding":false,"padding_top_desktop":0,"padding_top_tablet":"","padding_top_mobile":"","padding_bottom_desktop":"","padding_bottom_tablet":"","padding_bottom_mobile":"","activate_custom_margin":false,"margin_top_desktop":"","margin_top_tablet":"","margin_top_mobile":"","margin_bottom_desktop":"","margin_bottom_tablet":"","margin_bottom_mobile":"","disable_on":[],"content_alignment_desktop":"left","content_alignment_tablet":"left","content_alignment_mobile":"left"},"activate_custom_container_width":false,"container_width":"","content":"<p><span style=\"font-size: 11px;\">003949 RevF<\/span><\/p>\n"}}]},"_links":{"self":[{"href":"https:\/\/natussensory.com\/de\/wp-json\/wp\/v2\/pages\/11561","targetHints":{"allow":["GET"]}}],"collection":[{"href":"https:\/\/natussensory.com\/de\/wp-json\/wp\/v2\/pages"}],"about":[{"href":"https:\/\/natussensory.com\/de\/wp-json\/wp\/v2\/types\/page"}],"author":[{"embeddable":true,"href":"https:\/\/natussensory.com\/de\/wp-json\/wp\/v2\/users\/4"}],"replies":[{"embeddable":true,"href":"https:\/\/natussensory.com\/de\/wp-json\/wp\/v2\/comments?post=11561"}],"version-history":[{"count":6,"href":"https:\/\/natussensory.com\/de\/wp-json\/wp\/v2\/pages\/11561\/revisions"}],"predecessor-version":[{"id":27779,"href":"https:\/\/natussensory.com\/de\/wp-json\/wp\/v2\/pages\/11561\/revisions\/27779"}],"up":[{"embeddable":true,"href":"https:\/\/natussensory.com\/de\/wp-json\/wp\/v2\/pages\/11016"}],"wp:attachment":[{"href":"https:\/\/natussensory.com\/de\/wp-json\/wp\/v2\/media?parent=11561"}],"wp:term":[{"taxonomy":"category","embeddable":true,"href":"https:\/\/natussensory.com\/de\/wp-json\/wp\/v2\/categories?post=11561"},{"taxonomy":"post_tag","embeddable":true,"href":"https:\/\/natussensory.com\/de\/wp-json\/wp\/v2\/tags?post=11561"}],"curies":[{"name":"wp","href":"https:\/\/api.w.org\/{rel}","templated":true}]}}