{"id":11548,"date":"2023-09-15T06:26:44","date_gmt":"2023-09-15T06:26:44","guid":{"rendered":"https:\/\/natussensory.com\/sensory\/algo-7i\/"},"modified":"2025-10-22T10:53:34","modified_gmt":"2025-10-22T10:53:34","slug":"algo-7i","status":"publish","type":"page","link":"https:\/\/natussensory.com\/de\/produkte\/algo-7i\/","title":{"rendered":"ALGO\u00ae 7i Neugeborenen-H\u00f6rscreener"},"content":{"rendered":"","protected":false},"excerpt":{"rendered":"","protected":false},"author":4,"featured_media":0,"parent":11016,"menu_order":0,"comment_status":"closed","ping_status":"closed","template":"templates\/page-sensory-solutions-product-landing.php","meta":{"_acf_changed":false,"inline_featured_image":false,"footnotes":""},"categories":[307],"tags":[],"class_list":["post-11548","page","type-page","status-publish","hentry","category-hoerscreening"],"acf":{"content_blocks":[{"acf_fc_layout":"spacer","_acfe_flexible_toggle":"","spacer":{"module_options":{"":null,"module_id":"n6514af331e957","module_class":"","module_background_type":"color","module_background_color":"#473089","module_background_image":false,"module_background_video":"","activate_custom_padding":false,"padding_top_desktop":"0","padding_top_tablet":"0","padding_top_mobile":"0","padding_bottom_desktop":"0","padding_bottom_tablet":"0","padding_bottom_mobile":"0","activate_custom_margin":false,"margin_top_desktop":"0","margin_top_tablet":"0","margin_top_mobile":"0","margin_bottom_desktop":"0","margin_bottom_tablet":"0","margin_bottom_mobile":"0","disable_on":[],"content_alignment_desktop":"left","content_alignment_tablet":"left","content_alignment_mobile":"left"},"height":"160"}},{"acf_fc_layout":"intro_with_sticky_image","_acfe_flexible_toggle":"","left_content_right_image_sticky":{"module_options":{"":null,"module_id":"n6514af3325a7a","module_class":"","module_background_type":"color","module_background_color":"","module_background_image":false,"module_background_video":"","activate_custom_padding":false,"padding_top_desktop":"0","padding_top_tablet":"0","padding_top_mobile":"0","padding_bottom_desktop":"0","padding_bottom_tablet":"0","padding_bottom_mobile":"0","activate_custom_margin":false,"margin_top_desktop":"0","margin_top_tablet":"0","margin_top_mobile":"0","margin_bottom_desktop":"0","margin_bottom_tablet":"0","margin_bottom_mobile":"0","disable_on":[],"content_alignment_desktop":"left","content_alignment_tablet":"left","content_alignment_mobile":"left"},"":null,"title":"ALGO<sup>\u00ae<\/sup> 7i Neugeborenen-H\u00f6rscreener","subheader":"<p>Mit dem ALGO 7i setzt Natus seine Tradition verbesserter Standards bei der Patientenversorgung fort. Die Kombination branchenf\u00fchrender Leistungsmerkmale und erweiterter Benutzerfreundlichkeit hebt das Automated Auditory Brainstem Response (AABR<sup>\u00ae<\/sup>)-H\u00f6rscreening auf ein neues Niveau. Im klinischen Einsatz bew\u00e4hrt, mit hoher Benutzerfreundlichkeit, intelligentem Arbeitsablauf und jederzeit zur Hand.<\/p>\n<p>&nbsp;<\/p>\n<p>Das Neugeborenen-H\u00f6rscreening geh\u00f6rt auf der ganzen Welt zum Behandlungsstandard. Da angeborene H\u00f6rfehler nicht sichtbar sind, kommt dem Neugeborenen-H\u00f6rscreening in Kombination mit AABR bei der rechtzeitigen Erkennung und Vermeidung von H\u00f6rverlust eine entscheidende Bedeutung zu.<\/p>\n","icons":false,"quick_navigation":[{"quick_link":{"type":"url","value":"#contact","url":"#contact","name":"#contact","title":"angebot anfragen","target":""}},{"quick_link":{"type":"url","value":"#info","url":"#info","name":"#info","title":"Mehr Details erkunden","target":""}}],"description":"","message_label":" ","message_title":"Suchen Sie einen Produktservice oder technische Unterst\u00fctzung?","message_link":{"type":"post","value":"883","url":"https:\/\/natussensory.com\/support\/","name":"Service &#038; Support","title":"  Service und Unterst\u00fctzung","target":""},"right_sticky_image":{"ID":4576,"id":4576,"title":"Algo7i_product_thumbnail","filename":"Algo7i_product-thumbnail.png","filesize":93225,"url":"https:\/\/natussensory.com\/wp-content\/uploads\/Algo7i_product-thumbnail.png","link":"https:\/\/natussensory.com\/de\/produkte\/algo-7i\/algo7i_product_thumbnail-2\/","alt":"ALGO 7i Infant Hearing Screening Device featuring Automated Auditory Brainstem Response (AABR) technology for newborn hearing assessments.","author":"4","description":"","caption":"","name":"algo7i_product_thumbnail-2","status":"inherit","uploaded_to":11548,"date":"2023-09-15 06:28:03","modified":"2025-05-20 12:07:24","menu_order":0,"mime_type":"image\/jpeg","type":"image","subtype":"jpeg","icon":"https:\/\/natussensory.com\/wp-includes\/images\/media\/default.png","width":500,"height":602,"sizes":{"thumbnail":"https:\/\/natussensory.com\/wp-content\/uploads\/Algo7i_product-thumbnail.png","thumbnail-width":80,"thumbnail-height":96,"medium":"https:\/\/natussensory.com\/wp-content\/uploads\/Algo7i_product-thumbnail.png","medium-width":500,"medium-height":602,"medium_large":"https:\/\/natussensory.com\/wp-content\/uploads\/Algo7i_product-thumbnail.png","medium_large-width":500,"medium_large-height":602,"large":"https:\/\/natussensory.com\/wp-content\/uploads\/Algo7i_product-thumbnail.png","large-width":500,"large-height":602,"1536x1536":"https:\/\/natussensory.com\/wp-content\/uploads\/Algo7i_product-thumbnail.png","1536x1536-width":500,"1536x1536-height":602,"2048x2048":"https:\/\/natussensory.com\/wp-content\/uploads\/Algo7i_product-thumbnail.png","2048x2048-width":500,"2048x2048-height":602}}}},{"acf_fc_layout":"simple_content","_acfe_flexible_toggle":"","content_full_width_landing":{"module_options":{"":null,"module_id":"n64bd7717af7ca","module_class":"","module_background_type":"color","module_background_color":"#f1f1f1","module_background_image":false,"module_background_video":"","activate_custom_padding":false,"padding_top_desktop":"0","padding_top_tablet":"0","padding_top_mobile":"0","padding_bottom_desktop":"0","padding_bottom_tablet":"0","padding_bottom_mobile":"0","activate_custom_margin":false,"margin_top_desktop":"0","margin_top_tablet":"0","margin_top_mobile":"0","margin_bottom_desktop":"0","margin_bottom_tablet":"0","margin_bottom_mobile":"0","disable_on":[],"content_alignment_desktop":"left","content_alignment_tablet":"left","content_alignment_mobile":"left"},"activate_custom_container_width":false,"container_width":"","content":"<h2>Besser als je zuvor<\/h2>\n<p><img loading=\"lazy\" decoding=\"async\" class=\"aligncenter size-full wp-image-4579\" src=\"https:\/\/natussensory.com\/wp-content\/uploads\/Algo7i_banner.jpg\" alt=\"\" width=\"1300\" height=\"600\" srcset=\"https:\/\/natussensory.com\/wp-content\/uploads\/Algo7i_banner.jpg 1300w, https:\/\/natussensory.com\/wp-content\/uploads\/Algo7i_banner-768x354.jpg 768w\" sizes=\"auto, (max-width: 1300px) 100vw, 1300px\" \/><\/p>\n<p>&nbsp;<\/p>\n"}},{"acf_fc_layout":"product_details_right_image_and_left_content","_acfe_flexible_toggle":"","right_image_left_content_single_cta_landing":{"module_options":{"":null,"module_id":"n6514af333bdfe","module_class":"","module_background_type":"color","module_background_color":"","module_background_image":false,"module_background_video":"","activate_custom_padding":false,"padding_top_desktop":0,"padding_top_tablet":"","padding_top_mobile":"","padding_bottom_desktop":"","padding_bottom_tablet":"","padding_bottom_mobile":"","activate_custom_margin":false,"margin_top_desktop":"","margin_top_tablet":"","margin_top_mobile":"","margin_bottom_desktop":"","margin_bottom_tablet":"","margin_bottom_mobile":"","disable_on":[],"content_alignment_desktop":"left","content_alignment_tablet":"left","content_alignment_mobile":"left"},"":null,"label":"","title":"Im klinischen Einsatz bew\u00e4hrt \u2013 ALGO AABR Technologie ist der Goldstandard, dem Sie vertrauen. ","description":"<p>Das ALGO 7i verf\u00fcgt \u00fcber die beim Neugeborenen-H\u00f6rscreening bew\u00e4hrte ALGO AABR-Technologie, die f\u00fcr ihre Genauigkeit und Spezifit\u00e4t anerkannt ist. In den vergangenen 30 Jahren wurden \u00fcber 40 Mio. Neugeborene auf der ganzen Welt mithilfe der ALGO AABR-Technologie untersucht. Die dabei erzielten Ergebnisse kommen in einer \u00fcberragenden Validierung der klinischen Daten und in Peer-Review-Ver\u00f6ffentlichungen zum Ausdruck.<\/p>\n","link":null,"image":{"ID":4602,"id":4602,"title":"Algo7i_product-screen_spot","filename":"Algo7i_product-screen_spot.jpg","filesize":289617,"url":"https:\/\/natussensory.com\/wp-content\/uploads\/Algo7i_product-screen_spot.jpg","link":"https:\/\/natussensory.com\/de\/produkte\/algo-7i\/algo7i_product-screen_spot-2\/","alt":"Close-up of ALGO 7i screen showing AABR results during infant hearing screening.","author":"4","description":"","caption":"","name":"algo7i_product-screen_spot-2","status":"inherit","uploaded_to":11548,"date":"2023-09-15 06:49:38","modified":"2025-05-22 08:10:15","menu_order":0,"mime_type":"image\/jpeg","type":"image","subtype":"jpeg","icon":"https:\/\/natussensory.com\/wp-includes\/images\/media\/default.png","width":800,"height":450,"sizes":{"thumbnail":"https:\/\/natussensory.com\/wp-content\/uploads\/Algo7i_product-screen_spot.jpg","thumbnail-width":128,"thumbnail-height":72,"medium":"https:\/\/natussensory.com\/wp-content\/uploads\/Algo7i_product-screen_spot.jpg","medium-width":800,"medium-height":450,"medium_large":"https:\/\/natussensory.com\/wp-content\/uploads\/Algo7i_product-screen_spot-768x432.jpg","medium_large-width":768,"medium_large-height":432,"large":"https:\/\/natussensory.com\/wp-content\/uploads\/Algo7i_product-screen_spot.jpg","large-width":800,"large-height":450,"1536x1536":"https:\/\/natussensory.com\/wp-content\/uploads\/Algo7i_product-screen_spot.jpg","1536x1536-width":800,"1536x1536-height":450,"2048x2048":"https:\/\/natussensory.com\/wp-content\/uploads\/Algo7i_product-screen_spot.jpg","2048x2048-width":800,"2048x2048-height":450}}}},{"acf_fc_layout":"product_details_left_image_and_right_content","_acfe_flexible_toggle":"","left_image_right_content_single_cta_landing":{"module_options":{"":null,"module_id":"n6514af334433d","module_class":"","module_background_type":"color","module_background_color":"","module_background_image":false,"module_background_video":"","activate_custom_padding":false,"padding_top_desktop":0,"padding_top_tablet":"","padding_top_mobile":"","padding_bottom_desktop":"","padding_bottom_tablet":"","padding_bottom_mobile":"","activate_custom_margin":false,"margin_top_desktop":"","margin_top_tablet":"","margin_top_mobile":"","margin_bottom_desktop":"","margin_bottom_tablet":"","margin_bottom_mobile":"","disable_on":[],"content_alignment_desktop":"left","content_alignment_tablet":"left","content_alignment_mobile":"left"},"image":{"ID":4597,"id":4597,"title":"Algo7i_product_spot","filename":"Algo7i_product_spot.jpg","filesize":274902,"url":"https:\/\/natussensory.com\/wp-content\/uploads\/Algo7i_product_spot.jpg","link":"https:\/\/natussensory.com\/de\/produkte\/algo-7i\/algo7i_product_spot-2\/","alt":"Clinician performing AABR test on a newborn using the ALGO 7i Newborn Hearing Screener.","author":"4","description":"","caption":"","name":"algo7i_product_spot-2","status":"inherit","uploaded_to":11548,"date":"2023-09-15 06:49:35","modified":"2025-05-20 12:11:15","menu_order":0,"mime_type":"image\/jpeg","type":"image","subtype":"jpeg","icon":"https:\/\/natussensory.com\/wp-includes\/images\/media\/default.png","width":800,"height":450,"sizes":{"thumbnail":"https:\/\/natussensory.com\/wp-content\/uploads\/Algo7i_product_spot.jpg","thumbnail-width":128,"thumbnail-height":72,"medium":"https:\/\/natussensory.com\/wp-content\/uploads\/Algo7i_product_spot.jpg","medium-width":800,"medium-height":450,"medium_large":"https:\/\/natussensory.com\/wp-content\/uploads\/Algo7i_product_spot-768x432.jpg","medium_large-width":768,"medium_large-height":432,"large":"https:\/\/natussensory.com\/wp-content\/uploads\/Algo7i_product_spot.jpg","large-width":800,"large-height":450,"1536x1536":"https:\/\/natussensory.com\/wp-content\/uploads\/Algo7i_product_spot.jpg","1536x1536-width":800,"1536x1536-height":450,"2048x2048":"https:\/\/natussensory.com\/wp-content\/uploads\/Algo7i_product_spot.jpg","2048x2048-width":800,"2048x2048-height":450}},"label":"","title":"Hohe Benutzerfreundlichkeit \u2013 bessere Kontrolle beim H\u00f6rscreening ","description":"<p>Der ALGO 7i passt in Ihre Hand oder kann mithilfe optionaler Adapter an einem Babybett oder Fahrgestell montiert werden, um das Screening in praktisch jeder Umgebung zu erm\u00f6glichen. Voreingestellte Untersuchungsparameter und einfache Screening-Schritte liefern konsistente, objektive Ergebnisse, die keine Interpretation erfordern.<\/p>\n","link":null}},{"acf_fc_layout":"product_details_right_image_and_left_content","_acfe_flexible_toggle":"","right_image_left_content_single_cta_landing":{"module_options":{"":null,"module_id":"n6514af334e86f","module_class":"","module_background_type":"color","module_background_color":"","module_background_image":false,"module_background_video":"","activate_custom_padding":false,"padding_top_desktop":0,"padding_top_tablet":"","padding_top_mobile":"","padding_bottom_desktop":"","padding_bottom_tablet":"","padding_bottom_mobile":"","activate_custom_margin":false,"margin_top_desktop":"","margin_top_tablet":"","margin_top_mobile":"","margin_bottom_desktop":"","margin_bottom_tablet":"","margin_bottom_mobile":"","disable_on":[],"content_alignment_desktop":"left","content_alignment_tablet":"left","content_alignment_mobile":"left"},"":null,"label":"","title":"Intelligenter Arbeitsablauf \u2013 klare Anleitungen und intelligentes Programmmanagement","description":"<p>Das symbolgef\u00fchrte Bedieninterface f\u00fchrt Benutzer Schritt f\u00fcr Schritt auf intuitive Weise durch das H\u00f6rscreening. Dank bidirektionaler \u00dcbertragung von Patienten-, Benutzer- und Ger\u00e4tedaten sind alle erforderlichen Informationen schnell verf\u00fcgbar. Modernste Software unterst\u00fctzt die einfache Integration in bestehende Arbeitsabl\u00e4ufe beim H\u00f6rscreening.<\/p>\n","link":null,"image":{"ID":4592,"id":4592,"title":"Algo7i_software_spot","filename":"Algo7i_software_spot.jpg","filesize":290633,"url":"https:\/\/natussensory.com\/wp-content\/uploads\/Algo7i_software_spot.jpg","link":"https:\/\/natussensory.com\/de\/produkte\/algo-7i\/algo7i_software_spot-2\/","alt":"Clinician reviewing newborn hearing screening results from the Infant Hearing Screening Device ALGO 7i using desktop software.","author":"4","description":"","caption":"","name":"algo7i_software_spot-2","status":"inherit","uploaded_to":11548,"date":"2023-09-15 06:49:33","modified":"2025-05-20 12:12:56","menu_order":0,"mime_type":"image\/jpeg","type":"image","subtype":"jpeg","icon":"https:\/\/natussensory.com\/wp-includes\/images\/media\/default.png","width":800,"height":450,"sizes":{"thumbnail":"https:\/\/natussensory.com\/wp-content\/uploads\/Algo7i_software_spot.jpg","thumbnail-width":128,"thumbnail-height":72,"medium":"https:\/\/natussensory.com\/wp-content\/uploads\/Algo7i_software_spot.jpg","medium-width":800,"medium-height":450,"medium_large":"https:\/\/natussensory.com\/wp-content\/uploads\/Algo7i_software_spot-768x432.jpg","medium_large-width":768,"medium_large-height":432,"large":"https:\/\/natussensory.com\/wp-content\/uploads\/Algo7i_software_spot.jpg","large-width":800,"large-height":450,"1536x1536":"https:\/\/natussensory.com\/wp-content\/uploads\/Algo7i_software_spot.jpg","1536x1536-width":800,"1536x1536-height":450,"2048x2048":"https:\/\/natussensory.com\/wp-content\/uploads\/Algo7i_software_spot.jpg","2048x2048-width":800,"2048x2048-height":450}}}},{"acf_fc_layout":"related_products","_acfe_flexible_layout_title":"Resources and Support","_acfe_flexible_toggle":"","tiles_3_columns_landing":{"module_options":{"":null,"module_id":"info","module_class":"","module_background_type":"color","module_background_color":"","module_background_image":false,"module_background_video":"","activate_custom_padding":false,"padding_top_desktop":0,"padding_top_tablet":"","padding_top_mobile":"","padding_bottom_desktop":"","padding_bottom_tablet":"","padding_bottom_mobile":"","activate_custom_margin":false,"margin_top_desktop":"","margin_top_tablet":"","margin_top_mobile":"","margin_bottom_desktop":"","margin_bottom_tablet":"","margin_bottom_mobile":"","disable_on":[],"content_alignment_desktop":"left","content_alignment_tablet":"left","content_alignment_mobile":"left"},"intro_text":"Ressourcen und Support","intro_text_color":"","intro_link":null,"tiles":[{"label":"Ressourcen","label_background_color":"#154284","image":false,"title":"Brosch\u00fcre, Flyers, Datenblatt und mehr","link":{"type":"url","value":"https:\/\/natus.bynder.com\/web\/16cd99a187b74cdd\/resource-library-algo-7i\/","url":"https:\/\/natus.bynder.com\/web\/16cd99a187b74cdd\/resource-library-algo-7i\/","name":"https:\/\/natus.bynder.com\/web\/16cd99a187b74cdd\/resource-library-algo-7i\/","title":"ALGO 7i Ressourcen","target":"_blank"}},{"label":"Support","label_background_color":"#154284","image":false,"title":"Benutzerhandbuch und Guides (eIFUs)","link":{"type":"post","value":"883","url":"https:\/\/natussensory.com\/support\/","name":"Service &#038; Support","title":"Service und Unterst\u00fctzung","target":""}}]}},{"acf_fc_layout":"related_products","_acfe_flexible_toggle":"","tiles_3_columns_landing":{"module_options":{"":null,"module_id":"n6514af3363d37","module_class":"","module_background_type":"color","module_background_color":"","module_background_image":false,"module_background_video":"","activate_custom_padding":false,"padding_top_desktop":"0","padding_top_tablet":"0","padding_top_mobile":"0","padding_bottom_desktop":"0","padding_bottom_tablet":"0","padding_bottom_mobile":"0","activate_custom_margin":false,"margin_top_desktop":"0","margin_top_tablet":"0","margin_top_mobile":"0","margin_bottom_desktop":"0","margin_bottom_tablet":"0","margin_bottom_mobile":"0","disable_on":[],"content_alignment_desktop":"left","content_alignment_tablet":"left","content_alignment_mobile":"left"},"intro_text":"Verwandte Produkte","intro_text_color":"#005e63","intro_link":{"type":"post","value":"1518","url":"https:\/\/natussensory.com\/products\/","name":"Products","title":"Alle Produkte anzeigen","target":""},"tiles":[{"label":"ALGO Supplies","label_background_color":"#154284","image":{"ID":11505,"id":11505,"title":"Algo-Supplies_linkspot","filename":"Algo-Supplies_linkspot.jpg","filesize":55147,"url":"https:\/\/natussensory.com\/wp-content\/uploads\/Algo-Supplies_linkspot.jpg","link":"https:\/\/natussensory.com\/de\/produkte\/algo-7i\/algo-supplies_linkspot-2\/","alt":"Algo-Supplies","author":"4","description":"","caption":"","name":"algo-supplies_linkspot-2","status":"inherit","uploaded_to":11548,"date":"2023-10-05 08:54:51","modified":"2025-08-06 14:13:33","menu_order":0,"mime_type":"image\/jpeg","type":"image","subtype":"jpeg","icon":"https:\/\/natussensory.com\/wp-includes\/images\/media\/default.png","width":600,"height":300,"sizes":{"thumbnail":"https:\/\/natussensory.com\/wp-content\/uploads\/Algo-Supplies_linkspot.jpg","thumbnail-width":128,"thumbnail-height":64,"medium":"https:\/\/natussensory.com\/wp-content\/uploads\/Algo-Supplies_linkspot.jpg","medium-width":600,"medium-height":300,"medium_large":"https:\/\/natussensory.com\/wp-content\/uploads\/Algo-Supplies_linkspot.jpg","medium_large-width":600,"medium_large-height":300,"large":"https:\/\/natussensory.com\/wp-content\/uploads\/Algo-Supplies_linkspot.jpg","large-width":600,"large-height":300,"1536x1536":"https:\/\/natussensory.com\/wp-content\/uploads\/Algo-Supplies_linkspot.jpg","1536x1536-width":600,"1536x1536-height":300,"2048x2048":"https:\/\/natussensory.com\/wp-content\/uploads\/Algo-Supplies_linkspot.jpg","2048x2048-width":600,"2048x2048-height":300}},"title":"Flexicoupler\u00ae Ohrh\u00f6rer und Jelly Tab\u00ae Sensoren ","link":{"type":"post","value":"11495","url":"https:\/\/natussensory.com\/products\/algo-supplies\/","name":"ALGO\u00ae Hearing Screener Supplies","title":"Mehr Erfahren","target":""}},{"label":"Accuscreen","label_background_color":"#154284","image":{"ID":8888,"id":8888,"title":"Accuscreen_linkspot","filename":"Accuscreen_linkspot.jpg","filesize":34234,"url":"https:\/\/natussensory.com\/wp-content\/uploads\/Accuscreen_linkspot.jpg","link":"https:\/\/natussensory.com\/de\/produkte\/algo-7i\/accuscreen_linkspot-2\/","alt":"Accuscreen","author":"4","description":"","caption":"","name":"accuscreen_linkspot-2","status":"inherit","uploaded_to":11548,"date":"2023-10-01 14:24:14","modified":"2025-08-06 14:23:23","menu_order":0,"mime_type":"image\/jpeg","type":"image","subtype":"jpeg","icon":"https:\/\/natussensory.com\/wp-includes\/images\/media\/default.png","width":600,"height":300,"sizes":{"thumbnail":"https:\/\/natussensory.com\/wp-content\/uploads\/Accuscreen_linkspot.jpg","thumbnail-width":128,"thumbnail-height":64,"medium":"https:\/\/natussensory.com\/wp-content\/uploads\/Accuscreen_linkspot.jpg","medium-width":600,"medium-height":300,"medium_large":"https:\/\/natussensory.com\/wp-content\/uploads\/Accuscreen_linkspot.jpg","medium_large-width":600,"medium_large-height":300,"large":"https:\/\/natussensory.com\/wp-content\/uploads\/Accuscreen_linkspot.jpg","large-width":600,"large-height":300,"1536x1536":"https:\/\/natussensory.com\/wp-content\/uploads\/Accuscreen_linkspot.jpg","1536x1536-width":600,"1536x1536-height":300,"2048x2048":"https:\/\/natussensory.com\/wp-content\/uploads\/Accuscreen_linkspot.jpg","2048x2048-width":600,"2048x2048-height":300}},"title":"Neugeborenen-H\u00f6rscreening mit kombinierter OAE-\/ABR","link":{"type":"post","value":"4633","url":"https:\/\/natussensory.com\/products\/madsen-accuscreen\/","name":"Madsen\u00ae Accuscreen\u00ae &#8211; Newborn Hearing Screener","title":"Mehr Erfahren","target":""}}]}},{"acf_fc_layout":"contact_form","_acfe_flexible_toggle":"","contact_form_landing":{"module_options":{"":null,"module_id":"contact","module_class":"","module_background_type":"color","module_background_color":"","module_background_image":false,"module_background_video":"","activate_custom_padding":false,"padding_top_desktop":0,"padding_top_tablet":"","padding_top_mobile":"","padding_bottom_desktop":"","padding_bottom_tablet":"","padding_bottom_mobile":"","activate_custom_margin":false,"margin_top_desktop":"","margin_top_tablet":"","margin_top_mobile":"","margin_bottom_desktop":"","margin_bottom_tablet":"","margin_bottom_mobile":"","disable_on":[],"content_alignment_desktop":"left","content_alignment_tablet":"left","content_alignment_mobile":"left"},"":null,"activate_intro":false,"intro_text":"","intro_text_color":"","intro_link":null,"activate_description":true,"description_title":"Kontakt","description_copy":"","embed_code":"<script charset=\"utf-8\" type=\"text\/javascript\" src=\"\/\/js.hsforms.net\/forms\/embed\/v2.js\"><\/script>\r\n<script>\r\n  hbspt.forms.create({\r\n    region: \"na1\",\r\n    portalId: \"3002890\",\r\n    formId: \"1e06faba-b077-41fc-bd9b-3df94616ea90\"\r\n  });\r\n<\/script>"}},{"acf_fc_layout":"simple_content","_acfe_flexible_layout_title":"Part number","_acfe_flexible_toggle":"","content_full_width_landing":{"module_options":{"":null,"module_id":"n6514af337a3e9","module_class":"","module_background_type":"color","module_background_color":"","module_background_image":false,"module_background_video":"","activate_custom_padding":false,"padding_top_desktop":0,"padding_top_tablet":"","padding_top_mobile":"","padding_bottom_desktop":"","padding_bottom_tablet":"","padding_bottom_mobile":"","activate_custom_margin":false,"margin_top_desktop":"","margin_top_tablet":"","margin_top_mobile":"","margin_bottom_desktop":"","margin_bottom_tablet":"","margin_bottom_mobile":"","disable_on":[],"content_alignment_desktop":"left","content_alignment_tablet":"left","content_alignment_mobile":"left"},"activate_custom_container_width":false,"container_width":"","content":"<p><span style=\"font-size: 11px;\">035293 RevA<\/span><\/p>\n"}}]},"_links":{"self":[{"href":"https:\/\/natussensory.com\/de\/wp-json\/wp\/v2\/pages\/11548","targetHints":{"allow":["GET"]}}],"collection":[{"href":"https:\/\/natussensory.com\/de\/wp-json\/wp\/v2\/pages"}],"about":[{"href":"https:\/\/natussensory.com\/de\/wp-json\/wp\/v2\/types\/page"}],"author":[{"embeddable":true,"href":"https:\/\/natussensory.com\/de\/wp-json\/wp\/v2\/users\/4"}],"replies":[{"embeddable":true,"href":"https:\/\/natussensory.com\/de\/wp-json\/wp\/v2\/comments?post=11548"}],"version-history":[{"count":8,"href":"https:\/\/natussensory.com\/de\/wp-json\/wp\/v2\/pages\/11548\/revisions"}],"predecessor-version":[{"id":27562,"href":"https:\/\/natussensory.com\/de\/wp-json\/wp\/v2\/pages\/11548\/revisions\/27562"}],"up":[{"embeddable":true,"href":"https:\/\/natussensory.com\/de\/wp-json\/wp\/v2\/pages\/11016"}],"wp:attachment":[{"href":"https:\/\/natussensory.com\/de\/wp-json\/wp\/v2\/media?parent=11548"}],"wp:term":[{"taxonomy":"category","embeddable":true,"href":"https:\/\/natussensory.com\/de\/wp-json\/wp\/v2\/categories?post=11548"},{"taxonomy":"post_tag","embeddable":true,"href":"https:\/\/natussensory.com\/de\/wp-json\/wp\/v2\/tags?post=11548"}],"curies":[{"name":"wp","href":"https:\/\/api.w.org\/{rel}","templated":true}]}}