{"id":11542,"date":"2023-09-15T16:47:30","date_gmt":"2023-09-15T16:47:30","guid":{"rendered":"https:\/\/natussensory.com\/sensory\/audble-litedesktop\/"},"modified":"2025-10-23T08:45:43","modified_gmt":"2025-10-23T08:45:43","slug":"audble-litedesktop","status":"publish","type":"page","link":"https:\/\/natussensory.com\/de\/produkte\/audble-litedesktop\/","title":{"rendered":"audble\u00ae Desktop &#8211; Datenverwaltung f\u00fcr das H\u00f6rscreening"},"content":{"rendered":"","protected":false},"excerpt":{"rendered":"","protected":false},"author":4,"featured_media":0,"parent":11016,"menu_order":0,"comment_status":"closed","ping_status":"closed","template":"templates\/page-sensory-solutions-product-landing.php","meta":{"_acf_changed":false,"inline_featured_image":false,"footnotes":""},"categories":[305],"tags":[],"class_list":["post-11542","page","type-page","status-publish","hentry","category-software-de"],"acf":{"content_blocks":[{"acf_fc_layout":"spacer","_acfe_flexible_toggle":"","spacer":{"module_options":{"":null,"module_id":"n6514ae76abbb1","module_class":"","module_background_type":"color","module_background_color":"#473089","module_background_image":false,"module_background_video":"","activate_custom_padding":false,"padding_top_desktop":"0","padding_top_tablet":"0","padding_top_mobile":"0","padding_bottom_desktop":"0","padding_bottom_tablet":"0","padding_bottom_mobile":"0","activate_custom_margin":false,"margin_top_desktop":"0","margin_top_tablet":"0","margin_top_mobile":"0","margin_bottom_desktop":"0","margin_bottom_tablet":"0","margin_bottom_mobile":"0","disable_on":[],"content_alignment_desktop":"left","content_alignment_tablet":"left","content_alignment_mobile":"left"},"height":"160"}},{"acf_fc_layout":"intro_with_sticky_image","_acfe_flexible_toggle":"","left_content_right_image_sticky":{"module_options":{"":null,"module_id":"n6514ae76b2724","module_class":"","module_background_type":"color","module_background_color":"","module_background_image":false,"module_background_video":"","activate_custom_padding":false,"padding_top_desktop":"0","padding_top_tablet":"0","padding_top_mobile":"0","padding_bottom_desktop":"0","padding_bottom_tablet":"0","padding_bottom_mobile":"0","activate_custom_margin":false,"margin_top_desktop":"0","margin_top_tablet":"0","margin_top_mobile":"0","margin_bottom_desktop":"0","margin_bottom_tablet":"0","margin_bottom_mobile":"0","disable_on":[],"content_alignment_desktop":"left","content_alignment_tablet":"left","content_alignment_mobile":"left"},"":null,"title":"audble<sup>\u00ae<\/sup> Desktop Datenmanagement-Software","subheader":"<p>Natus\u00a0audble Desktop ist eine L\u00f6sung f\u00fcr das praxis-\/klinikinterne H\u00f6rscreening-Datenmanagement bei Verwendung von\u00a0Natus-Ger\u00e4ten f\u00fcr das H\u00f6rscreening.<\/p>\n<p>&nbsp;<\/p>\n<p><span style=\"font-size: 11px;\">Produkte sind m\u00f6glicherweise nicht in allen L\u00e4ndern erh\u00e4ltlich. Wenden Sie sich f\u00fcr l\u00e4nderspezifische Informationen bitte an Natus.<\/span><\/p>\n","icons":false,"quick_navigation":[{"quick_link":{"type":"url","value":"#contact","url":"#contact","name":"#contact","title":"angebot anfragen","target":""}},{"quick_link":{"type":"url","value":"#info","url":"#info","name":"#info","title":"Mehr Details erkunden","target":""}}],"description":"","message_label":" ","message_title":"Suchen Sie einen Produktservice oder technische Unterst\u00fctzung?","message_link":{"type":"post","value":"883","url":"https:\/\/natussensory.com\/support\/","name":"Service &#038; Support","title":" Service und Unterst\u00fctzung","target":""},"right_sticky_image":{"ID":4720,"id":4720,"title":"Audble_product thumbnail","filename":"Audble_product-thumbnail.png","filesize":185177,"url":"https:\/\/natussensory.com\/wp-content\/uploads\/Audble_product-thumbnail.png","link":"https:\/\/natussensory.com\/de\/produkte\/audble-litedesktop\/audble_product-thumbnail-2\/","alt":"Natus audble Desktop software displaying hearing screening data management interface on a desktop monitor.","author":"4","description":"","caption":"","name":"audble_product-thumbnail-2","status":"inherit","uploaded_to":11542,"date":"2023-09-15 16:44:25","modified":"2025-05-21 11:34:09","menu_order":0,"mime_type":"image\/png","type":"image","subtype":"png","icon":"https:\/\/natussensory.com\/wp-includes\/images\/media\/default.png","width":500,"height":425,"sizes":{"thumbnail":"https:\/\/natussensory.com\/wp-content\/uploads\/Audble_product-thumbnail.png","thumbnail-width":113,"thumbnail-height":96,"medium":"https:\/\/natussensory.com\/wp-content\/uploads\/Audble_product-thumbnail.png","medium-width":500,"medium-height":425,"medium_large":"https:\/\/natussensory.com\/wp-content\/uploads\/Audble_product-thumbnail.png","medium_large-width":500,"medium_large-height":425,"large":"https:\/\/natussensory.com\/wp-content\/uploads\/Audble_product-thumbnail.png","large-width":500,"large-height":425,"1536x1536":"https:\/\/natussensory.com\/wp-content\/uploads\/Audble_product-thumbnail.png","1536x1536-width":500,"1536x1536-height":425,"2048x2048":"https:\/\/natussensory.com\/wp-content\/uploads\/Audble_product-thumbnail.png","2048x2048-width":500,"2048x2048-height":425}}}},{"acf_fc_layout":"simple_content","_acfe_flexible_toggle":"","content_full_width_landing":{"module_options":{"":null,"module_id":"n6514ae76bd4c2","module_class":"","module_background_type":"color","module_background_color":"","module_background_image":false,"module_background_video":"","activate_custom_padding":false,"padding_top_desktop":"0","padding_top_tablet":"0","padding_top_mobile":"0","padding_bottom_desktop":"0","padding_bottom_tablet":"0","padding_bottom_mobile":"0","activate_custom_margin":false,"margin_top_desktop":"0","margin_top_tablet":"0","margin_top_mobile":"0","margin_bottom_desktop":"0","margin_bottom_tablet":"0","margin_bottom_mobile":"0","disable_on":[],"content_alignment_desktop":"left","content_alignment_tablet":"left","content_alignment_mobile":"left"},"activate_custom_container_width":false,"container_width":"","content":"<h4>Rationalisierung des Arbeitsablaufs an einem zentralen Ort<\/h4>\n<p>Einfache Erkennung potenzieller Dateneingabefehler verbessert die Genauigkeit Praxis-\/klinikinternes Datenmanagement mittels audble Desktop f\u00fchrt Ergebnisse von mehreren Ger\u00e4ten zusammen, um die Auswertung zu erleichtern.<\/p>\n<p>&nbsp;<\/p>\n<p><strong>Sicheres Management der Patientendaten\u00a0<\/strong><\/p>\n<p>Patientendaten werden durch automatisch generierte Backups und Archivierungen gesichert. Mehrere Ebenen von Benutzerprofilen mit jeweils von Administratoren anpassbaren Berechtigungen bieten Ihnen Sicherheit bei der Erstellung und Versendung von Berichten.<\/p>\n<p>&nbsp;<\/p>\n<p><strong>Intelligente Erfassung der Untersuchungsdaten\u00a0<\/strong><\/p>\n<p>Die von diversen Natus-H\u00f6rscreenern erfassten Ergebnisdaten von Patienten werden an einem zentralen Ort zusammengef\u00fchrt. Die Software erm\u00f6glicht das Management der Ergebnisse von universellen Programmen f\u00fcr das Neugeborenen-H\u00f6rscreening. Dazu geh\u00f6rt auch das Hochladen von Arbeitslisten an Natus-Ger\u00e4te f\u00fcr das H\u00f6rscreening und die Reduzierung des Zeitaufwands f\u00fcr die Dateneingabe.<\/p>\n<p>&nbsp;<\/p>\n<p><strong>Effizientes H\u00f6rscreening-Datenmanagement \u00a0<\/strong><\/p>\n<p>Das Management von Patientendaten \u00fcber eine einzige, benutzerfreundliche Anwendung bietet M\u00f6glichkeiten zum Filtern und Sortieren von Daten entsprechend der Pr\u00e4ferenz des Benutzers oder Endkunden. Erfassung von demografischen Daten und Screening-Ergebnissen von anderen Natus-Ger\u00e4ten f\u00fcr das H\u00f6rscreening wie\u00a0<a href=\"https:\/\/natussensory.com\/sensory\/algo-7i\/\">ALGO 7i<\/a> und\u00a0<a href=\"https:\/\/natussensory.com\/sensory\/algo-5\/\">ALGO 5<\/a>.<\/p>\n"}},{"acf_fc_layout":"related_products","_acfe_flexible_layout_title":"Resources and Support","_acfe_flexible_toggle":"","tiles_3_columns_landing":{"module_options":{"":null,"module_id":"info","module_class":"","module_background_type":"color","module_background_color":"","module_background_image":false,"module_background_video":"","activate_custom_padding":false,"padding_top_desktop":"0","padding_top_tablet":"0","padding_top_mobile":"0","padding_bottom_desktop":"0","padding_bottom_tablet":"0","padding_bottom_mobile":"0","activate_custom_margin":false,"margin_top_desktop":"0","margin_top_tablet":"0","margin_top_mobile":"0","margin_bottom_desktop":"0","margin_bottom_tablet":"0","margin_bottom_mobile":"0","disable_on":[],"content_alignment_desktop":"left","content_alignment_tablet":"left","content_alignment_mobile":"left"},"intro_text":"Ressourcen und Support","intro_text_color":"","intro_link":null,"tiles":[{"label":"Ressourcen","label_background_color":"#154284","image":false,"title":"Brosch\u00fcre, Flyers, Datenblatt und mehr","link":{"type":"url","value":"https:\/\/natus.bynder.com\/web\/1c710fce59d6ea50\/resource-library-audble\/","url":"https:\/\/natus.bynder.com\/web\/1c710fce59d6ea50\/resource-library-audble\/","name":"https:\/\/natus.bynder.com\/web\/1c710fce59d6ea50\/resource-library-audble\/","title":"audble Ressourcen","target":"_blank"}},{"label":"Support","label_background_color":"#154284","image":false,"title":"Benutzerhandbuch und Guides (eIFUs)","link":{"type":"post","value":"883","url":"https:\/\/natussensory.com\/support\/","name":"Service &#038; Support","title":"Service und Unterst\u00fctzung","target":""}}]}},{"acf_fc_layout":"related_products","_acfe_flexible_toggle":"","tiles_3_columns_landing":{"module_options":{"":null,"module_id":"n6514ae76ccd68","module_class":"","module_background_type":"color","module_background_color":"","module_background_image":false,"module_background_video":"","activate_custom_padding":false,"padding_top_desktop":"0","padding_top_tablet":"0","padding_top_mobile":"0","padding_bottom_desktop":"0","padding_bottom_tablet":"0","padding_bottom_mobile":"0","activate_custom_margin":false,"margin_top_desktop":"0","margin_top_tablet":"0","margin_top_mobile":"0","margin_bottom_desktop":"0","margin_bottom_tablet":"0","margin_bottom_mobile":"0","disable_on":[],"content_alignment_desktop":"left","content_alignment_tablet":"left","content_alignment_mobile":"left"},"intro_text":"Verwandte Produkte","intro_text_color":"#005e63","intro_link":{"type":"post","value":"1518","url":"https:\/\/natussensory.com\/products\/","name":"Products","title":"Alle Produkte anzeigen","target":""},"tiles":[{"label":"Otosuite","label_background_color":"#154284","image":{"ID":9133,"id":9133,"title":"Otosuite_linkspot","filename":"Otosuite_linkspot.jpg","filesize":95359,"url":"https:\/\/natussensory.com\/wp-content\/uploads\/Otosuite_linkspot.jpg","link":"https:\/\/natussensory.com\/de\/produkte\/otosuite\/otosuite_linkspot-2-2\/","alt":"Otosuite","author":"4","description":"","caption":"","name":"otosuite_linkspot-2-2","status":"inherit","uploaded_to":11524,"date":"2023-10-02 07:31:32","modified":"2025-08-07 07:52:00","menu_order":0,"mime_type":"image\/jpeg","type":"image","subtype":"jpeg","icon":"https:\/\/natussensory.com\/wp-includes\/images\/media\/default.png","width":600,"height":300,"sizes":{"thumbnail":"https:\/\/natussensory.com\/wp-content\/uploads\/Otosuite_linkspot.jpg","thumbnail-width":128,"thumbnail-height":64,"medium":"https:\/\/natussensory.com\/wp-content\/uploads\/Otosuite_linkspot.jpg","medium-width":600,"medium-height":300,"medium_large":"https:\/\/natussensory.com\/wp-content\/uploads\/Otosuite_linkspot.jpg","medium_large-width":600,"medium_large-height":300,"large":"https:\/\/natussensory.com\/wp-content\/uploads\/Otosuite_linkspot.jpg","large-width":600,"large-height":300,"1536x1536":"https:\/\/natussensory.com\/wp-content\/uploads\/Otosuite_linkspot.jpg","1536x1536-width":600,"1536x1536-height":300,"2048x2048":"https:\/\/natussensory.com\/wp-content\/uploads\/Otosuite_linkspot.jpg","2048x2048-width":600,"2048x2048-height":300}},"title":"Audiometrie-Software","link":{"type":"post","value":"4085","url":"https:\/\/natussensory.com\/products\/otosuite\/","name":"Otosuite\u00ae &#8211; Audiometry Software","title":"Mehr Erfahren","target":""}},{"label":"Otobase","label_background_color":"#154284","image":{"ID":9118,"id":9118,"title":"Otobase_linkspot","filename":"Otobase_linkspot.jpg","filesize":42612,"url":"https:\/\/natussensory.com\/wp-content\/uploads\/Otobase_linkspot.jpg","link":"https:\/\/natussensory.com\/de\/produkte\/otosuite\/otobase_linkspot-2-2\/","alt":"Otobase","author":"4","description":"","caption":"","name":"otobase_linkspot-2-2","status":"inherit","uploaded_to":11524,"date":"2023-10-02 07:28:09","modified":"2025-08-07 07:50:03","menu_order":0,"mime_type":"image\/jpeg","type":"image","subtype":"jpeg","icon":"https:\/\/natussensory.com\/wp-includes\/images\/media\/default.png","width":600,"height":300,"sizes":{"thumbnail":"https:\/\/natussensory.com\/wp-content\/uploads\/Otobase_linkspot.jpg","thumbnail-width":128,"thumbnail-height":64,"medium":"https:\/\/natussensory.com\/wp-content\/uploads\/Otobase_linkspot.jpg","medium-width":600,"medium-height":300,"medium_large":"https:\/\/natussensory.com\/wp-content\/uploads\/Otobase_linkspot.jpg","medium_large-width":600,"medium_large-height":300,"large":"https:\/\/natussensory.com\/wp-content\/uploads\/Otobase_linkspot.jpg","large-width":600,"large-height":300,"1536x1536":"https:\/\/natussensory.com\/wp-content\/uploads\/Otobase_linkspot.jpg","1536x1536-width":600,"1536x1536-height":300,"2048x2048":"https:\/\/natussensory.com\/wp-content\/uploads\/Otobase_linkspot.jpg","2048x2048-width":600,"2048x2048-height":300}},"title":"EMR Integration","link":{"type":"post","value":"4119","url":"https:\/\/natussensory.com\/products\/otobase\/","name":"Otobase\u00ae &#8211; EMR Integration","title":"Mehr Erfahren","target":""}}]}},{"acf_fc_layout":"contact_form","_acfe_flexible_toggle":"","contact_form_landing":{"module_options":{"":null,"module_id":"contact","module_class":"","module_background_type":"color","module_background_color":"","module_background_image":false,"module_background_video":"","activate_custom_padding":false,"padding_top_desktop":"0","padding_top_tablet":"0","padding_top_mobile":"0","padding_bottom_desktop":"0","padding_bottom_tablet":"0","padding_bottom_mobile":"0","activate_custom_margin":false,"margin_top_desktop":"0","margin_top_tablet":"0","margin_top_mobile":"0","margin_bottom_desktop":"0","margin_bottom_tablet":"0","margin_bottom_mobile":"0","disable_on":[],"content_alignment_desktop":"left","content_alignment_tablet":"left","content_alignment_mobile":"left"},"":null,"activate_intro":false,"intro_text":"","intro_text_color":"","intro_link":null,"activate_description":true,"description_title":"Kontakt","description_copy":"","embed_code":"<script charset=\"utf-8\" type=\"text\/javascript\" src=\"\/\/js.hsforms.net\/forms\/embed\/v2.js\"><\/script>\r\n<script>\r\n  hbspt.forms.create({\r\n    region: \"na1\",\r\n    portalId: \"3002890\",\r\n    formId: \"3478a921-b33a-4d71-b599-1b8d27d94b57\"\r\n  });\r\n<\/script>"}},{"acf_fc_layout":"simple_content","_acfe_flexible_layout_title":"Part number","_acfe_flexible_toggle":"","content_full_width_landing":{"module_options":{"":null,"module_id":"n6514ae76e7cdd","module_class":"","module_background_type":"color","module_background_color":"","module_background_image":false,"module_background_video":"","activate_custom_padding":false,"padding_top_desktop":"0","padding_top_tablet":"0","padding_top_mobile":"0","padding_bottom_desktop":"0","padding_bottom_tablet":"0","padding_bottom_mobile":"0","activate_custom_margin":false,"margin_top_desktop":"0","margin_top_tablet":"0","margin_top_mobile":"0","margin_bottom_desktop":"0","margin_bottom_tablet":"0","margin_bottom_mobile":"0","disable_on":[],"content_alignment_desktop":"left","content_alignment_tablet":"left","content_alignment_mobile":"left"},"activate_custom_container_width":false,"container_width":"","content":"<p><span style=\"font-size: 11px;\">035820 RevE<\/span><\/p>\n"}}]},"_links":{"self":[{"href":"https:\/\/natussensory.com\/de\/wp-json\/wp\/v2\/pages\/11542","targetHints":{"allow":["GET"]}}],"collection":[{"href":"https:\/\/natussensory.com\/de\/wp-json\/wp\/v2\/pages"}],"about":[{"href":"https:\/\/natussensory.com\/de\/wp-json\/wp\/v2\/types\/page"}],"author":[{"embeddable":true,"href":"https:\/\/natussensory.com\/de\/wp-json\/wp\/v2\/users\/4"}],"replies":[{"embeddable":true,"href":"https:\/\/natussensory.com\/de\/wp-json\/wp\/v2\/comments?post=11542"}],"version-history":[{"count":8,"href":"https:\/\/natussensory.com\/de\/wp-json\/wp\/v2\/pages\/11542\/revisions"}],"predecessor-version":[{"id":27767,"href":"https:\/\/natussensory.com\/de\/wp-json\/wp\/v2\/pages\/11542\/revisions\/27767"}],"up":[{"embeddable":true,"href":"https:\/\/natussensory.com\/de\/wp-json\/wp\/v2\/pages\/11016"}],"wp:attachment":[{"href":"https:\/\/natussensory.com\/de\/wp-json\/wp\/v2\/media?parent=11542"}],"wp:term":[{"taxonomy":"category","embeddable":true,"href":"https:\/\/natussensory.com\/de\/wp-json\/wp\/v2\/categories?post=11542"},{"taxonomy":"post_tag","embeddable":true,"href":"https:\/\/natussensory.com\/de\/wp-json\/wp\/v2\/tags?post=11542"}],"curies":[{"name":"wp","href":"https:\/\/api.w.org\/{rel}","templated":true}]}}