{"id":11528,"date":"2023-09-14T12:24:21","date_gmt":"2023-09-14T12:24:21","guid":{"rendered":"https:\/\/natussensory.com\/sensory\/otobase\/"},"modified":"2025-10-23T08:13:45","modified_gmt":"2025-10-23T08:13:45","slug":"otobase","status":"publish","type":"page","link":"https:\/\/natussensory.com\/de\/produkte\/otobase\/","title":{"rendered":"Integration von Otobase\u00ae und EMR"},"content":{"rendered":"","protected":false},"excerpt":{"rendered":"","protected":false},"author":4,"featured_media":0,"parent":11016,"menu_order":0,"comment_status":"closed","ping_status":"closed","template":"templates\/page-sensory-solutions-product-landing.php","meta":{"_acf_changed":false,"inline_featured_image":false,"footnotes":""},"categories":[305],"tags":[],"class_list":["post-11528","page","type-page","status-publish","hentry","category-software-de"],"acf":{"content_blocks":[{"acf_fc_layout":"spacer","_acfe_flexible_toggle":"","spacer":{"module_options":{"":null,"module_id":"n6514aa53e5cd8","module_class":"","module_background_type":"color","module_background_color":"#473089","module_background_image":false,"module_background_video":"","activate_custom_padding":false,"padding_top_desktop":"0","padding_top_tablet":"0","padding_top_mobile":"0","padding_bottom_desktop":"0","padding_bottom_tablet":"0","padding_bottom_mobile":"0","activate_custom_margin":false,"margin_top_desktop":"0","margin_top_tablet":"0","margin_top_mobile":"0","margin_bottom_desktop":"0","margin_bottom_tablet":"0","margin_bottom_mobile":"0","disable_on":[],"content_alignment_desktop":"left","content_alignment_tablet":"left","content_alignment_mobile":"left"},"height":"160"}},{"acf_fc_layout":"intro_with_sticky_image","_acfe_flexible_toggle":"","left_content_right_image_sticky":{"module_options":{"":null,"module_id":"n6514aa53ee866","module_class":"","module_background_type":"color","module_background_color":"","module_background_image":false,"module_background_video":"","activate_custom_padding":false,"padding_top_desktop":"0","padding_top_tablet":"0","padding_top_mobile":"0","padding_bottom_desktop":"0","padding_bottom_tablet":"0","padding_bottom_mobile":"0","activate_custom_margin":false,"margin_top_desktop":"0","margin_top_tablet":"0","margin_top_mobile":"0","margin_bottom_desktop":"0","margin_bottom_tablet":"0","margin_bottom_mobile":"0","disable_on":[],"content_alignment_desktop":"left","content_alignment_tablet":"left","content_alignment_mobile":"left"},"":null,"title":"Integration von Otobase<sup>\u00ae<\/sup> und EMR","subheader":"<h4>Neue M\u00f6glichkeiten bei der Versorgung von Patienten<\/h4>\n<p>Integration erleichtert Ihnen die Arbeit. Otobase ist eine All-in-One-L\u00f6sung f\u00fcr das Datenmanagement, mit der sich audiologische Patientendaten auf einfache Weise in Systeme f\u00fcr elektronische Patientenakten (EMR) integrieren lassen. Die vertraute Benutzeroberfl\u00e4che ist leicht erlernbar und bietet Ihnen dadurch mehr Zeit f\u00fcr die Versorgung Ihrer Patienten.<\/p>\n","icons":false,"quick_navigation":[{"quick_link":{"type":"post","value":"883","url":"https:\/\/natussensory.com\/support\/","name":"Service &#038; Support","title":"Download Otobase","target":""}},{"quick_link":{"type":"url","value":"#contact","url":"#contact","name":"#contact","title":"angebot anfragen","target":""}},{"quick_link":{"type":"url","value":"#info","url":"#info","name":"#info","title":"Mehr Details erkunden","target":""}}],"description":"","message_label":" ","message_title":"Suchen Sie einen Produktservice oder technische Unterst\u00fctzung?","message_link":{"type":"post","value":"883","url":"https:\/\/natussensory.com\/support\/","name":"Service &#038; Support","title":" Service und Unterst\u00fctzung","target":""},"right_sticky_image":{"ID":4122,"id":4122,"title":"Otobase_product thumbnail","filename":"Otobase_product-thumbnail.png","filesize":175671,"url":"https:\/\/natussensory.com\/wp-content\/uploads\/Otobase_product-thumbnail.png","link":"https:\/\/natussensory.com\/de\/produkte\/otobase\/otobase_product-thumbnail-2\/","alt":"Otobase logo representing audiology EMR integration software by Natus.","author":"4","description":"","caption":"","name":"otobase_product-thumbnail-2","status":"inherit","uploaded_to":11528,"date":"2023-09-14 12:16:22","modified":"2025-05-21 12:18:58","menu_order":0,"mime_type":"image\/png","type":"image","subtype":"png","icon":"https:\/\/natussensory.com\/wp-includes\/images\/media\/default.png","width":500,"height":528,"sizes":{"thumbnail":"https:\/\/natussensory.com\/wp-content\/uploads\/Otobase_product-thumbnail.png","thumbnail-width":91,"thumbnail-height":96,"medium":"https:\/\/natussensory.com\/wp-content\/uploads\/Otobase_product-thumbnail.png","medium-width":500,"medium-height":528,"medium_large":"https:\/\/natussensory.com\/wp-content\/uploads\/Otobase_product-thumbnail.png","medium_large-width":500,"medium_large-height":528,"large":"https:\/\/natussensory.com\/wp-content\/uploads\/Otobase_product-thumbnail.png","large-width":500,"large-height":528,"1536x1536":"https:\/\/natussensory.com\/wp-content\/uploads\/Otobase_product-thumbnail.png","1536x1536-width":500,"1536x1536-height":528,"2048x2048":"https:\/\/natussensory.com\/wp-content\/uploads\/Otobase_product-thumbnail.png","2048x2048-width":500,"2048x2048-height":528}}}},{"acf_fc_layout":"simple_content","_acfe_flexible_toggle":"","content_full_width_landing":{"module_options":{"":null,"module_id":"n6514aa5406663","module_class":"","module_background_type":"color","module_background_color":"","module_background_image":false,"module_background_video":"","activate_custom_padding":false,"padding_top_desktop":"0","padding_top_tablet":"0","padding_top_mobile":"0","padding_bottom_desktop":"0","padding_bottom_tablet":"0","padding_bottom_mobile":"0","activate_custom_margin":false,"margin_top_desktop":"0","margin_top_tablet":"0","margin_top_mobile":"0","margin_bottom_desktop":"0","margin_bottom_tablet":"0","margin_bottom_mobile":"0","disable_on":[],"content_alignment_desktop":"left","content_alignment_tablet":"left","content_alignment_mobile":"left"},"activate_custom_container_width":false,"container_width":"","content":"<h2>Vereinfachen Sie Ihre Datenverwaltung<\/h2>\n<p><img loading=\"lazy\" decoding=\"async\" class=\"aligncenter size-full wp-image-4125\" src=\"https:\/\/natussensory.com\/wp-content\/uploads\/Otobase_banner.jpg\" alt=\"\" width=\"1300\" height=\"600\" srcset=\"https:\/\/natussensory.com\/wp-content\/uploads\/Otobase_banner.jpg 1300w, https:\/\/natussensory.com\/wp-content\/uploads\/Otobase_banner-768x354.jpg 768w\" sizes=\"auto, (max-width: 1300px) 100vw, 1300px\" \/><\/p>\n"}},{"acf_fc_layout":"product_details_right_image_and_left_content","_acfe_flexible_toggle":"","right_image_left_content_single_cta_landing":{"module_options":{"":null,"module_id":"n6514aa541002c","module_class":"","module_background_type":"color","module_background_color":"","module_background_image":false,"module_background_video":"","activate_custom_padding":false,"padding_top_desktop":"0","padding_top_tablet":"0","padding_top_mobile":"0","padding_bottom_desktop":"0","padding_bottom_tablet":"0","padding_bottom_mobile":"0","activate_custom_margin":false,"margin_top_desktop":"0","margin_top_tablet":"0","margin_top_mobile":"0","margin_bottom_desktop":"0","margin_bottom_tablet":"0","margin_bottom_mobile":"0","disable_on":[],"content_alignment_desktop":"left","content_alignment_tablet":"left","content_alignment_mobile":"left"},"":null,"label":"","title":"Warum die Integration von elektronischen Patientenakten wichtig ist","description":"<p>Die Integration von elektronischen Patientendaten ist einer der best\u00e4ndigsten Trends, den wir heute in der Audiologie erleben. Kosten und Effizienz sind enorm wichtig geworden, zus\u00e4tzlich gibt es neue Compliance-Anforderungen in vielen Krankenh\u00e4usern, um elektronische Patientenakten zu speichern.<\/p>\n<p>&nbsp;<\/p>\n<p>Zugleich besteht der Wunsch die Effizienz innerhalb einer Praxis oder Abteilung zu erh\u00f6hen, um mehr Zeit f\u00fcr eine verbesserte Patientenversorgung zu haben.<\/p>\n<p>&nbsp;<\/p>\n<p>Otobase bietet eine einfache M\u00f6glichkeit, audiologische Patientendaten in das PMS zu integrieren und so dazu beizutragen, Arbeitsabl\u00e4ufe zu optimieren und erhebliche Effizienzgewinne realisieren.<\/p>\n","link":null,"image":{"ID":4137,"id":4137,"title":"Otobase_EMR_spot","filename":"Otobase_EMR_spot.jpg","filesize":87747,"url":"https:\/\/natussensory.com\/wp-content\/uploads\/Otobase_EMR_spot.jpg","link":"https:\/\/natussensory.com\/de\/produkte\/otobase\/otobase_emr_spot-2\/","alt":"\"Otobase audiology data types including audiometry, OAE, video otoscopy, and immittance integrated into EMR system.","author":"4","description":"","caption":"","name":"otobase_emr_spot-2","status":"inherit","uploaded_to":11528,"date":"2023-09-14 12:18:40","modified":"2025-05-21 12:21:34","menu_order":0,"mime_type":"image\/jpeg","type":"image","subtype":"jpeg","icon":"https:\/\/natussensory.com\/wp-includes\/images\/media\/default.png","width":800,"height":450,"sizes":{"thumbnail":"https:\/\/natussensory.com\/wp-content\/uploads\/Otobase_EMR_spot.jpg","thumbnail-width":128,"thumbnail-height":72,"medium":"https:\/\/natussensory.com\/wp-content\/uploads\/Otobase_EMR_spot.jpg","medium-width":800,"medium-height":450,"medium_large":"https:\/\/natussensory.com\/wp-content\/uploads\/Otobase_EMR_spot-768x432.jpg","medium_large-width":768,"medium_large-height":432,"large":"https:\/\/natussensory.com\/wp-content\/uploads\/Otobase_EMR_spot.jpg","large-width":800,"large-height":450,"1536x1536":"https:\/\/natussensory.com\/wp-content\/uploads\/Otobase_EMR_spot.jpg","1536x1536-width":800,"1536x1536-height":450,"2048x2048":"https:\/\/natussensory.com\/wp-content\/uploads\/Otobase_EMR_spot.jpg","2048x2048-width":800,"2048x2048-height":450}}}},{"acf_fc_layout":"product_details_left_image_and_right_content","_acfe_flexible_toggle":"","left_image_right_content_single_cta_landing":{"module_options":{"":null,"module_id":"n6514aa541ae8d","module_class":"","module_background_type":"color","module_background_color":"","module_background_image":false,"module_background_video":"","activate_custom_padding":false,"padding_top_desktop":"0","padding_top_tablet":"0","padding_top_mobile":"0","padding_bottom_desktop":"0","padding_bottom_tablet":"0","padding_bottom_mobile":"0","activate_custom_margin":false,"margin_top_desktop":"0","margin_top_tablet":"0","margin_top_mobile":"0","margin_bottom_desktop":"0","margin_bottom_tablet":"0","margin_bottom_mobile":"0","disable_on":[],"content_alignment_desktop":"left","content_alignment_tablet":"left","content_alignment_mobile":"left"},"image":{"ID":4142,"id":4142,"title":"Otobase_PC_spot","filename":"Otobase_PC_spot.png","filesize":172481,"url":"https:\/\/natussensory.com\/wp-content\/uploads\/Otobase_PC_spot.png","link":"https:\/\/natussensory.com\/de\/produkte\/otobase\/otobase_pc_spot-2\/","alt":"Otobase software displaying patient audiogram and session data for audiology EMR integration.","author":"4","description":"","caption":"","name":"otobase_pc_spot-2","status":"inherit","uploaded_to":11528,"date":"2023-09-14 12:18:42","modified":"2025-05-21 12:22:09","menu_order":0,"mime_type":"image\/png","type":"image","subtype":"png","icon":"https:\/\/natussensory.com\/wp-includes\/images\/media\/default.png","width":800,"height":450,"sizes":{"thumbnail":"https:\/\/natussensory.com\/wp-content\/uploads\/Otobase_PC_spot.png","thumbnail-width":128,"thumbnail-height":72,"medium":"https:\/\/natussensory.com\/wp-content\/uploads\/Otobase_PC_spot.png","medium-width":800,"medium-height":450,"medium_large":"https:\/\/natussensory.com\/wp-content\/uploads\/Otobase_PC_spot-768x432.png","medium_large-width":768,"medium_large-height":432,"large":"https:\/\/natussensory.com\/wp-content\/uploads\/Otobase_PC_spot.png","large-width":800,"large-height":450,"1536x1536":"https:\/\/natussensory.com\/wp-content\/uploads\/Otobase_PC_spot.png","1536x1536-width":800,"1536x1536-height":450,"2048x2048":"https:\/\/natussensory.com\/wp-content\/uploads\/Otobase_PC_spot.png","2048x2048-width":800,"2048x2048-height":450}},"label":"","title":"Einfache Integration aller Ger\u00e4te und Systeme in das PMS","description":"<p>Sparen Sie Zeit und Geld \u2013 Otobase ist nicht nur mit allen wichtigen Audiologie-Ger\u00e4ten und -Systemen kompatibel, es ist auch modular, sodass Sie nur das bezahlen, was Sie brauchen.<\/p>\n<p>&nbsp;<\/p>\n<p>Verbinden Sie Ihre Messdaten schnell und einfach mit Ihrem PMS. Otobase funktioniert genau so wie Noah. Es ist schnell einzurichten und zu implementieren, sowie einfach zu erlernen und zu bedienen.<\/p>\n","link":null}},{"acf_fc_layout":"product_details_right_image_and_left_content","_acfe_flexible_toggle":"","right_image_left_content_single_cta_landing":{"module_options":{"":null,"module_id":"n6514aa542e91e","module_class":"","module_background_type":"color","module_background_color":"","module_background_image":false,"module_background_video":"","activate_custom_padding":false,"padding_top_desktop":"0","padding_top_tablet":"0","padding_top_mobile":"0","padding_bottom_desktop":"0","padding_bottom_tablet":"0","padding_bottom_mobile":"0","activate_custom_margin":false,"margin_top_desktop":"0","margin_top_tablet":"0","margin_top_mobile":"0","margin_bottom_desktop":"0","margin_bottom_tablet":"0","margin_bottom_mobile":"0","disable_on":[],"content_alignment_desktop":"left","content_alignment_tablet":"left","content_alignment_mobile":"left"},"":null,"label":"","title":"5 Gr\u00fcnde sich f\u00fcr Otobase zu entscheiden","description":"<ol>\n<li>Einfach und leicht zu bedienen \u2013 sieht aus und funktioniert wie Noah<\/li>\n<li>Spart Zeit und Geld \u2013 Sie bezahlen nur, was Sie verwenden<\/li>\n<li>Einfache Integration mit allen Arten von Audiologie-Ausr\u00fcstungen und allen wichtigen Marken<\/li>\n<li>Unterst\u00fctzt HL7-Schnittstellen und Noah-4-Schnittstellen<\/li>\n<li>HIPPA Compliance-Sicherheitsfunktionen<\/li>\n<\/ol>\n<p>&nbsp;<\/p>\n<p>Verbinden Sie noch heute Ihre Messdaten mit dem PMS<\/p>\n","link":null,"image":{"ID":4132,"id":4132,"title":"Otobase_woman_spot","filename":"Otobase_woman_spot.jpg","filesize":104770,"url":"https:\/\/natussensory.com\/wp-content\/uploads\/Otobase_woman_spot.jpg","link":"https:\/\/natussensory.com\/de\/produkte\/otobase\/otobase_woman_spot-2\/","alt":"Happy user celebrating successful audiology data integration using Otobase software.","author":"4","description":"","caption":"","name":"otobase_woman_spot-2","status":"inherit","uploaded_to":11528,"date":"2023-09-14 12:18:38","modified":"2025-05-21 12:22:44","menu_order":0,"mime_type":"image\/jpeg","type":"image","subtype":"jpeg","icon":"https:\/\/natussensory.com\/wp-includes\/images\/media\/default.png","width":800,"height":450,"sizes":{"thumbnail":"https:\/\/natussensory.com\/wp-content\/uploads\/Otobase_woman_spot.jpg","thumbnail-width":128,"thumbnail-height":72,"medium":"https:\/\/natussensory.com\/wp-content\/uploads\/Otobase_woman_spot.jpg","medium-width":800,"medium-height":450,"medium_large":"https:\/\/natussensory.com\/wp-content\/uploads\/Otobase_woman_spot-768x432.jpg","medium_large-width":768,"medium_large-height":432,"large":"https:\/\/natussensory.com\/wp-content\/uploads\/Otobase_woman_spot.jpg","large-width":800,"large-height":450,"1536x1536":"https:\/\/natussensory.com\/wp-content\/uploads\/Otobase_woman_spot.jpg","1536x1536-width":800,"1536x1536-height":450,"2048x2048":"https:\/\/natussensory.com\/wp-content\/uploads\/Otobase_woman_spot.jpg","2048x2048-width":800,"2048x2048-height":450}}}},{"acf_fc_layout":"related_products","_acfe_flexible_layout_title":"Resources and Support","_acfe_flexible_toggle":"","tiles_3_columns_landing":{"module_options":{"":null,"module_id":"info","module_class":"","module_background_type":"color","module_background_color":"","module_background_image":false,"module_background_video":"","activate_custom_padding":false,"padding_top_desktop":0,"padding_top_tablet":"","padding_top_mobile":"","padding_bottom_desktop":"","padding_bottom_tablet":"","padding_bottom_mobile":"","activate_custom_margin":false,"margin_top_desktop":"","margin_top_tablet":"","margin_top_mobile":"","margin_bottom_desktop":"","margin_bottom_tablet":"","margin_bottom_mobile":"","disable_on":[],"content_alignment_desktop":"left","content_alignment_tablet":"left","content_alignment_mobile":"left"},"intro_text":"Ressourcen und Support","intro_text_color":"","intro_link":null,"tiles":[{"label":"Ressourcen","label_background_color":"#154284","image":false,"title":"Brosch\u00fcre, Flyers, Datenblatt und mehr","link":{"type":"url","value":"https:\/\/natus.bynder.com\/web\/29aeb854ffdf5230\/resource-library-otobase\/","url":"https:\/\/natus.bynder.com\/web\/29aeb854ffdf5230\/resource-library-otobase\/","name":"https:\/\/natus.bynder.com\/web\/29aeb854ffdf5230\/resource-library-otobase\/","title":"Otobase Ressourcen","target":"_blank"}},{"label":"Support","label_background_color":"#154284","image":false,"title":"Benutzerhandbuch und Guides (eIFUs)","link":{"type":"post","value":"883","url":"https:\/\/natussensory.com\/support\/","name":"Service &#038; Support","title":"Service und Unterst\u00fctzung","target":""}},{"label":"Otobase","label_background_color":"#154284","image":false,"title":"Download Otobase","link":{"type":"post","value":"8364","url":"https:\/\/natussensory.com\/de\/support\/","name":"Service und Support","title":"Download Center","target":""}}]}},{"acf_fc_layout":"related_products","_acfe_flexible_toggle":"","tiles_3_columns_landing":{"module_options":{"":null,"module_id":"n6514140274759","module_class":"","module_background_type":"color","module_background_color":"","module_background_image":false,"module_background_video":"","activate_custom_padding":false,"padding_top_desktop":"0","padding_top_tablet":"0","padding_top_mobile":"0","padding_bottom_desktop":"0","padding_bottom_tablet":"0","padding_bottom_mobile":"0","activate_custom_margin":false,"margin_top_desktop":"0","margin_top_tablet":"0","margin_top_mobile":"0","margin_bottom_desktop":"0","margin_bottom_tablet":"0","margin_bottom_mobile":"0","disable_on":[],"content_alignment_desktop":"left","content_alignment_tablet":"left","content_alignment_mobile":"left"},"intro_text":"Verwandte Produkte","intro_text_color":"#005e63","intro_link":{"type":"post","value":"1518","url":"https:\/\/natussensory.com\/products\/","name":"Products","title":"Alle Produkte anzeigen","target":""},"tiles":[{"label":"Otosuite","label_background_color":"#154284","image":{"ID":9133,"id":9133,"title":"Otosuite_linkspot","filename":"Otosuite_linkspot.jpg","filesize":95359,"url":"https:\/\/natussensory.com\/wp-content\/uploads\/Otosuite_linkspot.jpg","link":"https:\/\/natussensory.com\/de\/produkte\/otosuite\/otosuite_linkspot-2-2\/","alt":"Otosuite","author":"4","description":"","caption":"","name":"otosuite_linkspot-2-2","status":"inherit","uploaded_to":11524,"date":"2023-10-02 07:31:32","modified":"2025-08-07 07:52:00","menu_order":0,"mime_type":"image\/jpeg","type":"image","subtype":"jpeg","icon":"https:\/\/natussensory.com\/wp-includes\/images\/media\/default.png","width":600,"height":300,"sizes":{"thumbnail":"https:\/\/natussensory.com\/wp-content\/uploads\/Otosuite_linkspot.jpg","thumbnail-width":128,"thumbnail-height":64,"medium":"https:\/\/natussensory.com\/wp-content\/uploads\/Otosuite_linkspot.jpg","medium-width":600,"medium-height":300,"medium_large":"https:\/\/natussensory.com\/wp-content\/uploads\/Otosuite_linkspot.jpg","medium_large-width":600,"medium_large-height":300,"large":"https:\/\/natussensory.com\/wp-content\/uploads\/Otosuite_linkspot.jpg","large-width":600,"large-height":300,"1536x1536":"https:\/\/natussensory.com\/wp-content\/uploads\/Otosuite_linkspot.jpg","1536x1536-width":600,"1536x1536-height":300,"2048x2048":"https:\/\/natussensory.com\/wp-content\/uploads\/Otosuite_linkspot.jpg","2048x2048-width":600,"2048x2048-height":300}},"title":"Audiometrie-Software","link":{"type":"post","value":"4085","url":"https:\/\/natussensory.com\/products\/otosuite\/","name":"Otosuite\u00ae &#8211; Audiometry Software","title":"Mehr Erfahren","target":""}},{"label":"audble","label_background_color":"#154284","image":{"ID":9123,"id":9123,"title":"audble_linkspot","filename":"audble_linkspot-1.jpg","filesize":69678,"url":"https:\/\/natussensory.com\/wp-content\/uploads\/audble_linkspot-1.jpg","link":"https:\/\/natussensory.com\/de\/produkte\/otosuite\/audble_linkspot-2-2\/","alt":"","author":"4","description":"","caption":"","name":"audble_linkspot-2-2","status":"inherit","uploaded_to":11524,"date":"2023-10-02 07:31:28","modified":"2023-10-02 07:31:28","menu_order":0,"mime_type":"image\/jpeg","type":"image","subtype":"jpeg","icon":"https:\/\/natussensory.com\/wp-includes\/images\/media\/default.png","width":600,"height":300,"sizes":{"thumbnail":"https:\/\/natussensory.com\/wp-content\/uploads\/audble_linkspot-1.jpg","thumbnail-width":128,"thumbnail-height":64,"medium":"https:\/\/natussensory.com\/wp-content\/uploads\/audble_linkspot-1.jpg","medium-width":600,"medium-height":300,"medium_large":"https:\/\/natussensory.com\/wp-content\/uploads\/audble_linkspot-1.jpg","medium_large-width":600,"medium_large-height":300,"large":"https:\/\/natussensory.com\/wp-content\/uploads\/audble_linkspot-1.jpg","large-width":600,"large-height":300,"1536x1536":"https:\/\/natussensory.com\/wp-content\/uploads\/audble_linkspot-1.jpg","1536x1536-width":600,"1536x1536-height":300,"2048x2048":"https:\/\/natussensory.com\/wp-content\/uploads\/audble_linkspot-1.jpg","2048x2048-width":600,"2048x2048-height":300}},"title":"H\u00f6rscreening-Datenmanagement","link":{"type":"post","value":"4717","url":"https:\/\/natussensory.com\/products\/audble-litedesktop\/","name":"audble\u00ae Desktop &#8211; Hearing Screening Data Management","title":"Mehr Erfahren","target":""}}]}},{"acf_fc_layout":"contact_form","_acfe_flexible_toggle":"","contact_form_landing":{"module_options":{"":null,"module_id":"contact","module_class":"","module_background_type":"color","module_background_color":"","module_background_image":false,"module_background_video":"","activate_custom_padding":false,"padding_top_desktop":0,"padding_top_tablet":"","padding_top_mobile":"","padding_bottom_desktop":"","padding_bottom_tablet":"","padding_bottom_mobile":"","activate_custom_margin":false,"margin_top_desktop":"","margin_top_tablet":"","margin_top_mobile":"","margin_bottom_desktop":"","margin_bottom_tablet":"","margin_bottom_mobile":"","disable_on":[],"content_alignment_desktop":"left","content_alignment_tablet":"left","content_alignment_mobile":"left"},"":null,"activate_intro":false,"intro_text":"","intro_text_color":"","intro_link":null,"activate_description":true,"description_title":"Kontakt","description_copy":"","embed_code":"<script charset=\"utf-8\" type=\"text\/javascript\" src=\"\/\/js.hsforms.net\/forms\/embed\/v2.js\"><\/script>\r\n<script>\r\n  hbspt.forms.create({\r\n    region: \"na1\",\r\n    portalId: \"3002890\",\r\n    formId: \"3478a921-b33a-4d71-b599-1b8d27d94b57\"\r\n  });\r\n<\/script>"}},{"acf_fc_layout":"simple_content","_acfe_flexible_layout_title":"Part number","_acfe_flexible_toggle":"","content_full_width_landing":{"module_options":{"":null,"module_id":"n6514aae337064","module_class":"","module_background_type":"color","module_background_color":"","module_background_image":false,"module_background_video":"","activate_custom_padding":false,"padding_top_desktop":0,"padding_top_tablet":"","padding_top_mobile":"","padding_bottom_desktop":"","padding_bottom_tablet":"","padding_bottom_mobile":"","activate_custom_margin":false,"margin_top_desktop":"","margin_top_tablet":"","margin_top_mobile":"","margin_bottom_desktop":"","margin_bottom_tablet":"","margin_bottom_mobile":"","disable_on":[],"content_alignment_desktop":"left","content_alignment_tablet":"left","content_alignment_mobile":"left"},"activate_custom_container_width":false,"container_width":"","content":"<p><span style=\"font-size: 11px;\">7-36-0400-DE Rev 01<\/span><\/p>\n"}}]},"_links":{"self":[{"href":"https:\/\/natussensory.com\/de\/wp-json\/wp\/v2\/pages\/11528","targetHints":{"allow":["GET"]}}],"collection":[{"href":"https:\/\/natussensory.com\/de\/wp-json\/wp\/v2\/pages"}],"about":[{"href":"https:\/\/natussensory.com\/de\/wp-json\/wp\/v2\/types\/page"}],"author":[{"embeddable":true,"href":"https:\/\/natussensory.com\/de\/wp-json\/wp\/v2\/users\/4"}],"replies":[{"embeddable":true,"href":"https:\/\/natussensory.com\/de\/wp-json\/wp\/v2\/comments?post=11528"}],"version-history":[{"count":11,"href":"https:\/\/natussensory.com\/de\/wp-json\/wp\/v2\/pages\/11528\/revisions"}],"predecessor-version":[{"id":27737,"href":"https:\/\/natussensory.com\/de\/wp-json\/wp\/v2\/pages\/11528\/revisions\/27737"}],"up":[{"embeddable":true,"href":"https:\/\/natussensory.com\/de\/wp-json\/wp\/v2\/pages\/11016"}],"wp:attachment":[{"href":"https:\/\/natussensory.com\/de\/wp-json\/wp\/v2\/media?parent=11528"}],"wp:term":[{"taxonomy":"category","embeddable":true,"href":"https:\/\/natussensory.com\/de\/wp-json\/wp\/v2\/categories?post=11528"},{"taxonomy":"post_tag","embeddable":true,"href":"https:\/\/natussensory.com\/de\/wp-json\/wp\/v2\/tags?post=11528"}],"curies":[{"name":"wp","href":"https:\/\/api.w.org\/{rel}","templated":true}]}}