{"id":11331,"date":"2023-09-11T10:22:28","date_gmt":"2023-09-11T10:22:28","guid":{"rendered":"https:\/\/natussensory.com\/sensory\/aurical-aud\/"},"modified":"2025-10-22T11:12:15","modified_gmt":"2025-10-22T11:12:15","slug":"aurical-aud","status":"publish","type":"page","link":"https:\/\/natussensory.com\/de\/produkte\/aurical-aud\/","title":{"rendered":"Aurical\u00ae Aud Audiometer"},"content":{"rendered":"","protected":false},"excerpt":{"rendered":"","protected":false},"author":4,"featured_media":0,"parent":11016,"menu_order":0,"comment_status":"closed","ping_status":"closed","template":"templates\/page-sensory-solutions-product-landing.php","meta":{"_acf_changed":false,"inline_featured_image":false,"footnotes":""},"categories":[300,302],"tags":[],"class_list":["post-11331","page","type-page","status-publish","hentry","category-hearing-assessment-de","category-hoerpruefung"],"acf":{"content_blocks":[{"acf_fc_layout":"spacer","_acfe_flexible_toggle":"","spacer":{"module_options":{"":null,"module_id":"n64babb6de86c1","module_class":"","module_background_type":"color","module_background_color":"#473089","module_background_image":false,"module_background_video":"","activate_custom_padding":false,"padding_top_desktop":"0","padding_top_tablet":"0","padding_top_mobile":"0","padding_bottom_desktop":"0","padding_bottom_tablet":"0","padding_bottom_mobile":"0","activate_custom_margin":false,"margin_top_desktop":"0","margin_top_tablet":"0","margin_top_mobile":"0","margin_bottom_desktop":"0","margin_bottom_tablet":"0","margin_bottom_mobile":"0","disable_on":[],"content_alignment_desktop":"left","content_alignment_tablet":"left","content_alignment_mobile":"left"},"height":"160"}},{"acf_fc_layout":"intro_with_sticky_image","_acfe_flexible_toggle":"","left_content_right_image_sticky":{"module_options":{"":null,"module_id":"n65142e9c3a22f","module_class":"","module_background_type":"color","module_background_color":"","module_background_image":false,"module_background_video":"","activate_custom_padding":false,"padding_top_desktop":"0","padding_top_tablet":"0","padding_top_mobile":"0","padding_bottom_desktop":"0","padding_bottom_tablet":"0","padding_bottom_mobile":"0","activate_custom_margin":false,"margin_top_desktop":"0","margin_top_tablet":"0","margin_top_mobile":"0","margin_bottom_desktop":"0","margin_bottom_tablet":"0","margin_bottom_mobile":"0","disable_on":[],"content_alignment_desktop":"left","content_alignment_tablet":"left","content_alignment_mobile":"left"},"":null,"title":"Aurical<sup>\u00ae<\/sup> Aud","subheader":"<p>W\u00e4hlen Sie ein tragbares Audiometer mit hervorragender Flexibilit\u00e4t<\/p>\n<p>Aurical Aud ist mehr als nur ein Audiometer. In seinem schlanken und modernen Design integriert es, neben verschiedenen Beratungstools, auch einem Leistungsverst\u00e4rker und USB-Anschluss sowie optional HI-Pro 2 mit High-Speed-Modus.<\/p>\n","icons":false,"quick_navigation":[{"quick_link":{"type":"url","value":"#contact","url":"#contact","name":"#contact","title":"angebot anfragen","target":""}},{"quick_link":{"type":"url","value":"#info","url":"#info","name":"#info","title":"Mehr Details erkunden","target":""}}],"description":"","message_label":" ","message_title":"Suchen Sie einen Produktservice oder technische Unterst\u00fctzung?","message_link":{"type":"post","value":"883","url":"https:\/\/natussensory.com\/support\/","name":"Service &#038; Support","title":"  Service und Unterst\u00fctzung","target":""},"right_sticky_image":{"ID":2876,"id":2876,"title":"Aurical Aud_product thumbnail","filename":"Aurical-Aud_product-thumbnail.png","filesize":110754,"url":"https:\/\/natussensory.com\/wp-content\/uploads\/Aurical-Aud_product-thumbnail.png","link":"https:\/\/natussensory.com\/de\/produkte\/aurical-aud\/aurical-aud_product-thumbnail-2\/","alt":"View of the Aurical Aud fitting audiometer showing multiple connectivity ports for hearing aid fitting and audiometric testing.","author":"4","description":"","caption":"","name":"aurical-aud_product-thumbnail-2","status":"inherit","uploaded_to":11331,"date":"2023-09-11 10:23:52","modified":"2025-05-07 11:41:19","menu_order":0,"mime_type":"image\/png","type":"image","subtype":"png","icon":"https:\/\/natussensory.com\/wp-includes\/images\/media\/default.png","width":500,"height":304,"sizes":{"thumbnail":"https:\/\/natussensory.com\/wp-content\/uploads\/Aurical-Aud_product-thumbnail.png","thumbnail-width":128,"thumbnail-height":78,"medium":"https:\/\/natussensory.com\/wp-content\/uploads\/Aurical-Aud_product-thumbnail.png","medium-width":500,"medium-height":304,"medium_large":"https:\/\/natussensory.com\/wp-content\/uploads\/Aurical-Aud_product-thumbnail.png","medium_large-width":500,"medium_large-height":304,"large":"https:\/\/natussensory.com\/wp-content\/uploads\/Aurical-Aud_product-thumbnail.png","large-width":500,"large-height":304,"1536x1536":"https:\/\/natussensory.com\/wp-content\/uploads\/Aurical-Aud_product-thumbnail.png","1536x1536-width":500,"1536x1536-height":304,"2048x2048":"https:\/\/natussensory.com\/wp-content\/uploads\/Aurical-Aud_product-thumbnail.png","2048x2048-width":500,"2048x2048-height":304}}}},{"acf_fc_layout":"simple_content","_acfe_flexible_toggle":"","content_full_width_landing":{"module_options":{"":null,"module_id":"n65142e9c4303b","module_class":"","module_background_type":"color","module_background_color":"","module_background_image":false,"module_background_video":"","activate_custom_padding":false,"padding_top_desktop":"0","padding_top_tablet":"0","padding_top_mobile":"0","padding_bottom_desktop":"0","padding_bottom_tablet":"0","padding_bottom_mobile":"0","activate_custom_margin":false,"margin_top_desktop":"0","margin_top_tablet":"0","margin_top_mobile":"0","margin_bottom_desktop":"0","margin_bottom_tablet":"0","margin_bottom_mobile":"0","disable_on":[],"content_alignment_desktop":"left","content_alignment_tablet":"left","content_alignment_mobile":"left"},"activate_custom_container_width":false,"container_width":"","content":"<h2>Die Zukunft der Audiometrie \u2014 kompakt, flexibel und leistungsstark<\/h2>\n<p>&nbsp;<\/p>\n"}},{"acf_fc_layout":"product_details_right_image_and_left_content","_acfe_flexible_toggle":"","right_image_left_content_single_cta_landing":{"module_options":{"":null,"module_id":"n65142e9c4982c","module_class":"","module_background_type":"color","module_background_color":"","module_background_image":false,"module_background_video":"","activate_custom_padding":false,"padding_top_desktop":"0","padding_top_tablet":"0","padding_top_mobile":"0","padding_bottom_desktop":"0","padding_bottom_tablet":"0","padding_bottom_mobile":"0","activate_custom_margin":false,"margin_top_desktop":"0","margin_top_tablet":"0","margin_top_mobile":"0","margin_bottom_desktop":"0","margin_bottom_tablet":"0","margin_bottom_mobile":"0","disable_on":[],"content_alignment_desktop":"left","content_alignment_tablet":"left","content_alignment_mobile":"left"},"":null,"label":"","title":"Ein flexibles Audiometer, das \u00fcberall Platz findet, wo Sie es brauchen","description":"<p>Ob Sie es unter Ihrem Schreibtisch oder an der Wand montieren oder auf einem Tisch platzieren, das Aurical Aud Anpass-Audiometer sieht immer gut aus. Unaufdringlich und modern verleiht dieses tragbare Audiometer jedem Raum einen professionellen Look, h\u00e4lt Kabel aus dem Sichtfeld fern und bietet einfachen Zugang zu allen Anschl\u00fcssen, einschlie\u00dflich der HI-Pro-Stecker. Modern, kompakt und leicht ist es das tragbarste Audiometer auf dem Markt. Sie k\u00f6nnen es mitnehmen, wohin Sie auch gehen \u2013 \u00a0das Aurical Aud begleitet Sie auch ohne Probleme bei Hausbesuchen.<\/p>\n","link":null,"image":{"ID":2881,"id":2881,"title":"Aurical Aud_product_spot","filename":"Aurical-Aud_product_spot.jpg","filesize":58520,"url":"https:\/\/natussensory.com\/wp-content\/uploads\/Aurical-Aud_product_spot.jpg","link":"https:\/\/natussensory.com\/de\/produkte\/aurical-aud\/aurical-aud_product_spot-2\/","alt":"Aurical Aud hearing aid fitting audiometer with cables connected.","author":"4","description":"","caption":"","name":"aurical-aud_product_spot-2","status":"inherit","uploaded_to":11331,"date":"2023-09-11 10:25:09","modified":"2025-05-07 11:42:54","menu_order":0,"mime_type":"image\/jpeg","type":"image","subtype":"jpeg","icon":"https:\/\/natussensory.com\/wp-includes\/images\/media\/default.png","width":800,"height":450,"sizes":{"thumbnail":"https:\/\/natussensory.com\/wp-content\/uploads\/Aurical-Aud_product_spot.jpg","thumbnail-width":128,"thumbnail-height":72,"medium":"https:\/\/natussensory.com\/wp-content\/uploads\/Aurical-Aud_product_spot.jpg","medium-width":800,"medium-height":450,"medium_large":"https:\/\/natussensory.com\/wp-content\/uploads\/Aurical-Aud_product_spot-768x432.jpg","medium_large-width":768,"medium_large-height":432,"large":"https:\/\/natussensory.com\/wp-content\/uploads\/Aurical-Aud_product_spot.jpg","large-width":800,"large-height":450,"1536x1536":"https:\/\/natussensory.com\/wp-content\/uploads\/Aurical-Aud_product_spot.jpg","1536x1536-width":800,"1536x1536-height":450,"2048x2048":"https:\/\/natussensory.com\/wp-content\/uploads\/Aurical-Aud_product_spot.jpg","2048x2048-width":800,"2048x2048-height":450}}}},{"acf_fc_layout":"product_details_left_image_and_right_content","_acfe_flexible_toggle":"","left_image_right_content_single_cta_landing":{"module_options":{"":null,"module_id":"n65142e9c53879","module_class":"","module_background_type":"color","module_background_color":"","module_background_image":false,"module_background_video":"","activate_custom_padding":false,"padding_top_desktop":"0","padding_top_tablet":"0","padding_top_mobile":"0","padding_bottom_desktop":"0","padding_bottom_tablet":"0","padding_bottom_mobile":"0","activate_custom_margin":false,"margin_top_desktop":"0","margin_top_tablet":"0","margin_top_mobile":"0","margin_bottom_desktop":"0","margin_bottom_tablet":"0","margin_bottom_mobile":"0","disable_on":[],"content_alignment_desktop":"left","content_alignment_tablet":"left","content_alignment_mobile":"left"},"image":{"ID":2886,"id":2886,"title":"Aurical Aud_software_spot","filename":"Aurical-Aud_software_spot.jpg","filesize":198902,"url":"https:\/\/natussensory.com\/wp-content\/uploads\/Aurical-Aud_software_spot.jpg","link":"https:\/\/natussensory.com\/de\/produkte\/aurical-aud\/aurical-aud_software_spot-2\/","alt":"Audiologist using fitting audiometer software on a laptop to analyze hearing aid fitting data.","author":"4","description":"","caption":"","name":"aurical-aud_software_spot-2","status":"inherit","uploaded_to":11331,"date":"2023-09-11 10:25:11","modified":"2025-05-07 11:43:43","menu_order":0,"mime_type":"image\/jpeg","type":"image","subtype":"jpeg","icon":"https:\/\/natussensory.com\/wp-includes\/images\/media\/default.png","width":800,"height":450,"sizes":{"thumbnail":"https:\/\/natussensory.com\/wp-content\/uploads\/Aurical-Aud_software_spot.jpg","thumbnail-width":128,"thumbnail-height":72,"medium":"https:\/\/natussensory.com\/wp-content\/uploads\/Aurical-Aud_software_spot.jpg","medium-width":800,"medium-height":450,"medium_large":"https:\/\/natussensory.com\/wp-content\/uploads\/Aurical-Aud_software_spot-768x432.jpg","medium_large-width":768,"medium_large-height":432,"large":"https:\/\/natussensory.com\/wp-content\/uploads\/Aurical-Aud_software_spot.jpg","large-width":800,"large-height":450,"1536x1536":"https:\/\/natussensory.com\/wp-content\/uploads\/Aurical-Aud_software_spot.jpg","1536x1536-width":800,"1536x1536-height":450,"2048x2048":"https:\/\/natussensory.com\/wp-content\/uploads\/Aurical-Aud_software_spot.jpg","2048x2048-width":800,"2048x2048-height":450}},"label":"","title":"Ein einfach zu bedienendes Audiometer, das Noah- und EMR-kompatibel ist","description":"<p>Aurical Aud ist einfach zu bedienen, weil es von Otosuite \u2013 dem integrierten Software-System von Natus \u2013 unterst\u00fctzt wird.<\/p>\n<p>&nbsp;<\/p>\n<p>Mit einem On-Screen-Bedienfeld und leicht zug\u00e4nglichen User-Test-Funktionen k\u00f6nnen Sie Ihren Workflow an Ihre individuellen Anforderungen anpassen. Und mit der exklusiven RoomTune-Funktionalit\u00e4t k\u00f6nnen Sie Aurical Aud in ein kompensiertes Sound-System verwandeln, um einen genaueren und zuverl\u00e4ssigeren Klang von Ihren Modulen zu pr\u00e4sentieren.<\/p>\n<p>&nbsp;<\/p>\n<p>Otosuite bietet auch ein einfaches Datenmanagement und eine Auswahl von Berichtsvorlagen und ist dar\u00fcber hinaus Noah- und EMR-kompatibel.<\/p>\n","link":null}},{"acf_fc_layout":"product_information","_acfe_flexible_toggle":"","left_accordion_right_image_landing":{"module_options":{"":null,"module_id":"info","module_class":"","module_background_type":"color","module_background_color":"","module_background_image":false,"module_background_video":"","activate_custom_padding":false,"padding_top_desktop":"0","padding_top_tablet":"0","padding_top_mobile":"0","padding_bottom_desktop":"0","padding_bottom_tablet":"0","padding_bottom_mobile":"0","activate_custom_margin":false,"margin_top_desktop":"0","margin_top_tablet":"0","margin_top_mobile":"0","margin_bottom_desktop":"0","margin_bottom_tablet":"0","margin_bottom_mobile":"0","disable_on":[],"content_alignment_desktop":"left","content_alignment_tablet":"left","content_alignment_mobile":"left"},"intro":"Informationen zum Produkt","description":"","accordion":[{"title":"Spezifikationen","accordion_content":[{"acf_fc_layout":"full_content","accordion_description":"<ul>\n<li>Intuitive Benutzeroberfl\u00e4che<\/li>\n<li>Tonaudiometrietests bis zu 12,5 kHz<\/li>\n<li>Integrierte Wortlisten mit unterst\u00fctzter Bewertung<\/li>\n<li>Eingebauter Leistungsverst\u00e4rker<\/li>\n<li>Separate Anschl\u00fcsse f\u00fcr Eins\u00e4tze und Kopfh\u00f6rer<\/li>\n<li>Integrierte Soundkarte f\u00fcr Beratung und Simulationen<\/li>\n<li>RoomTune f\u00fcr kompatible Soundkarten-Funktionalit\u00e4t<\/li>\n<li>Verschiedene Befestigungsm\u00f6glichkeiten<\/li>\n<li>Optional integriertes HI-PRO 2<\/li>\n<\/ul>\n"}]},{"title":"Tests","accordion_content":[{"acf_fc_layout":"full_content","accordion_description":"<ul>\n<li>Luftleitung, Knochenleitung und Freifeld<\/li>\n<li>FRESH-Rauschen<\/li>\n<li>SAL, TEN, QuickSIN Tests<\/li>\n<li>Vert\u00e4ubungsassistent<\/li>\n<li>Option f\u00fcr Lautheitsskalierung<\/li>\n<\/ul>\n"}]}],"image_left":false}},{"acf_fc_layout":"related_products","_acfe_flexible_layout_title":"Resources and Support","_acfe_flexible_toggle":"","tiles_3_columns_landing":{"module_options":{"":null,"module_id":"n6514389e9cd0e","module_class":"","module_background_type":"color","module_background_color":"","module_background_image":false,"module_background_video":"","activate_custom_padding":false,"padding_top_desktop":"0","padding_top_tablet":"0","padding_top_mobile":"0","padding_bottom_desktop":"0","padding_bottom_tablet":"0","padding_bottom_mobile":"0","activate_custom_margin":false,"margin_top_desktop":"0","margin_top_tablet":"0","margin_top_mobile":"0","margin_bottom_desktop":"0","margin_bottom_tablet":"0","margin_bottom_mobile":"0","disable_on":[],"content_alignment_desktop":"left","content_alignment_tablet":"left","content_alignment_mobile":"left"},"intro_text":"Ressourcen und Support","intro_text_color":"","intro_link":null,"tiles":[{"label":"Ressourcen","label_background_color":"#154284","image":false,"title":"Brosch\u00fcre, Flyers, Datenblatt und mehr","link":{"type":"url","value":"https:\/\/natus.bynder.com\/web\/7aaf126f4761070f\/resource-library-aurical-aud\/","url":"https:\/\/natus.bynder.com\/web\/7aaf126f4761070f\/resource-library-aurical-aud\/","name":"https:\/\/natus.bynder.com\/web\/7aaf126f4761070f\/resource-library-aurical-aud\/","title":"Aurical Aud Ressourcen","target":"_blank"}},{"label":"Support","label_background_color":"#154284","image":false,"title":"Benutzerhandbuch und Guides (eIFUs)","link":{"type":"post","value":"883","url":"https:\/\/natussensory.com\/support\/","name":"Service &#038; Support","title":"Service und Unterst\u00fctzung","target":""}}]}},{"acf_fc_layout":"related_products","_acfe_flexible_toggle":"","tiles_3_columns_landing":{"module_options":{"":null,"module_id":"n65142e9e186ad","module_class":"","module_background_type":"color","module_background_color":"","module_background_image":false,"module_background_video":"","activate_custom_padding":false,"padding_top_desktop":"0","padding_top_tablet":"0","padding_top_mobile":"0","padding_bottom_desktop":"0","padding_bottom_tablet":"0","padding_bottom_mobile":"0","activate_custom_margin":false,"margin_top_desktop":"0","margin_top_tablet":"0","margin_top_mobile":"0","margin_bottom_desktop":"0","margin_bottom_tablet":"0","margin_bottom_mobile":"0","disable_on":[],"content_alignment_desktop":"left","content_alignment_tablet":"left","content_alignment_mobile":"left"},"intro_text":"Verwandte Produkte","intro_text_color":"#005e63","intro_link":{"type":"post","value":"1518","url":"https:\/\/natussensory.com\/products\/","name":"Products","title":"Alle Produkte anzeigen","target":""},"tiles":[{"label":"Madsen Astera2","label_background_color":"#154284","image":{"ID":7758,"id":7758,"title":"Astera2_linkspot","filename":"Astera2_linkspot.jpg","filesize":101402,"url":"https:\/\/natussensory.com\/wp-content\/uploads\/Astera2_linkspot.jpg","link":"https:\/\/natussensory.com\/de\/produkte\/aurical-aud\/astera2_linkspot-2\/","alt":"Astera2","author":"4","description":"","caption":"","name":"astera2_linkspot-2","status":"inherit","uploaded_to":11331,"date":"2023-09-27 13:42:29","modified":"2025-08-06 13:49:40","menu_order":0,"mime_type":"image\/jpeg","type":"image","subtype":"jpeg","icon":"https:\/\/natussensory.com\/wp-includes\/images\/media\/default.png","width":600,"height":300,"sizes":{"thumbnail":"https:\/\/natussensory.com\/wp-content\/uploads\/Astera2_linkspot.jpg","thumbnail-width":128,"thumbnail-height":64,"medium":"https:\/\/natussensory.com\/wp-content\/uploads\/Astera2_linkspot.jpg","medium-width":600,"medium-height":300,"medium_large":"https:\/\/natussensory.com\/wp-content\/uploads\/Astera2_linkspot.jpg","medium_large-width":600,"medium_large-height":300,"large":"https:\/\/natussensory.com\/wp-content\/uploads\/Astera2_linkspot.jpg","large-width":600,"large-height":300,"1536x1536":"https:\/\/natussensory.com\/wp-content\/uploads\/Astera2_linkspot.jpg","1536x1536-width":600,"1536x1536-height":300,"2048x2048":"https:\/\/natussensory.com\/wp-content\/uploads\/Astera2_linkspot.jpg","2048x2048-width":600,"2048x2048-height":300}},"title":"Fortschrittliches klinisches Audiometer","link":{"type":"post","value":"2258","url":"https:\/\/natussensory.com\/products\/madsen-astera2\/","name":"Madsen\u00aeAstera<sup>2<\/sup> &#8211; Clinical Audiometer","title":"Mehr Erfahren","target":""}},{"label":"Madsen Zodiac","label_background_color":"#154284","image":{"ID":7664,"id":7664,"title":"Zodiac_linkspot","filename":"Zodiac_linkspot.jpg","filesize":58846,"url":"https:\/\/natussensory.com\/wp-content\/uploads\/Zodiac_linkspot.jpg","link":"https:\/\/natussensory.com\/de\/produkte\/madsen-astera2\/zodiac_linkspot-2\/","alt":"Zodiac","author":"4","description":"","caption":"","name":"zodiac_linkspot-2","status":"inherit","uploaded_to":11087,"date":"2023-09-27 12:14:04","modified":"2025-08-06 13:56:54","menu_order":0,"mime_type":"image\/jpeg","type":"image","subtype":"jpeg","icon":"https:\/\/natussensory.com\/wp-includes\/images\/media\/default.png","width":600,"height":300,"sizes":{"thumbnail":"https:\/\/natussensory.com\/wp-content\/uploads\/Zodiac_linkspot.jpg","thumbnail-width":128,"thumbnail-height":64,"medium":"https:\/\/natussensory.com\/wp-content\/uploads\/Zodiac_linkspot.jpg","medium-width":600,"medium-height":300,"medium_large":"https:\/\/natussensory.com\/wp-content\/uploads\/Zodiac_linkspot.jpg","medium_large-width":600,"medium_large-height":300,"large":"https:\/\/natussensory.com\/wp-content\/uploads\/Zodiac_linkspot.jpg","large-width":600,"large-height":300,"1536x1536":"https:\/\/natussensory.com\/wp-content\/uploads\/Zodiac_linkspot.jpg","1536x1536-width":600,"1536x1536-height":300,"2048x2048":"https:\/\/natussensory.com\/wp-content\/uploads\/Zodiac_linkspot.jpg","2048x2048-width":600,"2048x2048-height":300}},"title":"Mit Diagnose- und Quick-Check-Sonden der 2. Generation","link":{"type":"post","value":"1992","url":"https:\/\/natussensory.com\/products\/madsen-zodiac\/","name":"Madsen\u00ae Zodiac &#8211; Tympanometer","title":"Mehr Erfahren","target":""}},{"label":"Madsen Capella\u00b2","label_background_color":"#154284","image":{"ID":7674,"id":7674,"title":"Capella2_linkspot","filename":"Capella2_linkspot.jpg","filesize":40024,"url":"https:\/\/natussensory.com\/wp-content\/uploads\/Capella2_linkspot.jpg","link":"https:\/\/natussensory.com\/de\/produkte\/madsen-astera2\/capella2_linkspot-2\/","alt":"Capella2","author":"4","description":"","caption":"","name":"capella2_linkspot-2","status":"inherit","uploaded_to":11087,"date":"2023-09-27 12:14:54","modified":"2025-08-06 13:53:02","menu_order":0,"mime_type":"image\/jpeg","type":"image","subtype":"jpeg","icon":"https:\/\/natussensory.com\/wp-includes\/images\/media\/default.png","width":600,"height":300,"sizes":{"thumbnail":"https:\/\/natussensory.com\/wp-content\/uploads\/Capella2_linkspot.jpg","thumbnail-width":128,"thumbnail-height":64,"medium":"https:\/\/natussensory.com\/wp-content\/uploads\/Capella2_linkspot.jpg","medium-width":600,"medium-height":300,"medium_large":"https:\/\/natussensory.com\/wp-content\/uploads\/Capella2_linkspot.jpg","medium_large-width":600,"medium_large-height":300,"large":"https:\/\/natussensory.com\/wp-content\/uploads\/Capella2_linkspot.jpg","large-width":600,"large-height":300,"1536x1536":"https:\/\/natussensory.com\/wp-content\/uploads\/Capella2_linkspot.jpg","1536x1536-width":600,"1536x1536-height":300,"2048x2048":"https:\/\/natussensory.com\/wp-content\/uploads\/Capella2_linkspot.jpg","2048x2048-width":600,"2048x2048-height":300}},"title":"Leistungsf\u00e4higes OAE-System f\u00fcr alle Altersklassen","link":{"type":"post","value":"11339","url":"https:\/\/natussensory.com\/de\/produkte\/madsen-capella2\/","name":"Madsen\u00ae Capella\u00b2 &#8211; Diagnostische Otoakustische Emissionen","title":"Mehr Erfahren","target":""}}]}},{"acf_fc_layout":"contact_form","_acfe_flexible_toggle":"","contact_form_landing":{"module_options":{"":null,"module_id":"contact","module_class":"","module_background_type":"color","module_background_color":"","module_background_image":false,"module_background_video":"","activate_custom_padding":false,"padding_top_desktop":"0","padding_top_tablet":"0","padding_top_mobile":"0","padding_bottom_desktop":"0","padding_bottom_tablet":"0","padding_bottom_mobile":"0","activate_custom_margin":false,"margin_top_desktop":"0","margin_top_tablet":"0","margin_top_mobile":"0","margin_bottom_desktop":"0","margin_bottom_tablet":"0","margin_bottom_mobile":"0","disable_on":[],"content_alignment_desktop":"left","content_alignment_tablet":"left","content_alignment_mobile":"left"},"":null,"activate_intro":false,"intro_text":"","intro_text_color":"","intro_link":null,"activate_description":true,"description_title":"Kontakt","description_copy":"","embed_code":"<script charset=\"utf-8\" type=\"text\/javascript\" src=\"\/\/js.hsforms.net\/forms\/embed\/v2.js\"><\/script>\r\n<script>\r\n  hbspt.forms.create({\r\n    region: \"na1\",\r\n    portalId: \"3002890\",\r\n    formId: \"d3752258-988a-4ead-8846-96872e6fdfc7\"\r\n  });\r\n<\/script>"}},{"acf_fc_layout":"simple_content","_acfe_flexible_toggle":"","content_full_width_landing":{"module_options":{"":null,"module_id":"n65142ece4c499","module_class":"","module_background_type":"color","module_background_color":"","module_background_image":false,"module_background_video":"","activate_custom_padding":false,"padding_top_desktop":"0","padding_top_tablet":"0","padding_top_mobile":"0","padding_bottom_desktop":"0","padding_bottom_tablet":"0","padding_bottom_mobile":"0","activate_custom_margin":false,"margin_top_desktop":"0","margin_top_tablet":"0","margin_top_mobile":"0","margin_bottom_desktop":"0","margin_bottom_tablet":"0","margin_bottom_mobile":"0","disable_on":[],"content_alignment_desktop":"left","content_alignment_tablet":"left","content_alignment_mobile":"left"},"activate_custom_container_width":false,"container_width":"","content":"<p><span style=\"font-size: 11px;\">7-36-8401-DE_01<\/span><\/p>\n"}}]},"_links":{"self":[{"href":"https:\/\/natussensory.com\/de\/wp-json\/wp\/v2\/pages\/11331","targetHints":{"allow":["GET"]}}],"collection":[{"href":"https:\/\/natussensory.com\/de\/wp-json\/wp\/v2\/pages"}],"about":[{"href":"https:\/\/natussensory.com\/de\/wp-json\/wp\/v2\/types\/page"}],"author":[{"embeddable":true,"href":"https:\/\/natussensory.com\/de\/wp-json\/wp\/v2\/users\/4"}],"replies":[{"embeddable":true,"href":"https:\/\/natussensory.com\/de\/wp-json\/wp\/v2\/comments?post=11331"}],"version-history":[{"count":10,"href":"https:\/\/natussensory.com\/de\/wp-json\/wp\/v2\/pages\/11331\/revisions"}],"predecessor-version":[{"id":27581,"href":"https:\/\/natussensory.com\/de\/wp-json\/wp\/v2\/pages\/11331\/revisions\/27581"}],"up":[{"embeddable":true,"href":"https:\/\/natussensory.com\/de\/wp-json\/wp\/v2\/pages\/11016"}],"wp:attachment":[{"href":"https:\/\/natussensory.com\/de\/wp-json\/wp\/v2\/media?parent=11331"}],"wp:term":[{"taxonomy":"category","embeddable":true,"href":"https:\/\/natussensory.com\/de\/wp-json\/wp\/v2\/categories?post=11331"},{"taxonomy":"post_tag","embeddable":true,"href":"https:\/\/natussensory.com\/de\/wp-json\/wp\/v2\/tags?post=11331"}],"curies":[{"name":"wp","href":"https:\/\/api.w.org\/{rel}","templated":true}]}}