{"id":11289,"date":"2023-08-16T21:23:20","date_gmt":"2023-08-16T21:23:20","guid":{"rendered":"https:\/\/natussensory.com\/about-us\/"},"modified":"2025-09-18T12:24:26","modified_gmt":"2025-09-18T12:24:26","slug":"ueber-uns","status":"publish","type":"page","link":"https:\/\/natussensory.com\/de\/ueber-uns\/","title":{"rendered":"\u00dcber uns"},"content":{"rendered":"","protected":false},"excerpt":{"rendered":"","protected":false},"author":1,"featured_media":0,"parent":0,"menu_order":0,"comment_status":"closed","ping_status":"closed","template":"","meta":{"_acf_changed":false,"inline_featured_image":false,"footnotes":""},"categories":[],"tags":[],"class_list":["post-11289","page","type-page","status-publish","hentry"],"acf":{"content_blocks":[{"acf_fc_layout":"spacer","_acfe_flexible_toggle":"","spacer":{"module_options":{"":null,"module_id":"n651dd10f6d680","module_class":"","module_background_type":"color","module_background_color":"#473089","module_background_image":false,"module_background_video":"","activate_custom_padding":false,"padding_top_desktop":0,"padding_top_tablet":"","padding_top_mobile":"","padding_bottom_desktop":"","padding_bottom_tablet":"","padding_bottom_mobile":"","activate_custom_margin":false,"margin_top_desktop":"","margin_top_tablet":"","margin_top_mobile":"","margin_bottom_desktop":"","margin_bottom_tablet":"","margin_bottom_mobile":"","disable_on":[],"content_alignment_desktop":"left","content_alignment_tablet":"left","content_alignment_mobile":"left"},"height":"160"}},{"acf_fc_layout":"simple_content","_acfe_flexible_toggle":"","content_full_width_landing":{"module_options":{"":null,"module_id":"n6514d1d1bceb1","module_class":"","module_background_type":"image","module_background_color":"rgba(0,170,167,0.9)","module_background_image":"https:\/\/natussensory.com\/wp-content\/uploads\/Homepage-banner.jpg","module_background_video":"","activate_custom_padding":true,"padding_top_desktop":"40","padding_top_tablet":"0","padding_top_mobile":"0","padding_bottom_desktop":"0","padding_bottom_tablet":"0","padding_bottom_mobile":"10","activate_custom_margin":false,"margin_top_desktop":"0","margin_top_tablet":"0","margin_top_mobile":"0","margin_bottom_desktop":"0","margin_bottom_tablet":"0","margin_bottom_mobile":"0","disable_on":[],"content_alignment_desktop":"left","content_alignment_tablet":"left","content_alignment_mobile":"left"},"activate_custom_container_width":false,"container_width":"","content":"<p>&nbsp;<\/p>\n<h1><\/h1>\n<h1 style=\"text-align: center;\">\u00dcber uns<\/h1>\n<p>&nbsp;<\/p>\n<p>&nbsp;<\/p>\n"}},{"acf_fc_layout":"right_image_left_content_single_cta","_acfe_flexible_toggle":"","right_image_left_content_single_cta_landing":{"module_options":{"":null,"module_id":"n685ea7bfb8d52","module_class":"","module_background_type":"color","module_background_color":"","module_background_image":false,"module_background_video":"","activate_custom_padding":false,"padding_top_desktop":0,"padding_top_tablet":"","padding_top_mobile":"","padding_bottom_desktop":"","padding_bottom_tablet":"","padding_bottom_mobile":"","activate_custom_margin":false,"margin_top_desktop":"","margin_top_tablet":"","margin_top_mobile":"","margin_bottom_desktop":"","margin_bottom_tablet":"","margin_bottom_mobile":"","disable_on":[],"content_alignment_desktop":"left","content_alignment_tablet":"left","content_alignment_mobile":"left"},"":null,"label":"","title":"Confidence in every sense","description":"<p>Natus Sensory is a global leader in solutions for screening and assessing hearing, balance, and vision, making a real difference in patient care. With a long history of groundbreaking innovations, the company is driven by a commitment to improving outcomes for patients and enhancing the daily work of healthcare professionals.<\/p>\n<p>At the core of Natus Sensory&#8217;s innovation process is a deep dedication to listening to the needs of clinicians, ensuring that every product is designed with real-world clinical challenges in mind. The company\u2019s premium solutions are recognized for their ease of use, stability, and demonstrated safety. In addition to high-quality products, Natus Sensory provides comprehensive training and ongoing education, empowering healthcare professionals with the knowledge and support they need.<\/p>\n<p>With a strong focus on service and support, Natus Sensory ensures low lifetime costs and reliable equipment performance, delivering value when it matters most\u2014for both clinicians and their patients.<\/p>\n","link":null,"image":{"ID":24954,"id":24954,"title":"About-us_spot","filename":"About-us_spot.jpg","filesize":194870,"url":"https:\/\/natussensory.com\/wp-content\/uploads\/About-us_spot.jpg","link":"https:\/\/natussensory.com\/de\/ueber-uns\/about-us_spot-2\/","alt":"","author":"4","description":"","caption":"","name":"about-us_spot-2","status":"inherit","uploaded_to":11289,"date":"2025-06-27 14:16:12","modified":"2025-06-27 14:16:12","menu_order":0,"mime_type":"image\/jpeg","type":"image","subtype":"jpeg","icon":"https:\/\/natussensory.com\/wp-includes\/images\/media\/default.png","width":800,"height":450,"sizes":{"thumbnail":"https:\/\/natussensory.com\/wp-content\/uploads\/About-us_spot.jpg","thumbnail-width":128,"thumbnail-height":72,"medium":"https:\/\/natussensory.com\/wp-content\/uploads\/About-us_spot.jpg","medium-width":800,"medium-height":450,"medium_large":"https:\/\/natussensory.com\/wp-content\/uploads\/About-us_spot-768x432.jpg","medium_large-width":768,"medium_large-height":432,"large":"https:\/\/natussensory.com\/wp-content\/uploads\/About-us_spot.jpg","large-width":800,"large-height":450,"1536x1536":"https:\/\/natussensory.com\/wp-content\/uploads\/About-us_spot.jpg","1536x1536-width":800,"1536x1536-height":450,"2048x2048":"https:\/\/natussensory.com\/wp-content\/uploads\/About-us_spot.jpg","2048x2048-width":800,"2048x2048-height":450}}}},{"acf_fc_layout":"simple_content","_acfe_flexible_toggle":"","content_full_width_landing":{"module_options":{"":null,"module_id":"n6508deb760846","module_class":"","module_background_type":"color","module_background_color":"","module_background_image":false,"module_background_video":"","activate_custom_padding":false,"padding_top_desktop":0,"padding_top_tablet":"","padding_top_mobile":"","padding_bottom_desktop":"","padding_bottom_tablet":"","padding_bottom_mobile":"","activate_custom_margin":false,"margin_top_desktop":"","margin_top_tablet":"","margin_top_mobile":"","margin_bottom_desktop":"","margin_bottom_tablet":"","margin_bottom_mobile":"","disable_on":[],"content_alignment_desktop":"left","content_alignment_tablet":"left","content_alignment_mobile":"left"},"activate_custom_container_width":false,"container_width":"","content":"<h4 style=\"text-align: left;\">Ein gro\u00dfer Unterschied f\u00fcr Patienten und \u00c4rzte<\/h4>\n<p style=\"text-align: left;\">Wir lassen uns von positiven Patientenergebnissen inspirieren und setzen uns daf\u00fcr ein, Gesundheitsdienstleistern auf der ganzen Welt zu unterst\u00fctzen, sich auf ihre F\u00e4higkeit zu verlassen, diese Ergebnisse zu erzielen. Aus diesem Grund beziehen wir \u00c4rzte bei der Betrachtung und Entwicklung aller von uns angebotenen L\u00f6sungen mit ein.<\/p>\n<p>&nbsp;<\/p>\n<p style=\"text-align: left;\">Das Feedback aus der klinischen Praxis hilft uns, neue Wege zu finden, um die heutigen Herausforderungen im Gesundheitswesen zu meistern und die Bed\u00fcrfnisse von Gesundheitsdienstleistern in den kommenden Jahren vorauszusehen. Wir f\u00f6rdern langfristige Beziehungen und eine bessere Ausbildung in unseren Anwendungsbereichen, um Wissen austauschen und sinnvolle Fortschritte erzielen.<\/p>\n"}},{"acf_fc_layout":"simple_content","_acfe_flexible_toggle":"","content_full_width_landing":{"module_options":{"":null,"module_id":"n6508deb77388e","module_class":"","module_background_type":"color","module_background_color":"","module_background_image":false,"module_background_video":"","activate_custom_padding":false,"padding_top_desktop":"60","padding_top_tablet":"50","padding_top_mobile":"50","padding_bottom_desktop":"60","padding_bottom_tablet":"50","padding_bottom_mobile":"50","activate_custom_margin":false,"margin_top_desktop":"","margin_top_tablet":"","margin_top_mobile":"","margin_bottom_desktop":"","margin_bottom_tablet":"","margin_bottom_mobile":"","disable_on":[],"content_alignment_desktop":"left","content_alignment_tablet":"left","content_alignment_mobile":"left"},"activate_custom_container_width":false,"container_width":"","content":"<h4 style=\"text-align: left;\">Unser Verm\u00e4chtnis f\u00fcr eine verbesserte Gesundheitsversorgung<\/h4>\n<p style=\"text-align: left;\">Natus Sensory und ist seither ein Technologief\u00fchrer und Pionier, der sich f\u00fcr die Verbesserung der Standards in der Patientenversorgung einsetzt.<\/p>\n<p>&nbsp;<\/p>\n<p style=\"text-align: left;\">Seit mehr als 80\u202fJahren suchen wir immer wieder nach den fortschrittlichsten Technologien und entwickeln sie weiter, um unseren Auftrag zu erf\u00fcllen und erstklassige L\u00f6sungen f\u00fcr \u00c4rzte auf der ganzen Welt zu schaffen.<\/p>\n<p>&nbsp;<\/p>\n<p><img loading=\"lazy\" decoding=\"async\" class=\"alignnone wp-image-26555 size-full\" src=\"https:\/\/natussensory.com\/wp-content\/uploads\/Sensory_Heritage.jpg\" alt=\"Natus Sensory heritage\" width=\"2083\" height=\"1042\" srcset=\"https:\/\/natussensory.com\/wp-content\/uploads\/Sensory_Heritage.jpg 2083w, https:\/\/natussensory.com\/wp-content\/uploads\/Sensory_Heritage-768x384.jpg 768w, https:\/\/natussensory.com\/wp-content\/uploads\/Sensory_Heritage-1536x768.jpg 1536w, https:\/\/natussensory.com\/wp-content\/uploads\/Sensory_Heritage-2048x1024.jpg 2048w\" sizes=\"auto, (max-width: 2083px) 100vw, 2083px\" \/><\/p>\n<p>&nbsp;<\/p>\n"}},{"acf_fc_layout":"right_image_left_content_single_cta","_acfe_flexible_toggle":"","right_image_left_content_single_cta_landing":{"module_options":{"":null,"module_id":"n650e1771a800b","module_class":"","module_background_type":"color","module_background_color":"","module_background_image":false,"module_background_video":"","activate_custom_padding":false,"padding_top_desktop":0,"padding_top_tablet":"","padding_top_mobile":"","padding_bottom_desktop":"","padding_bottom_tablet":"","padding_bottom_mobile":"","activate_custom_margin":false,"margin_top_desktop":"","margin_top_tablet":"","margin_top_mobile":"","margin_bottom_desktop":"","margin_bottom_tablet":"","margin_bottom_mobile":"","disable_on":[],"content_alignment_desktop":"left","content_alignment_tablet":"left","content_alignment_mobile":"left"},"":null,"label":"","title":"","description":"<h4 style=\"text-align: left;\">Gemeinsam etwas bewirken<\/h4>\n<p style=\"text-align: left;\">Wir arbeiten mit Leidenschaft daran, das Leben von Menschen zu verbessern. Dazu geh\u00f6ren nicht nur Patienten und Gesundheitsdienstleister, sondern auch unsere Mitarbeiter auf der ganzen Welt, auf deren Engagement der Erfolg von Natus Sensory beruht.<\/p>\n<p><a class=\"btn-v1\" href=\"https:\/\/natussensory.com\/careers\/\">Karriere bei Natus<\/a><\/p>\n","link":null,"image":{"ID":6632,"id":6632,"title":"We are Innovators","filename":"We-are-Innovators.png","filesize":598273,"url":"https:\/\/natussensory.com\/wp-content\/uploads\/We-are-Innovators.png","link":"https:\/\/natussensory.com\/de\/karriere\/we-are-innovators-2\/","alt":"Natus R&D team member hard at work","author":"4","description":"","caption":"","name":"we-are-innovators-2","status":"inherit","uploaded_to":11268,"date":"2023-09-22 19:15:43","modified":"2024-07-26 15:46:51","menu_order":0,"mime_type":"image\/png","type":"image","subtype":"png","icon":"https:\/\/natussensory.com\/wp-includes\/images\/media\/default.png","width":800,"height":450,"sizes":{"thumbnail":"https:\/\/natussensory.com\/wp-content\/uploads\/We-are-Innovators.png","thumbnail-width":128,"thumbnail-height":72,"medium":"https:\/\/natussensory.com\/wp-content\/uploads\/We-are-Innovators.png","medium-width":800,"medium-height":450,"medium_large":"https:\/\/natussensory.com\/wp-content\/uploads\/We-are-Innovators-768x432.png","medium_large-width":768,"medium_large-height":432,"large":"https:\/\/natussensory.com\/wp-content\/uploads\/We-are-Innovators.png","large-width":800,"large-height":450,"1536x1536":"https:\/\/natussensory.com\/wp-content\/uploads\/We-are-Innovators.png","1536x1536-width":800,"1536x1536-height":450,"2048x2048":"https:\/\/natussensory.com\/wp-content\/uploads\/We-are-Innovators.png","2048x2048-width":800,"2048x2048-height":450}}}},{"acf_fc_layout":"left_image_right_content_single_cta","_acfe_flexible_toggle":"","left_image_right_content_single_cta_landing":{"module_options":{"":null,"module_id":"n6508deb784c41","module_class":"","module_background_type":"color","module_background_color":"","module_background_image":false,"module_background_video":"","activate_custom_padding":false,"padding_top_desktop":0,"padding_top_tablet":"","padding_top_mobile":"","padding_bottom_desktop":"","padding_bottom_tablet":"","padding_bottom_mobile":"","activate_custom_margin":false,"margin_top_desktop":"","margin_top_tablet":"","margin_top_mobile":"","margin_bottom_desktop":"","margin_bottom_tablet":"","margin_bottom_mobile":"","disable_on":[],"content_alignment_desktop":"left","content_alignment_tablet":"left","content_alignment_mobile":"left"},"image":{"ID":26023,"id":26023,"title":"Contact-us_spot","filename":"Contact-us_spot.jpg","filesize":394645,"url":"https:\/\/natussensory.com\/wp-content\/uploads\/Contact-us_spot.jpg","link":"https:\/\/natussensory.com\/de\/natus-medical\/contact-us_spot-2\/","alt":"Contact us","author":"4","description":"","caption":"","name":"contact-us_spot-2","status":"inherit","uploaded_to":1583,"date":"2025-08-21 14:34:27","modified":"2025-08-21 14:34:44","menu_order":0,"mime_type":"image\/jpeg","type":"image","subtype":"jpeg","icon":"https:\/\/natussensory.com\/wp-includes\/images\/media\/default.png","width":800,"height":450,"sizes":{"thumbnail":"https:\/\/natussensory.com\/wp-content\/uploads\/Contact-us_spot.jpg","thumbnail-width":128,"thumbnail-height":72,"medium":"https:\/\/natussensory.com\/wp-content\/uploads\/Contact-us_spot.jpg","medium-width":800,"medium-height":450,"medium_large":"https:\/\/natussensory.com\/wp-content\/uploads\/Contact-us_spot-768x432.jpg","medium_large-width":768,"medium_large-height":432,"large":"https:\/\/natussensory.com\/wp-content\/uploads\/Contact-us_spot.jpg","large-width":800,"large-height":450,"1536x1536":"https:\/\/natussensory.com\/wp-content\/uploads\/Contact-us_spot.jpg","1536x1536-width":800,"1536x1536-height":450,"2048x2048":"https:\/\/natussensory.com\/wp-content\/uploads\/Contact-us_spot.jpg","2048x2048-width":800,"2048x2048-height":450}},"label":"Kontakt","title":"Gemeinsam ver\u00e4ndern wir die Welt f\u00fcr Patienten. ","description":"<p>We are here to help. Have questions? Reach out to a Natus Sensory representative for convenient customer support or to learn more about advancing your capabilities with our industry-leading solutions.<\/p>\n","link":{"type":"post","value":"8340","url":"https:\/\/natussensory.com\/de\/kontakt\/","name":"Kontakt","title":"Kontakt Aufnehmen","target":""}}}]},"_links":{"self":[{"href":"https:\/\/natussensory.com\/de\/wp-json\/wp\/v2\/pages\/11289","targetHints":{"allow":["GET"]}}],"collection":[{"href":"https:\/\/natussensory.com\/de\/wp-json\/wp\/v2\/pages"}],"about":[{"href":"https:\/\/natussensory.com\/de\/wp-json\/wp\/v2\/types\/page"}],"author":[{"embeddable":true,"href":"https:\/\/natussensory.com\/de\/wp-json\/wp\/v2\/users\/1"}],"replies":[{"embeddable":true,"href":"https:\/\/natussensory.com\/de\/wp-json\/wp\/v2\/comments?post=11289"}],"version-history":[{"count":11,"href":"https:\/\/natussensory.com\/de\/wp-json\/wp\/v2\/pages\/11289\/revisions"}],"predecessor-version":[{"id":27001,"href":"https:\/\/natussensory.com\/de\/wp-json\/wp\/v2\/pages\/11289\/revisions\/27001"}],"wp:attachment":[{"href":"https:\/\/natussensory.com\/de\/wp-json\/wp\/v2\/media?parent=11289"}],"wp:term":[{"taxonomy":"category","embeddable":true,"href":"https:\/\/natussensory.com\/de\/wp-json\/wp\/v2\/categories?post=11289"},{"taxonomy":"post_tag","embeddable":true,"href":"https:\/\/natussensory.com\/de\/wp-json\/wp\/v2\/tags?post=11289"}],"curies":[{"name":"wp","href":"https:\/\/api.w.org\/{rel}","templated":true}]}}