{"id":11268,"date":"2023-05-22T10:39:02","date_gmt":"2023-05-22T10:39:02","guid":{"rendered":"https:\/\/natussensory.com\/careers\/"},"modified":"2025-09-18T12:49:39","modified_gmt":"2025-09-18T12:49:39","slug":"karriere","status":"publish","type":"page","link":"https:\/\/natussensory.com\/de\/karriere\/","title":{"rendered":"Karriere"},"content":{"rendered":"","protected":false},"excerpt":{"rendered":"","protected":false},"author":1,"featured_media":0,"parent":0,"menu_order":0,"comment_status":"closed","ping_status":"closed","template":"","meta":{"_acf_changed":false,"inline_featured_image":false,"footnotes":""},"categories":[],"tags":[],"class_list":["post-11268","page","type-page","status-publish","hentry"],"acf":{"content_blocks":[{"acf_fc_layout":"spacer","_acfe_flexible_toggle":"","spacer":{"module_options":{"":null,"module_id":"n6514d1d199838","module_class":"","module_background_type":"color","module_background_color":"#473089","module_background_image":false,"module_background_video":"","activate_custom_padding":false,"padding_top_desktop":0,"padding_top_tablet":"","padding_top_mobile":"","padding_bottom_desktop":"","padding_bottom_tablet":"","padding_bottom_mobile":"","activate_custom_margin":false,"margin_top_desktop":"","margin_top_tablet":"","margin_top_mobile":"","margin_bottom_desktop":"","margin_bottom_tablet":"","margin_bottom_mobile":"","disable_on":[],"content_alignment_desktop":"left","content_alignment_tablet":"left","content_alignment_mobile":"left"},"height":"160"}},{"acf_fc_layout":"simple_content","_acfe_flexible_toggle":"","content_full_width_landing":{"module_options":{"":null,"module_id":"n6514d1d1bceb1","module_class":"","module_background_type":"image","module_background_color":"","module_background_image":"https:\/\/natussensory.com\/wp-content\/uploads\/Homepage-banner.jpg","module_background_video":"","activate_custom_padding":true,"padding_top_desktop":"40","padding_top_tablet":"0","padding_top_mobile":"0","padding_bottom_desktop":"0","padding_bottom_tablet":"0","padding_bottom_mobile":"10","activate_custom_margin":false,"margin_top_desktop":"","margin_top_tablet":"","margin_top_mobile":"","margin_bottom_desktop":"","margin_bottom_tablet":"","margin_bottom_mobile":"","disable_on":[],"content_alignment_desktop":"left","content_alignment_tablet":"left","content_alignment_mobile":"left"},"activate_custom_container_width":false,"container_width":"","content":"<p>&nbsp;<\/p>\n<p>&nbsp;<\/p>\n<h1 style=\"text-align: center;\">Karriere<\/h1>\n<p>&nbsp;<\/p>\n<p>&nbsp;<\/p>\n"}},{"acf_fc_layout":"simple_content","_acfe_flexible_toggle":"","content_full_width_landing":{"module_options":{"":null,"module_id":"n651464117b026","module_class":"","module_background_type":"color","module_background_color":"","module_background_image":false,"module_background_video":"","activate_custom_padding":true,"padding_top_desktop":"5","padding_top_tablet":"5","padding_top_mobile":"5","padding_bottom_desktop":"0","padding_bottom_tablet":"0","padding_bottom_mobile":"0","activate_custom_margin":false,"margin_top_desktop":"","margin_top_tablet":"","margin_top_mobile":"","margin_bottom_desktop":"","margin_bottom_tablet":"","margin_bottom_mobile":"","disable_on":[],"content_alignment_desktop":"left","content_alignment_tablet":"left","content_alignment_mobile":"left"},"activate_custom_container_width":false,"container_width":"","content":"<p>&nbsp;<\/p>\n<p class=\"text-align-center\" style=\"text-align: center;\"><span style=\"font-size: 36px;\">M\u00f6chten Sie mit uns zusammenarbeiten?<\/span><\/p>\n<h5 style=\"text-align: center;\">Wir bieten attraktive Geh\u00e4lter, sympathische Kollegen und die M\u00f6glichkeit f\u00fcr interne Aufstiegsm\u00f6glichkeiten<\/h5>\n<p>&nbsp;<\/p>\n"}},{"acf_fc_layout":"left_image_right_content_single_cta","_acfe_flexible_toggle":"","left_image_right_content_single_cta_landing":{"module_options":{"":null,"module_id":"n68a4646103947","module_class":"","module_background_type":"color","module_background_color":"","module_background_image":false,"module_background_video":"","activate_custom_padding":false,"padding_top_desktop":0,"padding_top_tablet":"","padding_top_mobile":"","padding_bottom_desktop":"","padding_bottom_tablet":"","padding_bottom_mobile":"","activate_custom_margin":false,"margin_top_desktop":"","margin_top_tablet":"","margin_top_mobile":"","margin_bottom_desktop":"","margin_bottom_tablet":"","margin_bottom_mobile":"","disable_on":[],"content_alignment_desktop":"left","content_alignment_tablet":"left","content_alignment_mobile":"left"},"image":{"ID":24954,"id":24954,"title":"About-us_spot","filename":"About-us_spot.jpg","filesize":194870,"url":"https:\/\/natussensory.com\/wp-content\/uploads\/About-us_spot.jpg","link":"https:\/\/natussensory.com\/de\/ueber-uns\/about-us_spot-2\/","alt":"","author":"4","description":"","caption":"","name":"about-us_spot-2","status":"inherit","uploaded_to":11289,"date":"2025-06-27 14:16:12","modified":"2025-06-27 14:16:12","menu_order":0,"mime_type":"image\/jpeg","type":"image","subtype":"jpeg","icon":"https:\/\/natussensory.com\/wp-includes\/images\/media\/default.png","width":800,"height":450,"sizes":{"thumbnail":"https:\/\/natussensory.com\/wp-content\/uploads\/About-us_spot.jpg","thumbnail-width":128,"thumbnail-height":72,"medium":"https:\/\/natussensory.com\/wp-content\/uploads\/About-us_spot.jpg","medium-width":800,"medium-height":450,"medium_large":"https:\/\/natussensory.com\/wp-content\/uploads\/About-us_spot-768x432.jpg","medium_large-width":768,"medium_large-height":432,"large":"https:\/\/natussensory.com\/wp-content\/uploads\/About-us_spot.jpg","large-width":800,"large-height":450,"1536x1536":"https:\/\/natussensory.com\/wp-content\/uploads\/About-us_spot.jpg","1536x1536-width":800,"1536x1536-height":450,"2048x2048":"https:\/\/natussensory.com\/wp-content\/uploads\/About-us_spot.jpg","2048x2048-width":800,"2048x2048-height":450}},"label":"","title":"Karrieren, die das Leben ver\u00e4ndern, basierend auf Leidenschaft und Innovation","description":"<p>Die Mitarbeiter von Natus Sensory haben ein gemeinsames Ziel: den Standard der Patientenversorgung zu verbessern. Natus Sensory ist ein Ort, an dem Menschen aus allen Bereichen des Lebens ihre F\u00e4higkeiten b\u00fcndeln, um die Lebensqualit\u00e4t von Patienten auf der ganzen Welt zu verbessern. Wir als Firma verfolgen einen umfassenden Ansatz: Equipment, Support und Ausbildung. Wir haben uns der Qualit\u00e4t verschrieben, sowohl bei unseren Produkten als auch bei unseren Mitarbeitern. Deshalb sind wir immer auf der Suche nach neuen Talenten, die unser Team bereichern. Wenn es zu Ihrer Leidenschaft geh\u00f6rt, Menschen zu helfen, k\u00f6nnten Sie unser neues Teammitglied werden!<\/p>\n","link":{"type":"url","value":"https:\/\/jobs.dayforcehcm.com\/de-DE\/natus\/CANDIDATEPORTALSENSORY","url":"https:\/\/jobs.dayforcehcm.com\/de-DE\/natus\/CANDIDATEPORTALSENSORY","name":"https:\/\/jobs.dayforcehcm.com\/de-DE\/natus\/CANDIDATEPORTALSENSORY","title":"ICH BIN INTERESSIERT","target":"_blank"}}},{"acf_fc_layout":"content_multiple_columns","_acfe_flexible_toggle":"","content_multiple_columns":{"module_options":{"":null,"module_id":"n6511b6c112eda","module_class":"","module_background_type":"color","module_background_color":"","module_background_image":false,"module_background_video":"","activate_custom_padding":true,"padding_top_desktop":"0","padding_top_tablet":"0","padding_top_mobile":"0","padding_bottom_desktop":"0","padding_bottom_tablet":"0","padding_bottom_mobile":"0","activate_custom_margin":false,"margin_top_desktop":"","margin_top_tablet":"","margin_top_mobile":"","margin_bottom_desktop":"","margin_bottom_tablet":"","margin_bottom_mobile":"","disable_on":[],"content_alignment_desktop":"left","content_alignment_tablet":"left","content_alignment_mobile":"left"},"columns_per_rows_desktop":"3","columns_per_rows_tablet":"1","columns_per_rows_mobile":"1","columns":[{"column_background":"#f1f1f1","column_size":"one-third","column_alignment":"align-left","activate_top_right_border_radius":false,"content_type":[{"acf_fc_layout":"simple_content","content":"<p><img loading=\"lazy\" decoding=\"async\" class=\"size-full wp-image-6599 alignleft\" src=\"\/wp-content\/uploads\/Global.png\" alt=\"\" width=\"150\" height=\"150\" \/><\/p>\n<p class=\"text-align-center\" style=\"text-align: left;\"><span style=\"font-size: 24px;\">Globales Denken\u00a0<\/span><\/p>\n<p class=\"text-align-center\" style=\"text-align: left;\">Wir betreuen Patienten auf der ganzen Welt mit Mitarbeitern auf allen Kontinenten au\u00dfer der Antarktis<\/p>\n"}]},{"column_background":"#f1f1f1","column_size":"one-third","column_alignment":"align-left","activate_top_right_border_radius":false,"content_type":[{"acf_fc_layout":"simple_content","content":"<p>&nbsp;<\/p>\n<p><img loading=\"lazy\" decoding=\"async\" class=\"size-full wp-image-6594 alignleft\" src=\"\/wp-content\/uploads\/Competitive.png\" alt=\"\" width=\"150\" height=\"150\" \/><\/p>\n<p class=\"text-align-center\" style=\"text-align: left;\"><span style=\"font-size: 24px;\"> Wir sind wettbewerbsf\u00e4hig<\/span><\/p>\n<p class=\"text-align-center\" style=\"text-align: left;\">Wir verg\u00fcten gleich oder besser als der Industriestandard<\/p>\n"}]},{"column_background":"#f1f1f1","column_size":"one-third","column_alignment":"align-left","activate_top_right_border_radius":false,"content_type":[{"acf_fc_layout":"simple_content","content":"<p>&nbsp;<\/p>\n<p><img loading=\"lazy\" decoding=\"async\" class=\"size-full wp-image-6589 alignleft\" src=\"\/wp-content\/uploads\/Supporting-hands.png\" alt=\"\" width=\"150\" height=\"150\" \/><\/p>\n<p class=\"text-align-center\" style=\"text-align: left;\"><span style=\"font-size: 24px;\"> Wir machen einen Unterschied<\/span><\/p>\n<p class=\"text-align-center\" style=\"text-align: left;\">Im Leben der Patienten, jeden Tag<\/p>\n"}]},{"column_background":"#f1f1f1","column_size":"one-third","column_alignment":"align-left","activate_top_right_border_radius":false,"content_type":[{"acf_fc_layout":"simple_content","content":"<p style=\"text-align: left;\"><img loading=\"lazy\" decoding=\"async\" class=\"size-full wp-image-6619 alignleft\" src=\"\/wp-content\/uploads\/Flexible-work-environment.png\" alt=\"\" width=\"150\" height=\"150\" \/><\/p>\n<p class=\"text-align-center\" style=\"text-align: left;\"><span style=\"font-size: 24px;\">Flexible Arbeitsumgebung<\/span><\/p>\n<p class=\"text-align-center\" style=\"text-align: left;\">Optionen f\u00fcr Remote-, Hybrid- und Vor-Ort-Arbeit<\/p>\n"}]},{"column_background":"#f1f1f1","column_size":"one-third","column_alignment":"align-left","activate_top_right_border_radius":false,"content_type":[{"acf_fc_layout":"simple_content","content":"<p style=\"text-align: left;\"><img loading=\"lazy\" decoding=\"async\" class=\"size-full wp-image-6614 alignleft\" src=\"\/wp-content\/uploads\/Merit.png\" alt=\"\" width=\"150\" height=\"150\" \/><\/p>\n<p class=\"text-align-center\" style=\"text-align: left;\"><span style=\"font-size: 24px;\">Bonuszahlungen f\u00fcr besondere Leistungen<\/span><\/p>\n<p class=\"text-align-center\" style=\"text-align: left;\">Es ist eine Win-Win-Situation f\u00fcr uns alle, basierend auf Zielen und Leistung<\/p>\n"}]},{"column_background":"#f1f1f1","column_size":"one-third","column_alignment":"align-left","activate_top_right_border_radius":false,"content_type":[{"acf_fc_layout":"simple_content","content":"<p style=\"text-align: left;\"><img loading=\"lazy\" decoding=\"async\" class=\"size-full wp-image-6609 alignleft\" src=\"\/wp-content\/uploads\/Chance-to-grow.png\" alt=\"\" width=\"150\" height=\"150\" \/><\/p>\n<p class=\"text-align-center\" style=\"text-align: left;\"><span style=\"font-size: 24px;\">Die Chance zu wachsen<\/span><\/p>\n<p style=\"text-align: left;\">Karrierem\u00f6glichkeiten innerhalb des Unternehmens<\/p>\n"}]}]}},{"acf_fc_layout":"left_image_right_content_single_cta","_acfe_flexible_toggle":"","left_image_right_content_single_cta_landing":{"module_options":{"":null,"module_id":"n651464161fb49","module_class":"","module_background_type":"color","module_background_color":"","module_background_image":false,"module_background_video":"","activate_custom_padding":false,"padding_top_desktop":0,"padding_top_tablet":"","padding_top_mobile":"","padding_bottom_desktop":"","padding_bottom_tablet":"","padding_bottom_mobile":"","activate_custom_margin":false,"margin_top_desktop":"","margin_top_tablet":"","margin_top_mobile":"","margin_bottom_desktop":"","margin_bottom_tablet":"","margin_bottom_mobile":"","disable_on":[],"content_alignment_desktop":"left","content_alignment_tablet":"left","content_alignment_mobile":"left"},"image":{"ID":6632,"id":6632,"title":"We are Innovators","filename":"We-are-Innovators.png","filesize":598273,"url":"https:\/\/natussensory.com\/wp-content\/uploads\/We-are-Innovators.png","link":"https:\/\/natussensory.com\/de\/karriere\/we-are-innovators-2\/","alt":"Natus R&D team member hard at work","author":"4","description":"","caption":"","name":"we-are-innovators-2","status":"inherit","uploaded_to":11268,"date":"2023-09-22 19:15:43","modified":"2024-07-26 15:46:51","menu_order":0,"mime_type":"image\/png","type":"image","subtype":"png","icon":"https:\/\/natussensory.com\/wp-includes\/images\/media\/default.png","width":800,"height":450,"sizes":{"thumbnail":"https:\/\/natussensory.com\/wp-content\/uploads\/We-are-Innovators.png","thumbnail-width":128,"thumbnail-height":72,"medium":"https:\/\/natussensory.com\/wp-content\/uploads\/We-are-Innovators.png","medium-width":800,"medium-height":450,"medium_large":"https:\/\/natussensory.com\/wp-content\/uploads\/We-are-Innovators-768x432.png","medium_large-width":768,"medium_large-height":432,"large":"https:\/\/natussensory.com\/wp-content\/uploads\/We-are-Innovators.png","large-width":800,"large-height":450,"1536x1536":"https:\/\/natussensory.com\/wp-content\/uploads\/We-are-Innovators.png","1536x1536-width":800,"1536x1536-height":450,"2048x2048":"https:\/\/natussensory.com\/wp-content\/uploads\/We-are-Innovators.png","2048x2048-width":800,"2048x2048-height":450}},"label":"","title":"Wir sind innovativ","description":"<p>Als Spezialisten in unseren Bereichen suchen wir hochqualifizierte Mitarbeiter, die gerne die Norm in Frage stellen und neue Denkans\u00e4tze erforschen (wir haben weltweit \u00fcber 150 Patente!). Mit der Unterst\u00fctzung durch unser eigenes Bonusprogramm und j\u00e4hrlichen Innovationszielen und -initiativen ermutigen wir unser Team, die Grenzen der Technologie zu erweitern und unseren Kunden weiterhin innovative L\u00f6sungen zu bieten, vom Konzept bis zur Produktion.<\/p>\n","link":null}},{"acf_fc_layout":"right_image_left_content_single_cta","_acfe_flexible_toggle":"","right_image_left_content_single_cta_landing":{"module_options":{"":null,"module_id":"n651464167fdd6","module_class":"","module_background_type":"color","module_background_color":"","module_background_image":false,"module_background_video":"","activate_custom_padding":false,"padding_top_desktop":0,"padding_top_tablet":"","padding_top_mobile":"","padding_bottom_desktop":"","padding_bottom_tablet":"","padding_bottom_mobile":"","activate_custom_margin":false,"margin_top_desktop":"","margin_top_tablet":"","margin_top_mobile":"","margin_bottom_desktop":"","margin_bottom_tablet":"","margin_bottom_mobile":"","disable_on":[],"content_alignment_desktop":"left","content_alignment_tablet":"left","content_alignment_mobile":"left"},"":null,"label":"","title":"Wir sind flexibel","description":"<p>Wir arbeiten intelligenter, nicht h\u00e4rter. Wir bieten unseren Mitarbeitern die richtigen Arbeitsbedingungen, damit sie sich entfalten k\u00f6nnen. Viele unserer Stellen sind standortunabh\u00e4ngig oder hybrid und bieten Ihnen die Freiheit, die Sie brauchen, w\u00e4hrend Sie gleichzeitig mit Ihren Kollegen auf der ganzen Welt in Kontakt bleiben.<\/p>\n","link":null,"image":{"ID":6637,"id":6637,"title":"We are Flexible","filename":"We-are-Flexible.png","filesize":502632,"url":"https:\/\/natussensory.com\/wp-content\/uploads\/We-are-Flexible.png","link":"https:\/\/natussensory.com\/de\/karriere\/we-are-flexible-2\/","alt":"Working from home is a benefit with many Natus careers","author":"4","description":"","caption":"","name":"we-are-flexible-2","status":"inherit","uploaded_to":11268,"date":"2023-09-22 19:19:15","modified":"2024-07-26 15:46:30","menu_order":0,"mime_type":"image\/png","type":"image","subtype":"png","icon":"https:\/\/natussensory.com\/wp-includes\/images\/media\/default.png","width":800,"height":450,"sizes":{"thumbnail":"https:\/\/natussensory.com\/wp-content\/uploads\/We-are-Flexible.png","thumbnail-width":128,"thumbnail-height":72,"medium":"https:\/\/natussensory.com\/wp-content\/uploads\/We-are-Flexible.png","medium-width":800,"medium-height":450,"medium_large":"https:\/\/natussensory.com\/wp-content\/uploads\/We-are-Flexible-768x432.png","medium_large-width":768,"medium_large-height":432,"large":"https:\/\/natussensory.com\/wp-content\/uploads\/We-are-Flexible.png","large-width":800,"large-height":450,"1536x1536":"https:\/\/natussensory.com\/wp-content\/uploads\/We-are-Flexible.png","1536x1536-width":800,"1536x1536-height":450,"2048x2048":"https:\/\/natussensory.com\/wp-content\/uploads\/We-are-Flexible.png","2048x2048-width":800,"2048x2048-height":450}}}},{"acf_fc_layout":"left_image_right_content_single_cta","_acfe_flexible_toggle":"","left_image_right_content_single_cta_landing":{"module_options":{"":null,"module_id":"n65146416de270","module_class":"","module_background_type":"color","module_background_color":"","module_background_image":false,"module_background_video":"","activate_custom_padding":true,"padding_top_desktop":"50","padding_top_tablet":"0","padding_top_mobile":"0","padding_bottom_desktop":"50","padding_bottom_tablet":"0","padding_bottom_mobile":"0","activate_custom_margin":false,"margin_top_desktop":"","margin_top_tablet":"","margin_top_mobile":"","margin_bottom_desktop":"","margin_bottom_tablet":"","margin_bottom_mobile":"","disable_on":[],"content_alignment_desktop":"left","content_alignment_tablet":"left","content_alignment_mobile":"left"},"image":{"ID":6642,"id":6642,"title":"We are Supportive","filename":"We-are-Supportive.png","filesize":638968,"url":"https:\/\/natussensory.com\/wp-content\/uploads\/We-are-Supportive.png","link":"https:\/\/natussensory.com\/de\/karriere\/we-are-supportive-2\/","alt":"Natus employees running in a race","author":"4","description":"","caption":"","name":"we-are-supportive-2","status":"inherit","uploaded_to":11268,"date":"2023-09-22 19:20:49","modified":"2024-07-26 15:46:12","menu_order":0,"mime_type":"image\/png","type":"image","subtype":"png","icon":"https:\/\/natussensory.com\/wp-includes\/images\/media\/default.png","width":800,"height":450,"sizes":{"thumbnail":"https:\/\/natussensory.com\/wp-content\/uploads\/We-are-Supportive.png","thumbnail-width":128,"thumbnail-height":72,"medium":"https:\/\/natussensory.com\/wp-content\/uploads\/We-are-Supportive.png","medium-width":800,"medium-height":450,"medium_large":"https:\/\/natussensory.com\/wp-content\/uploads\/We-are-Supportive-768x432.png","medium_large-width":768,"medium_large-height":432,"large":"https:\/\/natussensory.com\/wp-content\/uploads\/We-are-Supportive.png","large-width":800,"large-height":450,"1536x1536":"https:\/\/natussensory.com\/wp-content\/uploads\/We-are-Supportive.png","1536x1536-width":800,"1536x1536-height":450,"2048x2048":"https:\/\/natussensory.com\/wp-content\/uploads\/We-are-Supportive.png","2048x2048-width":800,"2048x2048-height":450}},"label":"","title":"Wir sind solidarisch","description":"<p>Der Gemeinschaftssinn ist uns wichtig, sowohl im B\u00fcro als auch in unserer \u00f6rtlichen Umgebung. Unsere Teams nehmen gerne an Aktionen teil, die unseren Puls in die H\u00f6he treiben, aber auch an solchen, die unser Herz erw\u00e4rmen. Das reicht von Spazierg\u00e4ngen und L\u00e4ufen bis hin zu Wohlt\u00e4tigkeitsveranstaltungen.<\/p>\n","link":null}},{"acf_fc_layout":"right_image_left_content_single_cta","_acfe_flexible_toggle":"","right_image_left_content_single_cta_landing":{"module_options":{"":null,"module_id":"n6514641737d8a","module_class":"","module_background_type":"color","module_background_color":"","module_background_image":false,"module_background_video":"","activate_custom_padding":false,"padding_top_desktop":0,"padding_top_tablet":"","padding_top_mobile":"","padding_bottom_desktop":"","padding_bottom_tablet":"","padding_bottom_mobile":"","activate_custom_margin":false,"margin_top_desktop":"","margin_top_tablet":"","margin_top_mobile":"","margin_bottom_desktop":"","margin_bottom_tablet":"","margin_bottom_mobile":"","disable_on":[],"content_alignment_desktop":"left","content_alignment_tablet":"left","content_alignment_mobile":"left"},"":null,"label":"","title":"Wir sind umweltbewusst","description":"<p>&nbsp;<\/p>\n<p>Wir haben gro\u00dfe Pl\u00e4ne f\u00fcr unsere Zukunft als Unternehmen, und Nachhaltigkeit ist ein wichtiger Teil davon. Die Art und Weise, wie wir unsere Gesch\u00e4fte f\u00fchren, ist gepr\u00e4gt von unserem Versprechen, hohe Betriebsstandards aufrechtzuerhalten, einschlie\u00dflich unserer Auswirkungen auf unsere Gemeinschaft und die Umwelt.<\/p>\n","link":null,"image":{"ID":6678,"id":6678,"title":"ESG Graphic new","filename":"ESG-Graphic-new-scaled.png","filesize":49406,"url":"https:\/\/natussensory.com\/wp-content\/uploads\/ESG-Graphic-new-scaled.png","link":"https:\/\/natussensory.com\/de\/karriere\/esg-graphic-new-2\/","alt":"ESG - Environmental Social Governance Icon","author":"4","description":"","caption":"","name":"esg-graphic-new-2","status":"inherit","uploaded_to":11268,"date":"2023-09-22 19:53:02","modified":"2024-07-26 15:44:32","menu_order":0,"mime_type":"image\/png","type":"image","subtype":"png","icon":"https:\/\/natussensory.com\/wp-includes\/images\/media\/default.png","width":800,"height":450,"sizes":{"thumbnail":"https:\/\/natussensory.com\/wp-content\/uploads\/ESG-Graphic-new-scaled.png","thumbnail-width":128,"thumbnail-height":72,"medium":"https:\/\/natussensory.com\/wp-content\/uploads\/ESG-Graphic-new-scaled.png","medium-width":800,"medium-height":450,"medium_large":"https:\/\/natussensory.com\/wp-content\/uploads\/ESG-Graphic-new-768x432.png","medium_large-width":768,"medium_large-height":432,"large":"https:\/\/natussensory.com\/wp-content\/uploads\/ESG-Graphic-new-scaled.png","large-width":800,"large-height":450,"1536x1536":"https:\/\/natussensory.com\/wp-content\/uploads\/ESG-Graphic-new-scaled.png","1536x1536-width":800,"1536x1536-height":450,"2048x2048":"https:\/\/natussensory.com\/wp-content\/uploads\/ESG-Graphic-new-scaled.png","2048x2048-width":800,"2048x2048-height":450}}}},{"acf_fc_layout":"simple_content","_acfe_flexible_toggle":"","content_full_width_landing":{"module_options":{"":null,"module_id":"n6514641ba1d9a","module_class":"","module_background_type":"color","module_background_color":"","module_background_image":false,"module_background_video":"","activate_custom_padding":false,"padding_top_desktop":0,"padding_top_tablet":"","padding_top_mobile":"","padding_bottom_desktop":"","padding_bottom_tablet":"","padding_bottom_mobile":"","activate_custom_margin":false,"margin_top_desktop":"","margin_top_tablet":"","margin_top_mobile":"","margin_bottom_desktop":"","margin_bottom_tablet":"","margin_bottom_mobile":"","disable_on":[],"content_alignment_desktop":"left","content_alignment_tablet":"left","content_alignment_mobile":"left"},"activate_custom_container_width":false,"container_width":"","content":"<p style=\"text-align: center;\"><span style=\"font-size: 36px;\">Sind Sie bereit, ein Teil unseres Teams zu werden? <\/span><\/p>\n<p>&nbsp;<\/p>\n<p style=\"text-align: center;\"><span style=\"font-size: 24px;\">Finden Sie die richtige Stelle f\u00fcr sich! <\/span><\/p>\n<p style=\"text-align: center;\"><a class=\"btn-v1\" href=\"https:\/\/jobs.dayforcehcm.com\/de-DE\/natus\/CANDIDATEPORTALSENSORY\" target=\"_blank\" rel=\"noopener\">OFFENE STELLEN ANSEHEN<\/a><\/p>\n<p>&nbsp;<\/p>\n<p>&nbsp;<\/p>\n<p><a title=\"Datenschutzhinweis f\u00fcr Stellenbewerber \" href=\"https:\/\/natussensory.com\/de\/datenschutzhinweis-fuer-bewerber\/\" target=\"_blank\" rel=\"noopener\" data-entity-substitution=\"canonical\" data-entity-type=\"node\" data-entity-uuid=\"ceff93f1-3e2a-4d5f-8715-e6e4d62d8fe9\">Datenschutzhinweis f\u00fcr Stellenbewerber <\/a><\/p>\n<p><strong>Natus Medical ist ein Arbeitgeber, der die Chancengleichheit f\u00f6rdert.<\/strong>\u00a0Alle qualifizierten Bewerber werden unabh\u00e4ngig von Rasse, Hautfarbe, Religion, Geschlecht, nationaler Herkunft, Veteranenstatus, Behinderung, sexueller Orientierung, Geschlechtsidentit\u00e4t oder einem anderen gesch\u00fctzten Status bei der Einstellung ber\u00fccksichtigt.<\/p>\n<p><strong>Personalvermittler und Stellenvermittlungsagenturen:<\/strong> Natus akzeptiert keine Initiativbewerbungen von Personalvermittlungs- oder Rekrutierungsagenturen. Natus ist nicht verantwortlich und wird nicht f\u00fcr Geb\u00fchren im Zusammenhang mit unaufgeforderten Lebensl\u00e4ufen oder Bewerbungen aufkommen, unabh\u00e4ngig davon, ob Natus solche unaufgeforderten Kandidaten weiterverfolgt. Wenn Sie keinen unterzeichneten Vertrag mit unser Personalabteilung, werden Sie auch nicht bezahlt.<\/p>\n<p><strong>Hinweis zur Einwanderung:\u00a0<\/strong><a href=\"https:\/\/www.laborless.io\/public\/petitioner\/EWy2Qvg8\/\" target=\"_blank\" rel=\"noopener nofollow\">F\u00fcr die Antr\u00e4ge auf Arbeitsgenehmigung (LCAs)<\/a>\u00a0von Natus Medical Incorporated.<\/p>\n"}}]},"_links":{"self":[{"href":"https:\/\/natussensory.com\/de\/wp-json\/wp\/v2\/pages\/11268","targetHints":{"allow":["GET"]}}],"collection":[{"href":"https:\/\/natussensory.com\/de\/wp-json\/wp\/v2\/pages"}],"about":[{"href":"https:\/\/natussensory.com\/de\/wp-json\/wp\/v2\/types\/page"}],"author":[{"embeddable":true,"href":"https:\/\/natussensory.com\/de\/wp-json\/wp\/v2\/users\/1"}],"replies":[{"embeddable":true,"href":"https:\/\/natussensory.com\/de\/wp-json\/wp\/v2\/comments?post=11268"}],"version-history":[{"count":11,"href":"https:\/\/natussensory.com\/de\/wp-json\/wp\/v2\/pages\/11268\/revisions"}],"predecessor-version":[{"id":27025,"href":"https:\/\/natussensory.com\/de\/wp-json\/wp\/v2\/pages\/11268\/revisions\/27025"}],"wp:attachment":[{"href":"https:\/\/natussensory.com\/de\/wp-json\/wp\/v2\/media?parent=11268"}],"wp:term":[{"taxonomy":"category","embeddable":true,"href":"https:\/\/natussensory.com\/de\/wp-json\/wp\/v2\/categories?post=11268"},{"taxonomy":"post_tag","embeddable":true,"href":"https:\/\/natussensory.com\/de\/wp-json\/wp\/v2\/tags?post=11268"}],"curies":[{"name":"wp","href":"https:\/\/api.w.org\/{rel}","templated":true}]}}