{"id":11037,"date":"2023-08-22T00:13:50","date_gmt":"2023-08-22T00:13:50","guid":{"rendered":"https:\/\/natussensory.com\/sensory\/balance-assessment\/"},"modified":"2026-04-13T12:38:03","modified_gmt":"2026-04-13T12:38:03","slug":"vestibularis-diagnostik","status":"publish","type":"page","link":"https:\/\/natussensory.com\/de\/produkte\/vestibularis-diagnostik\/","title":{"rendered":"Vestibularis-Diagnostik"},"content":{"rendered":"","protected":false},"excerpt":{"rendered":"","protected":false},"author":4,"featured_media":0,"parent":11016,"menu_order":0,"comment_status":"closed","ping_status":"closed","template":"templates\/page-sensory-solutions-category-landing.php","meta":{"_acf_changed":false,"inline_featured_image":false,"footnotes":""},"categories":[],"tags":[],"class_list":["post-11037","page","type-page","status-publish","hentry"],"acf":{"content_blocks":[{"acf_fc_layout":"spacer","_acfe_flexible_layout_title":null,"_acfe_flexible_toggle":null,"spacer":{"module_options":{"":null,"module_id":"n68592ab6c65d3","module_class":"","module_background_type":"color","module_background_color":"#473089","module_background_image":false,"module_background_video":"","activate_custom_padding":false,"padding_top_desktop":0,"padding_top_tablet":"","padding_top_mobile":"","padding_bottom_desktop":"","padding_bottom_tablet":"","padding_bottom_mobile":"","activate_custom_margin":false,"margin_top_desktop":"","margin_top_tablet":"","margin_top_mobile":"","margin_bottom_desktop":"","margin_bottom_tablet":"","margin_bottom_mobile":"","disable_on":[],"content_alignment_desktop":"left","content_alignment_tablet":"left","content_alignment_mobile":"left"},"height":"160"}},{"acf_fc_layout":"full_width_content","_acfe_flexible_layout_title":null,"_acfe_flexible_toggle":null,"content_full_width_landing":{"module_options":{"":null,"module_id":"n68a820c66a724","module_class":"","module_background_type":"image","module_background_color":"","module_background_image":"https:\/\/natussensory.com\/wp-content\/uploads\/Balance_Assessment_Category_banner.jpg","module_background_video":"","activate_custom_padding":false,"padding_top_desktop":0,"padding_top_tablet":"","padding_top_mobile":"","padding_bottom_desktop":"","padding_bottom_tablet":"","padding_bottom_mobile":"","activate_custom_margin":false,"margin_top_desktop":"","margin_top_tablet":"","margin_top_mobile":"","margin_bottom_desktop":"","margin_bottom_tablet":"","margin_bottom_mobile":"","disable_on":[],"content_alignment_desktop":"left","content_alignment_tablet":"left","content_alignment_mobile":"left"},"activate_custom_container_width":true,"container_width":"1920","content":"<p>&nbsp;<\/p>\n<h1 style=\"padding-left: 80px;\"><span style=\"color: #ffffff;\">Vestibularis-Diagnostik<\/span><\/h1>\n"}},{"acf_fc_layout":"products_filter","_acfe_flexible_layout_title":null,"_acfe_flexible_toggle":null,"neuro_products_filter":{"module_options":{"":null,"module_id":"n65154750a5d8a","module_class":"","module_background_type":"color","module_background_color":"","module_background_image":false,"module_background_video":"","activate_custom_padding":false,"padding_top_desktop":0,"padding_top_tablet":"","padding_top_mobile":"","padding_bottom_desktop":"","padding_bottom_tablet":"","padding_bottom_mobile":"","activate_custom_margin":false,"margin_top_desktop":"","margin_top_tablet":"","margin_top_mobile":"","margin_bottom_desktop":"","margin_bottom_tablet":"","margin_bottom_mobile":"","disable_on":[],"content_alignment_desktop":"left","content_alignment_tablet":"left","content_alignment_mobile":"left"},"products":[{"category_title":"Vestibularis-Diagnostik","subcategories":[{"subcategory_title":"Videonystagmographie (VNG)","subcategory_products":[{"label":"Videonystagmographie (VNG)","image":{"ID":21300,"id":21300,"title":"ICS-Dizcovery_all-products-link","filename":"ICS-Dizcovery_all-products-link.jpg","filesize":99108,"url":"https:\/\/natussensory.com\/wp-content\/uploads\/ICS-Dizcovery_all-products-link.jpg","link":"https:\/\/natussensory.com\/de\/produkte\/vestibularis-diagnostik\/ics-dizcovery_all-products-link-2\/","alt":"ICS\u00ae Dizcovery: VNG solution with plug & play goggles and unified diagnostic software for VNG, vHIT, & caloric testing.","author":"4","description":"","caption":"","name":"ics-dizcovery_all-products-link-2","status":"inherit","uploaded_to":11037,"date":"2024-08-26 11:15:10","modified":"2025-08-06 13:23:07","menu_order":0,"mime_type":"image\/jpeg","type":"image","subtype":"jpeg","icon":"https:\/\/natussensory.com\/wp-includes\/images\/media\/default.png","width":500,"height":400,"sizes":{"thumbnail":"https:\/\/natussensory.com\/wp-content\/uploads\/ICS-Dizcovery_all-products-link.jpg","thumbnail-width":120,"thumbnail-height":96,"medium":"https:\/\/natussensory.com\/wp-content\/uploads\/ICS-Dizcovery_all-products-link.jpg","medium-width":500,"medium-height":400,"medium_large":"https:\/\/natussensory.com\/wp-content\/uploads\/ICS-Dizcovery_all-products-link.jpg","medium_large-width":500,"medium_large-height":400,"large":"https:\/\/natussensory.com\/wp-content\/uploads\/ICS-Dizcovery_all-products-link.jpg","large-width":500,"large-height":400,"1536x1536":"https:\/\/natussensory.com\/wp-content\/uploads\/ICS-Dizcovery_all-products-link.jpg","1536x1536-width":500,"1536x1536-height":400,"2048x2048":"https:\/\/natussensory.com\/wp-content\/uploads\/ICS-Dizcovery_all-products-link.jpg","2048x2048-width":500,"2048x2048-height":400}},"title":"VNG-System mit All-in-One-Plug-and-Play-Brille, Laserzielsteuerung, hochfrequenter Augenverfolgung und modularer Software f\u00fcr eine umfassende vestibul\u00e4re Diagnostik.","link":{"type":"post","value":"21618","url":"https:\/\/natussensory.com\/de\/produkte\/dizcovery\/","name":"ICS\u00ae Dizcovery &#8211; Videonystagmographie","title":"ICS<sup>\u00ae<\/sup> Dizcovery","target":""}}]},{"subcategory_title":"Video-Kopfimpulstest (vHIT)","subcategory_products":[{"label":"Video-Kopfimpulstest (vHIT)","image":{"ID":7264,"id":7264,"title":"ICS-Impulse_all-products-link","filename":"ICS-Impulse_all-products-link.jpg","filesize":82066,"url":"https:\/\/natussensory.com\/wp-content\/uploads\/ICS-Impulse_all-products-link.jpg","link":"https:\/\/natussensory.com\/de\/produkte\/ics-impulse_all-products-link-2\/","alt":"ICS Impulse Video head impulse test (vHIT)","author":"4","description":"","caption":"","name":"ics-impulse_all-products-link-2","status":"inherit","uploaded_to":11016,"date":"2023-09-26 08:42:53","modified":"2026-04-09 08:27:46","menu_order":0,"mime_type":"image\/jpeg","type":"image","subtype":"jpeg","icon":"https:\/\/natussensory.com\/wp-includes\/images\/media\/default.png","width":500,"height":400,"sizes":{"thumbnail":"https:\/\/natussensory.com\/wp-content\/uploads\/ICS-Impulse_all-products-link.jpg","thumbnail-width":120,"thumbnail-height":96,"medium":"https:\/\/natussensory.com\/wp-content\/uploads\/ICS-Impulse_all-products-link.jpg","medium-width":500,"medium-height":400,"medium_large":"https:\/\/natussensory.com\/wp-content\/uploads\/ICS-Impulse_all-products-link.jpg","medium_large-width":500,"medium_large-height":400,"large":"https:\/\/natussensory.com\/wp-content\/uploads\/ICS-Impulse_all-products-link.jpg","large-width":500,"large-height":400,"1536x1536":"https:\/\/natussensory.com\/wp-content\/uploads\/ICS-Impulse_all-products-link.jpg","1536x1536-width":500,"1536x1536-height":400,"2048x2048":"https:\/\/natussensory.com\/wp-content\/uploads\/ICS-Impulse_all-products-link.jpg","2048x2048-width":500,"2048x2048-height":400}},"title":"Modulare L\u00f6sung f\u00fcr pr\u00e4zise VNG-, vHIT- und Kalorik-Tests mit Kopfpositions\u00fcberwachung und Nystagmus-Analyse.","link":{"type":"post","value":"1918","url":"https:\/\/natussensory.com\/products\/ics-impulse\/","name":"ICS\u00ae Impulse &#8211; Vestibular Testing","title":"ICS<sup>\u00ae<\/sup> Impulse","target":""}}]},{"subcategory_title":"Kalorischer Irrigator","subcategory_products":[{"label":"Kalorischer Irrigator","image":{"ID":7259,"id":7259,"title":"ICS-Aircal_all-products-link","filename":"ICS-Aircal_all-products-link.jpg","filesize":60736,"url":"https:\/\/natussensory.com\/wp-content\/uploads\/ICS-Aircal_all-products-link.jpg","link":"https:\/\/natussensory.com\/de\/produkte\/ics-aircal_all-products-link-2\/","alt":"ICS Aircal","author":"4","description":"","caption":"","name":"ics-aircal_all-products-link-2","status":"inherit","uploaded_to":11016,"date":"2023-09-26 08:42:51","modified":"2026-04-09 08:29:40","menu_order":0,"mime_type":"image\/jpeg","type":"image","subtype":"jpeg","icon":"https:\/\/natussensory.com\/wp-includes\/images\/media\/default.png","width":500,"height":400,"sizes":{"thumbnail":"https:\/\/natussensory.com\/wp-content\/uploads\/ICS-Aircal_all-products-link.jpg","thumbnail-width":120,"thumbnail-height":96,"medium":"https:\/\/natussensory.com\/wp-content\/uploads\/ICS-Aircal_all-products-link.jpg","medium-width":500,"medium-height":400,"medium_large":"https:\/\/natussensory.com\/wp-content\/uploads\/ICS-Aircal_all-products-link.jpg","medium_large-width":500,"medium_large-height":400,"large":"https:\/\/natussensory.com\/wp-content\/uploads\/ICS-Aircal_all-products-link.jpg","large-width":500,"large-height":400,"1536x1536":"https:\/\/natussensory.com\/wp-content\/uploads\/ICS-Aircal_all-products-link.jpg","1536x1536-width":500,"1536x1536-height":400,"2048x2048":"https:\/\/natussensory.com\/wp-content\/uploads\/ICS-Aircal_all-products-link.jpg","2048x2048-width":500,"2048x2048-height":400}},"title":"Tragbarer luftkalorischer Irrigator f\u00fcr kontrollierte thermische Reize mit pr\u00e4ziser Temperaturregelung zur zuverl\u00e4ssigen Pr\u00fcfung der vestibul\u00e4ren Funktion.","link":{"type":"post","value":"5658","url":"https:\/\/natussensory.com\/products\/ics-aircal\/","name":"ICS\u00ae Aircal &#8211; Caloric Irrigator","title":"ICS<sup>\u00ae<\/sup> Aircal","target":""}}]}]}]}},{"acf_fc_layout":"contact","_acfe_flexible_layout_title":null,"_acfe_flexible_toggle":null,"contact_form_landing":{"module_options":{"":null,"module_id":null,"module_class":"","module_background_type":"","module_background_color":"","module_background_image":false,"module_background_video":"","activate_custom_padding":false,"padding_top_desktop":0,"padding_top_tablet":"","padding_top_mobile":"","padding_bottom_desktop":"","padding_bottom_tablet":"","padding_bottom_mobile":"","activate_custom_margin":false,"margin_top_desktop":"","margin_top_tablet":"","margin_top_mobile":"","margin_bottom_desktop":"","margin_bottom_tablet":"","margin_bottom_mobile":"","disable_on":[],"content_alignment_desktop":false,"content_alignment_tablet":false,"content_alignment_mobile":false},"":null,"activate_intro":false,"intro_text":"","intro_text_color":"","intro_link":null,"activate_description":false,"description_title":"","description_copy":"","embed_code":""}},{"acf_fc_layout":"education","_acfe_flexible_layout_title":null,"_acfe_flexible_toggle":null,"left_image_right_content_multi_ctas_landing":{"module_options":{"":null,"module_id":"n6514ac9bc497a","module_class":"","module_background_type":"color","module_background_color":"","module_background_image":false,"module_background_video":"","activate_custom_padding":false,"padding_top_desktop":0,"padding_top_tablet":"","padding_top_mobile":"","padding_bottom_desktop":"","padding_bottom_tablet":"","padding_bottom_mobile":"","activate_custom_margin":false,"margin_top_desktop":"","margin_top_tablet":"","margin_top_mobile":"","margin_bottom_desktop":"","margin_bottom_tablet":"","margin_bottom_mobile":"","disable_on":[],"content_alignment_desktop":"left","content_alignment_tablet":"left","content_alignment_mobile":"left"},"image":{"ID":7366,"id":7366,"title":"HBA_spot","filename":"HBA_spot-e1710924648547.jpg","filesize":216983,"url":"https:\/\/natussensory.com\/wp-content\/uploads\/HBA_spot-e1710924648547.jpg","link":"https:\/\/natussensory.com\/de\/produkte\/hoerpruefung\/hba_spot-2\/","alt":"","author":"4","description":"","caption":"","name":"hba_spot-2","status":"inherit","uploaded_to":11022,"date":"2023-09-26 12:33:06","modified":"2023-09-29 10:39:12","menu_order":0,"mime_type":"image\/jpeg","type":"image","subtype":"jpeg","icon":"https:\/\/natussensory.com\/wp-includes\/images\/media\/default.png","width":800,"height":450,"sizes":{"thumbnail":"https:\/\/natussensory.com\/wp-content\/uploads\/HBA_spot-e1710924648547.jpg","thumbnail-width":128,"thumbnail-height":72,"medium":"https:\/\/natussensory.com\/wp-content\/uploads\/HBA_spot-e1710924648547.jpg","medium-width":800,"medium-height":450,"medium_large":"https:\/\/natussensory.com\/wp-content\/uploads\/HBA_spot-768x432.jpg","medium_large-width":768,"medium_large-height":432,"large":"https:\/\/natussensory.com\/wp-content\/uploads\/HBA_spot-e1710924648547.jpg","large-width":800,"large-height":450,"1536x1536":"https:\/\/natussensory.com\/wp-content\/uploads\/HBA_spot-e1710924648547.jpg","1536x1536-width":800,"1536x1536-height":450,"2048x2048":"https:\/\/natussensory.com\/wp-content\/uploads\/HBA_spot-e1710924648547.jpg","2048x2048-width":800,"2048x2048-height":450}},"label":"Wissen","title":"Hearing & Balance Academy","description":"Die Natus Hearing & Balance Academy erforscht die neuesten technologischen und wissenschaftlichen Entwicklungen in den Bereichen H\u00f6rpr\u00fcfung und -screening, H\u00f6rger\u00e4teanpassung und Gleichgewichtsdiagnostik.<br \/>\r\n<br \/>\r\nDie Mitgliedschaft ist KOSTENLOS und beinhaltet den Zugang zu Live-eSeminaren, On-Demand-Lernm\u00f6glichkeiten und Ressourcen von Key Opinion Leadern.","links":[{"link":{"type":"url","value":"https:\/\/hearing-balance.academy\/","url":"https:\/\/hearing-balance.academy\/","name":"https:\/\/hearing-balance.academy\/","title":"Mehr Erfahren","target":"_blank"}}]}}]},"_links":{"self":[{"href":"https:\/\/natussensory.com\/de\/wp-json\/wp\/v2\/pages\/11037","targetHints":{"allow":["GET"]}}],"collection":[{"href":"https:\/\/natussensory.com\/de\/wp-json\/wp\/v2\/pages"}],"about":[{"href":"https:\/\/natussensory.com\/de\/wp-json\/wp\/v2\/types\/page"}],"author":[{"embeddable":true,"href":"https:\/\/natussensory.com\/de\/wp-json\/wp\/v2\/users\/4"}],"replies":[{"embeddable":true,"href":"https:\/\/natussensory.com\/de\/wp-json\/wp\/v2\/comments?post=11037"}],"version-history":[{"count":11,"href":"https:\/\/natussensory.com\/de\/wp-json\/wp\/v2\/pages\/11037\/revisions"}],"predecessor-version":[{"id":28873,"href":"https:\/\/natussensory.com\/de\/wp-json\/wp\/v2\/pages\/11037\/revisions\/28873"}],"up":[{"embeddable":true,"href":"https:\/\/natussensory.com\/de\/wp-json\/wp\/v2\/pages\/11016"}],"wp:attachment":[{"href":"https:\/\/natussensory.com\/de\/wp-json\/wp\/v2\/media?parent=11037"}],"wp:term":[{"taxonomy":"category","embeddable":true,"href":"https:\/\/natussensory.com\/de\/wp-json\/wp\/v2\/categories?post=11037"},{"taxonomy":"post_tag","embeddable":true,"href":"https:\/\/natussensory.com\/de\/wp-json\/wp\/v2\/tags?post=11037"}],"curies":[{"name":"wp","href":"https:\/\/api.w.org\/{rel}","templated":true}]}}