{"id":11022,"date":"2023-08-22T00:11:55","date_gmt":"2023-08-22T00:11:55","guid":{"rendered":"https:\/\/natussensory.com\/hearing-assessment\/"},"modified":"2026-04-13T12:34:36","modified_gmt":"2026-04-13T12:34:36","slug":"hoerpruefung","status":"publish","type":"page","link":"https:\/\/natussensory.com\/de\/produkte\/hoerpruefung\/","title":{"rendered":"H\u00f6rpr\u00fcfung"},"content":{"rendered":"","protected":false},"excerpt":{"rendered":"","protected":false},"author":4,"featured_media":0,"parent":11016,"menu_order":0,"comment_status":"closed","ping_status":"closed","template":"templates\/page-sensory-solutions-category-landing.php","meta":{"_acf_changed":false,"inline_featured_image":false,"footnotes":""},"categories":[302],"tags":[],"class_list":["post-11022","page","type-page","status-publish","hentry","category-hoerpruefung"],"acf":{"content_blocks":[{"acf_fc_layout":"spacer","_acfe_flexible_layout_title":null,"_acfe_flexible_toggle":null,"spacer":{"module_options":{"":null,"module_id":"n68592ab6c65d3","module_class":"","module_background_type":"color","module_background_color":"#473089","module_background_image":false,"module_background_video":"","activate_custom_padding":false,"padding_top_desktop":0,"padding_top_tablet":"","padding_top_mobile":"","padding_bottom_desktop":"","padding_bottom_tablet":"","padding_bottom_mobile":"","activate_custom_margin":false,"margin_top_desktop":"","margin_top_tablet":"","margin_top_mobile":"","margin_bottom_desktop":"","margin_bottom_tablet":"","margin_bottom_mobile":"","disable_on":[],"content_alignment_desktop":"left","content_alignment_tablet":"left","content_alignment_mobile":"left"},"height":"160"}},{"acf_fc_layout":"full_width_content","_acfe_flexible_layout_title":null,"_acfe_flexible_toggle":null,"content_full_width_landing":{"module_options":{"":null,"module_id":"n68a820c66a724","module_class":"","module_background_type":"image","module_background_color":"","module_background_image":"https:\/\/natussensory.com\/wp-content\/uploads\/Hearing_Assessment_Category_banner.jpg","module_background_video":"","activate_custom_padding":false,"padding_top_desktop":"0","padding_top_tablet":"0","padding_top_mobile":"0","padding_bottom_desktop":"0","padding_bottom_tablet":"0","padding_bottom_mobile":"0","activate_custom_margin":false,"margin_top_desktop":"0","margin_top_tablet":"0","margin_top_mobile":"0","margin_bottom_desktop":"0","margin_bottom_tablet":"0","margin_bottom_mobile":"0","disable_on":[],"content_alignment_desktop":"left","content_alignment_tablet":"left","content_alignment_mobile":"left"},"activate_custom_container_width":true,"container_width":"1920","content":"<p>&nbsp;<\/p>\n<h1 style=\"padding-left: 80px;\"><span style=\"color: #ffffff;\">H\u00f6rpr\u00fcfung<\/span><\/h1>\n<p>&nbsp;<\/p>\n<p>&nbsp;<\/p>\n<p>&nbsp;<\/p>\n"}},{"acf_fc_layout":"products_filter","_acfe_flexible_layout_title":null,"_acfe_flexible_toggle":null,"neuro_products_filter":{"module_options":{"":null,"module_id":"n6514ac9bb201f","module_class":"","module_background_type":"color","module_background_color":"","module_background_image":false,"module_background_video":"","activate_custom_padding":false,"padding_top_desktop":0,"padding_top_tablet":"","padding_top_mobile":"","padding_bottom_desktop":"","padding_bottom_tablet":"","padding_bottom_mobile":"","activate_custom_margin":false,"margin_top_desktop":"","margin_top_tablet":"","margin_top_mobile":"","margin_bottom_desktop":"","margin_bottom_tablet":"","margin_bottom_mobile":"","disable_on":[],"content_alignment_desktop":"left","content_alignment_tablet":"left","content_alignment_mobile":"left"},"products":[{"category_title":"H\u00f6rpr\u00fcfung","subcategories":[{"subcategory_title":"Audiometer","subcategory_products":[{"label":"Audiometer","image":{"ID":7070,"id":7070,"title":"Madsen-Astera2_all-products-link","filename":"Madsen-Astera2_all-products-link.jpg","filesize":88013,"url":"https:\/\/natussensory.com\/wp-content\/uploads\/Madsen-Astera2_all-products-link.jpg","link":"https:\/\/natussensory.com\/de\/produkte\/madsen-astera2_all-products-link-2\/","alt":"","author":"4","description":"","caption":"","name":"madsen-astera2_all-products-link-2","status":"inherit","uploaded_to":11016,"date":"2023-09-25 16:15:15","modified":"2023-09-25 16:15:15","menu_order":0,"mime_type":"image\/jpeg","type":"image","subtype":"jpeg","icon":"https:\/\/natussensory.com\/wp-includes\/images\/media\/default.png","width":500,"height":400,"sizes":{"thumbnail":"https:\/\/natussensory.com\/wp-content\/uploads\/Madsen-Astera2_all-products-link.jpg","thumbnail-width":120,"thumbnail-height":96,"medium":"https:\/\/natussensory.com\/wp-content\/uploads\/Madsen-Astera2_all-products-link.jpg","medium-width":500,"medium-height":400,"medium_large":"https:\/\/natussensory.com\/wp-content\/uploads\/Madsen-Astera2_all-products-link.jpg","medium_large-width":500,"medium_large-height":400,"large":"https:\/\/natussensory.com\/wp-content\/uploads\/Madsen-Astera2_all-products-link.jpg","large-width":500,"large-height":400,"1536x1536":"https:\/\/natussensory.com\/wp-content\/uploads\/Madsen-Astera2_all-products-link.jpg","1536x1536-width":500,"1536x1536-height":400,"2048x2048":"https:\/\/natussensory.com\/wp-content\/uploads\/Madsen-Astera2_all-products-link.jpg","2048x2048-width":500,"2048x2048-height":400}},"title":"Zweikanal-Klinikaudiometer mit erweiterten psychoakustischen Tests, Modulen f\u00fcr P\u00e4diatrie und Tinnitus sowie vollst\u00e4ndiger Integration in EMR- und Otosuite\u00ae-Systeme.","link":{"type":"post","value":"2258","url":"https:\/\/natussensory.com\/products\/madsen-astera2\/","name":"Madsen\u00aeAstera<sup>2<\/sup> &#8211; Clinical Audiometer","title":"Madsen<sup>\u00ae <\/sup> Astera<sup>2<\/sup>","target":""}},{"label":"Audiometer","image":{"ID":7085,"id":7085,"title":"Aurical-Aud_all-products-link","filename":"Aurical-Aud_all-products-link.jpg","filesize":58454,"url":"https:\/\/natussensory.com\/wp-content\/uploads\/Aurical-Aud_all-products-link.jpg","link":"https:\/\/natussensory.com\/de\/produkte\/aurical-aud_all-products-link-2\/","alt":"","author":"4","description":"","caption":"","name":"aurical-aud_all-products-link-2","status":"inherit","uploaded_to":11016,"date":"2023-09-25 16:27:34","modified":"2023-09-25 16:27:34","menu_order":0,"mime_type":"image\/jpeg","type":"image","subtype":"jpeg","icon":"https:\/\/natussensory.com\/wp-includes\/images\/media\/default.png","width":500,"height":400,"sizes":{"thumbnail":"https:\/\/natussensory.com\/wp-content\/uploads\/Aurical-Aud_all-products-link.jpg","thumbnail-width":120,"thumbnail-height":96,"medium":"https:\/\/natussensory.com\/wp-content\/uploads\/Aurical-Aud_all-products-link.jpg","medium-width":500,"medium-height":400,"medium_large":"https:\/\/natussensory.com\/wp-content\/uploads\/Aurical-Aud_all-products-link.jpg","medium_large-width":500,"medium_large-height":400,"large":"https:\/\/natussensory.com\/wp-content\/uploads\/Aurical-Aud_all-products-link.jpg","large-width":500,"large-height":400,"1536x1536":"https:\/\/natussensory.com\/wp-content\/uploads\/Aurical-Aud_all-products-link.jpg","1536x1536-width":500,"1536x1536-height":400,"2048x2048":"https:\/\/natussensory.com\/wp-content\/uploads\/Aurical-Aud_all-products-link.jpg","2048x2048-width":500,"2048x2048-height":400}},"title":"Kompaktes Anpass-Audiometer mit integrierten Beratungstools, RoomTune-Kalibrierung und nahtloser Kompatibilit\u00e4t mit Noah, Otosuite\u00ae und elektronischen Patientenakten (EMR).","link":{"type":"post","value":"2872","url":"https:\/\/natussensory.com\/products\/aurical-aud\/","name":"Aurical\u00ae Aud &#8211; Hearing Aid Fitting Audiometer","title":"Aurical<sup>\u00ae<\/sup> Aud","target":""}},{"label":"Audiometer","image":{"ID":7101,"id":7101,"title":"Oscilla_all-products-link","filename":"Oscilla_all-products-link.jpg","filesize":69511,"url":"https:\/\/natussensory.com\/wp-content\/uploads\/Oscilla_all-products-link.jpg","link":"https:\/\/natussensory.com\/de\/produkte\/oscilla_all-products-link-2\/","alt":"","author":"4","description":"","caption":"","name":"oscilla_all-products-link-2","status":"inherit","uploaded_to":11016,"date":"2023-09-25 16:30:39","modified":"2023-09-25 16:30:39","menu_order":0,"mime_type":"image\/jpeg","type":"image","subtype":"jpeg","icon":"https:\/\/natussensory.com\/wp-includes\/images\/media\/default.png","width":500,"height":400,"sizes":{"thumbnail":"https:\/\/natussensory.com\/wp-content\/uploads\/Oscilla_all-products-link.jpg","thumbnail-width":120,"thumbnail-height":96,"medium":"https:\/\/natussensory.com\/wp-content\/uploads\/Oscilla_all-products-link.jpg","medium-width":500,"medium-height":400,"medium_large":"https:\/\/natussensory.com\/wp-content\/uploads\/Oscilla_all-products-link.jpg","medium_large-width":500,"medium_large-height":400,"large":"https:\/\/natussensory.com\/wp-content\/uploads\/Oscilla_all-products-link.jpg","large-width":500,"large-height":400,"1536x1536":"https:\/\/natussensory.com\/wp-content\/uploads\/Oscilla_all-products-link.jpg","1536x1536-width":500,"1536x1536-height":400,"2048x2048":"https:\/\/natussensory.com\/wp-content\/uploads\/Oscilla_all-products-link.jpg","2048x2048-width":500,"2048x2048-height":400}},"title":"Ultraportables, USB-betriebenes Audiometer f\u00fcr mobiles H\u00f6rscreening, Sprachtests und die \u00dcberpr\u00fcfung des Geh\u00f6rschutzes am Arbeitsplatz.","link":{"type":"post","value":"2891","url":"https:\/\/natussensory.com\/products\/oscilla\/","name":"Oscilla\u00ae &#8211; Mobile Hearing Screening","title":"Oscilla<sup>\u00ae<\/sup>","target":""}}]},{"subcategory_title":"Tympanometer","subcategory_products":[{"label":"Tympanometer","image":{"ID":7075,"id":7075,"title":"Madsen-Zodiac_all-products-link","filename":"Madsen-Zodiac_all-products-link.jpg","filesize":69807,"url":"https:\/\/natussensory.com\/wp-content\/uploads\/Madsen-Zodiac_all-products-link.jpg","link":"https:\/\/natussensory.com\/de\/produkte\/madsen-zodiac_all-products-link-2\/","alt":"Madsen","author":"4","description":"","caption":"","name":"madsen-zodiac_all-products-link-2","status":"inherit","uploaded_to":11016,"date":"2023-09-25 16:17:59","modified":"2026-04-09 08:08:08","menu_order":0,"mime_type":"image\/jpeg","type":"image","subtype":"jpeg","icon":"https:\/\/natussensory.com\/wp-includes\/images\/media\/default.png","width":500,"height":400,"sizes":{"thumbnail":"https:\/\/natussensory.com\/wp-content\/uploads\/Madsen-Zodiac_all-products-link.jpg","thumbnail-width":120,"thumbnail-height":96,"medium":"https:\/\/natussensory.com\/wp-content\/uploads\/Madsen-Zodiac_all-products-link.jpg","medium-width":500,"medium-height":400,"medium_large":"https:\/\/natussensory.com\/wp-content\/uploads\/Madsen-Zodiac_all-products-link.jpg","medium_large-width":500,"medium_large-height":400,"large":"https:\/\/natussensory.com\/wp-content\/uploads\/Madsen-Zodiac_all-products-link.jpg","large-width":500,"large-height":400,"1536x1536":"https:\/\/natussensory.com\/wp-content\/uploads\/Madsen-Zodiac_all-products-link.jpg","1536x1536-width":500,"1536x1536-height":400,"2048x2048":"https:\/\/natussensory.com\/wp-content\/uploads\/Madsen-Zodiac_all-products-link.jpg","2048x2048-width":500,"2048x2048-height":400}},"title":"Impedanztestsystem mit Sonde der 2. Generation, Dual-Probe-Flexibilit\u00e4t und Otosuite\u00ae-Integration f\u00fcr zuverl\u00e4ssige Tympanometrie und Reflexmessung.","link":{"type":"post","value":"1992","url":"https:\/\/natussensory.com\/products\/madsen-zodiac\/","name":"Madsen\u00ae Zodiac &#8211; Tympanometer","title":"Madsen<sup>\u00ae<\/sup> Zodiac","target":""}},{"label":"Tympanometer","image":{"ID":7111,"id":7111,"title":"AuDX PRO FLEX_all-products-link","filename":"AuDX-PRO-FLEX_all-products-link.jpg","filesize":74309,"url":"https:\/\/natussensory.com\/wp-content\/uploads\/AuDX-PRO-FLEX_all-products-link.jpg","link":"https:\/\/natussensory.com\/de\/produkte\/audx-pro-flex_all-products-link-2\/","alt":"Bio-logic AuDX PRO FLEX tympanometer","author":"4","description":"","caption":"","name":"audx-pro-flex_all-products-link-2","status":"inherit","uploaded_to":11016,"date":"2023-09-25 16:31:41","modified":"2026-04-09 08:12:36","menu_order":0,"mime_type":"image\/jpeg","type":"image","subtype":"jpeg","icon":"https:\/\/natussensory.com\/wp-includes\/images\/media\/default.png","width":500,"height":400,"sizes":{"thumbnail":"https:\/\/natussensory.com\/wp-content\/uploads\/AuDX-PRO-FLEX_all-products-link.jpg","thumbnail-width":120,"thumbnail-height":96,"medium":"https:\/\/natussensory.com\/wp-content\/uploads\/AuDX-PRO-FLEX_all-products-link.jpg","medium-width":500,"medium-height":400,"medium_large":"https:\/\/natussensory.com\/wp-content\/uploads\/AuDX-PRO-FLEX_all-products-link.jpg","medium_large-width":500,"medium_large-height":400,"large":"https:\/\/natussensory.com\/wp-content\/uploads\/AuDX-PRO-FLEX_all-products-link.jpg","large-width":500,"large-height":400,"1536x1536":"https:\/\/natussensory.com\/wp-content\/uploads\/AuDX-PRO-FLEX_all-products-link.jpg","1536x1536-width":500,"1536x1536-height":400,"2048x2048":"https:\/\/natussensory.com\/wp-content\/uploads\/AuDX-PRO-FLEX_all-products-link.jpg","2048x2048-width":500,"2048x2048-height":400}},"title":"Multifunktionales Handger\u00e4t, das OAE-, Tympanometrie- und Audiometrie-Tests kombiniert - individuell konfigurierbar f\u00fcr Screening und Diagnostik.","link":{"type":"post","value":"4049","url":"https:\/\/natussensory.com\/products\/audx-pro-flex\/","name":"Bio-logic\u00ae AuDX PRO FLEX\u00ae &#8211; Diagnostic OAE","title":"Bio-logic<sup>\u00ae<\/sup> AuDX PRO FLEX<sup>\u00ae<\/sup>","target":""}}]},{"subcategory_title":"Akustisch evozierte Potenziale","subcategory_products":[{"label":"Akustisch evozierte Potenziale","image":{"ID":7106,"id":7106,"title":"NavPro One_all-products-link","filename":"NavPro-One_all-products-link.jpg","filesize":54220,"url":"https:\/\/natussensory.com\/wp-content\/uploads\/NavPro-One_all-products-link.jpg","link":"https:\/\/natussensory.com\/de\/produkte\/navpro-one_all-products-link-2\/","alt":"Bio-logic NavPRO ONE ","author":"4","description":"","caption":"","name":"navpro-one_all-products-link-2","status":"inherit","uploaded_to":11016,"date":"2023-09-25 16:31:39","modified":"2026-04-09 08:15:39","menu_order":0,"mime_type":"image\/jpeg","type":"image","subtype":"jpeg","icon":"https:\/\/natussensory.com\/wp-includes\/images\/media\/default.png","width":500,"height":400,"sizes":{"thumbnail":"https:\/\/natussensory.com\/wp-content\/uploads\/NavPro-One_all-products-link.jpg","thumbnail-width":120,"thumbnail-height":96,"medium":"https:\/\/natussensory.com\/wp-content\/uploads\/NavPro-One_all-products-link.jpg","medium-width":500,"medium-height":400,"medium_large":"https:\/\/natussensory.com\/wp-content\/uploads\/NavPro-One_all-products-link.jpg","medium_large-width":500,"medium_large-height":400,"large":"https:\/\/natussensory.com\/wp-content\/uploads\/NavPro-One_all-products-link.jpg","large-width":500,"large-height":400,"1536x1536":"https:\/\/natussensory.com\/wp-content\/uploads\/NavPro-One_all-products-link.jpg","1536x1536-width":500,"1536x1536-height":400,"2048x2048":"https:\/\/natussensory.com\/wp-content\/uploads\/NavPro-One_all-products-link.jpg","2048x2048-width":500,"2048x2048-height":400}},"title":"Tragbares AEP-System f\u00fcr zuverl\u00e4ssige ABR-, ASSR- und EcochG-Tests \u2013 mit optimiertem, PC-unabh\u00e4ngigem Betrieb.","link":{"type":"post","value":"2949","url":"https:\/\/natussensory.com\/products\/navpro-one\/","name":"Bio-logic\u00ae NavPRO ONE\u00ae &#8211; Auditory Potential Device","title":"Bio-logic<sup>\u00ae<\/sup> NavPRO ONE<sup>\u00ae<\/sup>","target":""}}]},{"subcategory_title":"Diagnostische Otoakustische Emissionen","subcategory_products":[{"label":"Diagnostische Otoakustische Emissionen","image":{"ID":7096,"id":7096,"title":"Madsen Capella2_all-products-link","filename":"Madsen-Capella2_all-products-link.jpg","filesize":47913,"url":"https:\/\/natussensory.com\/wp-content\/uploads\/Madsen-Capella2_all-products-link.jpg","link":"https:\/\/natussensory.com\/de\/produkte\/madsen-capella2_all-products-link-2\/","alt":"Madsen Capella 2","author":"4","description":"","caption":"","name":"madsen-capella2_all-products-link-2","status":"inherit","uploaded_to":11016,"date":"2023-09-25 16:29:54","modified":"2026-04-09 08:17:44","menu_order":0,"mime_type":"image\/jpeg","type":"image","subtype":"jpeg","icon":"https:\/\/natussensory.com\/wp-includes\/images\/media\/default.png","width":500,"height":400,"sizes":{"thumbnail":"https:\/\/natussensory.com\/wp-content\/uploads\/Madsen-Capella2_all-products-link.jpg","thumbnail-width":120,"thumbnail-height":96,"medium":"https:\/\/natussensory.com\/wp-content\/uploads\/Madsen-Capella2_all-products-link.jpg","medium-width":500,"medium-height":400,"medium_large":"https:\/\/natussensory.com\/wp-content\/uploads\/Madsen-Capella2_all-products-link.jpg","medium_large-width":500,"medium_large-height":400,"large":"https:\/\/natussensory.com\/wp-content\/uploads\/Madsen-Capella2_all-products-link.jpg","large-width":500,"large-height":400,"1536x1536":"https:\/\/natussensory.com\/wp-content\/uploads\/Madsen-Capella2_all-products-link.jpg","1536x1536-width":500,"1536x1536-height":400,"2048x2048":"https:\/\/natussensory.com\/wp-content\/uploads\/Madsen-Capella2_all-products-link.jpg","2048x2048-width":500,"2048x2048-height":400}},"title":"Erweitertes OAE-System mit anpassbaren DPOAE-, TEOAE- und SOAE-Tests, pr\u00e4ziser Kalibrierung und flexibler Frequenzwahl zur genauen Beurteilung der Cochlea-Funktion.","link":{"type":"post","value":"2824","url":"https:\/\/natussensory.com\/products\/madsen-capella2\/","name":"Madsen\u00ae Capella\u00b2 &#8211; Otoacoustic Emissions testing","title":"Madsen<sup>\u00ae<\/sup> Capella<sup>2<\/sup>","target":""}},{"label":"Diagnostische Otoakustische Emissionen","image":{"ID":7116,"id":7116,"title":"AuDX PRO_all-products-link","filename":"AuDX-PRO_all-products-link.jpg","filesize":54383,"url":"https:\/\/natussensory.com\/wp-content\/uploads\/AuDX-PRO_all-products-link.jpg","link":"https:\/\/natussensory.com\/de\/produkte\/audx-pro_all-products-link-2\/","alt":"Bio-logic AuDX PRO","author":"4","description":"","caption":"","name":"audx-pro_all-products-link-2","status":"inherit","uploaded_to":11016,"date":"2023-09-25 16:31:44","modified":"2026-04-09 08:19:26","menu_order":0,"mime_type":"image\/jpeg","type":"image","subtype":"jpeg","icon":"https:\/\/natussensory.com\/wp-includes\/images\/media\/default.png","width":500,"height":400,"sizes":{"thumbnail":"https:\/\/natussensory.com\/wp-content\/uploads\/AuDX-PRO_all-products-link.jpg","thumbnail-width":120,"thumbnail-height":96,"medium":"https:\/\/natussensory.com\/wp-content\/uploads\/AuDX-PRO_all-products-link.jpg","medium-width":500,"medium-height":400,"medium_large":"https:\/\/natussensory.com\/wp-content\/uploads\/AuDX-PRO_all-products-link.jpg","medium_large-width":500,"medium_large-height":400,"large":"https:\/\/natussensory.com\/wp-content\/uploads\/AuDX-PRO_all-products-link.jpg","large-width":500,"large-height":400,"1536x1536":"https:\/\/natussensory.com\/wp-content\/uploads\/AuDX-PRO_all-products-link.jpg","1536x1536-width":500,"1536x1536-height":400,"2048x2048":"https:\/\/natussensory.com\/wp-content\/uploads\/AuDX-PRO_all-products-link.jpg","2048x2048-width":500,"2048x2048-height":400}},"title":"Ger\u00e4t f\u00fcr OAE-Tests in modularer Handheld-Ausf\u00fchrung mit erweiterten Diagnoseoptionen und integrierter Audiometrie f\u00fcr effiziente, multifunktionale Untersuchungen.","link":{"type":"post","value":"4068","url":"https:\/\/natussensory.com\/products\/audx-pro\/","name":"Bio-logic\u00ae AuDX\u00ae PRO &#8211; Diagnostic OAE","title":"Bio-logic<sup>\u00ae<\/sup> AuDX<sup>\u00ae<\/sup> PRO","target":""}}]}]}]}},{"acf_fc_layout":"contact","_acfe_flexible_layout_title":null,"_acfe_flexible_toggle":null,"contact_form_landing":{"module_options":{"":null,"module_id":null,"module_class":"","module_background_type":"","module_background_color":"","module_background_image":false,"module_background_video":"","activate_custom_padding":false,"padding_top_desktop":0,"padding_top_tablet":"","padding_top_mobile":"","padding_bottom_desktop":"","padding_bottom_tablet":"","padding_bottom_mobile":"","activate_custom_margin":false,"margin_top_desktop":"","margin_top_tablet":"","margin_top_mobile":"","margin_bottom_desktop":"","margin_bottom_tablet":"","margin_bottom_mobile":"","disable_on":[],"content_alignment_desktop":false,"content_alignment_tablet":false,"content_alignment_mobile":false},"":null,"activate_intro":false,"intro_text":"","intro_text_color":"","intro_link":null,"activate_description":false,"description_title":"","description_copy":"","embed_code":""}},{"acf_fc_layout":"education","_acfe_flexible_layout_title":null,"_acfe_flexible_toggle":null,"left_image_right_content_multi_ctas_landing":{"module_options":{"":null,"module_id":"n6514ac9bc497a","module_class":"","module_background_type":"color","module_background_color":"","module_background_image":false,"module_background_video":"","activate_custom_padding":false,"padding_top_desktop":0,"padding_top_tablet":"","padding_top_mobile":"","padding_bottom_desktop":"","padding_bottom_tablet":"","padding_bottom_mobile":"","activate_custom_margin":false,"margin_top_desktop":"","margin_top_tablet":"","margin_top_mobile":"","margin_bottom_desktop":"","margin_bottom_tablet":"","margin_bottom_mobile":"","disable_on":[],"content_alignment_desktop":"left","content_alignment_tablet":"left","content_alignment_mobile":"left"},"image":{"ID":7366,"id":7366,"title":"HBA_spot","filename":"HBA_spot-e1710924648547.jpg","filesize":216983,"url":"https:\/\/natussensory.com\/wp-content\/uploads\/HBA_spot-e1710924648547.jpg","link":"https:\/\/natussensory.com\/de\/produkte\/hoerpruefung\/hba_spot-2\/","alt":"","author":"4","description":"","caption":"","name":"hba_spot-2","status":"inherit","uploaded_to":11022,"date":"2023-09-26 12:33:06","modified":"2023-09-29 10:39:12","menu_order":0,"mime_type":"image\/jpeg","type":"image","subtype":"jpeg","icon":"https:\/\/natussensory.com\/wp-includes\/images\/media\/default.png","width":800,"height":450,"sizes":{"thumbnail":"https:\/\/natussensory.com\/wp-content\/uploads\/HBA_spot-e1710924648547.jpg","thumbnail-width":128,"thumbnail-height":72,"medium":"https:\/\/natussensory.com\/wp-content\/uploads\/HBA_spot-e1710924648547.jpg","medium-width":800,"medium-height":450,"medium_large":"https:\/\/natussensory.com\/wp-content\/uploads\/HBA_spot-768x432.jpg","medium_large-width":768,"medium_large-height":432,"large":"https:\/\/natussensory.com\/wp-content\/uploads\/HBA_spot-e1710924648547.jpg","large-width":800,"large-height":450,"1536x1536":"https:\/\/natussensory.com\/wp-content\/uploads\/HBA_spot-e1710924648547.jpg","1536x1536-width":800,"1536x1536-height":450,"2048x2048":"https:\/\/natussensory.com\/wp-content\/uploads\/HBA_spot-e1710924648547.jpg","2048x2048-width":800,"2048x2048-height":450}},"label":"Wissen","title":"Hearing & Balance Academy","description":"Die Natus Hearing & Balance Academy erforscht die neuesten technologischen und wissenschaftlichen Entwicklungen in den Bereichen H\u00f6rpr\u00fcfung und -screening, H\u00f6rger\u00e4teanpassung und Gleichgewichtsdiagnostik.<br \/>\r\n<br \/>\r\nDie Mitgliedschaft ist KOSTENLOS und beinhaltet den Zugang zu Live-eSeminaren, On-Demand-Lernm\u00f6glichkeiten und Ressourcen von Key Opinion Leadern.","links":[{"link":{"type":"url","value":"https:\/\/hearing-balance.academy\/","url":"https:\/\/hearing-balance.academy\/","name":"https:\/\/hearing-balance.academy\/","title":"Mehr Erfahren","target":"_blank"}}]}}]},"_links":{"self":[{"href":"https:\/\/natussensory.com\/de\/wp-json\/wp\/v2\/pages\/11022","targetHints":{"allow":["GET"]}}],"collection":[{"href":"https:\/\/natussensory.com\/de\/wp-json\/wp\/v2\/pages"}],"about":[{"href":"https:\/\/natussensory.com\/de\/wp-json\/wp\/v2\/types\/page"}],"author":[{"embeddable":true,"href":"https:\/\/natussensory.com\/de\/wp-json\/wp\/v2\/users\/4"}],"replies":[{"embeddable":true,"href":"https:\/\/natussensory.com\/de\/wp-json\/wp\/v2\/comments?post=11022"}],"version-history":[{"count":11,"href":"https:\/\/natussensory.com\/de\/wp-json\/wp\/v2\/pages\/11022\/revisions"}],"predecessor-version":[{"id":28864,"href":"https:\/\/natussensory.com\/de\/wp-json\/wp\/v2\/pages\/11022\/revisions\/28864"}],"up":[{"embeddable":true,"href":"https:\/\/natussensory.com\/de\/wp-json\/wp\/v2\/pages\/11016"}],"wp:attachment":[{"href":"https:\/\/natussensory.com\/de\/wp-json\/wp\/v2\/media?parent=11022"}],"wp:term":[{"taxonomy":"category","embeddable":true,"href":"https:\/\/natussensory.com\/de\/wp-json\/wp\/v2\/categories?post=11022"},{"taxonomy":"post_tag","embeddable":true,"href":"https:\/\/natussensory.com\/de\/wp-json\/wp\/v2\/tags?post=11022"}],"curies":[{"name":"wp","href":"https:\/\/api.w.org\/{rel}","templated":true}]}}